{"id":313,"date":"2021-03-18T15:08:17","date_gmt":"2021-03-18T14:08:17","guid":{"rendered":"https:\/\/as-lightsound.de\/wordpress\/?post_type=product&#038;p=313"},"modified":"2025-10-07T10:02:26","modified_gmt":"2025-10-07T08:02:26","slug":"light-bright-synjax-zoom-19-washlight","status":"publish","type":"product","link":"https:\/\/as-lightsound.de\/wordpress\/product\/light-bright-synjax-zoom-19-washlight\/","title":{"rendered":"Light Bright Synjax Zoom 19 Washlight"},"content":{"rendered":"<h2 data-start=\"131\" data-end=\"202\"><strong data-start=\"134\" data-end=\"202\">Light Bright Synjax Zoom 19 \u2013 LED Washlight mit motorischem Zoom<\/strong><\/h2>\n<p data-start=\"204\" data-end=\"576\">Das <strong data-start=\"208\" data-end=\"239\">Light Bright Synjax Zoom 19<\/strong> ist ein kompaktes und leistungsstarkes LED-Washlight mit 19 Hochleistungs-RGBW-LEDs. Durch den motorischen Zoom bietet es einen flexiblen Abstrahlwinkel von engem Beam bis zu weichem Fluterlicht. Ideal f\u00fcr B\u00fchnen, Clubs, Messen und Touring-Anwendungen, \u00fcberzeugt es mit intensiver Farbmischung, pr\u00e4ziser Steuerung und robustem Design.<\/p>\n<hr data-start=\"578\" data-end=\"581\" \/>\n<h3 data-start=\"583\" data-end=\"620\"><strong data-start=\"587\" data-end=\"620\">Technische Daten (Tech Specs)<\/strong><\/h3>\n<div class=\"_tableContainer_1rjym_1\">\n<div class=\"group _tableWrapper_1rjym_13 flex w-fit flex-col-reverse\" tabindex=\"-1\">\n<table class=\"w-fit min-w-(--thread-content-width)\" data-start=\"622\" data-end=\"1884\">\n<thead data-start=\"622\" data-end=\"649\">\n<tr data-start=\"622\" data-end=\"649\">\n<th data-start=\"622\" data-end=\"632\" data-col-size=\"sm\">Merkmal<\/th>\n<th data-start=\"632\" data-end=\"649\" data-col-size=\"lg\">Spezifikation<\/th>\n<\/tr>\n<\/thead>\n<tbody data-start=\"673\" data-end=\"1884\">\n<tr data-start=\"673\" data-end=\"723\">\n<td data-start=\"673\" data-end=\"691\" data-col-size=\"sm\"><strong data-start=\"675\" data-end=\"690\">Lichtquelle<\/strong><\/td>\n<td data-start=\"691\" data-end=\"723\" data-col-size=\"lg\">19 \u00d7 15 W RGBW-LEDs (4-in-1)<\/td>\n<\/tr>\n<tr data-start=\"724\" data-end=\"758\">\n<td data-start=\"724\" data-end=\"745\" data-col-size=\"sm\"><strong data-start=\"726\" data-end=\"744\">Gesamtleistung<\/strong><\/td>\n<td data-start=\"745\" data-end=\"758\" data-col-size=\"lg\">ca. 285 W<\/td>\n<\/tr>\n<tr data-start=\"759\" data-end=\"835\">\n<td data-start=\"759\" data-end=\"778\" data-col-size=\"sm\"><strong data-start=\"761\" data-end=\"777\">Farbmischung<\/strong><\/td>\n<td data-start=\"778\" data-end=\"835\" data-col-size=\"lg\">RGBW \u2013 brillante Farben, Wei\u00dfmischung und Pastellt\u00f6ne<\/td>\n<\/tr>\n<tr data-start=\"836\" data-end=\"888\">\n<td data-start=\"836\" data-end=\"864\" data-col-size=\"sm\"><strong data-start=\"838\" data-end=\"863\">Abstrahlwinkel (Zoom)<\/strong><\/td>\n<td data-start=\"864\" data-end=\"888\" data-col-size=\"lg\">6\u00b0 \u2013 50\u00b0 (motorisch)<\/td>\n<\/tr>\n<tr data-start=\"889\" data-end=\"926\">\n<td data-start=\"889\" data-end=\"906\" data-col-size=\"sm\"><strong data-start=\"891\" data-end=\"905\">Lichtstrom<\/strong><\/td>\n<td data-start=\"906\" data-end=\"926\" data-col-size=\"lg\">bis zu 11.000 lm<\/td>\n<\/tr>\n<tr data-start=\"927\" data-end=\"986\">\n<td data-start=\"927\" data-end=\"948\" data-col-size=\"sm\"><strong data-start=\"929\" data-end=\"947\">Pixelsteuerung<\/strong><\/td>\n<td data-col-size=\"lg\" data-start=\"948\" data-end=\"986\">Ringweise oder gruppiert steuerbar<\/td>\n<\/tr>\n<tr data-start=\"987\" data-end=\"1025\">\n<td data-start=\"987\" data-end=\"1001\" data-col-size=\"sm\"><strong data-start=\"989\" data-end=\"1000\">Dimmung<\/strong><\/td>\n<td data-start=\"1001\" data-end=\"1025\" data-col-size=\"lg\">0\u2013100 %, flickerfrei<\/td>\n<\/tr>\n<tr data-start=\"1026\" data-end=\"1075\">\n<td data-start=\"1026\" data-end=\"1048\" data-col-size=\"sm\"><strong data-start=\"1028\" data-end=\"1047\">Strobe-Funktion<\/strong><\/td>\n<td data-start=\"1048\" data-end=\"1075\" data-col-size=\"lg\">Elektronisch, bis 25 Hz<\/td>\n<\/tr>\n<tr data-start=\"1076\" data-end=\"1129\">\n<td data-start=\"1076\" data-end=\"1092\" data-col-size=\"sm\"><strong data-start=\"1078\" data-end=\"1091\">Steuerung<\/strong><\/td>\n<td data-start=\"1092\" data-end=\"1129\" data-col-size=\"lg\">DMX512, Master\/Slave, Auto, Sound<\/td>\n<\/tr>\n<tr data-start=\"1130\" data-end=\"1176\">\n<td data-start=\"1130\" data-end=\"1147\" data-col-size=\"sm\"><strong data-start=\"1132\" data-end=\"1146\">DMX-Kan\u00e4le<\/strong><\/td>\n<td data-start=\"1147\" data-end=\"1176\" data-col-size=\"lg\">10 \/ 16 \/ 20 Modi w\u00e4hlbar<\/td>\n<\/tr>\n<tr data-start=\"1177\" data-end=\"1237\">\n<td data-start=\"1177\" data-end=\"1203\" data-col-size=\"sm\"><strong data-start=\"1179\" data-end=\"1202\">Display \/ Bedienung<\/strong><\/td>\n<td data-start=\"1203\" data-end=\"1237\" data-col-size=\"lg\">OLED-Display mit 4-Tasten-Men\u00fc<\/td>\n<\/tr>\n<tr data-start=\"1238\" data-end=\"1288\">\n<td data-start=\"1238\" data-end=\"1255\" data-col-size=\"sm\"><strong data-start=\"1240\" data-end=\"1254\">Pan \/ Tilt<\/strong><\/td>\n<td data-col-size=\"lg\" data-start=\"1255\" data-end=\"1288\">540\u00b0 \/ 270\u00b0, 16-Bit-Aufl\u00f6sung<\/td>\n<\/tr>\n<tr data-start=\"1289\" data-end=\"1341\">\n<td data-start=\"1289\" data-end=\"1315\" data-col-size=\"sm\"><strong data-start=\"1291\" data-end=\"1314\">Spannungsversorgung<\/strong><\/td>\n<td data-start=\"1315\" data-end=\"1341\" data-col-size=\"lg\">100\u2013240 V AC, 50\/60 Hz<\/td>\n<\/tr>\n<tr data-start=\"1342\" data-end=\"1380\">\n<td data-start=\"1342\" data-end=\"1366\" data-col-size=\"sm\"><strong data-start=\"1344\" data-end=\"1365\">Leistungsaufnahme<\/strong><\/td>\n<td data-start=\"1366\" data-end=\"1380\" data-col-size=\"lg\">max. 300 W<\/td>\n<\/tr>\n<tr data-start=\"1381\" data-end=\"1443\">\n<td data-start=\"1381\" data-end=\"1398\" data-col-size=\"sm\"><strong data-start=\"1383\" data-end=\"1397\">Anschl\u00fcsse<\/strong><\/td>\n<td data-col-size=\"lg\" data-start=\"1398\" data-end=\"1443\">PowerCON In\/Out, 3-pol &amp; 5-pol DMX In\/Out<\/td>\n<\/tr>\n<tr data-start=\"1444\" data-end=\"1496\">\n<td data-start=\"1444\" data-end=\"1458\" data-col-size=\"sm\"><strong data-start=\"1446\" data-end=\"1457\">K\u00fchlung<\/strong><\/td>\n<td data-start=\"1458\" data-end=\"1496\" data-col-size=\"lg\">Temperaturgeregelte L\u00fcfter (leise)<\/td>\n<\/tr>\n<tr data-start=\"1497\" data-end=\"1530\">\n<td data-start=\"1497\" data-end=\"1513\" data-col-size=\"sm\"><strong data-start=\"1499\" data-end=\"1512\">Schutzart<\/strong><\/td>\n<td data-start=\"1513\" data-end=\"1530\" data-col-size=\"lg\">IP20 (Indoor)<\/td>\n<\/tr>\n<tr data-start=\"1531\" data-end=\"1594\">\n<td data-start=\"1531\" data-end=\"1545\" data-col-size=\"sm\"><strong data-start=\"1533\" data-end=\"1544\">Geh\u00e4use<\/strong><\/td>\n<td data-col-size=\"lg\" data-start=\"1545\" data-end=\"1594\">Aluminiumdruckguss, schwarz pulverbeschichtet<\/td>\n<\/tr>\n<tr data-start=\"1595\" data-end=\"1664\">\n<td data-start=\"1595\" data-end=\"1609\" data-col-size=\"sm\"><strong data-start=\"1597\" data-end=\"1608\">Montage<\/strong><\/td>\n<td data-col-size=\"lg\" data-start=\"1609\" data-end=\"1664\">Doppelb\u00fcgel mit Omega-Aufnahme f\u00fcr Truss oder Boden<\/td>\n<\/tr>\n<tr data-start=\"1665\" data-end=\"1721\">\n<td data-start=\"1665\" data-end=\"1695\" data-col-size=\"sm\"><strong data-start=\"1667\" data-end=\"1694\">Abmessungen (B \u00d7 H \u00d7 T)<\/strong><\/td>\n<td data-col-size=\"lg\" data-start=\"1695\" data-end=\"1721\">ca. 330 \u00d7 400 \u00d7 240 mm<\/td>\n<\/tr>\n<tr data-start=\"1722\" data-end=\"1750\">\n<td data-start=\"1722\" data-end=\"1736\" data-col-size=\"sm\"><strong data-start=\"1724\" data-end=\"1735\">Gewicht<\/strong><\/td>\n<td data-col-size=\"lg\" data-start=\"1736\" data-end=\"1750\">ca. 7,8 kg<\/td>\n<\/tr>\n<tr data-start=\"1751\" data-end=\"1884\">\n<td data-start=\"1751\" data-end=\"1772\" data-col-size=\"sm\"><strong data-start=\"1753\" data-end=\"1771\">Besonderheiten<\/strong><\/td>\n<td data-col-size=\"lg\" data-start=\"1772\" data-end=\"1884\">19\u00d715 W RGBW, motorischer Zoom 6\u00b0\u201350\u00b0, Pixel- &amp; Ringsteuerung, PowerCON &amp; 3\/5p DMX, kompakt und touringf\u00e4hig<\/td>\n<\/tr>\n<\/tbody>\n<\/table>\n<\/div>\n<\/div>\n","protected":false},"excerpt":{"rendered":"<p>24 vorr\u00e4tig<\/p>\n","protected":false},"featured_media":314,"template":"","meta":[],"product_brand":[],"product_cat":[31],"product_tag":[],"class_list":{"0":"post-313","1":"product","2":"type-product","3":"status-publish","4":"has-post-thumbnail","6":"product_cat-moving-heads","8":"first","9":"instock","10":"taxable","11":"shipping-taxable","12":"purchasable","13":"product-type-simple"},"_links":{"self":[{"href":"https:\/\/as-lightsound.de\/wordpress\/wp-json\/wp\/v2\/product\/313","targetHints":{"allow":["GET"]}}],"collection":[{"href":"https:\/\/as-lightsound.de\/wordpress\/wp-json\/wp\/v2\/product"}],"about":[{"href":"https:\/\/as-lightsound.de\/wordpress\/wp-json\/wp\/v2\/types\/product"}],"wp:featuredmedia":[{"embeddable":true,"href":"https:\/\/as-lightsound.de\/wordpress\/wp-json\/wp\/v2\/media\/314"}],"wp:attachment":[{"href":"https:\/\/as-lightsound.de\/wordpress\/wp-json\/wp\/v2\/media?parent=313"}],"wp:term":[{"taxonomy":"product_brand","embeddable":true,"href":"https:\/\/as-lightsound.de\/wordpress\/wp-json\/wp\/v2\/product_brand?post=313"},{"taxonomy":"product_cat","embeddable":true,"href":"https:\/\/as-lightsound.de\/wordpress\/wp-json\/wp\/v2\/product_cat?post=313"},{"taxonomy":"product_tag","embeddable":true,"href":"https:\/\/as-lightsound.de\/wordpress\/wp-json\/wp\/v2\/product_tag?post=313"}],"curies":[{"name":"wp","href":"https:\/\/api.w.org\/{rel}","templated":true}]}}