{"id":276,"date":"2021-03-18T14:13:29","date_gmt":"2021-03-18T13:13:29","guid":{"rendered":"https:\/\/as-lightsound.de\/wordpress\/?post_type=product&#038;p=276"},"modified":"2025-10-09T08:18:32","modified_gmt":"2025-10-09T06:18:32","slug":"micro-cue-2","status":"publish","type":"product","link":"https:\/\/as-lightsound.de\/wordpress\/product\/micro-cue-2\/","title":{"rendered":"Micro Cue 2"},"content":{"rendered":"<p data-start=\"87\" data-end=\"506\">Das <strong data-start=\"91\" data-end=\"127\">Interspace Industries MicroCue 2<\/strong> ist ein professionelles Pr\u00e4sentationssteuerungssystem f\u00fcr Konferenzen, Live-Events und Shows. Es bietet zuverl\u00e4ssige drahtlose Steuerung von Pr\u00e4sentationen mit klarer R\u00fcckmeldung \u00fcber akustische, visuelle und taktile Signale. Dank robuster Bauweise, gro\u00dfer Reichweite und redundanter Anschl\u00fcsse ist das System ideal f\u00fcr den Einsatz in professionellen Veranstaltungsumgebungen.<\/p>\n<hr data-start=\"508\" data-end=\"511\" \/>\n<h3 data-start=\"513\" data-end=\"546\">Technische Daten (Tech Specs)<\/h3>\n<div class=\"_tableContainer_1rjym_1\">\n<div class=\"group _tableWrapper_1rjym_13 flex w-fit flex-col-reverse\" tabindex=\"-1\">\n<table class=\"w-fit min-w-(--thread-content-width)\" data-start=\"548\" data-end=\"1913\">\n<thead data-start=\"548\" data-end=\"566\">\n<tr data-start=\"548\" data-end=\"566\">\n<th data-start=\"548\" data-end=\"558\" data-col-size=\"sm\">Merkmal<\/th>\n<th data-start=\"558\" data-end=\"566\" data-col-size=\"md\">Wert<\/th>\n<\/tr>\n<\/thead>\n<tbody data-start=\"587\" data-end=\"1913\">\n<tr data-start=\"587\" data-end=\"636\">\n<td data-start=\"587\" data-end=\"600\" data-col-size=\"sm\"><strong data-start=\"589\" data-end=\"599\">Modell<\/strong><\/td>\n<td data-start=\"600\" data-end=\"636\" data-col-size=\"md\">Interspace Industries MicroCue 2<\/td>\n<\/tr>\n<tr data-start=\"637\" data-end=\"702\">\n<td data-start=\"637\" data-end=\"653\" data-col-size=\"sm\"><strong data-start=\"639\" data-end=\"652\">Ger\u00e4tetyp<\/strong><\/td>\n<td data-start=\"653\" data-end=\"702\" data-col-size=\"md\">Funkgest\u00fctztes Pr\u00e4sentations-Steuerungssystem<\/td>\n<\/tr>\n<tr data-start=\"703\" data-end=\"793\">\n<td data-start=\"703\" data-end=\"718\" data-col-size=\"sm\"><strong data-start=\"705\" data-end=\"717\">Funktion<\/strong><\/td>\n<td data-start=\"718\" data-end=\"793\" data-col-size=\"md\">Steuerung von Pr\u00e4sentationsfolien (Vor \/ Zur\u00fcck \/ Schwarzer Bildschirm)<\/td>\n<\/tr>\n<tr data-start=\"794\" data-end=\"843\">\n<td data-start=\"794\" data-end=\"817\" data-col-size=\"sm\"><strong data-start=\"796\" data-end=\"816\">Verbindungstypen<\/strong><\/td>\n<td data-start=\"817\" data-end=\"843\" data-col-size=\"md\">USB, PS\/2, RS232, Funk<\/td>\n<\/tr>\n<tr data-start=\"844\" data-end=\"883\">\n<td data-start=\"844\" data-end=\"863\" data-col-size=\"sm\"><strong data-start=\"846\" data-end=\"862\">Funkfrequenz<\/strong><\/td>\n<td data-start=\"863\" data-end=\"883\" data-col-size=\"md\">2,4 GHz ISM-Band<\/td>\n<\/tr>\n<tr data-start=\"884\" data-end=\"946\">\n<td data-start=\"884\" data-end=\"912\" data-col-size=\"sm\"><strong data-start=\"886\" data-end=\"911\">Reichweite (drahtlos)<\/strong><\/td>\n<td data-start=\"912\" data-end=\"946\" data-col-size=\"md\">bis zu 100 m (Sichtverbindung)<\/td>\n<\/tr>\n<tr data-start=\"947\" data-end=\"1020\">\n<td data-start=\"947\" data-end=\"973\" data-col-size=\"sm\"><strong data-start=\"949\" data-end=\"972\">Empf\u00e4ngeranschl\u00fcsse<\/strong><\/td>\n<td data-start=\"973\" data-end=\"1020\" data-col-size=\"md\">2 \u00d7 USB (PC-Steuerung), 1 \u00d7 PS\/2, 1 \u00d7 RS232<\/td>\n<\/tr>\n<tr data-start=\"1021\" data-end=\"1109\">\n<td data-start=\"1021\" data-end=\"1039\" data-col-size=\"sm\"><strong data-start=\"1023\" data-end=\"1038\">R\u00fcckmeldung<\/strong><\/td>\n<td data-start=\"1039\" data-end=\"1109\" data-col-size=\"md\">Akustisch (Signalton), visuell (LED), taktil (Vibration im Sender)<\/td>\n<\/tr>\n<tr data-start=\"1110\" data-end=\"1175\">\n<td data-start=\"1110\" data-end=\"1134\" data-col-size=\"sm\"><strong data-start=\"1112\" data-end=\"1133\">Empfangseinheiten<\/strong><\/td>\n<td data-start=\"1134\" data-end=\"1175\" data-col-size=\"md\">Unterst\u00fctzt bis zu 2 PCs gleichzeitig<\/td>\n<\/tr>\n<tr data-start=\"1176\" data-end=\"1254\">\n<td data-start=\"1176\" data-end=\"1198\" data-col-size=\"sm\"><strong data-start=\"1178\" data-end=\"1197\">Anzeigeelemente<\/strong><\/td>\n<td data-start=\"1198\" data-end=\"1254\" data-col-size=\"md\">LED-Signale f\u00fcr Empfangsstatus und Batteriekontrolle<\/td>\n<\/tr>\n<tr data-start=\"1255\" data-end=\"1308\">\n<td data-start=\"1255\" data-end=\"1276\" data-col-size=\"sm\"><strong data-start=\"1257\" data-end=\"1275\">Kompatibilit\u00e4t<\/strong><\/td>\n<td data-start=\"1276\" data-end=\"1308\" data-col-size=\"md\">Windows, macOS (plug &amp; play)<\/td>\n<\/tr>\n<tr data-start=\"1309\" data-end=\"1366\">\n<td data-start=\"1309\" data-end=\"1347\" data-col-size=\"sm\"><strong data-start=\"1311\" data-end=\"1346\">Spannungsversorgung (Empf\u00e4nger)<\/strong><\/td>\n<td data-start=\"1347\" data-end=\"1366\" data-col-size=\"md\">5 V DC \u00fcber USB<\/td>\n<\/tr>\n<tr data-start=\"1367\" data-end=\"1419\">\n<td data-start=\"1367\" data-end=\"1398\" data-col-size=\"sm\"><strong data-start=\"1369\" data-end=\"1397\">Stromversorgung (Sender)<\/strong><\/td>\n<td data-col-size=\"md\" data-start=\"1398\" data-end=\"1419\">2 \u00d7 AAA-Batterien<\/td>\n<\/tr>\n<tr data-start=\"1420\" data-end=\"1467\">\n<td data-start=\"1420\" data-end=\"1456\" data-col-size=\"sm\"><strong data-start=\"1422\" data-end=\"1455\">Leistungsaufnahme (Empf\u00e4nger)<\/strong><\/td>\n<td data-start=\"1456\" data-end=\"1467\" data-col-size=\"md\">ca. 2 W<\/td>\n<\/tr>\n<tr data-start=\"1468\" data-end=\"1528\">\n<td data-start=\"1468\" data-end=\"1508\" data-col-size=\"sm\"><strong data-start=\"1470\" data-end=\"1507\">Abmessungen Empf\u00e4nger (B \u00d7 H \u00d7 T)<\/strong><\/td>\n<td data-start=\"1508\" data-end=\"1528\" data-col-size=\"md\">120 \u00d7 80 \u00d7 35 mm<\/td>\n<\/tr>\n<tr data-start=\"1529\" data-end=\"1585\">\n<td data-start=\"1529\" data-end=\"1566\" data-col-size=\"sm\"><strong data-start=\"1531\" data-end=\"1565\">Abmessungen Sender (B \u00d7 H \u00d7 T)<\/strong><\/td>\n<td data-start=\"1566\" data-end=\"1585\" data-col-size=\"md\">45 \u00d7 90 \u00d7 20 mm<\/td>\n<\/tr>\n<tr data-start=\"1586\" data-end=\"1625\">\n<td data-start=\"1586\" data-end=\"1612\" data-col-size=\"sm\"><strong data-start=\"1588\" data-end=\"1611\">Gewicht (Empf\u00e4nger)<\/strong><\/td>\n<td data-start=\"1612\" data-end=\"1625\" data-col-size=\"md\">ca. 350 g<\/td>\n<\/tr>\n<tr data-start=\"1626\" data-end=\"1662\">\n<td data-start=\"1626\" data-end=\"1649\" data-col-size=\"sm\"><strong data-start=\"1628\" data-end=\"1648\">Gewicht (Sender)<\/strong><\/td>\n<td data-start=\"1649\" data-end=\"1662\" data-col-size=\"md\">ca. 100 g<\/td>\n<\/tr>\n<tr data-start=\"1663\" data-end=\"1735\">\n<td data-start=\"1663\" data-end=\"1678\" data-col-size=\"sm\"><strong data-start=\"1665\" data-end=\"1677\">Material<\/strong><\/td>\n<td data-start=\"1678\" data-end=\"1735\" data-col-size=\"md\">Metallgeh\u00e4use (Empf\u00e4nger), Kunststoffgeh\u00e4use (Sender)<\/td>\n<\/tr>\n<tr data-start=\"1736\" data-end=\"1766\">\n<td data-start=\"1736\" data-end=\"1748\" data-col-size=\"sm\"><strong data-start=\"1738\" data-end=\"1747\">Farbe<\/strong><\/td>\n<td data-start=\"1748\" data-end=\"1766\" data-col-size=\"md\">Schwarz \/ Grau<\/td>\n<\/tr>\n<tr data-start=\"1767\" data-end=\"1805\">\n<td data-start=\"1767\" data-end=\"1792\" data-col-size=\"sm\"><strong data-start=\"1769\" data-end=\"1791\">Betriebstemperatur<\/strong><\/td>\n<td data-start=\"1792\" data-end=\"1805\" data-col-size=\"md\">0 \u2013 40 \u00b0C<\/td>\n<\/tr>\n<tr data-start=\"1806\" data-end=\"1913\">\n<td data-start=\"1806\" data-end=\"1827\" data-col-size=\"sm\"><strong data-start=\"1808\" data-end=\"1826\">Besonderheiten<\/strong><\/td>\n<td data-start=\"1827\" data-end=\"1913\" data-col-size=\"md\">Dual-USB-Ausg\u00e4nge, redundante Steuerung, LED-Signalbest\u00e4tigung, Vibrationsfeedback<\/td>\n<\/tr>\n<\/tbody>\n<\/table>\n<\/div>\n<\/div>\n","protected":false},"excerpt":{"rendered":"<p>2 vorr\u00e4tig<\/p>\n","protected":false},"featured_media":277,"template":"","meta":[],"product_brand":[],"product_cat":[28],"product_tag":[],"class_list":{"0":"post-276","1":"product","2":"type-product","3":"status-publish","4":"has-post-thumbnail","6":"product_cat-zubehoer","8":"first","9":"instock","10":"taxable","11":"shipping-taxable","12":"purchasable","13":"product-type-simple"},"_links":{"self":[{"href":"https:\/\/as-lightsound.de\/wordpress\/wp-json\/wp\/v2\/product\/276","targetHints":{"allow":["GET"]}}],"collection":[{"href":"https:\/\/as-lightsound.de\/wordpress\/wp-json\/wp\/v2\/product"}],"about":[{"href":"https:\/\/as-lightsound.de\/wordpress\/wp-json\/wp\/v2\/types\/product"}],"wp:featuredmedia":[{"embeddable":true,"href":"https:\/\/as-lightsound.de\/wordpress\/wp-json\/wp\/v2\/media\/277"}],"wp:attachment":[{"href":"https:\/\/as-lightsound.de\/wordpress\/wp-json\/wp\/v2\/media?parent=276"}],"wp:term":[{"taxonomy":"product_brand","embeddable":true,"href":"https:\/\/as-lightsound.de\/wordpress\/wp-json\/wp\/v2\/product_brand?post=276"},{"taxonomy":"product_cat","embeddable":true,"href":"https:\/\/as-lightsound.de\/wordpress\/wp-json\/wp\/v2\/product_cat?post=276"},{"taxonomy":"product_tag","embeddable":true,"href":"https:\/\/as-lightsound.de\/wordpress\/wp-json\/wp\/v2\/product_tag?post=276"}],"curies":[{"name":"wp","href":"https:\/\/api.w.org\/{rel}","templated":true}]}}