{"id":266,"date":"2021-03-18T14:04:54","date_gmt":"2021-03-18T13:04:54","guid":{"rendered":"https:\/\/as-lightsound.de\/wordpress\/?post_type=product&#038;p=266"},"modified":"2025-10-09T08:24:43","modified_gmt":"2025-10-09T06:24:43","slug":"micro-cue-3","status":"publish","type":"product","link":"https:\/\/as-lightsound.de\/wordpress\/product\/micro-cue-3\/","title":{"rendered":"Micro Cue 3"},"content":{"rendered":"<p data-start=\"62\" data-end=\"651\">Der <strong data-start=\"66\" data-end=\"80\">MicroCue 3<\/strong> ist ein leistungsstarkes Pr\u00e4sentationssteuerungssystem, das speziell f\u00fcr kleine bis mittlere Produktionen entwickelt wurde. Es bietet drei USB-Anschl\u00fcsse zur gleichzeitigen Steuerung von bis zu drei Computern und eine benutzerfreundliche Frontplatte mit Statusanzeigen f\u00fcr jede Verbindung. Sein integriertes LC-Display informiert \u00fcber aktive Cues, Signalst\u00e4rke und Batteriest\u00e4nde der Handger\u00e4te. Zus\u00e4tzlich erlaubt das System die Vernetzung mehrerer Ger\u00e4te mittels propriet\u00e4rem Netzwerk (\u201ei2Net\u201c), um eine zuverl\u00e4ssige Abdeckung gro\u00dfer Veranstaltungsr\u00e4ume zu erzielen.<\/p>\n<hr data-start=\"653\" data-end=\"656\" \/>\n<h3 data-start=\"658\" data-end=\"691\">Technische Daten (Tech Specs)<\/h3>\n<div class=\"_tableContainer_1rjym_1\">\n<div class=\"group _tableWrapper_1rjym_13 flex w-fit flex-col-reverse\" tabindex=\"-1\">\n<table class=\"w-fit min-w-(--thread-content-width)\" data-start=\"693\" data-end=\"1582\">\n<thead data-start=\"693\" data-end=\"711\">\n<tr data-start=\"693\" data-end=\"711\">\n<th data-start=\"693\" data-end=\"703\" data-col-size=\"sm\">Merkmal<\/th>\n<th data-start=\"703\" data-end=\"711\" data-col-size=\"md\">Wert<\/th>\n<\/tr>\n<\/thead>\n<tbody data-start=\"722\" data-end=\"1582\">\n<tr data-start=\"722\" data-end=\"791\">\n<td data-start=\"722\" data-end=\"743\" data-col-size=\"sm\"><strong data-start=\"724\" data-end=\"742\">USB-Anschl\u00fcsse<\/strong><\/td>\n<td data-start=\"743\" data-end=\"791\" data-col-size=\"md\">3 \u00d7 USB-A (Steuerung von bis zu 3 Computern)<\/td>\n<\/tr>\n<tr data-start=\"792\" data-end=\"912\">\n<td data-start=\"792\" data-end=\"818\" data-col-size=\"sm\"><strong data-start=\"794\" data-end=\"817\">Handger\u00e4te-Optionen<\/strong><\/td>\n<td data-col-size=\"md\" data-start=\"818\" data-end=\"912\">2-Tasten (Weiter \/ Zur\u00fcck) oder 3-Tasten (Weiter \/ Zur\u00fcck \/ Blackout); mit oder ohne Laser<\/td>\n<\/tr>\n<tr data-start=\"913\" data-end=\"987\">\n<td data-start=\"913\" data-end=\"927\" data-col-size=\"sm\"><strong data-start=\"915\" data-end=\"926\">Anzeige<\/strong><\/td>\n<td data-start=\"927\" data-end=\"987\" data-col-size=\"md\">LC-Display (Cues, Signalst\u00e4rke, Batteriezustand, Status)<\/td>\n<\/tr>\n<tr data-start=\"988\" data-end=\"1063\">\n<td data-start=\"988\" data-end=\"1014\" data-col-size=\"sm\"><strong data-start=\"990\" data-end=\"1013\">Audible Cue-Ausgang<\/strong><\/td>\n<td data-start=\"1014\" data-end=\"1063\" data-col-size=\"md\">Kopfh\u00f6rer-Ausgang zur akustischen R\u00fcckmeldung<\/td>\n<\/tr>\n<tr data-start=\"1064\" data-end=\"1140\">\n<td data-start=\"1064\" data-end=\"1089\" data-col-size=\"sm\"><strong data-start=\"1066\" data-end=\"1088\">Netzwerkverbindung<\/strong><\/td>\n<td data-col-size=\"md\" data-start=\"1089\" data-end=\"1140\">2 \u00d7 XLR (i2Net) zur Kopplung mehrerer Einheiten<\/td>\n<\/tr>\n<tr data-start=\"1141\" data-end=\"1234\">\n<td data-start=\"1141\" data-end=\"1172\" data-col-size=\"sm\"><strong data-start=\"1143\" data-end=\"1171\">Maximale Netzwerkdistanz<\/strong><\/td>\n<td data-start=\"1172\" data-end=\"1234\" data-col-size=\"md\">Getestet bis ca. 1.500 m (bei Verwendung geeigneter Kabel)<\/td>\n<\/tr>\n<tr data-start=\"1235\" data-end=\"1329\">\n<td data-start=\"1235\" data-end=\"1269\" data-col-size=\"sm\"><strong data-start=\"1237\" data-end=\"1268\">Synchronisation im Netzwerk<\/strong><\/td>\n<td data-col-size=\"md\" data-start=\"1269\" data-end=\"1329\">Gemeinsame Nutzung der Handger\u00e4te \u00fcber mehrere Einheiten<\/td>\n<\/tr>\n<tr data-start=\"1330\" data-end=\"1405\">\n<td data-start=\"1330\" data-end=\"1364\" data-col-size=\"sm\"><strong data-start=\"1332\" data-end=\"1363\">Funkreichweite (Handsender)<\/strong><\/td>\n<td data-start=\"1364\" data-end=\"1405\" data-col-size=\"md\">typischerweise \u00fcber 100 m im Freifeld<\/td>\n<\/tr>\n<tr data-start=\"1406\" data-end=\"1467\">\n<td data-start=\"1406\" data-end=\"1428\" data-col-size=\"sm\"><strong data-start=\"1408\" data-end=\"1427\">Stromversorgung<\/strong><\/td>\n<td data-start=\"1428\" data-end=\"1467\" data-col-size=\"md\">externe 12 V DC Spannungsversorgung<\/td>\n<\/tr>\n<tr data-start=\"1468\" data-end=\"1527\">\n<td data-start=\"1468\" data-end=\"1482\" data-col-size=\"sm\"><strong data-start=\"1470\" data-end=\"1481\">Geh\u00e4use<\/strong><\/td>\n<td data-col-size=\"md\" data-start=\"1482\" data-end=\"1527\">kompaktes W\u00fcrfelgeh\u00e4use, robust gefertigt<\/td>\n<\/tr>\n<tr data-start=\"1528\" data-end=\"1582\">\n<td data-start=\"1528\" data-end=\"1542\" data-col-size=\"sm\"><strong data-start=\"1530\" data-end=\"1541\">Gewicht<\/strong><\/td>\n<td data-col-size=\"md\" data-start=\"1542\" data-end=\"1582\">ca. 1 kg (Haupteinheit ohne Zubeh\u00f6r)<\/td>\n<\/tr>\n<\/tbody>\n<\/table>\n<\/div>\n<\/div>\n","protected":false},"excerpt":{"rendered":"<p>1 vorr\u00e4tig<\/p>\n","protected":false},"featured_media":267,"template":"","meta":[],"product_brand":[],"product_cat":[28],"product_tag":[],"class_list":{"0":"post-266","1":"product","2":"type-product","3":"status-publish","4":"has-post-thumbnail","6":"product_cat-zubehoer","8":"first","9":"instock","10":"taxable","11":"shipping-taxable","12":"purchasable","13":"product-type-simple"},"_links":{"self":[{"href":"https:\/\/as-lightsound.de\/wordpress\/wp-json\/wp\/v2\/product\/266","targetHints":{"allow":["GET"]}}],"collection":[{"href":"https:\/\/as-lightsound.de\/wordpress\/wp-json\/wp\/v2\/product"}],"about":[{"href":"https:\/\/as-lightsound.de\/wordpress\/wp-json\/wp\/v2\/types\/product"}],"wp:featuredmedia":[{"embeddable":true,"href":"https:\/\/as-lightsound.de\/wordpress\/wp-json\/wp\/v2\/media\/267"}],"wp:attachment":[{"href":"https:\/\/as-lightsound.de\/wordpress\/wp-json\/wp\/v2\/media?parent=266"}],"wp:term":[{"taxonomy":"product_brand","embeddable":true,"href":"https:\/\/as-lightsound.de\/wordpress\/wp-json\/wp\/v2\/product_brand?post=266"},{"taxonomy":"product_cat","embeddable":true,"href":"https:\/\/as-lightsound.de\/wordpress\/wp-json\/wp\/v2\/product_cat?post=266"},{"taxonomy":"product_tag","embeddable":true,"href":"https:\/\/as-lightsound.de\/wordpress\/wp-json\/wp\/v2\/product_tag?post=266"}],"curies":[{"name":"wp","href":"https:\/\/api.w.org\/{rel}","templated":true}]}}