{"id":262,"date":"2021-03-18T14:01:02","date_gmt":"2021-03-18T13:01:02","guid":{"rendered":"https:\/\/as-lightsound.de\/wordpress\/?post_type=product&#038;p=262"},"modified":"2025-10-09T08:26:18","modified_gmt":"2025-10-09T06:26:18","slug":"denon-dn-500bd-mkii","status":"publish","type":"product","link":"https:\/\/as-lightsound.de\/wordpress\/product\/denon-dn-500bd-mkii\/","title":{"rendered":"Denon DN-500BD MKII"},"content":{"rendered":"<p data-start=\"71\" data-end=\"440\">Der <strong data-start=\"75\" data-end=\"98\">Denon DN-500BD MKII<\/strong> ist ein vielseitiger Rack-Medienspieler, der Blu-Ray, DVD, CD sowie SD- und USB-Mediendateien abspielt. Er ist f\u00fcr professionelle AV-Installationen ausgelegt, bietet symmetrische bzw. unsymmetrische Audioausg\u00e4nge, Steuerungsm\u00f6glichkeiten via RS-232C und Netzwerk sowie eine optionale \u201eHide OSD\u201c-Funktion zur Ausblendung von Bedienanzeigen.<\/p>\n<hr data-start=\"442\" data-end=\"445\" \/>\n<h3 data-start=\"447\" data-end=\"480\">Technische Daten (Tech Specs)<\/h3>\n<div class=\"_tableContainer_1rjym_1\">\n<div class=\"group _tableWrapper_1rjym_13 flex w-fit flex-col-reverse\" tabindex=\"-1\">\n<table class=\"w-fit min-w-(--thread-content-width)\" data-start=\"482\" data-end=\"2154\">\n<thead data-start=\"482\" data-end=\"500\">\n<tr data-start=\"482\" data-end=\"500\">\n<th data-start=\"482\" data-end=\"492\" data-col-size=\"sm\">Merkmal<\/th>\n<th data-start=\"492\" data-end=\"500\" data-col-size=\"lg\">Wert<\/th>\n<\/tr>\n<\/thead>\n<tbody data-start=\"511\" data-end=\"2154\">\n<tr data-start=\"511\" data-end=\"541\">\n<td data-start=\"511\" data-end=\"524\" data-col-size=\"sm\"><strong data-start=\"513\" data-end=\"523\">Modell<\/strong><\/td>\n<td data-start=\"524\" data-end=\"541\" data-col-size=\"lg\">DN-500BD MKII<\/td>\n<\/tr>\n<tr data-start=\"542\" data-end=\"693\">\n<td data-start=\"542\" data-end=\"562\" data-col-size=\"sm\"><strong data-start=\"544\" data-end=\"561\">Medienformate<\/strong><\/td>\n<td data-start=\"562\" data-end=\"693\" data-col-size=\"lg\">Blu-Ray (BD25, BD50, BD-RE, BD-ROM, BD-R), DVD (DVD, DVD+R, DVD-R, DVD+RW, DVD-RW), Audio-CD (CD, CD-R, CD-RW), HDCD, SVCD, VCD<\/td>\n<\/tr>\n<tr data-start=\"694\" data-end=\"887\">\n<td data-start=\"694\" data-end=\"735\" data-col-size=\"sm\"><strong data-start=\"696\" data-end=\"734\">Dateiformate (SD \/ USB \/ SD-Karte)<\/strong><\/td>\n<td data-col-size=\"lg\" data-start=\"735\" data-end=\"887\">.3gp, .asf, .avi, .dat, .mkv, .mov, .mp4, .mpg, .m2ts, .ogm, .rmvb, .tp, .ts, .wmv \/ Audio: .ape, .flac, .m4a, .mp3, .wav \/ Bilder: .gif, .jpg, .png<\/td>\n<\/tr>\n<tr data-start=\"888\" data-end=\"941\">\n<td data-start=\"888\" data-end=\"919\" data-col-size=\"sm\"><strong data-start=\"890\" data-end=\"918\">Dateisysteme unterst\u00fctzt<\/strong><\/td>\n<td data-start=\"919\" data-end=\"941\" data-col-size=\"lg\">FAT16, FAT32, NTFS<\/td>\n<\/tr>\n<tr data-start=\"942\" data-end=\"1030\">\n<td data-start=\"942\" data-end=\"984\" data-col-size=\"sm\"><strong data-start=\"944\" data-end=\"983\">Maximale Speicherkapazit\u00e4t USB \/ SD<\/strong><\/td>\n<td data-start=\"984\" data-end=\"1030\" data-col-size=\"lg\">USB: bis zu 2 TB \/ SD-Karte: bis zu 128 GB<\/td>\n<\/tr>\n<tr data-start=\"1031\" data-end=\"1128\">\n<td data-start=\"1031\" data-end=\"1063\" data-col-size=\"sm\"><strong data-start=\"1033\" data-end=\"1062\">Videoaufl\u00f6sungen \/ Skalen<\/strong><\/td>\n<td data-start=\"1063\" data-end=\"1128\" data-col-size=\"lg\">Automatisch: 480i \/ 576i \/ 480p \/ 576p \/ 720p \/ 1080i \/ 1080p<\/td>\n<\/tr>\n<tr data-start=\"1129\" data-end=\"1228\">\n<td data-start=\"1129\" data-end=\"1168\" data-col-size=\"sm\"><strong data-start=\"1131\" data-end=\"1167\">Seitenverh\u00e4ltnisse \/ Bildformate<\/strong><\/td>\n<td data-start=\"1168\" data-end=\"1228\" data-col-size=\"lg\">16:9 Full \/ 16:9 Normal \/ 4:3 Pan &amp; Scan \/ 4:3 Letterbox<\/td>\n<\/tr>\n<tr data-start=\"1229\" data-end=\"1297\">\n<td data-start=\"1229\" data-end=\"1247\" data-col-size=\"sm\"><strong data-start=\"1231\" data-end=\"1246\">Dekodierung<\/strong><\/td>\n<td data-start=\"1247\" data-end=\"1297\" data-col-size=\"lg\">MPEG-1 \/ MPEG-2 \/ MPEG-4 \/ H.264 \/ VC-1 \/ Xvid<\/td>\n<\/tr>\n<tr data-start=\"1298\" data-end=\"1391\">\n<td data-start=\"1298\" data-end=\"1317\" data-col-size=\"sm\"><strong data-start=\"1300\" data-end=\"1316\">Audioformate<\/strong><\/td>\n<td data-start=\"1317\" data-end=\"1391\" data-col-size=\"lg\">AAC, Dolby Digital, Dolby Digital Plus, Dolby TrueHD, DTS, DTS-HD, WMA<\/td>\n<\/tr>\n<tr data-start=\"1392\" data-end=\"1488\">\n<td data-start=\"1392\" data-end=\"1420\" data-col-size=\"sm\"><strong data-start=\"1394\" data-end=\"1419\">Analoge Audioausg\u00e4nge<\/strong><\/td>\n<td data-start=\"1420\" data-end=\"1488\" data-col-size=\"lg\">2 \u00d7 XLR (symmetrisch), 2 \u00d7 RCA (unsymmetrisch), 7.1 RCA Surround<\/td>\n<\/tr>\n<tr data-start=\"1489\" data-end=\"1543\">\n<td data-start=\"1489\" data-end=\"1518\" data-col-size=\"sm\"><strong data-start=\"1491\" data-end=\"1517\">Digitale Audioausg\u00e4nge<\/strong><\/td>\n<td data-start=\"1518\" data-end=\"1543\" data-col-size=\"lg\">1 \u00d7 koaxial (AES\/EBU)<\/td>\n<\/tr>\n<tr data-start=\"1544\" data-end=\"1631\">\n<td data-start=\"1544\" data-end=\"1563\" data-col-size=\"sm\"><strong data-start=\"1546\" data-end=\"1562\">HDMI-Ausgang<\/strong><\/td>\n<td data-start=\"1563\" data-end=\"1631\" data-col-size=\"lg\">Audio + Video (Farbmodi: RGB PC, RGB Video, YCbCr 4:4:4 \/ 4:2:2)<\/td>\n<\/tr>\n<tr data-start=\"1632\" data-end=\"1723\">\n<td data-start=\"1632\" data-end=\"1659\" data-col-size=\"sm\"><strong data-start=\"1634\" data-end=\"1658\">Steuerschnittstellen<\/strong><\/td>\n<td data-start=\"1659\" data-end=\"1723\" data-col-size=\"lg\">RS-232C (9-poliger D-Sub), Ethernet (LAN, Netzwerksteuerung)<\/td>\n<\/tr>\n<tr data-start=\"1724\" data-end=\"1800\">\n<td data-start=\"1724\" data-end=\"1751\" data-col-size=\"sm\"><strong data-start=\"1726\" data-end=\"1750\">Display \/ Bedienfeld<\/strong><\/td>\n<td data-start=\"1751\" data-end=\"1800\" data-col-size=\"lg\">OLED-Anzeige auf Frontpanel, Transport-Tasten<\/td>\n<\/tr>\n<tr data-start=\"1801\" data-end=\"1861\">\n<td data-start=\"1801\" data-end=\"1825\" data-col-size=\"sm\"><strong data-start=\"1803\" data-end=\"1824\">Hide OSD-Funktion<\/strong><\/td>\n<td data-col-size=\"lg\" data-start=\"1825\" data-end=\"1861\">Ja (Men\u00fcs \/ Symbole ausblendbar)<\/td>\n<\/tr>\n<tr data-start=\"1862\" data-end=\"1902\">\n<td data-start=\"1862\" data-end=\"1896\" data-col-size=\"sm\"><strong data-start=\"1864\" data-end=\"1895\">Panel Lock \/ IR Remote Lock<\/strong><\/td>\n<td data-start=\"1896\" data-end=\"1902\" data-col-size=\"lg\">Ja<\/td>\n<\/tr>\n<tr data-start=\"1903\" data-end=\"1963\">\n<td data-start=\"1903\" data-end=\"1923\" data-col-size=\"sm\"><strong data-start=\"1905\" data-end=\"1922\">Power-On-Play<\/strong><\/td>\n<td data-start=\"1923\" data-end=\"1963\" data-col-size=\"lg\">Anschalten startet sofort Wiedergabe<\/td>\n<\/tr>\n<tr data-start=\"1964\" data-end=\"2051\">\n<td data-start=\"1964\" data-end=\"2003\" data-col-size=\"sm\"><strong data-start=\"1966\" data-end=\"2002\">Netzspannung \/ Leistungsaufnahme<\/strong><\/td>\n<td data-start=\"2003\" data-end=\"2051\" data-col-size=\"lg\">100\u2013240 V AC, 50\/60 Hz \/ ca. 15 W im Betrieb<\/td>\n<\/tr>\n<tr data-start=\"2052\" data-end=\"2108\">\n<td data-start=\"2052\" data-end=\"2087\" data-col-size=\"sm\"><strong data-start=\"2054\" data-end=\"2086\">Abmessungen (mit Rack-Ohren)<\/strong><\/td>\n<td data-start=\"2087\" data-end=\"2108\" data-col-size=\"lg\">483 \u00d7 273 \u00d7 44 mm<\/td>\n<\/tr>\n<tr data-start=\"2109\" data-end=\"2154\">\n<td data-start=\"2109\" data-end=\"2140\" data-col-size=\"sm\"><strong data-start=\"2111\" data-end=\"2139\">Gewicht (mit Rack-Ohren)<\/strong><\/td>\n<td data-col-size=\"lg\" data-start=\"2140\" data-end=\"2154\">ca. 2,7 kg<\/td>\n<\/tr>\n<\/tbody>\n<\/table>\n<\/div>\n<\/div>\n","protected":false},"excerpt":{"rendered":"<p>1 vorr\u00e4tig<\/p>\n","protected":false},"featured_media":263,"template":"","meta":[],"product_brand":[],"product_cat":[28],"product_tag":[],"class_list":{"0":"post-262","1":"product","2":"type-product","3":"status-publish","4":"has-post-thumbnail","6":"product_cat-zubehoer","8":"first","9":"instock","10":"taxable","11":"shipping-taxable","12":"purchasable","13":"product-type-simple"},"_links":{"self":[{"href":"https:\/\/as-lightsound.de\/wordpress\/wp-json\/wp\/v2\/product\/262","targetHints":{"allow":["GET"]}}],"collection":[{"href":"https:\/\/as-lightsound.de\/wordpress\/wp-json\/wp\/v2\/product"}],"about":[{"href":"https:\/\/as-lightsound.de\/wordpress\/wp-json\/wp\/v2\/types\/product"}],"wp:featuredmedia":[{"embeddable":true,"href":"https:\/\/as-lightsound.de\/wordpress\/wp-json\/wp\/v2\/media\/263"}],"wp:attachment":[{"href":"https:\/\/as-lightsound.de\/wordpress\/wp-json\/wp\/v2\/media?parent=262"}],"wp:term":[{"taxonomy":"product_brand","embeddable":true,"href":"https:\/\/as-lightsound.de\/wordpress\/wp-json\/wp\/v2\/product_brand?post=262"},{"taxonomy":"product_cat","embeddable":true,"href":"https:\/\/as-lightsound.de\/wordpress\/wp-json\/wp\/v2\/product_cat?post=262"},{"taxonomy":"product_tag","embeddable":true,"href":"https:\/\/as-lightsound.de\/wordpress\/wp-json\/wp\/v2\/product_tag?post=262"}],"curies":[{"name":"wp","href":"https:\/\/api.w.org\/{rel}","templated":true}]}}