{"id":258,"date":"2021-03-18T13:58:11","date_gmt":"2021-03-18T12:58:11","guid":{"rendered":"https:\/\/as-lightsound.de\/wordpress\/?post_type=product&#038;p=258"},"modified":"2025-10-09T08:27:02","modified_gmt":"2025-10-09T06:27:02","slug":"blackmagic-ultrastudio-mini-recorder","status":"publish","type":"product","link":"https:\/\/as-lightsound.de\/wordpress\/product\/blackmagic-ultrastudio-mini-recorder\/","title":{"rendered":"Blackmagic Design Ultrastudio Mini Recorder 3G"},"content":{"rendered":"<p data-start=\"104\" data-end=\"423\">Der <strong data-start=\"108\" data-end=\"158\">Blackmagic Design UltraStudio Mini Recorder 3G<\/strong> ist ein professionelles Capture- und Streaming-Interface mit Unterst\u00fctzung f\u00fcr SDI und HDMI. Er erm\u00f6glicht die Aufnahme oder Weiterleitung von Videoinhalten in Echtzeit mit geringer Latenz und ist ideal f\u00fcr Live-Produktion, Echtzeit-Streaming und Postproduktion.<\/p>\n<hr data-start=\"425\" data-end=\"428\" \/>\n<h3 data-start=\"430\" data-end=\"463\">Technische Daten (Tech Specs)<\/h3>\n<div class=\"_tableContainer_1rjym_1\">\n<div class=\"group _tableWrapper_1rjym_13 flex w-fit flex-col-reverse\" tabindex=\"-1\">\n<table class=\"w-fit min-w-(--thread-content-width)\" data-start=\"465\" data-end=\"1285\">\n<thead data-start=\"465\" data-end=\"483\">\n<tr data-start=\"465\" data-end=\"483\">\n<th data-start=\"465\" data-end=\"475\" data-col-size=\"sm\">Merkmal<\/th>\n<th data-start=\"475\" data-end=\"483\" data-col-size=\"md\">Wert<\/th>\n<\/tr>\n<\/thead>\n<tbody data-start=\"504\" data-end=\"1285\">\n<tr data-start=\"504\" data-end=\"562\">\n<td data-start=\"504\" data-end=\"517\" data-col-size=\"sm\"><strong data-start=\"506\" data-end=\"516\">Modell<\/strong><\/td>\n<td data-start=\"517\" data-end=\"562\" data-col-size=\"md\"><strong data-start=\"519\" data-end=\"560\"><span class=\"entity-underline hover:entity-accent inline cursor-pointer align-baseline\"><span class=\"whitespace-normal\">Blackmagic Design UltraStudio Mini Recorder 3G<\/span><\/span><\/strong><\/td>\n<\/tr>\n<tr data-start=\"563\" data-end=\"622\">\n<td data-start=\"563\" data-end=\"595\" data-col-size=\"sm\"><strong data-start=\"565\" data-end=\"594\">Schnittstelle zum Rechner<\/strong><\/td>\n<td data-start=\"595\" data-end=\"622\" data-col-size=\"md\">Thunderbolt 3 (40 Gb\/s)<\/td>\n<\/tr>\n<tr data-start=\"623\" data-end=\"673\">\n<td data-start=\"623\" data-end=\"643\" data-col-size=\"sm\"><strong data-start=\"625\" data-end=\"642\">Videoeing\u00e4nge<\/strong><\/td>\n<td data-start=\"643\" data-end=\"673\" data-col-size=\"md\">1 \u00d7 3G-SDI, 1 \u00d7 HDMI Typ A<\/td>\n<\/tr>\n<tr data-start=\"674\" data-end=\"738\">\n<td data-start=\"674\" data-end=\"706\" data-col-size=\"sm\"><strong data-start=\"676\" data-end=\"705\">Unterst\u00fctzte Videoformate<\/strong><\/td>\n<td data-start=\"706\" data-end=\"738\" data-col-size=\"md\">SD, HD, 3G-SDI (bis 1080p60)<\/td>\n<\/tr>\n<tr data-start=\"739\" data-end=\"784\">\n<td data-start=\"739\" data-end=\"767\" data-col-size=\"sm\"><strong data-start=\"741\" data-end=\"766\">Farbabtastung \/ Tiefe<\/strong><\/td>\n<td data-col-size=\"md\" data-start=\"767\" data-end=\"784\">10 Bit, 4:2:2<\/td>\n<\/tr>\n<tr data-start=\"785\" data-end=\"848\">\n<td data-start=\"785\" data-end=\"805\" data-col-size=\"sm\"><strong data-start=\"787\" data-end=\"804\">Audioeing\u00e4nge<\/strong><\/td>\n<td data-start=\"805\" data-end=\"848\" data-col-size=\"md\">SDI Embedded Audio, HDMI Embedded Audio<\/td>\n<\/tr>\n<tr data-start=\"849\" data-end=\"880\">\n<td data-start=\"849\" data-end=\"871\" data-col-size=\"sm\"><strong data-start=\"851\" data-end=\"870\">Referenzeingang<\/strong><\/td>\n<td data-col-size=\"md\" data-start=\"871\" data-end=\"880\">Keine<\/td>\n<\/tr>\n<tr data-start=\"881\" data-end=\"958\">\n<td data-start=\"881\" data-end=\"907\" data-col-size=\"sm\"><strong data-start=\"883\" data-end=\"906\">Spannungsversorgung<\/strong><\/td>\n<td data-start=\"907\" data-end=\"958\" data-col-size=\"md\">\u00dcber Thunderbolt (kein externes Netzteil n\u00f6tig)<\/td>\n<\/tr>\n<tr data-start=\"959\" data-end=\"1014\">\n<td data-start=\"959\" data-end=\"983\" data-col-size=\"sm\"><strong data-start=\"961\" data-end=\"982\">Leistungsaufnahme<\/strong><\/td>\n<td data-start=\"983\" data-end=\"1014\" data-col-size=\"md\">Gering (\u00fcber Busversorgung)<\/td>\n<\/tr>\n<tr data-start=\"1015\" data-end=\"1057\">\n<td data-start=\"1015\" data-end=\"1033\" data-col-size=\"sm\"><strong data-start=\"1017\" data-end=\"1032\">Abmessungen<\/strong><\/td>\n<td data-start=\"1033\" data-end=\"1057\" data-col-size=\"md\">ca. 170 \u00d7 52 \u00d7 18 mm<\/td>\n<\/tr>\n<tr data-start=\"1058\" data-end=\"1085\">\n<td data-start=\"1058\" data-end=\"1072\" data-col-size=\"sm\"><strong data-start=\"1060\" data-end=\"1071\">Gewicht<\/strong><\/td>\n<td data-start=\"1072\" data-end=\"1085\" data-col-size=\"md\">ca. 260 g<\/td>\n<\/tr>\n<tr data-start=\"1086\" data-end=\"1138\">\n<td data-start=\"1086\" data-end=\"1108\" data-col-size=\"sm\"><strong data-start=\"1088\" data-end=\"1107\">Geh\u00e4usematerial<\/strong><\/td>\n<td data-col-size=\"md\" data-start=\"1108\" data-end=\"1138\">Aluminium (robust, leicht)<\/td>\n<\/tr>\n<tr data-start=\"1139\" data-end=\"1203\">\n<td data-start=\"1139\" data-end=\"1174\" data-col-size=\"sm\"><strong data-start=\"1141\" data-end=\"1173\">Firmware-Updates \/ Steuerung<\/strong><\/td>\n<td data-start=\"1174\" data-end=\"1203\" data-col-size=\"md\">\u00dcber USB \/ Software-Tools<\/td>\n<\/tr>\n<tr data-start=\"1204\" data-end=\"1285\">\n<td data-start=\"1204\" data-end=\"1230\" data-col-size=\"sm\"><strong data-start=\"1206\" data-end=\"1229\">Kompatible Software<\/strong><\/td>\n<td data-col-size=\"md\" data-start=\"1230\" data-end=\"1285\">DaVinci Resolve, OBS, vMix, Adobe Premiere und mehr<\/td>\n<\/tr>\n<\/tbody>\n<\/table>\n<\/div>\n<\/div>\n","protected":false},"excerpt":{"rendered":"<p>8 vorr\u00e4tig<\/p>\n","protected":false},"featured_media":259,"template":"","meta":[],"product_brand":[],"product_cat":[28],"product_tag":[],"class_list":{"0":"post-258","1":"product","2":"type-product","3":"status-publish","4":"has-post-thumbnail","6":"product_cat-zubehoer","8":"first","9":"instock","10":"taxable","11":"shipping-taxable","12":"purchasable","13":"product-type-simple"},"_links":{"self":[{"href":"https:\/\/as-lightsound.de\/wordpress\/wp-json\/wp\/v2\/product\/258","targetHints":{"allow":["GET"]}}],"collection":[{"href":"https:\/\/as-lightsound.de\/wordpress\/wp-json\/wp\/v2\/product"}],"about":[{"href":"https:\/\/as-lightsound.de\/wordpress\/wp-json\/wp\/v2\/types\/product"}],"wp:featuredmedia":[{"embeddable":true,"href":"https:\/\/as-lightsound.de\/wordpress\/wp-json\/wp\/v2\/media\/259"}],"wp:attachment":[{"href":"https:\/\/as-lightsound.de\/wordpress\/wp-json\/wp\/v2\/media?parent=258"}],"wp:term":[{"taxonomy":"product_brand","embeddable":true,"href":"https:\/\/as-lightsound.de\/wordpress\/wp-json\/wp\/v2\/product_brand?post=258"},{"taxonomy":"product_cat","embeddable":true,"href":"https:\/\/as-lightsound.de\/wordpress\/wp-json\/wp\/v2\/product_cat?post=258"},{"taxonomy":"product_tag","embeddable":true,"href":"https:\/\/as-lightsound.de\/wordpress\/wp-json\/wp\/v2\/product_tag?post=258"}],"curies":[{"name":"wp","href":"https:\/\/api.w.org\/{rel}","templated":true}]}}