{"id":244,"date":"2021-03-18T13:20:56","date_gmt":"2021-03-18T12:20:56","guid":{"rendered":"https:\/\/as-lightsound.de\/wordpress\/?post_type=product&#038;p=244"},"modified":"2025-10-09T08:08:31","modified_gmt":"2025-10-09T06:08:31","slug":"blackmagic-atem-constellation-8k","status":"publish","type":"product","link":"https:\/\/as-lightsound.de\/wordpress\/product\/blackmagic-atem-constellation-8k\/","title":{"rendered":"Blackmagic Design ATEM Constellation 8K"},"content":{"rendered":"<p data-start=\"83\" data-end=\"566\">Der <strong data-start=\"87\" data-end=\"130\">Blackmagic Design ATEM Constellation 8K<\/strong> ist ein hochleistungsf\u00e4higer Live-Produktionsmischer mit 40 SDI-Eing\u00e4ngen und nativer 8K-Verarbeitung. Entwickelt f\u00fcr professionelle Broadcast-, Event- und Studioanwendungen, bietet er umfassende Video-, Audio- und Steuerfunktionen in einem kompakten 2-HE-Rackgeh\u00e4use. Dank seiner modularen Architektur kann er als 4K- oder 8K-Switcher betrieben werden und erf\u00fcllt h\u00f6chste Anspr\u00fcche an Bildqualit\u00e4t, Flexibilit\u00e4t und Zuverl\u00e4ssigkeit.<\/p>\n<hr data-start=\"568\" data-end=\"571\" \/>\n<h3 data-start=\"573\" data-end=\"606\">Technische Daten (Tech Specs)<\/h3>\n<div class=\"_tableContainer_1rjym_1\">\n<div class=\"group _tableWrapper_1rjym_13 flex w-fit flex-col-reverse\" tabindex=\"-1\">\n<table class=\"w-fit min-w-(--thread-content-width)\" data-start=\"608\" data-end=\"2195\">\n<thead data-start=\"608\" data-end=\"626\">\n<tr data-start=\"608\" data-end=\"626\">\n<th data-start=\"608\" data-end=\"618\" data-col-size=\"sm\">Merkmal<\/th>\n<th data-start=\"618\" data-end=\"626\" data-col-size=\"md\">Wert<\/th>\n<\/tr>\n<\/thead>\n<tbody data-start=\"647\" data-end=\"2195\">\n<tr data-start=\"647\" data-end=\"703\">\n<td data-start=\"647\" data-end=\"660\" data-col-size=\"sm\"><strong data-start=\"649\" data-end=\"659\">Modell<\/strong><\/td>\n<td data-start=\"660\" data-end=\"703\" data-col-size=\"md\">Blackmagic Design ATEM Constellation 8K<\/td>\n<\/tr>\n<tr data-start=\"704\" data-end=\"771\">\n<td data-start=\"704\" data-end=\"720\" data-col-size=\"sm\"><strong data-start=\"706\" data-end=\"719\">Ger\u00e4tetyp<\/strong><\/td>\n<td data-start=\"720\" data-end=\"771\" data-col-size=\"md\">8K Live-Produktionsmischer \/ Broadcast-Switcher<\/td>\n<\/tr>\n<tr data-start=\"772\" data-end=\"840\">\n<td data-start=\"772\" data-end=\"792\" data-col-size=\"sm\"><strong data-start=\"774\" data-end=\"791\">Videoeing\u00e4nge<\/strong><\/td>\n<td data-start=\"792\" data-end=\"840\" data-col-size=\"md\">40 \u00d7 12G-SDI (automatische Format-Erkennung)<\/td>\n<\/tr>\n<tr data-start=\"841\" data-end=\"915\">\n<td data-start=\"841\" data-end=\"861\" data-col-size=\"sm\"><strong data-start=\"843\" data-end=\"860\">Videoausg\u00e4nge<\/strong><\/td>\n<td data-start=\"861\" data-end=\"915\" data-col-size=\"md\">24 \u00d7 12G-SDI (Program, Aux, Multiview, Clean Feed)<\/td>\n<\/tr>\n<tr data-start=\"916\" data-end=\"981\">\n<td data-start=\"916\" data-end=\"935\" data-col-size=\"sm\"><strong data-start=\"918\" data-end=\"934\">Videoformate<\/strong><\/td>\n<td data-start=\"935\" data-end=\"981\" data-col-size=\"md\">SD, HD, Ultra HD, DCI 4K, 8K (bis 4320p60)<\/td>\n<\/tr>\n<tr data-start=\"982\" data-end=\"1057\">\n<td data-start=\"982\" data-end=\"1006\" data-col-size=\"sm\"><strong data-start=\"984\" data-end=\"1005\">Videoverarbeitung<\/strong><\/td>\n<td data-start=\"1006\" data-end=\"1057\" data-col-size=\"md\">8K nativ, 4 unabh\u00e4ngige 4K-Mischer kombinierbar<\/td>\n<\/tr>\n<tr data-start=\"1058\" data-end=\"1129\">\n<td data-start=\"1058\" data-end=\"1083\" data-col-size=\"sm\"><strong data-start=\"1060\" data-end=\"1082\">Multiview-Ausg\u00e4nge<\/strong><\/td>\n<td data-start=\"1083\" data-end=\"1129\" data-col-size=\"md\">4 \u00d7 12G-SDI, anpassbar (4\/8\/16\/32 Fenster)<\/td>\n<\/tr>\n<tr data-start=\"1130\" data-end=\"1234\">\n<td data-start=\"1130\" data-end=\"1158\" data-col-size=\"sm\"><strong data-start=\"1132\" data-end=\"1157\">Keyer \/ DVE \/ Effekte<\/strong><\/td>\n<td data-start=\"1158\" data-end=\"1234\" data-col-size=\"md\">4 Upstream-Keyer, 4 Downstream-Keyer, 4 DVE, 2 SuperSource (bis 8 in 8K)<\/td>\n<\/tr>\n<tr data-start=\"1235\" data-end=\"1294\">\n<td data-start=\"1235\" data-end=\"1254\" data-col-size=\"sm\"><strong data-start=\"1237\" data-end=\"1253\">Media Player<\/strong><\/td>\n<td data-start=\"1254\" data-end=\"1294\" data-col-size=\"md\">4 (mit bis zu 60 Standbildern, RGBA)<\/td>\n<\/tr>\n<tr data-start=\"1295\" data-end=\"1376\">\n<td data-start=\"1295\" data-end=\"1315\" data-col-size=\"sm\"><strong data-start=\"1297\" data-end=\"1314\">Audioeing\u00e4nge<\/strong><\/td>\n<td data-start=\"1315\" data-end=\"1376\" data-col-size=\"md\">2 \u00d7 XLR (Analog), 1 \u00d7 RCA Stereo, 40 \u00d7 SDI-Embedded Audio<\/td>\n<\/tr>\n<tr data-start=\"1377\" data-end=\"1424\">\n<td data-start=\"1377\" data-end=\"1397\" data-col-size=\"sm\"><strong data-start=\"1379\" data-end=\"1396\">Audioausg\u00e4nge<\/strong><\/td>\n<td data-start=\"1397\" data-end=\"1424\" data-col-size=\"md\">SDI-Embedded, XLR, MADI<\/td>\n<\/tr>\n<tr data-start=\"1425\" data-end=\"1521\">\n<td data-start=\"1425\" data-end=\"1449\" data-col-size=\"sm\"><strong data-start=\"1427\" data-end=\"1448\">Audioverarbeitung<\/strong><\/td>\n<td data-col-size=\"md\" data-start=\"1449\" data-end=\"1521\">Fairlight Audio Mixer mit 156 Kan\u00e4len, 6-Band EQ, Dynamikbearbeitung<\/td>\n<\/tr>\n<tr data-start=\"1522\" data-end=\"1576\">\n<td data-start=\"1522\" data-end=\"1545\" data-col-size=\"sm\"><strong data-start=\"1524\" data-end=\"1544\">Referenz-Eingang<\/strong><\/td>\n<td data-start=\"1545\" data-end=\"1576\" data-col-size=\"md\">Blackburst \/ Tri-Level Sync<\/td>\n<\/tr>\n<tr data-start=\"1577\" data-end=\"1627\">\n<td data-start=\"1577\" data-end=\"1604\" data-col-size=\"sm\"><strong data-start=\"1579\" data-end=\"1603\">Genlock \/ Taktquelle<\/strong><\/td>\n<td data-start=\"1604\" data-end=\"1627\" data-col-size=\"md\">integriert, w\u00e4hlbar<\/td>\n<\/tr>\n<tr data-start=\"1628\" data-end=\"1705\">\n<td data-start=\"1628\" data-end=\"1644\" data-col-size=\"sm\"><strong data-start=\"1630\" data-end=\"1643\">Steuerung<\/strong><\/td>\n<td data-start=\"1644\" data-end=\"1705\" data-col-size=\"md\">ATEM Software Control (Mac\/PC), ATEM Panels \u00fcber Ethernet<\/td>\n<\/tr>\n<tr data-start=\"1706\" data-end=\"1768\">\n<td data-start=\"1706\" data-end=\"1731\" data-col-size=\"sm\"><strong data-start=\"1708\" data-end=\"1730\">Netzwerkanschl\u00fcsse<\/strong><\/td>\n<td data-start=\"1731\" data-end=\"1768\" data-col-size=\"md\">2 \u00d7 Ethernet (10\/100\/1000 Base-T)<\/td>\n<\/tr>\n<tr data-start=\"1769\" data-end=\"1814\">\n<td data-start=\"1769\" data-end=\"1784\" data-col-size=\"sm\"><strong data-start=\"1771\" data-end=\"1783\">USB-Port<\/strong><\/td>\n<td data-start=\"1784\" data-end=\"1814\" data-col-size=\"md\">USB-C f\u00fcr Software-Updates<\/td>\n<\/tr>\n<tr data-start=\"1815\" data-end=\"1892\">\n<td data-start=\"1815\" data-end=\"1841\" data-col-size=\"sm\"><strong data-start=\"1817\" data-end=\"1840\">Makros \/ Automation<\/strong><\/td>\n<td data-start=\"1841\" data-end=\"1892\" data-col-size=\"md\">integrierte Makrosteuerung und Speicherfunktion<\/td>\n<\/tr>\n<tr data-start=\"1893\" data-end=\"1959\">\n<td data-start=\"1893\" data-end=\"1915\" data-col-size=\"sm\"><strong data-start=\"1895\" data-end=\"1914\">Stromversorgung<\/strong><\/td>\n<td data-start=\"1915\" data-end=\"1959\" data-col-size=\"md\">2 \u00d7 100\u2013240 V AC, redundant (integriert)<\/td>\n<\/tr>\n<tr data-start=\"1960\" data-end=\"1997\">\n<td data-start=\"1960\" data-end=\"1984\" data-col-size=\"sm\"><strong data-start=\"1962\" data-end=\"1983\">Leistungsaufnahme<\/strong><\/td>\n<td data-start=\"1984\" data-end=\"1997\" data-col-size=\"md\">ca. 150 W<\/td>\n<\/tr>\n<tr data-start=\"1998\" data-end=\"2056\">\n<td data-start=\"1998\" data-end=\"2028\" data-col-size=\"sm\"><strong data-start=\"2000\" data-end=\"2027\">Abmessungen (B \u00d7 H \u00d7 T)<\/strong><\/td>\n<td data-start=\"2028\" data-end=\"2056\" data-col-size=\"md\">482 \u00d7 88 \u00d7 290 mm (2 HE)<\/td>\n<\/tr>\n<tr data-start=\"2057\" data-end=\"2085\">\n<td data-start=\"2057\" data-end=\"2071\" data-col-size=\"sm\"><strong data-start=\"2059\" data-end=\"2070\">Gewicht<\/strong><\/td>\n<td data-start=\"2071\" data-end=\"2085\" data-col-size=\"md\">ca. 5,5 kg<\/td>\n<\/tr>\n<tr data-start=\"2086\" data-end=\"2132\">\n<td data-start=\"2086\" data-end=\"2108\" data-col-size=\"sm\"><strong data-start=\"2088\" data-end=\"2107\">Geh\u00e4usematerial<\/strong><\/td>\n<td data-start=\"2108\" data-end=\"2132\" data-col-size=\"md\">Aluminium, rackf\u00e4hig<\/td>\n<\/tr>\n<tr data-start=\"2133\" data-end=\"2171\">\n<td data-start=\"2133\" data-end=\"2158\" data-col-size=\"sm\"><strong data-start=\"2135\" data-end=\"2157\">Betriebstemperatur<\/strong><\/td>\n<td data-start=\"2158\" data-end=\"2171\" data-col-size=\"md\">0 \u2013 40 \u00b0C<\/td>\n<\/tr>\n<tr data-start=\"2172\" data-end=\"2195\">\n<td data-start=\"2172\" data-end=\"2184\" data-col-size=\"sm\"><strong data-start=\"2174\" data-end=\"2183\">Farbe<\/strong><\/td>\n<td data-start=\"2184\" data-end=\"2195\" data-col-size=\"md\">Schwarz<\/td>\n<\/tr>\n<\/tbody>\n<\/table>\n<\/div>\n<\/div>\n","protected":false},"excerpt":{"rendered":"<p>1 vorr\u00e4tig<\/p>\n","protected":false},"featured_media":245,"template":"","meta":[],"product_brand":[],"product_cat":[27],"product_tag":[],"class_list":{"0":"post-244","1":"product","2":"type-product","3":"status-publish","4":"has-post-thumbnail","6":"product_cat-switcher","8":"first","9":"instock","10":"taxable","11":"shipping-taxable","12":"purchasable","13":"product-type-simple"},"_links":{"self":[{"href":"https:\/\/as-lightsound.de\/wordpress\/wp-json\/wp\/v2\/product\/244","targetHints":{"allow":["GET"]}}],"collection":[{"href":"https:\/\/as-lightsound.de\/wordpress\/wp-json\/wp\/v2\/product"}],"about":[{"href":"https:\/\/as-lightsound.de\/wordpress\/wp-json\/wp\/v2\/types\/product"}],"wp:featuredmedia":[{"embeddable":true,"href":"https:\/\/as-lightsound.de\/wordpress\/wp-json\/wp\/v2\/media\/245"}],"wp:attachment":[{"href":"https:\/\/as-lightsound.de\/wordpress\/wp-json\/wp\/v2\/media?parent=244"}],"wp:term":[{"taxonomy":"product_brand","embeddable":true,"href":"https:\/\/as-lightsound.de\/wordpress\/wp-json\/wp\/v2\/product_brand?post=244"},{"taxonomy":"product_cat","embeddable":true,"href":"https:\/\/as-lightsound.de\/wordpress\/wp-json\/wp\/v2\/product_cat?post=244"},{"taxonomy":"product_tag","embeddable":true,"href":"https:\/\/as-lightsound.de\/wordpress\/wp-json\/wp\/v2\/product_tag?post=244"}],"curies":[{"name":"wp","href":"https:\/\/api.w.org\/{rel}","templated":true}]}}