{"id":2433,"date":"2026-02-16T15:37:27","date_gmt":"2026-02-16T14:37:27","guid":{"rendered":"https:\/\/as-lightsound.de\/wordpress\/?post_type=product&#038;p=2433"},"modified":"2026-02-16T15:54:36","modified_gmt":"2026-02-16T14:54:36","slug":"iiyama-lh6564uhs-65-display","status":"publish","type":"product","link":"https:\/\/as-lightsound.de\/wordpress\/product\/iiyama-lh6564uhs-65-display\/","title":{"rendered":"iiyama LH6564UHS 65&#8243; Display"},"content":{"rendered":"<p data-start=\"0\" data-end=\"129\">Professionelles 4K-UHD-Signage-Display mit Android OS f\u00fcr den zuverl\u00e4ssigen 24\/7-Dauerbetrieb.<\/p>\n<p data-start=\"131\" data-end=\"683\">Gro\u00dfformatiges 65-Zoll-Display f\u00fcr anspruchsvolle Anwendungen in Digital Signage, Einzelhandel, Unternehmensumgebungen und Hotellerie. Das integrierte Android-Betriebssystem erm\u00f6glicht eine direkte Content-Wiedergabe sowie flexible Verwaltungs- und Steuerungsoptionen ohne externe Zuspieler. Mit hoher Helligkeit, matter Oberfl\u00e4che und stabilen Blickwinkeln eignet sich das Ger\u00e4t f\u00fcr dauerhaft sichtbare Inhalte in unterschiedlichsten Umgebungen. Konzipiert f\u00fcr den kontinuierlichen 24\/7-Betrieb, steht es f\u00fcr ausfallsicheren und wartungsarmen Einsatz.<\/p>\n<h3 data-start=\"685\" data-end=\"718\">Technische Daten (Tech Specs)<\/h3>\n<div class=\"TyagGW_tableContainer\">\n<div class=\"group TyagGW_tableWrapper flex flex-col-reverse w-fit\" tabindex=\"-1\">\n<table class=\"w-fit min-w-(--thread-content-width)\" data-start=\"720\" data-end=\"1548\" data-is-last-node=\"\" data-is-only-node=\"\">\n<thead data-start=\"720\" data-end=\"747\">\n<tr data-start=\"720\" data-end=\"747\">\n<th class=\"\" data-start=\"720\" data-end=\"730\" data-col-size=\"sm\">Merkmal<\/th>\n<th class=\"\" data-start=\"730\" data-end=\"747\" data-col-size=\"md\">Spezifikation<\/th>\n<\/tr>\n<\/thead>\n<tbody data-start=\"776\" data-end=\"1548\" data-is-last-node=\"\">\n<tr data-start=\"776\" data-end=\"822\">\n<td data-start=\"776\" data-end=\"798\" data-col-size=\"sm\">Bildschirmdiagonale<\/td>\n<td data-col-size=\"md\" data-start=\"798\" data-end=\"822\">65 Zoll (\u2248 163,9 cm)<\/td>\n<\/tr>\n<tr data-start=\"823\" data-end=\"869\">\n<td data-start=\"823\" data-end=\"835\" data-col-size=\"sm\">Aufl\u00f6sung<\/td>\n<td data-col-size=\"md\" data-start=\"835\" data-end=\"869\">3840 \u00d7 2160 (4K UHD) bei 60 Hz<\/td>\n<\/tr>\n<tr data-start=\"870\" data-end=\"921\">\n<td data-start=\"870\" data-end=\"881\" data-col-size=\"sm\">Paneltyp<\/td>\n<td data-col-size=\"md\" data-start=\"881\" data-end=\"921\">VA mit matter Oberfl\u00e4che (Haze 25 %)<\/td>\n<\/tr>\n<tr data-start=\"922\" data-end=\"948\">\n<td data-start=\"922\" data-end=\"935\" data-col-size=\"sm\">Helligkeit<\/td>\n<td data-col-size=\"md\" data-start=\"935\" data-end=\"948\">500 cd\/m\u00b2<\/td>\n<\/tr>\n<tr data-start=\"949\" data-end=\"986\">\n<td data-start=\"949\" data-end=\"970\" data-col-size=\"sm\">Kontrastverh\u00e4ltnis<\/td>\n<td data-col-size=\"md\" data-start=\"970\" data-end=\"986\">ca. 4000 : 1<\/td>\n<\/tr>\n<tr data-start=\"987\" data-end=\"1021\">\n<td data-start=\"987\" data-end=\"1009\" data-col-size=\"sm\">Reaktionszeit (GTG)<\/td>\n<td data-col-size=\"md\" data-start=\"1009\" data-end=\"1021\">ca. 8 ms<\/td>\n<\/tr>\n<tr data-start=\"1022\" data-end=\"1078\">\n<td data-start=\"1022\" data-end=\"1043\" data-col-size=\"sm\">Betrachtungswinkel<\/td>\n<td data-col-size=\"md\" data-start=\"1043\" data-end=\"1078\">178\u00b0 horizontal \/ 178\u00b0 vertikal<\/td>\n<\/tr>\n<tr data-start=\"1079\" data-end=\"1121\">\n<td data-start=\"1079\" data-end=\"1089\" data-col-size=\"sm\">Betrieb<\/td>\n<td data-col-size=\"md\" data-start=\"1089\" data-end=\"1121\">24 Stunden\/Tag, 7 Tage\/Woche<\/td>\n<\/tr>\n<tr data-start=\"1122\" data-end=\"1217\">\n<td data-start=\"1122\" data-end=\"1152\" data-col-size=\"sm\">Betriebssystem &amp; Management<\/td>\n<td data-col-size=\"md\" data-start=\"1152\" data-end=\"1217\">Android OS; integriertes CMS und Remote-Management-Funktionen<\/td>\n<\/tr>\n<tr data-start=\"1218\" data-end=\"1314\">\n<td data-start=\"1218\" data-end=\"1231\" data-col-size=\"sm\">Anschl\u00fcsse<\/td>\n<td data-col-size=\"md\" data-start=\"1231\" data-end=\"1314\">2 \u00d7 HDMI; 1 \u00d7 USB-C (DP Alt Mode); 2 \u00d7 USB-A; RJ-45; RS-232; Audio Out (3,5 mm)<\/td>\n<\/tr>\n<tr data-start=\"1315\" data-end=\"1342\">\n<td data-start=\"1315\" data-end=\"1330\" data-col-size=\"sm\">Lautsprecher<\/td>\n<td data-col-size=\"md\" data-start=\"1330\" data-end=\"1342\">2 \u00d7 10 W<\/td>\n<\/tr>\n<tr data-start=\"1343\" data-end=\"1366\">\n<td data-start=\"1343\" data-end=\"1350\" data-col-size=\"sm\">VESA<\/td>\n<td data-col-size=\"md\" data-start=\"1350\" data-end=\"1366\">400 \u00d7 400 mm<\/td>\n<\/tr>\n<tr data-start=\"1367\" data-end=\"1415\">\n<td data-start=\"1367\" data-end=\"1382\" data-col-size=\"sm\">Orientierung<\/td>\n<td data-col-size=\"md\" data-start=\"1382\" data-end=\"1415\">Hoch- und Querformat geeignet<\/td>\n<\/tr>\n<tr data-start=\"1416\" data-end=\"1470\">\n<td data-start=\"1416\" data-end=\"1432\" data-col-size=\"sm\">Stromaufnahme<\/td>\n<td data-col-size=\"md\" data-start=\"1432\" data-end=\"1470\">ca. 178 W Betrieb; Standby &lt; 0,5 W<\/td>\n<\/tr>\n<tr data-start=\"1471\" data-end=\"1524\">\n<td data-start=\"1471\" data-end=\"1497\" data-col-size=\"sm\">Abmessungen (B \u00d7 H \u00d7 T)<\/td>\n<td data-col-size=\"md\" data-start=\"1497\" data-end=\"1524\">ca. 1.456 \u00d7 834 \u00d7 69 mm<\/td>\n<\/tr>\n<tr data-start=\"1525\" data-end=\"1548\" data-is-last-node=\"\">\n<td data-start=\"1525\" data-end=\"1535\" data-col-size=\"sm\">Gewicht<\/td>\n<td data-col-size=\"md\" data-start=\"1535\" data-end=\"1548\" data-is-last-node=\"\">ca. 23 kg<\/td>\n<\/tr>\n<\/tbody>\n<\/table>\n<\/div>\n<\/div>\n","protected":false},"excerpt":{"rendered":"<p>12 vorr\u00e4tig<\/p>\n","protected":false},"featured_media":2434,"template":"","meta":[],"product_brand":[],"product_cat":[61],"product_tag":[],"class_list":{"0":"post-2433","1":"product","2":"type-product","3":"status-publish","4":"has-post-thumbnail","6":"product_cat-displays","8":"first","9":"instock","10":"taxable","11":"shipping-taxable","12":"purchasable","13":"product-type-simple"},"_links":{"self":[{"href":"https:\/\/as-lightsound.de\/wordpress\/wp-json\/wp\/v2\/product\/2433","targetHints":{"allow":["GET"]}}],"collection":[{"href":"https:\/\/as-lightsound.de\/wordpress\/wp-json\/wp\/v2\/product"}],"about":[{"href":"https:\/\/as-lightsound.de\/wordpress\/wp-json\/wp\/v2\/types\/product"}],"wp:featuredmedia":[{"embeddable":true,"href":"https:\/\/as-lightsound.de\/wordpress\/wp-json\/wp\/v2\/media\/2434"}],"wp:attachment":[{"href":"https:\/\/as-lightsound.de\/wordpress\/wp-json\/wp\/v2\/media?parent=2433"}],"wp:term":[{"taxonomy":"product_brand","embeddable":true,"href":"https:\/\/as-lightsound.de\/wordpress\/wp-json\/wp\/v2\/product_brand?post=2433"},{"taxonomy":"product_cat","embeddable":true,"href":"https:\/\/as-lightsound.de\/wordpress\/wp-json\/wp\/v2\/product_cat?post=2433"},{"taxonomy":"product_tag","embeddable":true,"href":"https:\/\/as-lightsound.de\/wordpress\/wp-json\/wp\/v2\/product_tag?post=2433"}],"curies":[{"name":"wp","href":"https:\/\/api.w.org\/{rel}","templated":true}]}}