{"id":24,"date":"2021-02-16T10:54:45","date_gmt":"2021-02-16T09:54:45","guid":{"rendered":"https:\/\/as-lightsound.de\/wordpress\/?post_type=product&#038;p=24"},"modified":"2025-10-08T10:22:01","modified_gmt":"2025-10-08T08:22:01","slug":"pat-ht16-hornlautsprecher","status":"publish","type":"product","link":"https:\/\/as-lightsound.de\/wordpress\/product\/pat-ht16-hornlautsprecher\/","title":{"rendered":"ProAudio Technology HT16 60\u00b0 Hornlautsprecher"},"content":{"rendered":"<p data-start=\"92\" data-end=\"707\">Der <strong data-start=\"96\" data-end=\"128\">ProAudio Technology HT16 60\u00b0<\/strong> ist ein passiver 2-Wege-Hornlautsprecher f\u00fcr leistungsstarke Mittel- und Hochtonwiedergabe in professionellen Beschallungssystemen. Er kombiniert zwei 8\u2033-Neodym-Tieft\u00f6ner mit einem 1,4\u2033-Kompressionstreiber in koaxialer Anordnung und bietet eine phasenkoh\u00e4rente, kontrollierte Schallabstrahlung. Die 60\u00b0 \u00d7 40\u00b0-Horngeometrie erm\u00f6glicht eine fokussierte Schallf\u00fchrung bei hoher Reichweite und gleichm\u00e4\u00dfiger Abdeckung. Das stabile Multiplex-Geh\u00e4use mit wetterbest\u00e4ndiger Beschichtung und integrierten Flugschienen ist f\u00fcr Touring-, Theater- und Installationsanwendungen ausgelegt.<\/p>\n<hr data-start=\"709\" data-end=\"712\" \/>\n<h3 data-start=\"714\" data-end=\"747\">Technische Daten (Tech Specs)<\/h3>\n<div class=\"_tableContainer_1rjym_1\">\n<div class=\"group _tableWrapper_1rjym_13 flex w-fit flex-col-reverse\" tabindex=\"-1\">\n<table class=\"w-fit min-w-(--thread-content-width)\" data-start=\"749\" data-end=\"1684\">\n<thead data-start=\"749\" data-end=\"767\">\n<tr data-start=\"749\" data-end=\"767\">\n<th data-start=\"749\" data-end=\"759\" data-col-size=\"sm\">Merkmal<\/th>\n<th data-start=\"759\" data-end=\"767\" data-col-size=\"md\">Wert<\/th>\n<\/tr>\n<\/thead>\n<tbody data-start=\"788\" data-end=\"1684\">\n<tr data-start=\"788\" data-end=\"834\">\n<td data-start=\"788\" data-end=\"798\" data-col-size=\"sm\"><strong data-start=\"790\" data-end=\"797\">Typ<\/strong><\/td>\n<td data-start=\"798\" data-end=\"834\" data-col-size=\"md\">Passiver 2-Wege-Hornlautsprecher<\/td>\n<\/tr>\n<tr data-start=\"835\" data-end=\"885\">\n<td data-start=\"835\" data-end=\"860\" data-col-size=\"sm\"><strong data-start=\"837\" data-end=\"859\">Best\u00fcckung Tiefton<\/strong><\/td>\n<td data-start=\"860\" data-end=\"885\" data-col-size=\"md\">2 \u00d7 8\u2033 Neodym-Treiber<\/td>\n<\/tr>\n<tr data-start=\"886\" data-end=\"943\">\n<td data-start=\"886\" data-end=\"911\" data-col-size=\"sm\"><strong data-start=\"888\" data-end=\"910\">Best\u00fcckung Hochton<\/strong><\/td>\n<td data-start=\"911\" data-end=\"943\" data-col-size=\"md\">1 \u00d7 1,4\u2033 Kompressionstreiber<\/td>\n<\/tr>\n<tr data-start=\"944\" data-end=\"986\">\n<td data-start=\"944\" data-end=\"973\" data-col-size=\"sm\"><strong data-start=\"946\" data-end=\"972\">Abstrahlwinkel (h \u00d7 v)<\/strong><\/td>\n<td data-start=\"973\" data-end=\"986\" data-col-size=\"md\">60\u00b0 \u00d7 40\u00b0<\/td>\n<\/tr>\n<tr data-start=\"987\" data-end=\"1039\">\n<td data-start=\"987\" data-end=\"1020\" data-col-size=\"sm\"><strong data-start=\"989\" data-end=\"1019\">Belastbarkeit (AES \/ Peak)<\/strong><\/td>\n<td data-start=\"1020\" data-end=\"1039\" data-col-size=\"md\">550 W \/ 2.200 W<\/td>\n<\/tr>\n<tr data-start=\"1040\" data-end=\"1084\">\n<td data-start=\"1040\" data-end=\"1062\" data-col-size=\"sm\"><strong data-start=\"1042\" data-end=\"1061\">Empfindlichkeit<\/strong><\/td>\n<td data-start=\"1062\" data-end=\"1084\" data-col-size=\"md\">107 dB (1 W \/ 1 m)<\/td>\n<\/tr>\n<tr data-start=\"1085\" data-end=\"1139\">\n<td data-start=\"1085\" data-end=\"1125\" data-col-size=\"sm\"><strong data-start=\"1087\" data-end=\"1124\">Maximaler Schalldruckpegel (Peak)<\/strong><\/td>\n<td data-start=\"1125\" data-end=\"1139\" data-col-size=\"md\">144 dB SPL<\/td>\n<\/tr>\n<tr data-start=\"1140\" data-end=\"1188\">\n<td data-start=\"1140\" data-end=\"1170\" data-col-size=\"sm\"><strong data-start=\"1142\" data-end=\"1169\">Frequenzbereich (\u20136 dB)<\/strong><\/td>\n<td data-start=\"1170\" data-end=\"1188\" data-col-size=\"md\">85 Hz \u2013 19 kHz<\/td>\n<\/tr>\n<tr data-start=\"1189\" data-end=\"1221\">\n<td data-start=\"1189\" data-end=\"1214\" data-col-size=\"sm\"><strong data-start=\"1191\" data-end=\"1213\">Impedanz (nominal)<\/strong><\/td>\n<td data-start=\"1214\" data-end=\"1221\" data-col-size=\"md\">8 \u03a9<\/td>\n<\/tr>\n<tr data-start=\"1222\" data-end=\"1269\">\n<td data-start=\"1222\" data-end=\"1243\" data-col-size=\"sm\"><strong data-start=\"1224\" data-end=\"1242\">Frequenzweiche<\/strong><\/td>\n<td data-start=\"1243\" data-end=\"1269\" data-col-size=\"md\">Passiv, phasenkoh\u00e4rent<\/td>\n<\/tr>\n<tr data-start=\"1270\" data-end=\"1314\">\n<td data-start=\"1270\" data-end=\"1287\" data-col-size=\"sm\"><strong data-start=\"1272\" data-end=\"1286\">Anschl\u00fcsse<\/strong><\/td>\n<td data-start=\"1287\" data-end=\"1314\" data-col-size=\"md\">2 \u00d7 Neutrik SpeakON NL4<\/td>\n<\/tr>\n<tr data-start=\"1315\" data-end=\"1387\">\n<td data-start=\"1315\" data-end=\"1339\" data-col-size=\"sm\"><strong data-start=\"1317\" data-end=\"1338\">Montage \/ Rigging<\/strong><\/td>\n<td data-start=\"1339\" data-end=\"1387\" data-col-size=\"md\">Seitliche Flugschienen und M10-Montagepunkte<\/td>\n<\/tr>\n<tr data-start=\"1388\" data-end=\"1463\">\n<td data-start=\"1388\" data-end=\"1410\" data-col-size=\"sm\"><strong data-start=\"1390\" data-end=\"1409\">Geh\u00e4usematerial<\/strong><\/td>\n<td data-start=\"1410\" data-end=\"1463\" data-col-size=\"md\">Multiplex-Holz mit wetterbest\u00e4ndiger Beschichtung<\/td>\n<\/tr>\n<tr data-start=\"1464\" data-end=\"1534\">\n<td data-start=\"1464\" data-end=\"1482\" data-col-size=\"sm\"><strong data-start=\"1466\" data-end=\"1481\">Frontschutz<\/strong><\/td>\n<td data-start=\"1482\" data-end=\"1534\" data-col-size=\"md\">Metallgitter mit wasserabweisendem Akustikschaum<\/td>\n<\/tr>\n<tr data-start=\"1535\" data-end=\"1573\">\n<td data-start=\"1535\" data-end=\"1548\" data-col-size=\"sm\"><strong data-start=\"1537\" data-end=\"1547\">Griffe<\/strong><\/td>\n<td data-start=\"1548\" data-end=\"1573\" data-col-size=\"md\">10 integrierte Griffe<\/td>\n<\/tr>\n<tr data-start=\"1574\" data-end=\"1632\">\n<td data-start=\"1574\" data-end=\"1604\" data-col-size=\"sm\"><strong data-start=\"1576\" data-end=\"1603\">Abmessungen (H \u00d7 B \u00d7 T)<\/strong><\/td>\n<td data-start=\"1604\" data-end=\"1632\" data-col-size=\"md\">585 \u00d7 580 \u00d7 605 \/ 255 mm<\/td>\n<\/tr>\n<tr data-start=\"1633\" data-end=\"1660\">\n<td data-start=\"1633\" data-end=\"1647\" data-col-size=\"sm\"><strong data-start=\"1635\" data-end=\"1646\">Gewicht<\/strong><\/td>\n<td data-start=\"1647\" data-end=\"1660\" data-col-size=\"md\">ca. 39 kg<\/td>\n<\/tr>\n<tr data-start=\"1661\" data-end=\"1684\">\n<td data-start=\"1661\" data-end=\"1673\" data-col-size=\"sm\"><strong data-start=\"1663\" data-end=\"1672\">Farbe<\/strong><\/td>\n<td data-start=\"1673\" data-end=\"1684\" data-col-size=\"md\">Schwarz<\/td>\n<\/tr>\n<\/tbody>\n<\/table>\n<\/div>\n<\/div>\n","protected":false},"excerpt":{"rendered":"<p>10x vorr\u00e4tig<\/p>\n","protected":false},"featured_media":25,"template":"","meta":[],"product_brand":[],"product_cat":[19],"product_tag":[],"class_list":{"0":"post-24","1":"product","2":"type-product","3":"status-publish","4":"has-post-thumbnail","6":"product_cat-lautsprecher","8":"first","9":"instock","10":"taxable","11":"shipping-taxable","12":"purchasable","13":"product-type-simple"},"_links":{"self":[{"href":"https:\/\/as-lightsound.de\/wordpress\/wp-json\/wp\/v2\/product\/24","targetHints":{"allow":["GET"]}}],"collection":[{"href":"https:\/\/as-lightsound.de\/wordpress\/wp-json\/wp\/v2\/product"}],"about":[{"href":"https:\/\/as-lightsound.de\/wordpress\/wp-json\/wp\/v2\/types\/product"}],"wp:featuredmedia":[{"embeddable":true,"href":"https:\/\/as-lightsound.de\/wordpress\/wp-json\/wp\/v2\/media\/25"}],"wp:attachment":[{"href":"https:\/\/as-lightsound.de\/wordpress\/wp-json\/wp\/v2\/media?parent=24"}],"wp:term":[{"taxonomy":"product_brand","embeddable":true,"href":"https:\/\/as-lightsound.de\/wordpress\/wp-json\/wp\/v2\/product_brand?post=24"},{"taxonomy":"product_cat","embeddable":true,"href":"https:\/\/as-lightsound.de\/wordpress\/wp-json\/wp\/v2\/product_cat?post=24"},{"taxonomy":"product_tag","embeddable":true,"href":"https:\/\/as-lightsound.de\/wordpress\/wp-json\/wp\/v2\/product_tag?post=24"}],"curies":[{"name":"wp","href":"https:\/\/api.w.org\/{rel}","templated":true}]}}