{"id":2333,"date":"2025-10-10T09:26:33","date_gmt":"2025-10-10T07:26:33","guid":{"rendered":"https:\/\/as-lightsound.de\/wordpress\/?post_type=product&#038;p=2333"},"modified":"2025-10-10T09:27:49","modified_gmt":"2025-10-10T07:27:49","slug":"novastar-novaclb-cabinet","status":"publish","type":"product","link":"https:\/\/as-lightsound.de\/wordpress\/product\/novastar-novaclb-cabinet\/","title":{"rendered":"NovaStar NovaCLB-Cabinet"},"content":{"rendered":"<p data-start=\"86\" data-end=\"491\">Der <strong data-start=\"90\" data-end=\"118\">NovaStar NovaCLB-Cabinet<\/strong> ist ein pr\u00e4zises Kalibriersystem f\u00fcr LED-Cabinets und Module zur exakten Anpassung von Farbtemperatur, Helligkeit und Gleichm\u00e4\u00dfigkeit. Das System wird inklusive Freischaltdongle geliefert und erm\u00f6glicht durch seine NovaStar-Softwareanbindung eine pr\u00e4zise und reproduzierbare Farbabstimmung einzelner Cabinets. Eine geeignete Kamera ist auf Wunsch separat erh\u00e4ltlich.<\/p>\n<hr data-start=\"493\" data-end=\"496\" \/>\n<h3 data-start=\"498\" data-end=\"531\">Technische Daten (Tech Specs)<\/h3>\n<div class=\"_tableContainer_1rjym_1\">\n<div class=\"group _tableWrapper_1rjym_13 flex w-fit flex-col-reverse\" tabindex=\"-1\">\n<table class=\"w-fit min-w-(--thread-content-width)\" data-start=\"533\" data-end=\"1326\">\n<thead data-start=\"533\" data-end=\"551\">\n<tr data-start=\"533\" data-end=\"551\">\n<th data-start=\"533\" data-end=\"543\" data-col-size=\"sm\">Merkmal<\/th>\n<th data-start=\"543\" data-end=\"551\" data-col-size=\"md\">Wert<\/th>\n<\/tr>\n<\/thead>\n<tbody data-start=\"572\" data-end=\"1326\">\n<tr data-start=\"572\" data-end=\"613\">\n<td data-start=\"572\" data-end=\"585\" data-col-size=\"sm\"><strong data-start=\"574\" data-end=\"584\">Modell<\/strong><\/td>\n<td data-start=\"585\" data-end=\"613\" data-col-size=\"md\">NovaStar NovaCLB-Cabinet<\/td>\n<\/tr>\n<tr data-start=\"614\" data-end=\"674\">\n<td data-start=\"614\" data-end=\"629\" data-col-size=\"sm\"><strong data-start=\"616\" data-end=\"628\">Funktion<\/strong><\/td>\n<td data-start=\"629\" data-end=\"674\" data-col-size=\"md\">LED-Cabinet-Kalibrier- und Diagnosesystem<\/td>\n<\/tr>\n<tr data-start=\"675\" data-end=\"733\">\n<td data-start=\"675\" data-end=\"703\" data-col-size=\"sm\"><strong data-start=\"677\" data-end=\"702\">Softwareunterst\u00fctzung<\/strong><\/td>\n<td data-start=\"703\" data-end=\"733\" data-col-size=\"md\">NovaStar NovaLCT \/ NovaCLB<\/td>\n<\/tr>\n<tr data-start=\"734\" data-end=\"790\">\n<td data-start=\"734\" data-end=\"754\" data-col-size=\"sm\"><strong data-start=\"736\" data-end=\"753\">Messverfahren<\/strong><\/td>\n<td data-start=\"754\" data-end=\"790\" data-col-size=\"md\">RGB-Farb- und Helligkeitsmessung<\/td>\n<\/tr>\n<tr data-start=\"791\" data-end=\"859\">\n<td data-start=\"791\" data-end=\"812\" data-col-size=\"sm\"><strong data-start=\"793\" data-end=\"811\">Kompatibilit\u00e4t<\/strong><\/td>\n<td data-start=\"812\" data-end=\"859\" data-col-size=\"md\">Alle NovaStar-Systeme mit CLB-Unterst\u00fctzung<\/td>\n<\/tr>\n<tr data-start=\"860\" data-end=\"895\">\n<td data-start=\"860\" data-end=\"877\" data-col-size=\"sm\"><strong data-start=\"862\" data-end=\"876\">Anschl\u00fcsse<\/strong><\/td>\n<td data-start=\"877\" data-end=\"895\" data-col-size=\"md\">USB \/ Ethernet<\/td>\n<\/tr>\n<tr data-start=\"896\" data-end=\"961\">\n<td data-start=\"896\" data-end=\"916\" data-col-size=\"sm\"><strong data-start=\"898\" data-end=\"915\">Freischaltung<\/strong><\/td>\n<td data-start=\"916\" data-end=\"961\" data-col-size=\"md\">Hardware-Dongle im Lieferumfang enthalten<\/td>\n<\/tr>\n<tr data-start=\"962\" data-end=\"1009\">\n<td data-start=\"962\" data-end=\"988\" data-col-size=\"sm\"><strong data-start=\"964\" data-end=\"987\">Versorgungsspannung<\/strong><\/td>\n<td data-start=\"988\" data-end=\"1009\" data-col-size=\"md\">5 V DC (\u00fcber USB)<\/td>\n<\/tr>\n<tr data-start=\"1010\" data-end=\"1058\">\n<td data-start=\"1010\" data-end=\"1032\" data-col-size=\"sm\"><strong data-start=\"1012\" data-end=\"1031\">Kalibrierpunkte<\/strong><\/td>\n<td data-start=\"1032\" data-end=\"1058\" data-col-size=\"md\">Bis zu 65536 pro Modul<\/td>\n<\/tr>\n<tr data-start=\"1059\" data-end=\"1098\">\n<td data-start=\"1059\" data-end=\"1081\" data-col-size=\"sm\"><strong data-start=\"1061\" data-end=\"1080\">Farbgenauigkeit<\/strong><\/td>\n<td data-start=\"1081\" data-end=\"1098\" data-col-size=\"md\">\u2264 0,002 \u0394x\/\u0394y<\/td>\n<\/tr>\n<tr data-start=\"1099\" data-end=\"1159\">\n<td data-start=\"1099\" data-end=\"1117\" data-col-size=\"sm\"><strong data-start=\"1101\" data-end=\"1116\">Datenexport<\/strong><\/td>\n<td data-start=\"1117\" data-end=\"1159\" data-col-size=\"md\">Automatische Kalibrierdateien (.rcfgx)<\/td>\n<\/tr>\n<tr data-start=\"1160\" data-end=\"1205\">\n<td data-start=\"1160\" data-end=\"1192\" data-col-size=\"sm\"><strong data-start=\"1162\" data-end=\"1191\">Betriebstemperaturbereich<\/strong><\/td>\n<td data-start=\"1192\" data-end=\"1205\" data-col-size=\"md\">0 \u2013 45 \u00b0C<\/td>\n<\/tr>\n<tr data-start=\"1206\" data-end=\"1241\">\n<td data-start=\"1206\" data-end=\"1228\" data-col-size=\"sm\"><strong data-start=\"1208\" data-end=\"1227\">Geh\u00e4usematerial<\/strong><\/td>\n<td data-start=\"1228\" data-end=\"1241\" data-col-size=\"md\">Aluminium<\/td>\n<\/tr>\n<tr data-start=\"1242\" data-end=\"1297\">\n<td data-start=\"1242\" data-end=\"1272\" data-col-size=\"sm\"><strong data-start=\"1244\" data-end=\"1271\">Abmessungen (B \u00d7 T \u00d7 H)<\/strong><\/td>\n<td data-start=\"1272\" data-end=\"1297\" data-col-size=\"md\">ca. 180 \u00d7 120 \u00d7 45 mm<\/td>\n<\/tr>\n<tr data-start=\"1298\" data-end=\"1326\">\n<td data-start=\"1298\" data-end=\"1312\" data-col-size=\"sm\"><strong data-start=\"1300\" data-end=\"1311\">Gewicht<\/strong><\/td>\n<td data-start=\"1312\" data-end=\"1326\" data-col-size=\"md\">ca. 0,8 kg<\/td>\n<\/tr>\n<\/tbody>\n<\/table>\n<\/div>\n<\/div>\n","protected":false},"excerpt":{"rendered":"<p>1 vorr\u00e4tig<\/p>\n","protected":false},"featured_media":2332,"template":"","meta":[],"product_brand":[],"product_cat":[50],"product_tag":[],"class_list":{"0":"post-2333","1":"product","2":"type-product","3":"status-publish","4":"has-post-thumbnail","6":"product_cat-software-zum-mieten","8":"first","9":"instock","10":"taxable","11":"shipping-taxable","12":"product-type-simple"},"_links":{"self":[{"href":"https:\/\/as-lightsound.de\/wordpress\/wp-json\/wp\/v2\/product\/2333","targetHints":{"allow":["GET"]}}],"collection":[{"href":"https:\/\/as-lightsound.de\/wordpress\/wp-json\/wp\/v2\/product"}],"about":[{"href":"https:\/\/as-lightsound.de\/wordpress\/wp-json\/wp\/v2\/types\/product"}],"wp:featuredmedia":[{"embeddable":true,"href":"https:\/\/as-lightsound.de\/wordpress\/wp-json\/wp\/v2\/media\/2332"}],"wp:attachment":[{"href":"https:\/\/as-lightsound.de\/wordpress\/wp-json\/wp\/v2\/media?parent=2333"}],"wp:term":[{"taxonomy":"product_brand","embeddable":true,"href":"https:\/\/as-lightsound.de\/wordpress\/wp-json\/wp\/v2\/product_brand?post=2333"},{"taxonomy":"product_cat","embeddable":true,"href":"https:\/\/as-lightsound.de\/wordpress\/wp-json\/wp\/v2\/product_cat?post=2333"},{"taxonomy":"product_tag","embeddable":true,"href":"https:\/\/as-lightsound.de\/wordpress\/wp-json\/wp\/v2\/product_tag?post=2333"}],"curies":[{"name":"wp","href":"https:\/\/api.w.org\/{rel}","templated":true}]}}