{"id":227,"date":"2021-03-18T12:55:16","date_gmt":"2021-03-18T11:55:16","guid":{"rendered":"https:\/\/as-lightsound.de\/wordpress\/?post_type=product&#038;p=227"},"modified":"2025-10-09T08:02:33","modified_gmt":"2025-10-09T06:02:33","slug":"marshall-cv630-ndi-uhd-ptz-kamera","status":"publish","type":"product","link":"https:\/\/as-lightsound.de\/wordpress\/product\/marshall-cv630-ndi-uhd-ptz-kamera\/","title":{"rendered":"Marshall CV630-NDI UHD PTZ Kamera"},"content":{"rendered":"<p data-start=\"65\" data-end=\"541\">Die <strong data-start=\"69\" data-end=\"91\">Marshall CV630-NDI<\/strong> ist eine professionelle PTZ-Kamera mit 4K-UHD-Aufl\u00f6sung, 30-fachem optischem Zoom und integrierter NDI\u00ae|HX-, 3G-SDI- sowie HDMI-Ausgabe. Sie wurde f\u00fcr Broadcast-, Live-Event-, Kirchen-, Bildungs- und Videokonferenzanwendungen entwickelt. Dank leiser PTZ-Mechanik, pr\u00e4ziser Farbverarbeitung und flexibler Steuerungsm\u00f6glichkeiten liefert die CV630-NDI gestochen scharfe Bilder und l\u00e4sst sich nahtlos in IP-basierte Produktionsumgebungen integrieren.<\/p>\n<hr data-start=\"543\" data-end=\"546\" \/>\n<h3 data-start=\"548\" data-end=\"581\">Technische Daten (Tech Specs)<\/h3>\n<div class=\"_tableContainer_1rjym_1\">\n<div class=\"group _tableWrapper_1rjym_13 flex w-fit flex-col-reverse\" tabindex=\"-1\">\n<table class=\"w-fit min-w-(--thread-content-width)\" data-start=\"583\" data-end=\"1857\">\n<thead data-start=\"583\" data-end=\"601\">\n<tr data-start=\"583\" data-end=\"601\">\n<th data-start=\"583\" data-end=\"593\" data-col-size=\"sm\">Merkmal<\/th>\n<th data-start=\"593\" data-end=\"601\" data-col-size=\"sm\">Wert<\/th>\n<\/tr>\n<\/thead>\n<tbody data-start=\"622\" data-end=\"1857\">\n<tr data-start=\"622\" data-end=\"657\">\n<td data-start=\"622\" data-end=\"635\" data-col-size=\"sm\"><strong data-start=\"624\" data-end=\"634\">Modell<\/strong><\/td>\n<td data-start=\"635\" data-end=\"657\" data-col-size=\"sm\">Marshall CV630-NDI<\/td>\n<\/tr>\n<tr data-start=\"658\" data-end=\"704\">\n<td data-start=\"658\" data-end=\"674\" data-col-size=\"sm\"><strong data-start=\"660\" data-end=\"673\">Sensortyp<\/strong><\/td>\n<td data-start=\"674\" data-end=\"704\" data-col-size=\"sm\">1\/2,5\u2033 CMOS, 8,5 Megapixel<\/td>\n<\/tr>\n<tr data-start=\"705\" data-end=\"761\">\n<td data-start=\"705\" data-end=\"728\" data-col-size=\"sm\"><strong data-start=\"707\" data-end=\"727\">Aufl\u00f6sung (max.)<\/strong><\/td>\n<td data-col-size=\"sm\" data-start=\"728\" data-end=\"761\">3840 \u00d7 2160 (UHD 4K) @ 30 fps<\/td>\n<\/tr>\n<tr data-start=\"762\" data-end=\"815\">\n<td data-start=\"762\" data-end=\"781\" data-col-size=\"sm\"><strong data-start=\"764\" data-end=\"780\">Videoformate<\/strong><\/td>\n<td data-start=\"781\" data-end=\"815\" data-col-size=\"sm\">4K30, 1080p60\/50\/30, 720p60\/50<\/td>\n<\/tr>\n<tr data-start=\"816\" data-end=\"855\">\n<td data-start=\"816\" data-end=\"827\" data-col-size=\"sm\"><strong data-start=\"818\" data-end=\"826\">Zoom<\/strong><\/td>\n<td data-start=\"827\" data-end=\"855\" data-col-size=\"sm\">30\u00d7 optisch, 12\u00d7 digital<\/td>\n<\/tr>\n<tr data-start=\"856\" data-end=\"897\">\n<td data-start=\"856\" data-end=\"881\" data-col-size=\"sm\"><strong data-start=\"858\" data-end=\"880\">Brennweitenbereich<\/strong><\/td>\n<td data-start=\"881\" data-end=\"897\" data-col-size=\"sm\">4,6 \u2013 135 mm<\/td>\n<\/tr>\n<tr data-start=\"898\" data-end=\"936\">\n<td data-start=\"898\" data-end=\"923\" data-col-size=\"sm\"><strong data-start=\"900\" data-end=\"922\">Blenden\u00f6ffnung (F)<\/strong><\/td>\n<td data-start=\"923\" data-end=\"936\" data-col-size=\"sm\">1.6 \u2013 4.7<\/td>\n<\/tr>\n<tr data-start=\"937\" data-end=\"987\">\n<td data-start=\"937\" data-end=\"959\" data-col-size=\"sm\"><strong data-start=\"939\" data-end=\"958\">Sichtfeld (FOV)<\/strong><\/td>\n<td data-start=\"959\" data-end=\"987\" data-col-size=\"sm\">68\u00b0 (weit) \u2013 2,3\u00b0 (tele)<\/td>\n<\/tr>\n<tr data-start=\"988\" data-end=\"1052\">\n<td data-start=\"988\" data-end=\"1014\" data-col-size=\"sm\"><strong data-start=\"990\" data-end=\"1013\">Fokus \/ Zoom \/ Iris<\/strong><\/td>\n<td data-start=\"1014\" data-end=\"1052\" data-col-size=\"sm\">Automatisch oder manuell steuerbar<\/td>\n<\/tr>\n<tr data-start=\"1053\" data-end=\"1115\">\n<td data-start=\"1053\" data-end=\"1073\" data-col-size=\"sm\"><strong data-start=\"1055\" data-end=\"1072\">Videoausg\u00e4nge<\/strong><\/td>\n<td data-start=\"1073\" data-end=\"1079\" data-col-size=\"sm\">NDI\u00ae<\/td>\n<\/tr>\n<tr data-start=\"1116\" data-end=\"1184\">\n<td data-start=\"1116\" data-end=\"1141\" data-col-size=\"sm\"><strong data-start=\"1118\" data-end=\"1140\">Netzwerkfunktionen<\/strong><\/td>\n<td data-col-size=\"sm\" data-start=\"1141\" data-end=\"1147\">NDI\u00ae<\/td>\n<\/tr>\n<tr data-start=\"1185\" data-end=\"1250\">\n<td data-start=\"1185\" data-end=\"1208\" data-col-size=\"sm\"><strong data-start=\"1187\" data-end=\"1207\">Steuerprotokolle<\/strong><\/td>\n<td data-start=\"1208\" data-end=\"1250\" data-col-size=\"sm\">VISCA, VISCA over IP, Pelco-D, Pelco-P<\/td>\n<\/tr>\n<tr data-start=\"1251\" data-end=\"1310\">\n<td data-start=\"1251\" data-end=\"1282\" data-col-size=\"sm\"><strong data-start=\"1253\" data-end=\"1281\">Steuerungsschnittstellen<\/strong><\/td>\n<td data-col-size=\"sm\" data-start=\"1282\" data-end=\"1310\">RS-232, RS-422, IP (LAN)<\/td>\n<\/tr>\n<tr data-start=\"1311\" data-end=\"1361\">\n<td data-start=\"1311\" data-end=\"1335\" data-col-size=\"sm\"><strong data-start=\"1313\" data-end=\"1334\">Preset-Positionen<\/strong><\/td>\n<td data-col-size=\"sm\" data-start=\"1335\" data-end=\"1361\">bis zu 255 speicherbar<\/td>\n<\/tr>\n<tr data-start=\"1362\" data-end=\"1423\">\n<td data-start=\"1362\" data-end=\"1380\" data-col-size=\"sm\"><strong data-start=\"1364\" data-end=\"1379\">PTZ-Bereich<\/strong><\/td>\n<td data-start=\"1380\" data-end=\"1423\" data-col-size=\"sm\">Schwenken: \u00b1170\u00b0, Neigen: \u201330\u00b0 bis +90\u00b0<\/td>\n<\/tr>\n<tr data-start=\"1424\" data-end=\"1492\">\n<td data-start=\"1424\" data-end=\"1450\" data-col-size=\"sm\"><strong data-start=\"1426\" data-end=\"1449\">PTZ-Geschwindigkeit<\/strong><\/td>\n<td data-col-size=\"sm\" data-start=\"1450\" data-end=\"1492\">0,1 \u2013 60\u00b0\/s (Pan) \/ 0,1 \u2013 30\u00b0\/s (Tilt)<\/td>\n<\/tr>\n<tr data-start=\"1493\" data-end=\"1540\">\n<td data-start=\"1493\" data-end=\"1513\" data-col-size=\"sm\"><strong data-start=\"1495\" data-end=\"1512\">Audio-Eingang<\/strong><\/td>\n<td data-col-size=\"sm\" data-start=\"1513\" data-end=\"1540\">3,5 mm Stereo (Line-In)<\/td>\n<\/tr>\n<tr data-start=\"1541\" data-end=\"1599\">\n<td data-start=\"1541\" data-end=\"1563\" data-col-size=\"sm\"><strong data-start=\"1543\" data-end=\"1562\">Stromversorgung<\/strong><\/td>\n<td data-col-size=\"sm\" data-start=\"1563\" data-end=\"1599\">12 V DC oder PoE+ (IEEE 802.3at)<\/td>\n<\/tr>\n<tr data-start=\"1600\" data-end=\"1637\">\n<td data-start=\"1600\" data-end=\"1624\" data-col-size=\"sm\"><strong data-start=\"1602\" data-end=\"1623\">Leistungsaufnahme<\/strong><\/td>\n<td data-col-size=\"sm\" data-start=\"1624\" data-end=\"1637\">max. 18 W<\/td>\n<\/tr>\n<tr data-start=\"1638\" data-end=\"1690\">\n<td data-start=\"1638\" data-end=\"1668\" data-col-size=\"sm\"><strong data-start=\"1640\" data-end=\"1667\">Abmessungen (B \u00d7 H \u00d7 T)<\/strong><\/td>\n<td data-start=\"1668\" data-end=\"1690\" data-col-size=\"sm\">154 \u00d7 178 \u00d7 186 mm<\/td>\n<\/tr>\n<tr data-start=\"1691\" data-end=\"1719\">\n<td data-start=\"1691\" data-end=\"1705\" data-col-size=\"sm\"><strong data-start=\"1693\" data-end=\"1704\">Gewicht<\/strong><\/td>\n<td data-start=\"1705\" data-end=\"1719\" data-col-size=\"sm\">ca. 1,8 kg<\/td>\n<\/tr>\n<tr data-start=\"1720\" data-end=\"1758\">\n<td data-start=\"1720\" data-end=\"1745\" data-col-size=\"sm\"><strong data-start=\"1722\" data-end=\"1744\">Betriebstemperatur<\/strong><\/td>\n<td data-col-size=\"sm\" data-start=\"1745\" data-end=\"1758\">0 \u2013 40 \u00b0C<\/td>\n<\/tr>\n<tr data-start=\"1759\" data-end=\"1792\">\n<td data-start=\"1759\" data-end=\"1771\" data-col-size=\"sm\"><strong data-start=\"1761\" data-end=\"1770\">Farbe<\/strong><\/td>\n<td data-start=\"1771\" data-end=\"1792\" data-col-size=\"sm\">Schwarz<\/td>\n<\/tr>\n<tr data-start=\"1793\" data-end=\"1857\">\n<td data-start=\"1793\" data-end=\"1815\" data-col-size=\"sm\"><strong data-start=\"1795\" data-end=\"1814\">Montageoptionen<\/strong><\/td>\n<td data-start=\"1815\" data-end=\"1857\" data-col-size=\"sm\">Stativ (1\/4&#8243;-Gewinde)<\/td>\n<\/tr>\n<\/tbody>\n<\/table>\n<\/div>\n<\/div>\n","protected":false},"excerpt":{"rendered":"<p>4 vorr\u00e4tig<\/p>\n","protected":false},"featured_media":228,"template":"","meta":[],"product_brand":[],"product_cat":[25],"product_tag":[],"class_list":{"0":"post-227","1":"product","2":"type-product","3":"status-publish","4":"has-post-thumbnail","6":"product_cat-kameras","8":"first","9":"instock","10":"taxable","11":"shipping-taxable","12":"purchasable","13":"product-type-simple"},"_links":{"self":[{"href":"https:\/\/as-lightsound.de\/wordpress\/wp-json\/wp\/v2\/product\/227","targetHints":{"allow":["GET"]}}],"collection":[{"href":"https:\/\/as-lightsound.de\/wordpress\/wp-json\/wp\/v2\/product"}],"about":[{"href":"https:\/\/as-lightsound.de\/wordpress\/wp-json\/wp\/v2\/types\/product"}],"wp:featuredmedia":[{"embeddable":true,"href":"https:\/\/as-lightsound.de\/wordpress\/wp-json\/wp\/v2\/media\/228"}],"wp:attachment":[{"href":"https:\/\/as-lightsound.de\/wordpress\/wp-json\/wp\/v2\/media?parent=227"}],"wp:term":[{"taxonomy":"product_brand","embeddable":true,"href":"https:\/\/as-lightsound.de\/wordpress\/wp-json\/wp\/v2\/product_brand?post=227"},{"taxonomy":"product_cat","embeddable":true,"href":"https:\/\/as-lightsound.de\/wordpress\/wp-json\/wp\/v2\/product_cat?post=227"},{"taxonomy":"product_tag","embeddable":true,"href":"https:\/\/as-lightsound.de\/wordpress\/wp-json\/wp\/v2\/product_tag?post=227"}],"curies":[{"name":"wp","href":"https:\/\/api.w.org\/{rel}","templated":true}]}}