{"id":2247,"date":"2025-10-07T07:54:53","date_gmt":"2025-10-07T05:54:53","guid":{"rendered":"https:\/\/as-lightsound.de\/wordpress\/?post_type=product&#038;p=2247"},"modified":"2025-10-07T07:55:18","modified_gmt":"2025-10-07T05:55:18","slug":"cee32a-kabel-5x6mm%c2%b2-10m","status":"publish","type":"product","link":"https:\/\/as-lightsound.de\/wordpress\/product\/cee32a-kabel-5x6mm%c2%b2-10m\/","title":{"rendered":"CEE32A-Kabel 5x6mm\u00b2 10m"},"content":{"rendered":"<p data-start=\"230\" data-end=\"563\">Das <strong data-start=\"234\" data-end=\"260\">CEE 32A Anschlusskabel<\/strong> ist ein hochwertiges, robustes Stromkabel f\u00fcr den professionellen Einsatz in Veranstaltungstechnik, Industrie und Handwerk. Mit original <strong data-start=\"398\" data-end=\"410\">Mennekes<\/strong> CEE-Stecker und -Kupplung sorgt es f\u00fcr maximale Sicherheit, zuverl\u00e4ssige Strom\u00fcbertragung und lange Lebensdauer \u2013 auch unter rauen Einsatzbedingungen.<\/p>\n<hr data-start=\"565\" data-end=\"568\" \/>\n<h3 data-start=\"570\" data-end=\"607\"><strong data-start=\"574\" data-end=\"607\">Technische Daten (Tech Specs)<\/strong><\/h3>\n<div class=\"_tableContainer_1rjym_1\">\n<div class=\"group _tableWrapper_1rjym_13 flex w-fit flex-col-reverse\" tabindex=\"-1\">\n<table class=\"w-fit min-w-(--thread-content-width)\" data-start=\"609\" data-end=\"1451\">\n<thead data-start=\"609\" data-end=\"636\">\n<tr data-start=\"609\" data-end=\"636\">\n<th data-start=\"609\" data-end=\"619\" data-col-size=\"sm\">Merkmal<\/th>\n<th data-start=\"619\" data-end=\"636\" data-col-size=\"lg\">Spezifikation<\/th>\n<\/tr>\n<\/thead>\n<tbody data-start=\"660\" data-end=\"1451\">\n<tr data-start=\"660\" data-end=\"729\">\n<td data-start=\"660\" data-end=\"677\" data-col-size=\"sm\"><strong data-start=\"662\" data-end=\"676\">Steckertyp<\/strong><\/td>\n<td data-start=\"677\" data-end=\"729\" data-col-size=\"lg\">CEE 32A, 5-polig (3P+N+PE), rot, 400 V, Mennekes<\/td>\n<\/tr>\n<tr data-start=\"730\" data-end=\"760\">\n<td data-start=\"730\" data-end=\"745\" data-col-size=\"sm\"><strong data-start=\"732\" data-end=\"744\">Kabeltyp<\/strong><\/td>\n<td data-start=\"745\" data-end=\"760\" data-col-size=\"lg\">H07RN-F 5G6<\/td>\n<\/tr>\n<tr data-start=\"761\" data-end=\"820\">\n<td data-start=\"761\" data-end=\"785\" data-col-size=\"sm\"><strong data-start=\"763\" data-end=\"784\">Leiterquerschnitt<\/strong><\/td>\n<td data-start=\"785\" data-end=\"820\" data-col-size=\"lg\">5 \u00d7 6 mm\u00b2 (Kupfer, feindr\u00e4htig)<\/td>\n<\/tr>\n<tr data-start=\"821\" data-end=\"845\">\n<td data-start=\"821\" data-end=\"838\" data-col-size=\"sm\"><strong data-start=\"823\" data-end=\"837\">Kabell\u00e4nge<\/strong><\/td>\n<td data-start=\"838\" data-end=\"845\" data-col-size=\"lg\">5 m<\/td>\n<\/tr>\n<tr data-start=\"846\" data-end=\"885\">\n<td data-start=\"846\" data-end=\"861\" data-col-size=\"sm\"><strong data-start=\"848\" data-end=\"860\">Spannung<\/strong><\/td>\n<td data-start=\"861\" data-end=\"885\" data-col-size=\"lg\">400 V AC (Drehstrom)<\/td>\n<\/tr>\n<tr data-start=\"886\" data-end=\"923\">\n<td data-start=\"886\" data-end=\"911\" data-col-size=\"sm\"><strong data-start=\"888\" data-end=\"910\">Strombelastbarkeit<\/strong><\/td>\n<td data-start=\"911\" data-end=\"923\" data-col-size=\"lg\">bis 32 A<\/td>\n<\/tr>\n<tr data-start=\"924\" data-end=\"973\">\n<td data-start=\"924\" data-end=\"940\" data-col-size=\"sm\"><strong data-start=\"926\" data-end=\"939\">Schutzart<\/strong><\/td>\n<td data-start=\"940\" data-end=\"973\" data-col-size=\"lg\">IP67 (staub- und wasserdicht)<\/td>\n<\/tr>\n<tr data-start=\"974\" data-end=\"1019\">\n<td data-start=\"974\" data-end=\"998\" data-col-size=\"sm\"><strong data-start=\"976\" data-end=\"997\">Temperaturbereich<\/strong><\/td>\n<td data-start=\"998\" data-end=\"1019\" data-col-size=\"lg\">\u201325 \u00b0C bis +60 \u00b0C<\/td>\n<\/tr>\n<tr data-start=\"1020\" data-end=\"1091\">\n<td data-start=\"1020\" data-end=\"1041\" data-col-size=\"sm\"><strong data-start=\"1022\" data-end=\"1040\">Mantelmaterial<\/strong><\/td>\n<td data-start=\"1041\" data-end=\"1091\" data-col-size=\"lg\">Gummischlauchleitung (\u00f6l-, UV- und abriebfest)<\/td>\n<\/tr>\n<tr data-start=\"1092\" data-end=\"1155\">\n<td data-start=\"1092\" data-end=\"1104\" data-col-size=\"sm\"><strong data-start=\"1094\" data-end=\"1103\">Farbe<\/strong><\/td>\n<td data-start=\"1104\" data-end=\"1155\" data-col-size=\"lg\">Schwarz (Kabel) \/ Rot (CEE-Stecker &amp; -Kupplung)<\/td>\n<\/tr>\n<tr data-start=\"1156\" data-end=\"1222\">\n<td data-start=\"1156\" data-end=\"1192\" data-col-size=\"sm\"><strong data-start=\"1158\" data-end=\"1191\">Hersteller der Steckverbinder<\/strong><\/td>\n<td data-start=\"1192\" data-end=\"1222\" data-col-size=\"lg\">Mennekes (Made in Germany)<\/td>\n<\/tr>\n<tr data-start=\"1223\" data-end=\"1315\">\n<td data-start=\"1223\" data-end=\"1244\" data-col-size=\"sm\"><strong data-start=\"1225\" data-end=\"1243\">Einsatzbereich<\/strong><\/td>\n<td data-start=\"1244\" data-end=\"1315\" data-col-size=\"lg\">Stromverteilung auf Events, Baustellen, Messen und Industrieanlagen<\/td>\n<\/tr>\n<tr data-start=\"1316\" data-end=\"1451\">\n<td data-start=\"1316\" data-end=\"1337\" data-col-size=\"sm\"><strong data-start=\"1318\" data-end=\"1336\">Besonderheiten<\/strong><\/td>\n<td data-start=\"1337\" data-end=\"1451\" data-col-size=\"lg\">Original Mennekes-Stecker und -Kupplung, hochflexibel, wetterbest\u00e4ndig, sichere Verriegelung, VDE-zertifiziert<\/td>\n<\/tr>\n<\/tbody>\n<\/table>\n<\/div>\n<\/div>\n","protected":false},"excerpt":{"rendered":"<p>12 vorr\u00e4tig<\/p>\n","protected":false},"featured_media":2246,"template":"","meta":[],"product_brand":[],"product_cat":[77],"product_tag":[],"class_list":{"0":"post-2247","1":"product","2":"type-product","3":"status-publish","4":"has-post-thumbnail","6":"product_cat-stromverteiler","8":"first","9":"instock","10":"taxable","11":"shipping-taxable","12":"purchasable","13":"product-type-simple"},"_links":{"self":[{"href":"https:\/\/as-lightsound.de\/wordpress\/wp-json\/wp\/v2\/product\/2247","targetHints":{"allow":["GET"]}}],"collection":[{"href":"https:\/\/as-lightsound.de\/wordpress\/wp-json\/wp\/v2\/product"}],"about":[{"href":"https:\/\/as-lightsound.de\/wordpress\/wp-json\/wp\/v2\/types\/product"}],"wp:featuredmedia":[{"embeddable":true,"href":"https:\/\/as-lightsound.de\/wordpress\/wp-json\/wp\/v2\/media\/2246"}],"wp:attachment":[{"href":"https:\/\/as-lightsound.de\/wordpress\/wp-json\/wp\/v2\/media?parent=2247"}],"wp:term":[{"taxonomy":"product_brand","embeddable":true,"href":"https:\/\/as-lightsound.de\/wordpress\/wp-json\/wp\/v2\/product_brand?post=2247"},{"taxonomy":"product_cat","embeddable":true,"href":"https:\/\/as-lightsound.de\/wordpress\/wp-json\/wp\/v2\/product_cat?post=2247"},{"taxonomy":"product_tag","embeddable":true,"href":"https:\/\/as-lightsound.de\/wordpress\/wp-json\/wp\/v2\/product_tag?post=2247"}],"curies":[{"name":"wp","href":"https:\/\/api.w.org\/{rel}","templated":true}]}}