{"id":2238,"date":"2025-10-06T15:55:20","date_gmt":"2025-10-06T13:55:20","guid":{"rendered":"https:\/\/as-lightsound.de\/wordpress\/?post_type=product&#038;p=2238"},"modified":"2025-10-07T07:45:22","modified_gmt":"2025-10-07T05:45:22","slug":"cee125a-kabel-5x35mm%c2%b2-10m","status":"publish","type":"product","link":"https:\/\/as-lightsound.de\/wordpress\/product\/cee125a-kabel-5x35mm%c2%b2-10m\/","title":{"rendered":"CEE125A-Kabel 5x35mm\u00b2 10m"},"content":{"rendered":"<p data-start=\"236\" data-end=\"549\">Das <strong data-start=\"240\" data-end=\"267\">CEE 125A Anschlusskabel<\/strong> ist ein professionelles, hochbelastbares Stromkabel f\u00fcr den Einsatz in der Veranstaltungstechnik, Industrie und auf Baustellen. Ausgestattet mit original <strong data-start=\"422\" data-end=\"434\">Mennekes<\/strong> CEE-Stecker und -Kupplung bietet es h\u00f6chste Zuverl\u00e4ssigkeit, sichere Verbindung und exzellente Strom\u00fcbertragung.<\/p>\n<hr data-start=\"551\" data-end=\"554\" \/>\n<h3 data-start=\"556\" data-end=\"593\"><strong data-start=\"560\" data-end=\"593\">Technische Daten (Tech Specs)<\/strong><\/h3>\n<div class=\"_tableContainer_1rjym_1\">\n<div class=\"group _tableWrapper_1rjym_13 flex w-fit flex-col-reverse\" tabindex=\"-1\">\n<table class=\"w-fit min-w-(--thread-content-width)\" data-start=\"595\" data-end=\"1480\">\n<thead data-start=\"595\" data-end=\"622\">\n<tr data-start=\"595\" data-end=\"622\">\n<th data-start=\"595\" data-end=\"605\" data-col-size=\"sm\">Merkmal<\/th>\n<th data-start=\"605\" data-end=\"622\" data-col-size=\"lg\">Spezifikation<\/th>\n<\/tr>\n<\/thead>\n<tbody data-start=\"646\" data-end=\"1480\">\n<tr data-start=\"646\" data-end=\"716\">\n<td data-start=\"646\" data-end=\"663\" data-col-size=\"sm\"><strong data-start=\"648\" data-end=\"662\">Steckertyp<\/strong><\/td>\n<td data-start=\"663\" data-end=\"716\" data-col-size=\"lg\">CEE 125A, 5-polig (3P+N+PE), rot, 400 V, Mennekes<\/td>\n<\/tr>\n<tr data-start=\"717\" data-end=\"748\">\n<td data-start=\"717\" data-end=\"732\" data-col-size=\"sm\"><strong data-start=\"719\" data-end=\"731\">Kabeltyp<\/strong><\/td>\n<td data-start=\"732\" data-end=\"748\" data-col-size=\"lg\">H07RN-F 5G35<\/td>\n<\/tr>\n<tr data-start=\"749\" data-end=\"809\">\n<td data-start=\"749\" data-end=\"773\" data-col-size=\"sm\"><strong data-start=\"751\" data-end=\"772\">Leiterquerschnitt<\/strong><\/td>\n<td data-start=\"773\" data-end=\"809\" data-col-size=\"lg\">5 \u00d7 35 mm\u00b2 (Feindr\u00e4htig, Kupfer)<\/td>\n<\/tr>\n<tr data-start=\"810\" data-end=\"835\">\n<td data-start=\"810\" data-end=\"827\" data-col-size=\"sm\"><strong data-start=\"812\" data-end=\"826\">Kabell\u00e4nge<\/strong><\/td>\n<td data-start=\"827\" data-end=\"835\" data-col-size=\"lg\">10 m<\/td>\n<\/tr>\n<tr data-start=\"836\" data-end=\"875\">\n<td data-start=\"836\" data-end=\"851\" data-col-size=\"sm\"><strong data-start=\"838\" data-end=\"850\">Spannung<\/strong><\/td>\n<td data-start=\"851\" data-end=\"875\" data-col-size=\"lg\">400 V AC (Drehstrom)<\/td>\n<\/tr>\n<tr data-start=\"876\" data-end=\"914\">\n<td data-start=\"876\" data-end=\"901\" data-col-size=\"sm\"><strong data-start=\"878\" data-end=\"900\">Strombelastbarkeit<\/strong><\/td>\n<td data-start=\"901\" data-end=\"914\" data-col-size=\"lg\">bis 125 A<\/td>\n<\/tr>\n<tr data-start=\"915\" data-end=\"960\">\n<td data-start=\"915\" data-end=\"939\" data-col-size=\"sm\"><strong data-start=\"917\" data-end=\"938\">Temperaturbereich<\/strong><\/td>\n<td data-start=\"939\" data-end=\"960\" data-col-size=\"lg\">\u201325 \u00b0C bis +60 \u00b0C<\/td>\n<\/tr>\n<tr data-start=\"961\" data-end=\"1010\">\n<td data-start=\"961\" data-end=\"977\" data-col-size=\"sm\"><strong data-start=\"963\" data-end=\"976\">Schutzart<\/strong><\/td>\n<td data-start=\"977\" data-end=\"1010\" data-col-size=\"lg\">IP67 (staub- und wasserdicht)<\/td>\n<\/tr>\n<tr data-start=\"1011\" data-end=\"1082\">\n<td data-start=\"1011\" data-end=\"1032\" data-col-size=\"sm\"><strong data-start=\"1013\" data-end=\"1031\">Mantelmaterial<\/strong><\/td>\n<td data-start=\"1032\" data-end=\"1082\" data-col-size=\"lg\">Gummischlauchleitung (\u00f6l-, UV- und abriebfest)<\/td>\n<\/tr>\n<tr data-start=\"1083\" data-end=\"1146\">\n<td data-start=\"1083\" data-end=\"1095\" data-col-size=\"sm\"><strong data-start=\"1085\" data-end=\"1094\">Farbe<\/strong><\/td>\n<td data-start=\"1095\" data-end=\"1146\" data-col-size=\"lg\">Schwarz (Kabel) \/ Rot (CEE-Stecker &amp; -Kupplung)<\/td>\n<\/tr>\n<tr data-start=\"1147\" data-end=\"1213\">\n<td data-start=\"1147\" data-end=\"1183\" data-col-size=\"sm\"><strong data-start=\"1149\" data-end=\"1182\">Hersteller der Steckverbinder<\/strong><\/td>\n<td data-start=\"1183\" data-end=\"1213\" data-col-size=\"lg\">Mennekes (Made in Germany)<\/td>\n<\/tr>\n<tr data-start=\"1214\" data-end=\"1319\">\n<td data-start=\"1214\" data-end=\"1235\" data-col-size=\"sm\"><strong data-start=\"1216\" data-end=\"1234\">Einsatzbereich<\/strong><\/td>\n<td data-start=\"1235\" data-end=\"1319\" data-col-size=\"lg\">Stromverteilung bei Events, Industrie, Messebau, Outdoor, mobile Stromversorgung<\/td>\n<\/tr>\n<tr data-start=\"1320\" data-end=\"1480\">\n<td data-start=\"1320\" data-end=\"1341\" data-col-size=\"sm\"><strong data-start=\"1322\" data-end=\"1340\">Besonderheiten<\/strong><\/td>\n<td data-start=\"1341\" data-end=\"1480\" data-col-size=\"lg\">Original Mennekes-Stecker, schwerlastgeeignet, \u00f6l- und wetterbest\u00e4ndig, hohe Kontaktzuverl\u00e4ssigkeit, gepr\u00fcfte Sicherheit nach IEC 60309<\/td>\n<\/tr>\n<\/tbody>\n<\/table>\n<\/div>\n<\/div>\n","protected":false},"excerpt":{"rendered":"<p>2 vorr\u00e4tig<\/p>\n","protected":false},"featured_media":2239,"template":"","meta":[],"product_brand":[],"product_cat":[77],"product_tag":[],"class_list":{"0":"post-2238","1":"product","2":"type-product","3":"status-publish","4":"has-post-thumbnail","6":"product_cat-stromverteiler","8":"first","9":"instock","10":"taxable","11":"shipping-taxable","12":"purchasable","13":"product-type-simple"},"_links":{"self":[{"href":"https:\/\/as-lightsound.de\/wordpress\/wp-json\/wp\/v2\/product\/2238","targetHints":{"allow":["GET"]}}],"collection":[{"href":"https:\/\/as-lightsound.de\/wordpress\/wp-json\/wp\/v2\/product"}],"about":[{"href":"https:\/\/as-lightsound.de\/wordpress\/wp-json\/wp\/v2\/types\/product"}],"wp:featuredmedia":[{"embeddable":true,"href":"https:\/\/as-lightsound.de\/wordpress\/wp-json\/wp\/v2\/media\/2239"}],"wp:attachment":[{"href":"https:\/\/as-lightsound.de\/wordpress\/wp-json\/wp\/v2\/media?parent=2238"}],"wp:term":[{"taxonomy":"product_brand","embeddable":true,"href":"https:\/\/as-lightsound.de\/wordpress\/wp-json\/wp\/v2\/product_brand?post=2238"},{"taxonomy":"product_cat","embeddable":true,"href":"https:\/\/as-lightsound.de\/wordpress\/wp-json\/wp\/v2\/product_cat?post=2238"},{"taxonomy":"product_tag","embeddable":true,"href":"https:\/\/as-lightsound.de\/wordpress\/wp-json\/wp\/v2\/product_tag?post=2238"}],"curies":[{"name":"wp","href":"https:\/\/api.w.org\/{rel}","templated":true}]}}