{"id":2237,"date":"2025-10-06T15:44:39","date_gmt":"2025-10-06T13:44:39","guid":{"rendered":"https:\/\/as-lightsound.de\/wordpress\/?post_type=product&#038;p=2237"},"modified":"2025-10-06T15:45:06","modified_gmt":"2025-10-06T13:45:06","slug":"om3-4-core-lwl-glasfaserkabeltrommel-250m","status":"publish","type":"product","link":"https:\/\/as-lightsound.de\/wordpress\/product\/om3-4-core-lwl-glasfaserkabeltrommel-250m\/","title":{"rendered":"OM3 4-Core LWL Glasfaserkabeltrommel 250m"},"content":{"rendered":"<p data-start=\"265\" data-end=\"658\">Das <strong data-start=\"269\" data-end=\"298\">OM3 4-Core LWL-Kabel<\/strong> ist ein robustes, gepanzertes Glasfaserkabel f\u00fcr den professionellen mobilen Einsatz. Mit vier Multimode-Fasern, LC\/UPC-Steckverbindern und einem wasserdichten, taktischen TPU-Mantel ist es ideal f\u00fcr den Einsatz bei Veranstaltungen, im Au\u00dfenbereich oder in tempor\u00e4ren Netzwerk-Setups. Die Lieferung erfolgt einsatzbereit auf einer stabilen Transporttrommel.<\/p>\n<hr data-start=\"660\" data-end=\"663\" \/>\n<h3 data-start=\"665\" data-end=\"702\"><strong data-start=\"669\" data-end=\"702\">Technische Daten (Tech Specs)<\/strong><\/h3>\n<div class=\"_tableContainer_1rjym_1\">\n<div class=\"group _tableWrapper_1rjym_13 flex w-fit flex-col-reverse\" tabindex=\"-1\">\n<table class=\"w-fit min-w-(--thread-content-width)\" data-start=\"704\" data-end=\"1818\">\n<thead data-start=\"704\" data-end=\"731\">\n<tr data-start=\"704\" data-end=\"731\">\n<th data-start=\"704\" data-end=\"714\" data-col-size=\"sm\">Merkmal<\/th>\n<th data-start=\"714\" data-end=\"731\" data-col-size=\"lg\">Spezifikation<\/th>\n<\/tr>\n<\/thead>\n<tbody data-start=\"755\" data-end=\"1818\">\n<tr data-start=\"755\" data-end=\"809\">\n<td data-start=\"755\" data-end=\"770\" data-col-size=\"sm\"><strong data-start=\"757\" data-end=\"769\">Kabeltyp<\/strong><\/td>\n<td data-start=\"770\" data-end=\"809\" data-col-size=\"lg\">Multimode OM3, 4-Faser (Duplex x 2)<\/td>\n<\/tr>\n<tr data-start=\"810\" data-end=\"848\">\n<td data-start=\"810\" data-end=\"825\" data-col-size=\"sm\"><strong data-start=\"812\" data-end=\"824\">Fasertyp<\/strong><\/td>\n<td data-start=\"825\" data-end=\"848\" data-col-size=\"lg\">50\/125 \u00b5m Glasfaser<\/td>\n<\/tr>\n<tr data-start=\"849\" data-end=\"894\">\n<td data-start=\"849\" data-end=\"866\" data-col-size=\"sm\"><strong data-start=\"851\" data-end=\"865\">Anschl\u00fcsse<\/strong><\/td>\n<td data-start=\"866\" data-end=\"894\" data-col-size=\"lg\">LC\/UPC \u2013 LC\/UPC (Duplex)<\/td>\n<\/tr>\n<tr data-start=\"895\" data-end=\"916\">\n<td data-start=\"895\" data-end=\"907\" data-col-size=\"sm\"><strong data-start=\"897\" data-end=\"906\">L\u00e4nge<\/strong><\/td>\n<td data-start=\"907\" data-end=\"916\" data-col-size=\"lg\">100 m<\/td>\n<\/tr>\n<tr data-start=\"917\" data-end=\"956\">\n<td data-start=\"917\" data-end=\"932\" data-col-size=\"sm\"><strong data-start=\"919\" data-end=\"931\">D\u00e4mpfung<\/strong><\/td>\n<td data-start=\"932\" data-end=\"956\" data-col-size=\"lg\">\u2264 0,3 dB pro Stecker<\/td>\n<\/tr>\n<tr data-start=\"957\" data-end=\"1025\">\n<td data-start=\"957\" data-end=\"986\" data-col-size=\"sm\"><strong data-start=\"959\" data-end=\"985\">\u00dcbertragungsbandbreite<\/strong><\/td>\n<td data-start=\"986\" data-end=\"1025\" data-col-size=\"lg\">Bis zu 10 Gbit\/s auf 300 m (850 nm)<\/td>\n<\/tr>\n<tr data-start=\"1026\" data-end=\"1064\">\n<td data-start=\"1026\" data-end=\"1044\" data-col-size=\"sm\"><strong data-start=\"1028\" data-end=\"1043\">Wellenl\u00e4nge<\/strong><\/td>\n<td data-start=\"1044\" data-end=\"1064\" data-col-size=\"lg\">850 nm \/ 1300 nm<\/td>\n<\/tr>\n<tr data-start=\"1065\" data-end=\"1098\">\n<td data-start=\"1065\" data-end=\"1088\" data-col-size=\"sm\"><strong data-start=\"1067\" data-end=\"1087\">Kabeldurchmesser<\/strong><\/td>\n<td data-start=\"1088\" data-end=\"1098\" data-col-size=\"lg\">4,5 mm<\/td>\n<\/tr>\n<tr data-start=\"1099\" data-end=\"1190\">\n<td data-start=\"1099\" data-end=\"1117\" data-col-size=\"sm\"><strong data-start=\"1101\" data-end=\"1116\">Kabelaufbau<\/strong><\/td>\n<td data-start=\"1117\" data-end=\"1190\" data-col-size=\"lg\">Gepanzert (armored) \u2013 zus\u00e4tzlicher Metallschutzmantel unter TPU-H\u00fclle<\/td>\n<\/tr>\n<tr data-start=\"1191\" data-end=\"1284\">\n<td data-start=\"1191\" data-end=\"1212\" data-col-size=\"sm\"><strong data-start=\"1193\" data-end=\"1211\">Mantelmaterial<\/strong><\/td>\n<td data-start=\"1212\" data-end=\"1284\" data-col-size=\"lg\">TPU (thermoplastisches Polyurethan), UV- und abriebfest, halogenfrei<\/td>\n<\/tr>\n<tr data-start=\"1285\" data-end=\"1352\">\n<td data-start=\"1285\" data-end=\"1301\" data-col-size=\"sm\"><strong data-start=\"1287\" data-end=\"1300\">Schutzart<\/strong><\/td>\n<td data-start=\"1301\" data-end=\"1352\" data-col-size=\"lg\">Wasserdicht (IP67 bei geschlossener Verbindung)<\/td>\n<\/tr>\n<tr data-start=\"1353\" data-end=\"1384\">\n<td data-start=\"1353\" data-end=\"1373\" data-col-size=\"sm\"><strong data-start=\"1355\" data-end=\"1372\">Zugfestigkeit<\/strong><\/td>\n<td data-start=\"1373\" data-end=\"1384\" data-col-size=\"lg\">\u2265 200 N<\/td>\n<\/tr>\n<tr data-start=\"1385\" data-end=\"1430\">\n<td data-start=\"1385\" data-end=\"1403\" data-col-size=\"sm\"><strong data-start=\"1387\" data-end=\"1402\">Biegeradius<\/strong><\/td>\n<td data-start=\"1403\" data-end=\"1430\" data-col-size=\"lg\">\u2265 10 \u00d7 Au\u00dfendurchmesser<\/td>\n<\/tr>\n<tr data-start=\"1431\" data-end=\"1477\">\n<td data-start=\"1431\" data-end=\"1456\" data-col-size=\"sm\"><strong data-start=\"1433\" data-end=\"1455\">Betriebstemperatur<\/strong><\/td>\n<td data-start=\"1456\" data-end=\"1477\" data-col-size=\"lg\">\u201340 \u00b0C bis +70 \u00b0C<\/td>\n<\/tr>\n<tr data-start=\"1478\" data-end=\"1501\">\n<td data-start=\"1478\" data-end=\"1490\" data-col-size=\"sm\"><strong data-start=\"1480\" data-end=\"1489\">Farbe<\/strong><\/td>\n<td data-start=\"1490\" data-end=\"1501\" data-col-size=\"lg\">Schwarz<\/td>\n<\/tr>\n<tr data-start=\"1502\" data-end=\"1577\">\n<td data-start=\"1502\" data-end=\"1521\" data-col-size=\"sm\"><strong data-start=\"1504\" data-end=\"1520\">Kabeltrommel<\/strong><\/td>\n<td data-start=\"1521\" data-end=\"1577\" data-col-size=\"lg\">Robuste Kunststoff-Trommel mit Griff und Wickelhilfe<\/td>\n<\/tr>\n<tr data-start=\"1578\" data-end=\"1679\">\n<td data-start=\"1578\" data-end=\"1599\" data-col-size=\"sm\"><strong data-start=\"1580\" data-end=\"1598\">Einsatzbereich<\/strong><\/td>\n<td data-start=\"1599\" data-end=\"1679\" data-col-size=\"lg\">Outdoor, Live-Events, Broadcast, tempor\u00e4re Netzwerke, FOH\u2013Stage-Verbindungen<\/td>\n<\/tr>\n<tr data-start=\"1680\" data-end=\"1818\">\n<td data-start=\"1680\" data-end=\"1701\" data-col-size=\"sm\"><strong data-start=\"1682\" data-end=\"1700\">Besonderheiten<\/strong><\/td>\n<td data-start=\"1701\" data-end=\"1818\" data-col-size=\"lg\">4-fach Multimode-Design, gepanzert, wasserdicht, taktisch robust, 10G-tauglich, Plug &amp; Play auf Trommel geliefert<\/td>\n<\/tr>\n<\/tbody>\n<\/table>\n<\/div>\n<\/div>\n","protected":false},"excerpt":{"rendered":"<p>4 vorr\u00e4tig<\/p>\n","protected":false},"featured_media":2234,"template":"","meta":[],"product_brand":[],"product_cat":[76],"product_tag":[],"class_list":{"0":"post-2237","1":"product","2":"type-product","3":"status-publish","4":"has-post-thumbnail","6":"product_cat-sonstiges-allgemein","8":"first","9":"instock","10":"taxable","11":"shipping-taxable","12":"purchasable","13":"product-type-simple"},"_links":{"self":[{"href":"https:\/\/as-lightsound.de\/wordpress\/wp-json\/wp\/v2\/product\/2237","targetHints":{"allow":["GET"]}}],"collection":[{"href":"https:\/\/as-lightsound.de\/wordpress\/wp-json\/wp\/v2\/product"}],"about":[{"href":"https:\/\/as-lightsound.de\/wordpress\/wp-json\/wp\/v2\/types\/product"}],"wp:featuredmedia":[{"embeddable":true,"href":"https:\/\/as-lightsound.de\/wordpress\/wp-json\/wp\/v2\/media\/2234"}],"wp:attachment":[{"href":"https:\/\/as-lightsound.de\/wordpress\/wp-json\/wp\/v2\/media?parent=2237"}],"wp:term":[{"taxonomy":"product_brand","embeddable":true,"href":"https:\/\/as-lightsound.de\/wordpress\/wp-json\/wp\/v2\/product_brand?post=2237"},{"taxonomy":"product_cat","embeddable":true,"href":"https:\/\/as-lightsound.de\/wordpress\/wp-json\/wp\/v2\/product_cat?post=2237"},{"taxonomy":"product_tag","embeddable":true,"href":"https:\/\/as-lightsound.de\/wordpress\/wp-json\/wp\/v2\/product_tag?post=2237"}],"curies":[{"name":"wp","href":"https:\/\/api.w.org\/{rel}","templated":true}]}}