{"id":2233,"date":"2025-10-06T15:28:02","date_gmt":"2025-10-06T13:28:02","guid":{"rendered":"https:\/\/as-lightsound.de\/wordpress\/?post_type=product&#038;p=2233"},"modified":"2025-10-06T15:37:58","modified_gmt":"2025-10-06T13:37:58","slug":"cat6e-kabeltrommel-23awg-s-ftp-50m","status":"publish","type":"product","link":"https:\/\/as-lightsound.de\/wordpress\/product\/cat6e-kabeltrommel-23awg-s-ftp-50m\/","title":{"rendered":"CAT6e Kabeltrommel 23AWG S\/FTP 50m"},"content":{"rendered":"<p data-start=\"234\" data-end=\"524\">Das <strong data-start=\"238\" data-end=\"267\">Cat6e S\/FTP Netzwerkkabel<\/strong> mit 50 m L\u00e4nge ist ein hochwertiges, geschirmtes Verbindungskabel f\u00fcr professionelle Audio-, Video- und Datenanwendungen. Es ist ideal f\u00fcr den Einsatz im B\u00fchnen-, Broadcast- oder Veranstaltungstechnikbereich und wird auf einer robusten Trommel geliefert.<\/p>\n<hr data-start=\"526\" data-end=\"529\" \/>\n<h3 data-start=\"531\" data-end=\"568\"><strong data-start=\"535\" data-end=\"568\">Technische Daten (Tech Specs)<\/strong><\/h3>\n<div class=\"_tableContainer_1rjym_1\">\n<div class=\"group _tableWrapper_1rjym_13 flex w-fit flex-col-reverse\" tabindex=\"-1\">\n<table class=\"w-fit min-w-(--thread-content-width)\" data-start=\"570\" data-end=\"1644\">\n<thead data-start=\"570\" data-end=\"597\">\n<tr data-start=\"570\" data-end=\"597\">\n<th data-start=\"570\" data-end=\"580\" data-col-size=\"sm\">Merkmal<\/th>\n<th data-start=\"580\" data-end=\"597\" data-col-size=\"md\">Spezifikation<\/th>\n<\/tr>\n<\/thead>\n<tbody data-start=\"621\" data-end=\"1644\">\n<tr data-start=\"621\" data-end=\"646\">\n<td data-start=\"621\" data-end=\"638\" data-col-size=\"sm\"><strong data-start=\"623\" data-end=\"637\">Kabell\u00e4nge<\/strong><\/td>\n<td data-start=\"638\" data-end=\"646\" data-col-size=\"md\">50 m<\/td>\n<\/tr>\n<tr data-start=\"647\" data-end=\"708\">\n<td data-start=\"647\" data-end=\"662\" data-col-size=\"sm\"><strong data-start=\"649\" data-end=\"661\">Kabeltyp<\/strong><\/td>\n<td data-start=\"662\" data-end=\"708\" data-col-size=\"md\">Cat6e S\/FTP (Screened Foiled Twisted Pair)<\/td>\n<\/tr>\n<tr data-start=\"709\" data-end=\"760\">\n<td data-start=\"709\" data-end=\"733\" data-col-size=\"sm\"><strong data-start=\"711\" data-end=\"732\">Leiterquerschnitt<\/strong><\/td>\n<td data-start=\"733\" data-end=\"760\" data-col-size=\"md\">23 AWG (massiv, kupfer)<\/td>\n<\/tr>\n<tr data-start=\"761\" data-end=\"855\">\n<td data-start=\"761\" data-end=\"783\" data-col-size=\"sm\"><strong data-start=\"763\" data-end=\"782\">Paarabschirmung<\/strong><\/td>\n<td data-start=\"783\" data-end=\"855\" data-col-size=\"md\">Foliengeschirmte Adernpaare (FTP) + Gesamtschirmung aus Geflecht (S)<\/td>\n<\/tr>\n<tr data-start=\"856\" data-end=\"905\">\n<td data-start=\"856\" data-end=\"877\" data-col-size=\"sm\"><strong data-start=\"858\" data-end=\"876\">Steckverbinder<\/strong><\/td>\n<td data-start=\"877\" data-end=\"905\" data-col-size=\"md\">RJ45 Plug\u2013to\u2013Plug (8P8C)<\/td>\n<\/tr>\n<tr data-start=\"906\" data-end=\"996\">\n<td data-start=\"906\" data-end=\"940\" data-col-size=\"sm\"><strong data-start=\"908\" data-end=\"939\">\u00dcbertragungsgeschwindigkeit<\/strong><\/td>\n<td data-start=\"940\" data-end=\"996\" data-col-size=\"md\">Bis zu 10 Gbit\/s (10 Gigabit Ethernet, IEEE 802.3an)<\/td>\n<\/tr>\n<tr data-start=\"997\" data-end=\"1034\">\n<td data-start=\"997\" data-end=\"1019\" data-col-size=\"sm\"><strong data-start=\"999\" data-end=\"1018\">Frequenzbereich<\/strong><\/td>\n<td data-start=\"1019\" data-end=\"1034\" data-col-size=\"md\">Bis 500 MHz<\/td>\n<\/tr>\n<tr data-start=\"1035\" data-end=\"1120\">\n<td data-start=\"1035\" data-end=\"1058\" data-col-size=\"sm\"><strong data-start=\"1037\" data-end=\"1057\">Schirmungsaufbau<\/strong><\/td>\n<td data-start=\"1058\" data-end=\"1120\" data-col-size=\"md\">S\/FTP \u2013 doppelt geschirmt gegen St\u00f6rungen und \u00dcbersprechen<\/td>\n<\/tr>\n<tr data-start=\"1121\" data-end=\"1207\">\n<td data-start=\"1121\" data-end=\"1142\" data-col-size=\"sm\"><strong data-start=\"1123\" data-end=\"1141\">Mantelmaterial<\/strong><\/td>\n<td data-start=\"1142\" data-end=\"1207\" data-col-size=\"md\">Robuster PVC- oder PUR-Au\u00dfenmantel (b\u00fchnengeeignet, flexibel)<\/td>\n<\/tr>\n<tr data-start=\"1208\" data-end=\"1231\">\n<td data-start=\"1208\" data-end=\"1220\" data-col-size=\"sm\"><strong data-start=\"1210\" data-end=\"1219\">Farbe<\/strong><\/td>\n<td data-start=\"1220\" data-end=\"1231\" data-col-size=\"md\">Schwarz<\/td>\n<\/tr>\n<tr data-start=\"1232\" data-end=\"1316\">\n<td data-start=\"1232\" data-end=\"1251\" data-col-size=\"sm\"><strong data-start=\"1234\" data-end=\"1250\">Kabeltrommel<\/strong><\/td>\n<td data-start=\"1251\" data-end=\"1316\" data-col-size=\"md\">Transporttrommel aus stabilem Kunststoff mit Kurbel und Griff<\/td>\n<\/tr>\n<tr data-start=\"1317\" data-end=\"1361\">\n<td data-start=\"1317\" data-end=\"1335\" data-col-size=\"sm\"><strong data-start=\"1319\" data-end=\"1334\">Biegeradius<\/strong><\/td>\n<td data-start=\"1335\" data-end=\"1361\" data-col-size=\"md\">\u2265 8 \u00d7 Kabeldurchmesser<\/td>\n<\/tr>\n<tr data-start=\"1362\" data-end=\"1407\">\n<td data-start=\"1362\" data-end=\"1386\" data-col-size=\"sm\"><strong data-start=\"1364\" data-end=\"1385\">Temperaturbereich<\/strong><\/td>\n<td data-start=\"1386\" data-end=\"1407\" data-col-size=\"md\">\u201320 \u00b0C bis +70 \u00b0C<\/td>\n<\/tr>\n<tr data-start=\"1408\" data-end=\"1529\">\n<td data-start=\"1408\" data-end=\"1429\" data-col-size=\"sm\"><strong data-start=\"1410\" data-end=\"1428\">Einsatzbereich<\/strong><\/td>\n<td data-start=\"1429\" data-end=\"1529\" data-col-size=\"md\">Live-Events, Touring, Netzwerkanbindung f\u00fcr Stageboxen, Lichtpulte, Audio- oder Video\u00fcbertragung<\/td>\n<\/tr>\n<tr data-start=\"1530\" data-end=\"1644\">\n<td data-start=\"1530\" data-end=\"1551\" data-col-size=\"sm\"><strong data-start=\"1532\" data-end=\"1550\">Besonderheiten<\/strong><\/td>\n<td data-start=\"1551\" data-end=\"1644\" data-col-size=\"md\">23 AWG Kupferleiter, vollgeschirmt (S\/FTP), Plug&amp;Play, robust, auf Trommel konfektioniert<\/td>\n<\/tr>\n<\/tbody>\n<\/table>\n<\/div>\n<\/div>\n","protected":false},"excerpt":{"rendered":"<p>30 vorr\u00e4tig<\/p>\n","protected":false},"featured_media":2234,"template":"","meta":[],"product_brand":[],"product_cat":[76],"product_tag":[],"class_list":{"0":"post-2233","1":"product","2":"type-product","3":"status-publish","4":"has-post-thumbnail","6":"product_cat-sonstiges-allgemein","8":"first","9":"instock","10":"taxable","11":"shipping-taxable","12":"purchasable","13":"product-type-simple"},"_links":{"self":[{"href":"https:\/\/as-lightsound.de\/wordpress\/wp-json\/wp\/v2\/product\/2233","targetHints":{"allow":["GET"]}}],"collection":[{"href":"https:\/\/as-lightsound.de\/wordpress\/wp-json\/wp\/v2\/product"}],"about":[{"href":"https:\/\/as-lightsound.de\/wordpress\/wp-json\/wp\/v2\/types\/product"}],"wp:featuredmedia":[{"embeddable":true,"href":"https:\/\/as-lightsound.de\/wordpress\/wp-json\/wp\/v2\/media\/2234"}],"wp:attachment":[{"href":"https:\/\/as-lightsound.de\/wordpress\/wp-json\/wp\/v2\/media?parent=2233"}],"wp:term":[{"taxonomy":"product_brand","embeddable":true,"href":"https:\/\/as-lightsound.de\/wordpress\/wp-json\/wp\/v2\/product_brand?post=2233"},{"taxonomy":"product_cat","embeddable":true,"href":"https:\/\/as-lightsound.de\/wordpress\/wp-json\/wp\/v2\/product_cat?post=2233"},{"taxonomy":"product_tag","embeddable":true,"href":"https:\/\/as-lightsound.de\/wordpress\/wp-json\/wp\/v2\/product_tag?post=2233"}],"curies":[{"name":"wp","href":"https:\/\/api.w.org\/{rel}","templated":true}]}}