{"id":223,"date":"2021-03-18T12:52:30","date_gmt":"2021-03-18T11:52:30","guid":{"rendered":"https:\/\/as-lightsound.de\/wordpress\/?post_type=product&#038;p=223"},"modified":"2025-10-09T08:03:37","modified_gmt":"2025-10-09T06:03:37","slug":"gopro-hero9-black","status":"publish","type":"product","link":"https:\/\/as-lightsound.de\/wordpress\/product\/gopro-hero9-black\/","title":{"rendered":"GoPro Hero9 black"},"content":{"rendered":"<p data-start=\"65\" data-end=\"480\">Die <strong data-start=\"69\" data-end=\"90\">GoPro HERO9 Black<\/strong> ist eine robuste und vielseitige Actionkamera f\u00fcr professionelle Videoaufnahmen unter extremen Bedingungen. Mit 5K-Videoaufl\u00f6sung, 20-Megapixel-Fotos und HyperSmooth 3.0-Bildstabilisierung liefert sie gestochen scharfe, fl\u00fcssige Aufnahmen. Das wasserdichte Geh\u00e4use, der austauschbare Akku und das vordere Farbdisplay machen sie ideal f\u00fcr Action-, Outdoor-, Sport- und Content-Produktion.<\/p>\n<hr data-start=\"482\" data-end=\"485\" \/>\n<h3 data-start=\"487\" data-end=\"520\">Technische Daten (Tech Specs)<\/h3>\n<div class=\"_tableContainer_1rjym_1\">\n<div class=\"group _tableWrapper_1rjym_13 flex w-fit flex-col-reverse\" tabindex=\"-1\">\n<table class=\"w-fit min-w-(--thread-content-width)\" data-start=\"522\" data-end=\"1735\">\n<thead data-start=\"522\" data-end=\"540\">\n<tr data-start=\"522\" data-end=\"540\">\n<th data-start=\"522\" data-end=\"532\" data-col-size=\"sm\">Merkmal<\/th>\n<th data-start=\"532\" data-end=\"540\" data-col-size=\"md\">Wert<\/th>\n<\/tr>\n<\/thead>\n<tbody data-start=\"561\" data-end=\"1735\">\n<tr data-start=\"561\" data-end=\"595\">\n<td data-start=\"561\" data-end=\"574\" data-col-size=\"sm\"><strong data-start=\"563\" data-end=\"573\">Modell<\/strong><\/td>\n<td data-start=\"574\" data-end=\"595\" data-col-size=\"md\">GoPro HERO9 Black<\/td>\n<\/tr>\n<tr data-start=\"596\" data-end=\"631\">\n<td data-start=\"596\" data-end=\"609\" data-col-size=\"sm\"><strong data-start=\"598\" data-end=\"608\">Sensor<\/strong><\/td>\n<td data-start=\"609\" data-end=\"631\" data-col-size=\"md\">1\/2,3&#8243; CMOS, 20 MP<\/td>\n<\/tr>\n<tr data-start=\"632\" data-end=\"687\">\n<td data-start=\"632\" data-end=\"658\" data-col-size=\"sm\"><strong data-start=\"634\" data-end=\"657\">Max. Videoaufl\u00f6sung<\/strong><\/td>\n<td data-start=\"658\" data-end=\"687\" data-col-size=\"md\">5K (5120 \u00d7 2880) @ 30 fps<\/td>\n<\/tr>\n<tr data-start=\"688\" data-end=\"767\">\n<td data-start=\"688\" data-end=\"719\" data-col-size=\"sm\"><strong data-start=\"690\" data-end=\"718\">Weitere Videoaufl\u00f6sungen<\/strong><\/td>\n<td data-col-size=\"md\" data-start=\"719\" data-end=\"767\">4K @ 60 fps, 2.7K @ 120 fps, 1080p @ 240 fps<\/td>\n<\/tr>\n<tr data-start=\"768\" data-end=\"810\">\n<td data-start=\"768\" data-end=\"788\" data-col-size=\"sm\"><strong data-start=\"770\" data-end=\"787\">Fotoaufl\u00f6sung<\/strong><\/td>\n<td data-start=\"788\" data-end=\"810\" data-col-size=\"md\">20 MP (JPEG + RAW)<\/td>\n<\/tr>\n<tr data-start=\"811\" data-end=\"871\">\n<td data-start=\"811\" data-end=\"832\" data-col-size=\"sm\"><strong data-start=\"813\" data-end=\"831\">Stabilisierung<\/strong><\/td>\n<td data-start=\"832\" data-end=\"871\" data-col-size=\"md\">HyperSmooth 3.0 (digital, 3-Achsen)<\/td>\n<\/tr>\n<tr data-start=\"872\" data-end=\"938\">\n<td data-start=\"872\" data-end=\"887\" data-col-size=\"sm\"><strong data-start=\"874\" data-end=\"886\">Objektiv<\/strong><\/td>\n<td data-start=\"887\" data-end=\"938\" data-col-size=\"md\">Weitwinkel (155\u00b0) mit austauschbarer Frontlinse<\/td>\n<\/tr>\n<tr data-start=\"939\" data-end=\"1011\">\n<td data-start=\"939\" data-end=\"954\" data-col-size=\"sm\"><strong data-start=\"941\" data-end=\"953\">Displays<\/strong><\/td>\n<td data-start=\"954\" data-end=\"1011\" data-col-size=\"md\">2,27\u2033 Touch-Display (hinten), 1,4\u2033 Farbdisplay (vorn)<\/td>\n<\/tr>\n<tr data-start=\"1012\" data-end=\"1081\">\n<td data-start=\"1012\" data-end=\"1024\" data-col-size=\"sm\"><strong data-start=\"1014\" data-end=\"1023\">Audio<\/strong><\/td>\n<td data-start=\"1024\" data-end=\"1081\" data-col-size=\"md\">3 integrierte Mikrofone mit Windger\u00e4uschunterdr\u00fcckung<\/td>\n<\/tr>\n<tr data-start=\"1082\" data-end=\"1166\">\n<td data-start=\"1082\" data-end=\"1099\" data-col-size=\"sm\"><strong data-start=\"1084\" data-end=\"1098\">Anschl\u00fcsse<\/strong><\/td>\n<td data-start=\"1099\" data-end=\"1166\" data-col-size=\"md\">USB-C, microSD (bis 512 GB), Zubeh\u00f6rport (Media Mod-kompatibel)<\/td>\n<\/tr>\n<tr data-start=\"1167\" data-end=\"1218\">\n<td data-start=\"1167\" data-end=\"1198\" data-col-size=\"sm\"><strong data-start=\"1169\" data-end=\"1197\">Drahtlose Schnittstellen<\/strong><\/td>\n<td data-start=\"1198\" data-end=\"1218\" data-col-size=\"md\">Wi-Fi, Bluetooth<\/td>\n<\/tr>\n<tr data-start=\"1219\" data-end=\"1253\">\n<td data-start=\"1219\" data-end=\"1240\" data-col-size=\"sm\"><strong data-start=\"1221\" data-end=\"1239\">Live Streaming<\/strong><\/td>\n<td data-start=\"1240\" data-end=\"1253\" data-col-size=\"md\">bis 1080p<\/td>\n<\/tr>\n<tr data-start=\"1254\" data-end=\"1328\">\n<td data-start=\"1254\" data-end=\"1282\" data-col-size=\"sm\"><strong data-start=\"1256\" data-end=\"1281\">Zeitraffer \/ TimeWarp<\/strong><\/td>\n<td data-start=\"1282\" data-end=\"1328\" data-col-size=\"md\">TimeWarp 3.0 mit Geschwindigkeitssteuerung<\/td>\n<\/tr>\n<tr data-start=\"1329\" data-end=\"1374\">\n<td data-start=\"1329\" data-end=\"1347\" data-col-size=\"sm\"><strong data-start=\"1331\" data-end=\"1346\">Wasserdicht<\/strong><\/td>\n<td data-col-size=\"md\" data-start=\"1347\" data-end=\"1374\">bis 10 m (ohne Geh\u00e4use)<\/td>\n<\/tr>\n<tr data-start=\"1375\" data-end=\"1421\">\n<td data-start=\"1375\" data-end=\"1400\" data-col-size=\"sm\"><strong data-start=\"1377\" data-end=\"1399\">Betriebstemperatur<\/strong><\/td>\n<td data-start=\"1400\" data-end=\"1421\" data-col-size=\"md\">\u201310 \u00b0C bis +35 \u00b0C<\/td>\n<\/tr>\n<tr data-start=\"1422\" data-end=\"1467\">\n<td data-start=\"1422\" data-end=\"1433\" data-col-size=\"sm\"><strong data-start=\"1424\" data-end=\"1432\">Akku<\/strong><\/td>\n<td data-start=\"1433\" data-end=\"1467\" data-col-size=\"md\">1.720 mAh Li-Ion, austauschbar<\/td>\n<\/tr>\n<tr data-start=\"1468\" data-end=\"1512\">\n<td data-start=\"1468\" data-end=\"1483\" data-col-size=\"sm\"><strong data-start=\"1470\" data-end=\"1482\">Ladezeit<\/strong><\/td>\n<td data-col-size=\"md\" data-start=\"1483\" data-end=\"1512\">ca. 2 Stunden (per USB-C)<\/td>\n<\/tr>\n<tr data-start=\"1513\" data-end=\"1564\">\n<td data-start=\"1513\" data-end=\"1543\" data-col-size=\"sm\"><strong data-start=\"1515\" data-end=\"1542\">Abmessungen (B \u00d7 H \u00d7 T)<\/strong><\/td>\n<td data-col-size=\"md\" data-start=\"1543\" data-end=\"1564\">71 \u00d7 55 \u00d7 33,6 mm<\/td>\n<\/tr>\n<tr data-start=\"1565\" data-end=\"1588\">\n<td data-start=\"1565\" data-end=\"1579\" data-col-size=\"sm\"><strong data-start=\"1567\" data-end=\"1578\">Gewicht<\/strong><\/td>\n<td data-col-size=\"md\" data-start=\"1579\" data-end=\"1588\">158 g<\/td>\n<\/tr>\n<tr data-start=\"1589\" data-end=\"1663\">\n<td data-start=\"1589\" data-end=\"1603\" data-col-size=\"sm\"><strong data-start=\"1591\" data-end=\"1602\">Montage<\/strong><\/td>\n<td data-start=\"1603\" data-end=\"1663\" data-col-size=\"md\">Integrierte Klapphalterung, kompatibel mit GoPro-Zubeh\u00f6r<\/td>\n<\/tr>\n<tr data-start=\"1664\" data-end=\"1711\">\n<td data-start=\"1664\" data-end=\"1679\" data-col-size=\"sm\"><strong data-start=\"1666\" data-end=\"1678\">Material<\/strong><\/td>\n<td data-start=\"1679\" data-end=\"1711\" data-col-size=\"md\">Gummiertes Kunststoffgeh\u00e4use<\/td>\n<\/tr>\n<tr data-start=\"1712\" data-end=\"1735\">\n<td data-start=\"1712\" data-end=\"1724\" data-col-size=\"sm\"><strong data-start=\"1714\" data-end=\"1723\">Farbe<\/strong><\/td>\n<td data-start=\"1724\" data-end=\"1735\" data-col-size=\"md\">Schwarz<\/td>\n<\/tr>\n<\/tbody>\n<\/table>\n<\/div>\n<\/div>\n","protected":false},"excerpt":{"rendered":"<p>2 vorr\u00e4tig<\/p>\n","protected":false},"featured_media":224,"template":"","meta":[],"product_brand":[],"product_cat":[25],"product_tag":[],"class_list":{"0":"post-223","1":"product","2":"type-product","3":"status-publish","4":"has-post-thumbnail","6":"product_cat-kameras","8":"first","9":"instock","10":"taxable","11":"shipping-taxable","12":"purchasable","13":"product-type-simple"},"_links":{"self":[{"href":"https:\/\/as-lightsound.de\/wordpress\/wp-json\/wp\/v2\/product\/223","targetHints":{"allow":["GET"]}}],"collection":[{"href":"https:\/\/as-lightsound.de\/wordpress\/wp-json\/wp\/v2\/product"}],"about":[{"href":"https:\/\/as-lightsound.de\/wordpress\/wp-json\/wp\/v2\/types\/product"}],"wp:featuredmedia":[{"embeddable":true,"href":"https:\/\/as-lightsound.de\/wordpress\/wp-json\/wp\/v2\/media\/224"}],"wp:attachment":[{"href":"https:\/\/as-lightsound.de\/wordpress\/wp-json\/wp\/v2\/media?parent=223"}],"wp:term":[{"taxonomy":"product_brand","embeddable":true,"href":"https:\/\/as-lightsound.de\/wordpress\/wp-json\/wp\/v2\/product_brand?post=223"},{"taxonomy":"product_cat","embeddable":true,"href":"https:\/\/as-lightsound.de\/wordpress\/wp-json\/wp\/v2\/product_cat?post=223"},{"taxonomy":"product_tag","embeddable":true,"href":"https:\/\/as-lightsound.de\/wordpress\/wp-json\/wp\/v2\/product_tag?post=223"}],"curies":[{"name":"wp","href":"https:\/\/api.w.org\/{rel}","templated":true}]}}