{"id":221,"date":"2021-03-18T12:50:41","date_gmt":"2021-03-18T11:50:41","guid":{"rendered":"https:\/\/as-lightsound.de\/wordpress\/?post_type=product&#038;p=221"},"modified":"2025-10-09T08:04:07","modified_gmt":"2025-10-09T06:04:07","slug":"gopro-hero7-black","status":"publish","type":"product","link":"https:\/\/as-lightsound.de\/wordpress\/product\/gopro-hero7-black\/","title":{"rendered":"GoPro Hero7 black"},"content":{"rendered":"<p data-start=\"89\" data-end=\"456\">Die <strong data-start=\"93\" data-end=\"114\">GoPro HERO7 Black<\/strong> ist eine leistungsstarke Actionkamera f\u00fcr professionelle und sportliche Anwendungen. Sie \u00fcberzeugt mit 4K-Videoaufl\u00f6sung, HyperSmooth-Bildstabilisierung und robustem, wasserdichtem Design. Ideal f\u00fcr dynamische Aufnahmen bei Sport, Outdoor und Live-Produktionen, bietet sie zudem Sprachsteuerung, Livestreaming und flexible Montageoptionen.<\/p>\n<hr data-start=\"458\" data-end=\"461\" \/>\n<h3 data-start=\"463\" data-end=\"496\">Technische Daten (Tech Specs)<\/h3>\n<div class=\"_tableContainer_1rjym_1\">\n<div class=\"group _tableWrapper_1rjym_13 flex w-fit flex-col-reverse\" tabindex=\"-1\">\n<table class=\"w-fit min-w-(--thread-content-width)\" data-start=\"498\" data-end=\"1743\">\n<thead data-start=\"498\" data-end=\"516\">\n<tr data-start=\"498\" data-end=\"516\">\n<th data-start=\"498\" data-end=\"508\" data-col-size=\"sm\">Merkmal<\/th>\n<th data-start=\"508\" data-end=\"516\" data-col-size=\"md\">Wert<\/th>\n<\/tr>\n<\/thead>\n<tbody data-start=\"537\" data-end=\"1743\">\n<tr data-start=\"537\" data-end=\"571\">\n<td data-start=\"537\" data-end=\"550\" data-col-size=\"sm\"><strong data-start=\"539\" data-end=\"549\">Modell<\/strong><\/td>\n<td data-start=\"550\" data-end=\"571\" data-col-size=\"md\">GoPro HERO7 Black<\/td>\n<\/tr>\n<tr data-start=\"572\" data-end=\"607\">\n<td data-start=\"572\" data-end=\"585\" data-col-size=\"sm\"><strong data-start=\"574\" data-end=\"584\">Sensor<\/strong><\/td>\n<td data-start=\"585\" data-end=\"607\" data-col-size=\"md\">1\/2,3&#8243; CMOS, 12 MP<\/td>\n<\/tr>\n<tr data-start=\"608\" data-end=\"663\">\n<td data-start=\"608\" data-end=\"634\" data-col-size=\"sm\"><strong data-start=\"610\" data-end=\"633\">Max. Videoaufl\u00f6sung<\/strong><\/td>\n<td data-start=\"634\" data-end=\"663\" data-col-size=\"md\">4K (3840 \u00d7 2160) @ 60 fps<\/td>\n<\/tr>\n<tr data-start=\"664\" data-end=\"730\">\n<td data-start=\"664\" data-end=\"695\" data-col-size=\"sm\"><strong data-start=\"666\" data-end=\"694\">Weitere Videoaufl\u00f6sungen<\/strong><\/td>\n<td data-start=\"695\" data-end=\"730\" data-col-size=\"md\">2.7K @ 120 fps, 1080p @ 240 fps<\/td>\n<\/tr>\n<tr data-start=\"731\" data-end=\"773\">\n<td data-start=\"731\" data-end=\"751\" data-col-size=\"sm\"><strong data-start=\"733\" data-end=\"750\">Fotoaufl\u00f6sung<\/strong><\/td>\n<td data-start=\"751\" data-end=\"773\" data-col-size=\"md\">12 MP (JPEG + RAW)<\/td>\n<\/tr>\n<tr data-start=\"774\" data-end=\"845\">\n<td data-start=\"774\" data-end=\"795\" data-col-size=\"sm\"><strong data-start=\"776\" data-end=\"794\">Stabilisierung<\/strong><\/td>\n<td data-start=\"795\" data-end=\"845\" data-col-size=\"md\">HyperSmooth (digitale 3-Achsen-Stabilisierung)<\/td>\n<\/tr>\n<tr data-start=\"846\" data-end=\"901\">\n<td data-start=\"846\" data-end=\"861\" data-col-size=\"sm\"><strong data-start=\"848\" data-end=\"860\">Objektiv<\/strong><\/td>\n<td data-start=\"861\" data-end=\"901\" data-col-size=\"md\">Ultraweitwinkel (ca. 170\u00b0 Sichtfeld)<\/td>\n<\/tr>\n<tr data-start=\"902\" data-end=\"965\">\n<td data-start=\"902\" data-end=\"917\" data-col-size=\"sm\"><strong data-start=\"904\" data-end=\"916\">Displays<\/strong><\/td>\n<td data-start=\"917\" data-end=\"965\" data-col-size=\"md\">2,0\u2033 Touchscreen hinten, Statusdisplay vorne<\/td>\n<\/tr>\n<tr data-start=\"966\" data-end=\"1039\">\n<td data-start=\"966\" data-end=\"978\" data-col-size=\"sm\"><strong data-start=\"968\" data-end=\"977\">Audio<\/strong><\/td>\n<td data-start=\"978\" data-end=\"1039\" data-col-size=\"md\">3 Mikrofone, Stereoaufnahme mit Windger\u00e4uschunterdr\u00fcckung<\/td>\n<\/tr>\n<tr data-start=\"1040\" data-end=\"1088\">\n<td data-start=\"1040\" data-end=\"1057\" data-col-size=\"sm\"><strong data-start=\"1042\" data-end=\"1056\">Anschl\u00fcsse<\/strong><\/td>\n<td data-start=\"1057\" data-end=\"1088\" data-col-size=\"md\">USB-C, microSD (bis 256 GB)<\/td>\n<\/tr>\n<tr data-start=\"1089\" data-end=\"1151\">\n<td data-start=\"1089\" data-end=\"1120\" data-col-size=\"sm\"><strong data-start=\"1091\" data-end=\"1119\">Drahtlose Schnittstellen<\/strong><\/td>\n<td data-start=\"1120\" data-end=\"1151\" data-col-size=\"md\">WLAN (2,4\/5 GHz), Bluetooth<\/td>\n<\/tr>\n<tr data-start=\"1152\" data-end=\"1212\">\n<td data-start=\"1152\" data-end=\"1173\" data-col-size=\"sm\"><strong data-start=\"1154\" data-end=\"1172\">Live Streaming<\/strong><\/td>\n<td data-start=\"1173\" data-end=\"1212\" data-col-size=\"md\">bis 720p \u00fcber Wi-Fi oder Smartphone<\/td>\n<\/tr>\n<tr data-start=\"1213\" data-end=\"1286\">\n<td data-start=\"1213\" data-end=\"1241\" data-col-size=\"sm\"><strong data-start=\"1215\" data-end=\"1240\">Zeitraffer \/ TimeWarp<\/strong><\/td>\n<td data-start=\"1241\" data-end=\"1286\" data-col-size=\"md\">TimeWarp-Video und klassischer Zeitraffer<\/td>\n<\/tr>\n<tr data-start=\"1287\" data-end=\"1332\">\n<td data-start=\"1287\" data-end=\"1305\" data-col-size=\"sm\"><strong data-start=\"1289\" data-end=\"1304\">Wasserdicht<\/strong><\/td>\n<td data-col-size=\"md\" data-start=\"1305\" data-end=\"1332\">bis 10 m (ohne Geh\u00e4use)<\/td>\n<\/tr>\n<tr data-start=\"1333\" data-end=\"1384\">\n<td data-start=\"1333\" data-end=\"1355\" data-col-size=\"sm\"><strong data-start=\"1335\" data-end=\"1354\">Sprachsteuerung<\/strong><\/td>\n<td data-start=\"1355\" data-end=\"1384\" data-col-size=\"md\">16 Befehle (mehrsprachig)<\/td>\n<\/tr>\n<tr data-start=\"1385\" data-end=\"1431\">\n<td data-start=\"1385\" data-end=\"1410\" data-col-size=\"sm\"><strong data-start=\"1387\" data-end=\"1409\">Betriebstemperatur<\/strong><\/td>\n<td data-start=\"1410\" data-end=\"1431\" data-col-size=\"md\">\u201310 \u00b0C bis +35 \u00b0C<\/td>\n<\/tr>\n<tr data-start=\"1432\" data-end=\"1477\">\n<td data-start=\"1432\" data-end=\"1443\" data-col-size=\"sm\"><strong data-start=\"1434\" data-end=\"1442\">Akku<\/strong><\/td>\n<td data-start=\"1443\" data-end=\"1477\" data-col-size=\"md\">1.220 mAh Li-Ion, austauschbar<\/td>\n<\/tr>\n<tr data-start=\"1478\" data-end=\"1522\">\n<td data-start=\"1478\" data-end=\"1493\" data-col-size=\"sm\"><strong data-start=\"1480\" data-end=\"1492\">Ladezeit<\/strong><\/td>\n<td data-start=\"1493\" data-end=\"1522\" data-col-size=\"md\">ca. 2 Stunden (per USB-C)<\/td>\n<\/tr>\n<tr data-start=\"1523\" data-end=\"1576\">\n<td data-start=\"1523\" data-end=\"1553\" data-col-size=\"sm\"><strong data-start=\"1525\" data-end=\"1552\">Abmessungen (B \u00d7 H \u00d7 T)<\/strong><\/td>\n<td data-start=\"1553\" data-end=\"1576\" data-col-size=\"md\">62,3 \u00d7 44,9 \u00d7 33 mm<\/td>\n<\/tr>\n<tr data-start=\"1577\" data-end=\"1600\">\n<td data-start=\"1577\" data-end=\"1591\" data-col-size=\"sm\"><strong data-start=\"1579\" data-end=\"1590\">Gewicht<\/strong><\/td>\n<td data-start=\"1591\" data-end=\"1600\" data-col-size=\"md\">116 g<\/td>\n<\/tr>\n<tr data-start=\"1601\" data-end=\"1671\">\n<td data-start=\"1601\" data-end=\"1615\" data-col-size=\"sm\"><strong data-start=\"1603\" data-end=\"1614\">Montage<\/strong><\/td>\n<td data-start=\"1615\" data-end=\"1671\" data-col-size=\"md\">Integrierte Klapphalterung, GoPro-Zubeh\u00f6r-kompatibel<\/td>\n<\/tr>\n<tr data-start=\"1672\" data-end=\"1719\">\n<td data-start=\"1672\" data-end=\"1687\" data-col-size=\"sm\"><strong data-start=\"1674\" data-end=\"1686\">Material<\/strong><\/td>\n<td data-col-size=\"md\" data-start=\"1687\" data-end=\"1719\">Gummiertes Kunststoffgeh\u00e4use<\/td>\n<\/tr>\n<tr data-start=\"1720\" data-end=\"1743\">\n<td data-start=\"1720\" data-end=\"1732\" data-col-size=\"sm\"><strong data-start=\"1722\" data-end=\"1731\">Farbe<\/strong><\/td>\n<td data-start=\"1732\" data-end=\"1743\" data-col-size=\"md\">Schwarz<\/td>\n<\/tr>\n<\/tbody>\n<\/table>\n<\/div>\n<\/div>\n","protected":false},"excerpt":{"rendered":"<p>2 vorr\u00e4tig<\/p>\n","protected":false},"featured_media":222,"template":"","meta":[],"product_brand":[],"product_cat":[25],"product_tag":[],"class_list":{"0":"post-221","1":"product","2":"type-product","3":"status-publish","4":"has-post-thumbnail","6":"product_cat-kameras","8":"first","9":"instock","10":"taxable","11":"shipping-taxable","12":"purchasable","13":"product-type-simple"},"_links":{"self":[{"href":"https:\/\/as-lightsound.de\/wordpress\/wp-json\/wp\/v2\/product\/221","targetHints":{"allow":["GET"]}}],"collection":[{"href":"https:\/\/as-lightsound.de\/wordpress\/wp-json\/wp\/v2\/product"}],"about":[{"href":"https:\/\/as-lightsound.de\/wordpress\/wp-json\/wp\/v2\/types\/product"}],"wp:featuredmedia":[{"embeddable":true,"href":"https:\/\/as-lightsound.de\/wordpress\/wp-json\/wp\/v2\/media\/222"}],"wp:attachment":[{"href":"https:\/\/as-lightsound.de\/wordpress\/wp-json\/wp\/v2\/media?parent=221"}],"wp:term":[{"taxonomy":"product_brand","embeddable":true,"href":"https:\/\/as-lightsound.de\/wordpress\/wp-json\/wp\/v2\/product_brand?post=221"},{"taxonomy":"product_cat","embeddable":true,"href":"https:\/\/as-lightsound.de\/wordpress\/wp-json\/wp\/v2\/product_cat?post=221"},{"taxonomy":"product_tag","embeddable":true,"href":"https:\/\/as-lightsound.de\/wordpress\/wp-json\/wp\/v2\/product_tag?post=221"}],"curies":[{"name":"wp","href":"https:\/\/api.w.org\/{rel}","templated":true}]}}