{"id":2160,"date":"2025-10-03T09:30:41","date_gmt":"2025-10-03T07:30:41","guid":{"rendered":"https:\/\/as-lightsound.de\/wordpress\/?post_type=product&#038;p=2160"},"modified":"2025-10-03T09:31:39","modified_gmt":"2025-10-03T07:31:39","slug":"catchbox-plus-hub4d-cube","status":"publish","type":"product","link":"https:\/\/as-lightsound.de\/wordpress\/product\/catchbox-plus-hub4d-cube\/","title":{"rendered":"Catchbox Plus Hub4D Cube"},"content":{"rendered":"<p data-start=\"159\" data-end=\"563\">Das <strong data-start=\"163\" data-end=\"198\">Catchbox Plus Hub4D Cube Bundle<\/strong> ist ein drahtloses Mikrofon-Set mit dem interaktiven Catchbox Cube-Wurfmikrofon und dem Hub4D Empf\u00e4nger. Es wurde speziell f\u00fcr Konferenzen, Workshops und Events entwickelt, um Publikumsbeteiligung spielerisch und professionell zu gestalten. Dank digitaler \u00dcbertragung, Plug &amp; Play und hoher Reichweite ist es eine ideale L\u00f6sung f\u00fcr moderne Veranstaltungsformate.<\/p>\n<hr data-start=\"565\" data-end=\"568\" \/>\n<h3 data-start=\"570\" data-end=\"607\"><strong data-start=\"574\" data-end=\"607\">Technische Daten (Tech Specs)<\/strong><\/h3>\n<div class=\"_tableContainer_1rjym_1\">\n<div class=\"group _tableWrapper_1rjym_13 flex w-fit flex-col-reverse\" tabindex=\"-1\">\n<table class=\"w-fit min-w-(--thread-content-width)\" data-start=\"609\" data-end=\"1569\">\n<thead data-start=\"609\" data-end=\"636\">\n<tr data-start=\"609\" data-end=\"636\">\n<th data-start=\"609\" data-end=\"619\" data-col-size=\"sm\">Merkmal<\/th>\n<th data-start=\"619\" data-end=\"636\" data-col-size=\"lg\">Spezifikation<\/th>\n<\/tr>\n<\/thead>\n<tbody data-start=\"660\" data-end=\"1569\">\n<tr data-start=\"660\" data-end=\"725\">\n<td data-start=\"660\" data-end=\"677\" data-col-size=\"sm\"><strong data-start=\"662\" data-end=\"676\">Set-Inhalt<\/strong><\/td>\n<td data-start=\"677\" data-end=\"725\" data-col-size=\"lg\">Catchbox Cube Wurfmikrofon + Hub4D Empf\u00e4nger<\/td>\n<\/tr>\n<tr data-start=\"726\" data-end=\"797\">\n<td data-start=\"726\" data-end=\"748\" data-col-size=\"sm\"><strong data-start=\"728\" data-end=\"747\">Frequenzbereich<\/strong><\/td>\n<td data-start=\"748\" data-end=\"797\" data-col-size=\"lg\">1,9 GHz DECT (st\u00f6rungsfrei, lizenzfrei in EU)<\/td>\n<\/tr>\n<tr data-start=\"798\" data-end=\"851\">\n<td data-start=\"798\" data-end=\"821\" data-col-size=\"sm\"><strong data-start=\"800\" data-end=\"820\">Audio\u00fcbertragung<\/strong><\/td>\n<td data-start=\"821\" data-end=\"851\" data-col-size=\"lg\">Digital, 24 Bit, latenzarm<\/td>\n<\/tr>\n<tr data-start=\"852\" data-end=\"898\">\n<td data-start=\"852\" data-end=\"869\" data-col-size=\"sm\"><strong data-start=\"854\" data-end=\"868\">Reichweite<\/strong><\/td>\n<td data-start=\"869\" data-end=\"898\" data-col-size=\"lg\">bis zu 100 m (Sichtlinie)<\/td>\n<\/tr>\n<tr data-start=\"899\" data-end=\"985\">\n<td data-start=\"899\" data-end=\"917\" data-col-size=\"sm\"><strong data-start=\"901\" data-end=\"916\">Mikrofontyp<\/strong><\/td>\n<td data-start=\"917\" data-end=\"985\" data-col-size=\"lg\">Catchbox Cube, integriertes Drahtlosmikrofon, Schaumstoffgeh\u00e4use<\/td>\n<\/tr>\n<tr data-start=\"986\" data-end=\"1075\">\n<td data-start=\"986\" data-end=\"1010\" data-col-size=\"sm\"><strong data-start=\"988\" data-end=\"1009\">Mikrofon-Funktion<\/strong><\/td>\n<td data-start=\"1010\" data-end=\"1075\" data-col-size=\"lg\">Automatisches Stummschalten beim Werfen, robuste Konstruktion<\/td>\n<\/tr>\n<tr data-start=\"1076\" data-end=\"1159\">\n<td data-start=\"1076\" data-end=\"1100\" data-col-size=\"sm\"><strong data-start=\"1078\" data-end=\"1099\">Empf\u00e4nger (Hub4D)<\/strong><\/td>\n<td data-start=\"1100\" data-end=\"1159\" data-col-size=\"lg\">4-Kanal Empf\u00e4nger, Anschluss via Dante, USB oder analog<\/td>\n<\/tr>\n<tr data-start=\"1160\" data-end=\"1217\">\n<td data-start=\"1160\" data-end=\"1177\" data-col-size=\"sm\"><strong data-start=\"1162\" data-end=\"1176\">Anschl\u00fcsse<\/strong><\/td>\n<td data-start=\"1177\" data-end=\"1217\" data-col-size=\"lg\">Dante (RJ45), USB-C, 3,5 mm Line Out<\/td>\n<\/tr>\n<tr data-start=\"1218\" data-end=\"1269\">\n<td data-start=\"1218\" data-end=\"1240\" data-col-size=\"sm\"><strong data-start=\"1220\" data-end=\"1239\">Stromversorgung<\/strong><\/td>\n<td data-start=\"1240\" data-end=\"1269\" data-col-size=\"lg\">Netzteil oder PoE (Hub4D)<\/td>\n<\/tr>\n<tr data-start=\"1270\" data-end=\"1311\">\n<td data-start=\"1270\" data-end=\"1296\" data-col-size=\"sm\"><strong data-start=\"1272\" data-end=\"1295\">Akkulaufzeit (Cube)<\/strong><\/td>\n<td data-start=\"1296\" data-end=\"1311\" data-col-size=\"lg\">bis zu 12 h<\/td>\n<\/tr>\n<tr data-start=\"1312\" data-end=\"1347\">\n<td data-start=\"1312\" data-end=\"1334\" data-col-size=\"sm\"><strong data-start=\"1314\" data-end=\"1333\">Ladezeit (Cube)<\/strong><\/td>\n<td data-start=\"1334\" data-end=\"1347\" data-col-size=\"lg\">ca. 2\u20133 h<\/td>\n<\/tr>\n<tr data-start=\"1348\" data-end=\"1399\">\n<td data-start=\"1348\" data-end=\"1373\" data-col-size=\"sm\"><strong data-start=\"1350\" data-end=\"1372\">Abmessungen (Cube)<\/strong><\/td>\n<td data-start=\"1373\" data-end=\"1399\" data-col-size=\"lg\">ca. 120 \u00d7 120 \u00d7 120 mm<\/td>\n<\/tr>\n<tr data-start=\"1400\" data-end=\"1435\">\n<td data-start=\"1400\" data-end=\"1421\" data-col-size=\"sm\"><strong data-start=\"1402\" data-end=\"1420\">Gewicht (Cube)<\/strong><\/td>\n<td data-start=\"1421\" data-end=\"1435\" data-col-size=\"lg\">ca. 0,4 kg<\/td>\n<\/tr>\n<tr data-start=\"1436\" data-end=\"1569\">\n<td data-start=\"1436\" data-end=\"1457\" data-col-size=\"sm\"><strong data-start=\"1438\" data-end=\"1456\">Besonderheiten<\/strong><\/td>\n<td data-start=\"1457\" data-end=\"1569\" data-col-size=\"lg\">Interaktive Publikumsbeteiligung, einfache Integration in AV-Systeme, robuste Bauweise, sofort einsatzbereit<\/td>\n<\/tr>\n<\/tbody>\n<\/table>\n<\/div>\n<\/div>\n","protected":false},"excerpt":{"rendered":"<p>2 vorr\u00e4tig<\/p>\n","protected":false},"featured_media":2159,"template":"","meta":[],"product_brand":[],"product_cat":[18],"product_tag":[],"class_list":{"0":"post-2160","1":"product","2":"type-product","3":"status-publish","4":"has-post-thumbnail","6":"product_cat-mikrofone","8":"first","9":"instock","10":"taxable","11":"shipping-taxable","12":"purchasable","13":"product-type-simple"},"_links":{"self":[{"href":"https:\/\/as-lightsound.de\/wordpress\/wp-json\/wp\/v2\/product\/2160","targetHints":{"allow":["GET"]}}],"collection":[{"href":"https:\/\/as-lightsound.de\/wordpress\/wp-json\/wp\/v2\/product"}],"about":[{"href":"https:\/\/as-lightsound.de\/wordpress\/wp-json\/wp\/v2\/types\/product"}],"wp:featuredmedia":[{"embeddable":true,"href":"https:\/\/as-lightsound.de\/wordpress\/wp-json\/wp\/v2\/media\/2159"}],"wp:attachment":[{"href":"https:\/\/as-lightsound.de\/wordpress\/wp-json\/wp\/v2\/media?parent=2160"}],"wp:term":[{"taxonomy":"product_brand","embeddable":true,"href":"https:\/\/as-lightsound.de\/wordpress\/wp-json\/wp\/v2\/product_brand?post=2160"},{"taxonomy":"product_cat","embeddable":true,"href":"https:\/\/as-lightsound.de\/wordpress\/wp-json\/wp\/v2\/product_cat?post=2160"},{"taxonomy":"product_tag","embeddable":true,"href":"https:\/\/as-lightsound.de\/wordpress\/wp-json\/wp\/v2\/product_tag?post=2160"}],"curies":[{"name":"wp","href":"https:\/\/api.w.org\/{rel}","templated":true}]}}