{"id":209,"date":"2021-03-18T12:28:56","date_gmt":"2021-03-18T11:28:56","guid":{"rendered":"https:\/\/as-lightsound.de\/wordpress\/?post_type=product&#038;p=209"},"modified":"2025-10-08T10:03:55","modified_gmt":"2025-10-08T08:03:55","slug":"shure-beta-58","status":"publish","type":"product","link":"https:\/\/as-lightsound.de\/wordpress\/product\/shure-beta-58\/","title":{"rendered":"Shure Beta 58"},"content":{"rendered":"<p data-start=\"84\" data-end=\"656\">Das Shure Beta 58A ist ein hochwertiges, dynamisches Mikrofon, das speziell f\u00fcr professionelle Gesangs- und Sprachanwendungen entwickelt wurde. Mit seiner Supernierencharakteristik bietet es eine exzellente Isolation der Schallquelle und hohe R\u00fcckkopplungsfestigkeit auch bei hohen B\u00fchnenlautst\u00e4rken. Der erweiterte Frequenzbereich und die pr\u00e4zise Pr\u00e4senzanhebung sorgen f\u00fcr klare, durchsetzungsf\u00e4hige Stimmen mit definierten H\u00f6hen und kr\u00e4ftigen Mitten. Das robuste Geh\u00e4use und der geh\u00e4rtete Stahlkorb gew\u00e4hrleisten Zuverl\u00e4ssigkeit im t\u00e4glichen Live- und Tourneebetrieb.<\/p>\n<hr data-start=\"658\" data-end=\"661\" \/>\n<h3 data-start=\"663\" data-end=\"696\">Technische Daten (Tech Specs)<\/h3>\n<div class=\"_tableContainer_1rjym_1\">\n<div class=\"group _tableWrapper_1rjym_13 flex w-fit flex-col-reverse\" tabindex=\"-1\">\n<table class=\"w-fit min-w-(--thread-content-width)\" data-start=\"698\" data-end=\"1296\">\n<thead data-start=\"698\" data-end=\"716\">\n<tr data-start=\"698\" data-end=\"716\">\n<th data-start=\"698\" data-end=\"708\" data-col-size=\"sm\">Merkmal<\/th>\n<th data-start=\"708\" data-end=\"716\" data-col-size=\"sm\">Wert<\/th>\n<\/tr>\n<\/thead>\n<tbody data-start=\"737\" data-end=\"1296\">\n<tr data-start=\"737\" data-end=\"771\">\n<td data-start=\"737\" data-end=\"747\" data-col-size=\"sm\"><strong data-start=\"739\" data-end=\"746\">Typ<\/strong><\/td>\n<td data-start=\"747\" data-end=\"771\" data-col-size=\"sm\">Dynamisches Mikrofon<\/td>\n<\/tr>\n<tr data-start=\"772\" data-end=\"812\">\n<td data-start=\"772\" data-end=\"798\" data-col-size=\"sm\"><strong data-start=\"774\" data-end=\"797\">Richtcharakteristik<\/strong><\/td>\n<td data-start=\"798\" data-end=\"812\" data-col-size=\"sm\">Superniere<\/td>\n<\/tr>\n<tr data-start=\"813\" data-end=\"853\">\n<td data-start=\"813\" data-end=\"835\" data-col-size=\"sm\"><strong data-start=\"815\" data-end=\"834\">Frequenzbereich<\/strong><\/td>\n<td data-start=\"835\" data-end=\"853\" data-col-size=\"sm\">50 Hz \u2013 16 kHz<\/td>\n<\/tr>\n<tr data-start=\"854\" data-end=\"901\">\n<td data-start=\"854\" data-end=\"876\" data-col-size=\"sm\"><strong data-start=\"856\" data-end=\"875\">Empfindlichkeit<\/strong><\/td>\n<td data-start=\"876\" data-end=\"901\" data-col-size=\"sm\">\u201351,5 dBV\/Pa (2,6 mV)<\/td>\n<\/tr>\n<tr data-start=\"902\" data-end=\"938\">\n<td data-start=\"902\" data-end=\"917\" data-col-size=\"sm\"><strong data-start=\"904\" data-end=\"916\">Impedanz<\/strong><\/td>\n<td data-start=\"917\" data-end=\"938\" data-col-size=\"sm\">150 Ohm (nominal)<\/td>\n<\/tr>\n<tr data-start=\"939\" data-end=\"989\">\n<td data-start=\"939\" data-end=\"973\" data-col-size=\"sm\"><strong data-start=\"941\" data-end=\"972\">Max. Schalldruckpegel (SPL)<\/strong><\/td>\n<td data-start=\"973\" data-end=\"989\" data-col-size=\"sm\">&gt; 140 dB SPL<\/td>\n<\/tr>\n<tr data-start=\"990\" data-end=\"1040\">\n<td data-start=\"990\" data-end=\"1012\" data-col-size=\"sm\"><strong data-start=\"992\" data-end=\"1011\">Betriebsprinzip<\/strong><\/td>\n<td data-start=\"1012\" data-end=\"1040\" data-col-size=\"sm\">Druckgradientenempf\u00e4nger<\/td>\n<\/tr>\n<tr data-start=\"1041\" data-end=\"1097\">\n<td data-start=\"1041\" data-end=\"1065\" data-col-size=\"sm\"><strong data-start=\"1043\" data-end=\"1064\">Ausgangsanschluss<\/strong><\/td>\n<td data-start=\"1065\" data-end=\"1097\" data-col-size=\"sm\">3-poliger XLR-Stecker (male)<\/td>\n<\/tr>\n<tr data-start=\"1098\" data-end=\"1140\">\n<td data-start=\"1098\" data-end=\"1120\" data-col-size=\"sm\"><strong data-start=\"1100\" data-end=\"1119\">Geh\u00e4usematerial<\/strong><\/td>\n<td data-start=\"1120\" data-end=\"1140\" data-col-size=\"sm\">Metall, sto\u00dffest<\/td>\n<\/tr>\n<tr data-start=\"1141\" data-end=\"1180\">\n<td data-start=\"1141\" data-end=\"1160\" data-col-size=\"sm\"><strong data-start=\"1143\" data-end=\"1159\">Korbmaterial<\/strong><\/td>\n<td data-start=\"1160\" data-end=\"1180\" data-col-size=\"sm\">Geh\u00e4rteter Stahl<\/td>\n<\/tr>\n<tr data-start=\"1181\" data-end=\"1225\">\n<td data-start=\"1181\" data-end=\"1207\" data-col-size=\"sm\"><strong data-start=\"1183\" data-end=\"1206\">Abmessungen (L \u00d7 \u00d8)<\/strong><\/td>\n<td data-start=\"1207\" data-end=\"1225\" data-col-size=\"sm\">160 mm \u00d7 50 mm<\/td>\n<\/tr>\n<tr data-start=\"1226\" data-end=\"1253\">\n<td data-start=\"1226\" data-end=\"1240\" data-col-size=\"sm\"><strong data-start=\"1228\" data-end=\"1239\">Gewicht<\/strong><\/td>\n<td data-start=\"1240\" data-end=\"1253\" data-col-size=\"sm\">ca. 278 g<\/td>\n<\/tr>\n<tr data-start=\"1254\" data-end=\"1296\">\n<td data-start=\"1254\" data-end=\"1266\" data-col-size=\"sm\"><strong data-start=\"1256\" data-end=\"1265\">Farbe<\/strong><\/td>\n<td data-start=\"1266\" data-end=\"1296\" data-col-size=\"sm\">Dunkelgrau mit blauem Ring<\/td>\n<\/tr>\n<\/tbody>\n<\/table>\n<\/div>\n<\/div>\n","protected":false},"excerpt":{"rendered":"<p>8 vorr\u00e4tig<\/p>\n","protected":false},"featured_media":781,"template":"","meta":[],"product_brand":[],"product_cat":[18],"product_tag":[],"class_list":{"0":"post-209","1":"product","2":"type-product","3":"status-publish","4":"has-post-thumbnail","6":"product_cat-mikrofone","8":"first","9":"instock","10":"taxable","11":"shipping-taxable","12":"purchasable","13":"product-type-simple"},"_links":{"self":[{"href":"https:\/\/as-lightsound.de\/wordpress\/wp-json\/wp\/v2\/product\/209","targetHints":{"allow":["GET"]}}],"collection":[{"href":"https:\/\/as-lightsound.de\/wordpress\/wp-json\/wp\/v2\/product"}],"about":[{"href":"https:\/\/as-lightsound.de\/wordpress\/wp-json\/wp\/v2\/types\/product"}],"wp:featuredmedia":[{"embeddable":true,"href":"https:\/\/as-lightsound.de\/wordpress\/wp-json\/wp\/v2\/media\/781"}],"wp:attachment":[{"href":"https:\/\/as-lightsound.de\/wordpress\/wp-json\/wp\/v2\/media?parent=209"}],"wp:term":[{"taxonomy":"product_brand","embeddable":true,"href":"https:\/\/as-lightsound.de\/wordpress\/wp-json\/wp\/v2\/product_brand?post=209"},{"taxonomy":"product_cat","embeddable":true,"href":"https:\/\/as-lightsound.de\/wordpress\/wp-json\/wp\/v2\/product_cat?post=209"},{"taxonomy":"product_tag","embeddable":true,"href":"https:\/\/as-lightsound.de\/wordpress\/wp-json\/wp\/v2\/product_tag?post=209"}],"curies":[{"name":"wp","href":"https:\/\/api.w.org\/{rel}","templated":true}]}}