{"id":204,"date":"2021-03-18T12:20:27","date_gmt":"2021-03-18T11:20:27","guid":{"rendered":"https:\/\/as-lightsound.de\/wordpress\/?post_type=product&#038;p=204"},"modified":"2025-10-08T10:05:20","modified_gmt":"2025-10-08T08:05:20","slug":"shure-beta-52a","status":"publish","type":"product","link":"https:\/\/as-lightsound.de\/wordpress\/product\/shure-beta-52a\/","title":{"rendered":"Shure Beta 52A"},"content":{"rendered":"<p data-start=\"70\" data-end=\"647\">Das Shure Beta 52A ist ein speziell f\u00fcr tieffrequente Instrumente entwickeltes, dynamisches Mikrofon mit Supernierencharakteristik. Es liefert einen kraftvollen, definierten Bassklang mit klaren Mitten und kontrollierten H\u00f6hen, ideal f\u00fcr Bassdrums, Bassverst\u00e4rker und andere tieft\u00f6nende Quellen. Die hohe Schalldruckfestigkeit erm\u00f6glicht verzerrungsfreie Aufnahme selbst bei extremen Pegeln. Das robuste Druckgussgeh\u00e4use, der integrierte Stativadapter und die hervorragende R\u00fcckkopplungssicherheit machen das Beta 52A zu einer zuverl\u00e4ssigen Wahl f\u00fcr Live- und Studioeins\u00e4tze.<\/p>\n<hr data-start=\"649\" data-end=\"652\" \/>\n<h3 data-start=\"654\" data-end=\"687\">Technische Daten (Tech Specs)<\/h3>\n<div class=\"_tableContainer_1rjym_1\">\n<div class=\"group _tableWrapper_1rjym_13 flex w-fit flex-col-reverse\" tabindex=\"-1\">\n<table class=\"w-fit min-w-(--thread-content-width)\" data-start=\"689\" data-end=\"1323\">\n<thead data-start=\"689\" data-end=\"707\">\n<tr data-start=\"689\" data-end=\"707\">\n<th data-start=\"689\" data-end=\"699\" data-col-size=\"sm\">Merkmal<\/th>\n<th data-start=\"699\" data-end=\"707\" data-col-size=\"sm\">Wert<\/th>\n<\/tr>\n<\/thead>\n<tbody data-start=\"728\" data-end=\"1323\">\n<tr data-start=\"728\" data-end=\"762\">\n<td data-start=\"728\" data-end=\"738\" data-col-size=\"sm\"><strong data-start=\"730\" data-end=\"737\">Typ<\/strong><\/td>\n<td data-col-size=\"sm\" data-start=\"738\" data-end=\"762\">Dynamisches Mikrofon<\/td>\n<\/tr>\n<tr data-start=\"763\" data-end=\"803\">\n<td data-start=\"763\" data-end=\"789\" data-col-size=\"sm\"><strong data-start=\"765\" data-end=\"788\">Richtcharakteristik<\/strong><\/td>\n<td data-col-size=\"sm\" data-start=\"789\" data-end=\"803\">Superniere<\/td>\n<\/tr>\n<tr data-start=\"804\" data-end=\"844\">\n<td data-start=\"804\" data-end=\"826\" data-col-size=\"sm\"><strong data-start=\"806\" data-end=\"825\">Frequenzbereich<\/strong><\/td>\n<td data-col-size=\"sm\" data-start=\"826\" data-end=\"844\">20 Hz \u2013 10 kHz<\/td>\n<\/tr>\n<tr data-start=\"845\" data-end=\"890\">\n<td data-start=\"845\" data-end=\"867\" data-col-size=\"sm\"><strong data-start=\"847\" data-end=\"866\">Empfindlichkeit<\/strong><\/td>\n<td data-col-size=\"sm\" data-start=\"867\" data-end=\"890\">\u201364 dBV\/Pa (0,6 mV)<\/td>\n<\/tr>\n<tr data-start=\"891\" data-end=\"941\">\n<td data-start=\"891\" data-end=\"925\" data-col-size=\"sm\"><strong data-start=\"893\" data-end=\"924\">Max. Schalldruckpegel (SPL)<\/strong><\/td>\n<td data-col-size=\"sm\" data-start=\"925\" data-end=\"941\">&gt; 174 dB SPL<\/td>\n<\/tr>\n<tr data-start=\"942\" data-end=\"978\">\n<td data-start=\"942\" data-end=\"957\" data-col-size=\"sm\"><strong data-start=\"944\" data-end=\"956\">Impedanz<\/strong><\/td>\n<td data-col-size=\"sm\" data-start=\"957\" data-end=\"978\">150 Ohm (nominal)<\/td>\n<\/tr>\n<tr data-start=\"979\" data-end=\"1029\">\n<td data-start=\"979\" data-end=\"1001\" data-col-size=\"sm\"><strong data-start=\"981\" data-end=\"1000\">Betriebsprinzip<\/strong><\/td>\n<td data-col-size=\"sm\" data-start=\"1001\" data-end=\"1029\">Druckgradientenempf\u00e4nger<\/td>\n<\/tr>\n<tr data-start=\"1030\" data-end=\"1086\">\n<td data-start=\"1030\" data-end=\"1054\" data-col-size=\"sm\"><strong data-start=\"1032\" data-end=\"1053\">Ausgangsanschluss<\/strong><\/td>\n<td data-col-size=\"sm\" data-start=\"1054\" data-end=\"1086\">3-poliger XLR-Stecker (male)<\/td>\n<\/tr>\n<tr data-start=\"1087\" data-end=\"1134\">\n<td data-start=\"1087\" data-end=\"1109\" data-col-size=\"sm\"><strong data-start=\"1089\" data-end=\"1108\">Geh\u00e4usematerial<\/strong><\/td>\n<td data-col-size=\"sm\" data-start=\"1109\" data-end=\"1134\">Metall, druckgegossen<\/td>\n<\/tr>\n<tr data-start=\"1135\" data-end=\"1201\">\n<td data-start=\"1135\" data-end=\"1157\" data-col-size=\"sm\"><strong data-start=\"1137\" data-end=\"1156\">Stativhalterung<\/strong><\/td>\n<td data-col-size=\"sm\" data-start=\"1157\" data-end=\"1201\">Integriert, einrastbar mit XLR-Anschluss<\/td>\n<\/tr>\n<tr data-start=\"1202\" data-end=\"1246\">\n<td data-start=\"1202\" data-end=\"1228\" data-col-size=\"sm\"><strong data-start=\"1204\" data-end=\"1227\">Abmessungen (L \u00d7 \u00d8)<\/strong><\/td>\n<td data-col-size=\"sm\" data-start=\"1228\" data-end=\"1246\">115 mm \u00d7 62 mm<\/td>\n<\/tr>\n<tr data-start=\"1247\" data-end=\"1274\">\n<td data-start=\"1247\" data-end=\"1261\" data-col-size=\"sm\"><strong data-start=\"1249\" data-end=\"1260\">Gewicht<\/strong><\/td>\n<td data-col-size=\"sm\" data-start=\"1261\" data-end=\"1274\">ca. 605 g<\/td>\n<\/tr>\n<tr data-start=\"1275\" data-end=\"1323\">\n<td data-start=\"1275\" data-end=\"1287\" data-col-size=\"sm\"><strong data-start=\"1277\" data-end=\"1286\">Farbe<\/strong><\/td>\n<td data-col-size=\"sm\" data-start=\"1287\" data-end=\"1323\">Metallic-Blau mit silbernem Korb<\/td>\n<\/tr>\n<\/tbody>\n<\/table>\n<\/div>\n<\/div>\n","protected":false},"excerpt":{"rendered":"<p>4 vorr\u00e4tig<\/p>\n","protected":false},"featured_media":205,"template":"","meta":[],"product_brand":[],"product_cat":[18],"product_tag":[],"class_list":{"0":"post-204","1":"product","2":"type-product","3":"status-publish","4":"has-post-thumbnail","6":"product_cat-mikrofone","8":"first","9":"instock","10":"taxable","11":"shipping-taxable","12":"purchasable","13":"product-type-simple"},"_links":{"self":[{"href":"https:\/\/as-lightsound.de\/wordpress\/wp-json\/wp\/v2\/product\/204","targetHints":{"allow":["GET"]}}],"collection":[{"href":"https:\/\/as-lightsound.de\/wordpress\/wp-json\/wp\/v2\/product"}],"about":[{"href":"https:\/\/as-lightsound.de\/wordpress\/wp-json\/wp\/v2\/types\/product"}],"wp:featuredmedia":[{"embeddable":true,"href":"https:\/\/as-lightsound.de\/wordpress\/wp-json\/wp\/v2\/media\/205"}],"wp:attachment":[{"href":"https:\/\/as-lightsound.de\/wordpress\/wp-json\/wp\/v2\/media?parent=204"}],"wp:term":[{"taxonomy":"product_brand","embeddable":true,"href":"https:\/\/as-lightsound.de\/wordpress\/wp-json\/wp\/v2\/product_brand?post=204"},{"taxonomy":"product_cat","embeddable":true,"href":"https:\/\/as-lightsound.de\/wordpress\/wp-json\/wp\/v2\/product_cat?post=204"},{"taxonomy":"product_tag","embeddable":true,"href":"https:\/\/as-lightsound.de\/wordpress\/wp-json\/wp\/v2\/product_tag?post=204"}],"curies":[{"name":"wp","href":"https:\/\/api.w.org\/{rel}","templated":true}]}}