{"id":196,"date":"2021-03-18T12:14:13","date_gmt":"2021-03-18T11:14:13","guid":{"rendered":"https:\/\/as-lightsound.de\/wordpress\/?post_type=product&#038;p=196"},"modified":"2025-10-08T10:07:26","modified_gmt":"2025-10-08T08:07:26","slug":"shure-beta-91a","status":"publish","type":"product","link":"https:\/\/as-lightsound.de\/wordpress\/product\/shure-beta-91a\/","title":{"rendered":"Shure Beta 91A"},"content":{"rendered":"<p data-start=\"89\" data-end=\"699\">Das <strong data-start=\"93\" data-end=\"111\">Shure Beta 91A<\/strong> ist ein professionelles Grenzfl\u00e4chen-Kondensatormikrofon, das speziell f\u00fcr die Abnahme von Bassdrums und tiefen Frequenzen entwickelt wurde. Es kombiniert eine halbnierenf\u00f6rmige Richtcharakteristik mit einem integrierten Vorverst\u00e4rker, wodurch ein kraftvoller, pr\u00e4ziser und durchsetzungsf\u00e4higer Bassklang erzielt wird. Das flache Design erm\u00f6glicht eine unauff\u00e4llige Platzierung im Inneren der Bassdrum oder auf anderen ebenen Fl\u00e4chen. Mit dem integrierten EQ-Schalter l\u00e4sst sich der Klang flexibel zwischen nat\u00fcrlicher und punchbetonter Wiedergabe anpassen \u2013 ideal f\u00fcr Live und Studio.<\/p>\n<hr data-start=\"701\" data-end=\"704\" \/>\n<h3 data-start=\"706\" data-end=\"739\">Technische Daten (Tech Specs)<\/h3>\n<div class=\"_tableContainer_1rjym_1\">\n<div class=\"group _tableWrapper_1rjym_13 flex w-fit flex-col-reverse\" tabindex=\"-1\">\n<table class=\"w-fit min-w-(--thread-content-width)\" data-start=\"741\" data-end=\"1402\">\n<thead data-start=\"741\" data-end=\"759\">\n<tr data-start=\"741\" data-end=\"759\">\n<th data-start=\"741\" data-end=\"751\" data-col-size=\"sm\">Merkmal<\/th>\n<th data-start=\"751\" data-end=\"759\" data-col-size=\"sm\">Wert<\/th>\n<\/tr>\n<\/thead>\n<tbody data-start=\"780\" data-end=\"1402\">\n<tr data-start=\"780\" data-end=\"827\">\n<td data-start=\"780\" data-end=\"790\" data-col-size=\"sm\"><strong data-start=\"782\" data-end=\"789\">Typ<\/strong><\/td>\n<td data-col-size=\"sm\" data-start=\"790\" data-end=\"827\">Kondensatormikrofon (Grenzfl\u00e4che)<\/td>\n<\/tr>\n<tr data-start=\"828\" data-end=\"869\">\n<td data-start=\"828\" data-end=\"854\" data-col-size=\"sm\"><strong data-start=\"830\" data-end=\"853\">Richtcharakteristik<\/strong><\/td>\n<td data-col-size=\"sm\" data-start=\"854\" data-end=\"869\">Halbe Niere<\/td>\n<\/tr>\n<tr data-start=\"870\" data-end=\"910\">\n<td data-start=\"870\" data-end=\"892\" data-col-size=\"sm\"><strong data-start=\"872\" data-end=\"891\">Frequenzbereich<\/strong><\/td>\n<td data-col-size=\"sm\" data-start=\"892\" data-end=\"910\">20 Hz \u2013 20 kHz<\/td>\n<\/tr>\n<tr data-start=\"911\" data-end=\"956\">\n<td data-start=\"911\" data-end=\"933\" data-col-size=\"sm\"><strong data-start=\"913\" data-end=\"932\">Empfindlichkeit<\/strong><\/td>\n<td data-col-size=\"sm\" data-start=\"933\" data-end=\"956\">\u201345 dBV\/Pa (5,6 mV)<\/td>\n<\/tr>\n<tr data-start=\"957\" data-end=\"1005\">\n<td data-start=\"957\" data-end=\"991\" data-col-size=\"sm\"><strong data-start=\"959\" data-end=\"990\">Max. Schalldruckpegel (SPL)<\/strong><\/td>\n<td data-col-size=\"sm\" data-start=\"991\" data-end=\"1005\">155 dB SPL<\/td>\n<\/tr>\n<tr data-start=\"1006\" data-end=\"1059\">\n<td data-start=\"1006\" data-end=\"1021\" data-col-size=\"sm\"><strong data-start=\"1008\" data-end=\"1020\">Schalter<\/strong><\/td>\n<td data-col-size=\"sm\" data-start=\"1021\" data-end=\"1059\">EQ-Schalter (Flat \/ Low-Mid Boost)<\/td>\n<\/tr>\n<tr data-start=\"1060\" data-end=\"1086\">\n<td data-start=\"1060\" data-end=\"1075\" data-col-size=\"sm\"><strong data-start=\"1062\" data-end=\"1074\">Impedanz<\/strong><\/td>\n<td data-col-size=\"sm\" data-start=\"1075\" data-end=\"1086\">146 Ohm<\/td>\n<\/tr>\n<tr data-start=\"1087\" data-end=\"1139\">\n<td data-start=\"1087\" data-end=\"1110\" data-col-size=\"sm\"><strong data-start=\"1089\" data-end=\"1109\">Betriebsspannung<\/strong><\/td>\n<td data-col-size=\"sm\" data-start=\"1110\" data-end=\"1139\">11 \u2013 52 V Phantomspeisung<\/td>\n<\/tr>\n<tr data-start=\"1140\" data-end=\"1196\">\n<td data-start=\"1140\" data-end=\"1164\" data-col-size=\"sm\"><strong data-start=\"1142\" data-end=\"1163\">Ausgangsanschluss<\/strong><\/td>\n<td data-col-size=\"sm\" data-start=\"1164\" data-end=\"1196\">3-poliger XLR-Stecker (male)<\/td>\n<\/tr>\n<tr data-start=\"1197\" data-end=\"1237\">\n<td data-start=\"1197\" data-end=\"1219\" data-col-size=\"sm\"><strong data-start=\"1199\" data-end=\"1218\">Betriebsprinzip<\/strong><\/td>\n<td data-col-size=\"sm\" data-start=\"1219\" data-end=\"1237\">Druckempf\u00e4nger<\/td>\n<\/tr>\n<tr data-start=\"1238\" data-end=\"1280\">\n<td data-start=\"1238\" data-end=\"1260\" data-col-size=\"sm\"><strong data-start=\"1240\" data-end=\"1259\">Geh\u00e4usematerial<\/strong><\/td>\n<td data-col-size=\"sm\" data-start=\"1260\" data-end=\"1280\">Metall, gegossen<\/td>\n<\/tr>\n<tr data-start=\"1281\" data-end=\"1337\">\n<td data-start=\"1281\" data-end=\"1311\" data-col-size=\"sm\"><strong data-start=\"1283\" data-end=\"1310\">Abmessungen (L \u00d7 B \u00d7 H)<\/strong><\/td>\n<td data-col-size=\"sm\" data-start=\"1311\" data-end=\"1337\">139 mm \u00d7 95 mm \u00d7 26 mm<\/td>\n<\/tr>\n<tr data-start=\"1338\" data-end=\"1365\">\n<td data-start=\"1338\" data-end=\"1352\" data-col-size=\"sm\"><strong data-start=\"1340\" data-end=\"1351\">Gewicht<\/strong><\/td>\n<td data-col-size=\"sm\" data-start=\"1352\" data-end=\"1365\">ca. 470 g<\/td>\n<\/tr>\n<tr data-start=\"1366\" data-end=\"1402\">\n<td data-start=\"1366\" data-end=\"1378\" data-col-size=\"sm\"><strong data-start=\"1368\" data-end=\"1377\">Farbe<\/strong><\/td>\n<td data-col-size=\"sm\" data-start=\"1378\" data-end=\"1402\">Schwarz \/ Dunkelgrau<\/td>\n<\/tr>\n<\/tbody>\n<\/table>\n<\/div>\n<\/div>\n","protected":false},"excerpt":{"rendered":"<p>2 vorr\u00e4tig<\/p>\n","protected":false},"featured_media":197,"template":"","meta":[],"product_brand":[],"product_cat":[18],"product_tag":[],"class_list":{"0":"post-196","1":"product","2":"type-product","3":"status-publish","4":"has-post-thumbnail","6":"product_cat-mikrofone","8":"first","9":"instock","10":"taxable","11":"shipping-taxable","12":"purchasable","13":"product-type-simple"},"_links":{"self":[{"href":"https:\/\/as-lightsound.de\/wordpress\/wp-json\/wp\/v2\/product\/196","targetHints":{"allow":["GET"]}}],"collection":[{"href":"https:\/\/as-lightsound.de\/wordpress\/wp-json\/wp\/v2\/product"}],"about":[{"href":"https:\/\/as-lightsound.de\/wordpress\/wp-json\/wp\/v2\/types\/product"}],"wp:featuredmedia":[{"embeddable":true,"href":"https:\/\/as-lightsound.de\/wordpress\/wp-json\/wp\/v2\/media\/197"}],"wp:attachment":[{"href":"https:\/\/as-lightsound.de\/wordpress\/wp-json\/wp\/v2\/media?parent=196"}],"wp:term":[{"taxonomy":"product_brand","embeddable":true,"href":"https:\/\/as-lightsound.de\/wordpress\/wp-json\/wp\/v2\/product_brand?post=196"},{"taxonomy":"product_cat","embeddable":true,"href":"https:\/\/as-lightsound.de\/wordpress\/wp-json\/wp\/v2\/product_cat?post=196"},{"taxonomy":"product_tag","embeddable":true,"href":"https:\/\/as-lightsound.de\/wordpress\/wp-json\/wp\/v2\/product_tag?post=196"}],"curies":[{"name":"wp","href":"https:\/\/api.w.org\/{rel}","templated":true}]}}