{"id":194,"date":"2021-03-18T12:13:07","date_gmt":"2021-03-18T11:13:07","guid":{"rendered":"https:\/\/as-lightsound.de\/wordpress\/?post_type=product&#038;p=194"},"modified":"2025-10-08T10:07:54","modified_gmt":"2025-10-08T08:07:54","slug":"rode-nt1","status":"publish","type":"product","link":"https:\/\/as-lightsound.de\/wordpress\/product\/rode-nt1\/","title":{"rendered":"Rode NT1"},"content":{"rendered":"<p data-start=\"73\" data-end=\"663\">Das <strong data-start=\"77\" data-end=\"89\">R\u00d8DE NT1<\/strong> ist ein hochwertiges Gro\u00dfmembran-Kondensatormikrofon, das f\u00fcr detailreiche und rauschfreie Studioaufnahmen entwickelt wurde. Mit seiner neutralen, transparenten Klangcharakteristik und extrem niedrigem Eigenrauschen bietet es h\u00f6chste Pr\u00e4zision bei der Aufnahme von Gesang und akustischen Instrumenten. Die hochwertige HF6-Kapsel liefert eine nat\u00fcrliche Klangabbildung mit sanften H\u00f6hen und ausgewogenen Mitten. Das stabile Aluminiumgeh\u00e4use und die vibrationsd\u00e4mpfende Mikrofonhalterung sorgen f\u00fcr Zuverl\u00e4ssigkeit und st\u00f6rungsfreie Aufnahmen in professionellen Umgebungen.<\/p>\n<hr data-start=\"665\" data-end=\"668\" \/>\n<h3 data-start=\"670\" data-end=\"703\">Technische Daten (Tech Specs)<\/h3>\n<div class=\"_tableContainer_1rjym_1\">\n<div class=\"group _tableWrapper_1rjym_13 flex w-fit flex-col-reverse\" tabindex=\"-1\">\n<table class=\"w-fit min-w-(--thread-content-width)\" data-start=\"705\" data-end=\"1390\">\n<thead data-start=\"705\" data-end=\"723\">\n<tr data-start=\"705\" data-end=\"723\">\n<th data-start=\"705\" data-end=\"715\" data-col-size=\"sm\">Merkmal<\/th>\n<th data-start=\"715\" data-end=\"723\" data-col-size=\"sm\">Wert<\/th>\n<\/tr>\n<\/thead>\n<tbody data-start=\"744\" data-end=\"1390\">\n<tr data-start=\"744\" data-end=\"791\">\n<td data-start=\"744\" data-end=\"754\" data-col-size=\"sm\"><strong data-start=\"746\" data-end=\"753\">Typ<\/strong><\/td>\n<td data-col-size=\"sm\" data-start=\"754\" data-end=\"791\">Kondensatormikrofon (Gro\u00dfmembran)<\/td>\n<\/tr>\n<tr data-start=\"792\" data-end=\"827\">\n<td data-start=\"792\" data-end=\"818\" data-col-size=\"sm\"><strong data-start=\"794\" data-end=\"817\">Richtcharakteristik<\/strong><\/td>\n<td data-col-size=\"sm\" data-start=\"818\" data-end=\"827\">Niere<\/td>\n<\/tr>\n<tr data-start=\"828\" data-end=\"868\">\n<td data-start=\"828\" data-end=\"850\" data-col-size=\"sm\"><strong data-start=\"830\" data-end=\"849\">Frequenzbereich<\/strong><\/td>\n<td data-col-size=\"sm\" data-start=\"850\" data-end=\"868\">20 Hz \u2013 20 kHz<\/td>\n<\/tr>\n<tr data-start=\"869\" data-end=\"916\">\n<td data-start=\"869\" data-end=\"891\" data-col-size=\"sm\"><strong data-start=\"871\" data-end=\"890\">Empfindlichkeit<\/strong><\/td>\n<td data-col-size=\"sm\" data-start=\"891\" data-end=\"916\">\u201329 dBV\/Pa (35 mV\/Pa)<\/td>\n<\/tr>\n<tr data-start=\"917\" data-end=\"976\">\n<td data-start=\"917\" data-end=\"951\" data-col-size=\"sm\"><strong data-start=\"919\" data-end=\"950\">Max. Schalldruckpegel (SPL)<\/strong><\/td>\n<td data-col-size=\"sm\" data-start=\"951\" data-end=\"976\">132 dB SPL (@ 1% THD)<\/td>\n<\/tr>\n<tr data-start=\"977\" data-end=\"1010\">\n<td data-start=\"977\" data-end=\"997\" data-col-size=\"sm\"><strong data-start=\"979\" data-end=\"996\">Eigenrauschen<\/strong><\/td>\n<td data-col-size=\"sm\" data-start=\"997\" data-end=\"1010\">4,5 dB(A)<\/td>\n<\/tr>\n<tr data-start=\"1011\" data-end=\"1066\">\n<td data-start=\"1011\" data-end=\"1042\" data-col-size=\"sm\"><strong data-start=\"1013\" data-end=\"1041\">Signal-Rausch-Verh\u00e4ltnis<\/strong><\/td>\n<td data-col-size=\"sm\" data-start=\"1042\" data-end=\"1066\">90,5 dB (A-bewertet)<\/td>\n<\/tr>\n<tr data-start=\"1067\" data-end=\"1097\">\n<td data-start=\"1067\" data-end=\"1087\" data-col-size=\"sm\"><strong data-start=\"1069\" data-end=\"1086\">Dynamikumfang<\/strong><\/td>\n<td data-col-size=\"sm\" data-start=\"1087\" data-end=\"1097\">128 dB<\/td>\n<\/tr>\n<tr data-start=\"1098\" data-end=\"1124\">\n<td data-start=\"1098\" data-end=\"1113\" data-col-size=\"sm\"><strong data-start=\"1100\" data-end=\"1112\">Impedanz<\/strong><\/td>\n<td data-col-size=\"sm\" data-start=\"1113\" data-end=\"1124\">100 Ohm<\/td>\n<\/tr>\n<tr data-start=\"1125\" data-end=\"1177\">\n<td data-start=\"1125\" data-end=\"1148\" data-col-size=\"sm\"><strong data-start=\"1127\" data-end=\"1147\">Betriebsspannung<\/strong><\/td>\n<td data-col-size=\"sm\" data-start=\"1148\" data-end=\"1177\">24 \u2013 48 V Phantomspeisung<\/td>\n<\/tr>\n<tr data-start=\"1178\" data-end=\"1234\">\n<td data-start=\"1178\" data-end=\"1202\" data-col-size=\"sm\"><strong data-start=\"1180\" data-end=\"1201\">Ausgangsanschluss<\/strong><\/td>\n<td data-col-size=\"sm\" data-start=\"1202\" data-end=\"1234\">3-poliger XLR-Stecker (male)<\/td>\n<\/tr>\n<tr data-start=\"1235\" data-end=\"1286\">\n<td data-start=\"1235\" data-end=\"1257\" data-col-size=\"sm\"><strong data-start=\"1237\" data-end=\"1256\">Geh\u00e4usematerial<\/strong><\/td>\n<td data-col-size=\"sm\" data-start=\"1257\" data-end=\"1286\">Aluminium, HF-abgeschirmt<\/td>\n<\/tr>\n<tr data-start=\"1287\" data-end=\"1331\">\n<td data-start=\"1287\" data-end=\"1313\" data-col-size=\"sm\"><strong data-start=\"1289\" data-end=\"1312\">Abmessungen (L \u00d7 \u00d8)<\/strong><\/td>\n<td data-col-size=\"sm\" data-start=\"1313\" data-end=\"1331\">187 mm \u00d7 50 mm<\/td>\n<\/tr>\n<tr data-start=\"1332\" data-end=\"1359\">\n<td data-start=\"1332\" data-end=\"1346\" data-col-size=\"sm\"><strong data-start=\"1334\" data-end=\"1345\">Gewicht<\/strong><\/td>\n<td data-col-size=\"sm\" data-start=\"1346\" data-end=\"1359\">ca. 440 g<\/td>\n<\/tr>\n<tr data-start=\"1360\" data-end=\"1390\">\n<td data-start=\"1360\" data-end=\"1372\" data-col-size=\"sm\"><strong data-start=\"1362\" data-end=\"1371\">Farbe<\/strong><\/td>\n<td data-col-size=\"sm\" data-start=\"1372\" data-end=\"1390\">Schwarz (matt)<\/td>\n<\/tr>\n<\/tbody>\n<\/table>\n<\/div>\n<\/div>\n","protected":false},"excerpt":{"rendered":"<p>2 vorr\u00e4tig<\/p>\n","protected":false},"featured_media":195,"template":"","meta":[],"product_brand":[],"product_cat":[18],"product_tag":[],"class_list":{"0":"post-194","1":"product","2":"type-product","3":"status-publish","4":"has-post-thumbnail","6":"product_cat-mikrofone","8":"first","9":"instock","10":"taxable","11":"shipping-taxable","12":"purchasable","13":"product-type-simple"},"_links":{"self":[{"href":"https:\/\/as-lightsound.de\/wordpress\/wp-json\/wp\/v2\/product\/194","targetHints":{"allow":["GET"]}}],"collection":[{"href":"https:\/\/as-lightsound.de\/wordpress\/wp-json\/wp\/v2\/product"}],"about":[{"href":"https:\/\/as-lightsound.de\/wordpress\/wp-json\/wp\/v2\/types\/product"}],"wp:featuredmedia":[{"embeddable":true,"href":"https:\/\/as-lightsound.de\/wordpress\/wp-json\/wp\/v2\/media\/195"}],"wp:attachment":[{"href":"https:\/\/as-lightsound.de\/wordpress\/wp-json\/wp\/v2\/media?parent=194"}],"wp:term":[{"taxonomy":"product_brand","embeddable":true,"href":"https:\/\/as-lightsound.de\/wordpress\/wp-json\/wp\/v2\/product_brand?post=194"},{"taxonomy":"product_cat","embeddable":true,"href":"https:\/\/as-lightsound.de\/wordpress\/wp-json\/wp\/v2\/product_cat?post=194"},{"taxonomy":"product_tag","embeddable":true,"href":"https:\/\/as-lightsound.de\/wordpress\/wp-json\/wp\/v2\/product_tag?post=194"}],"curies":[{"name":"wp","href":"https:\/\/api.w.org\/{rel}","templated":true}]}}