{"id":192,"date":"2021-03-18T11:34:24","date_gmt":"2021-03-18T10:34:24","guid":{"rendered":"https:\/\/as-lightsound.de\/wordpress\/?post_type=product&#038;p=192"},"modified":"2025-10-08T10:08:49","modified_gmt":"2025-10-08T08:08:49","slug":"audio-technica-pro-37","status":"publish","type":"product","link":"https:\/\/as-lightsound.de\/wordpress\/product\/audio-technica-pro-37\/","title":{"rendered":"Audio Technica Pro 37"},"content":{"rendered":"<p data-start=\"88\" data-end=\"655\">Das <strong data-start=\"92\" data-end=\"117\">Audio-Technica PRO 37<\/strong> ist ein pr\u00e4zises Kleinmembran-Kondensatormikrofon, das f\u00fcr die detailreiche Abnahme von Instrumenten in Studio- und Live-Umgebungen entwickelt wurde. Mit seiner gleichm\u00e4\u00dfigen Nierencharakteristik bietet es eine akkurate Schallaufnahme und minimiert seitliche Einstreuungen. Der erweiterte Frequenzgang und die schnelle Transientenansprache machen das PRO 37 besonders geeignet f\u00fcr akustische Instrumente, Becken und Streicher. Das kompakte, robuste Design gew\u00e4hrleistet zuverl\u00e4ssigen Betrieb auch bei anspruchsvollen B\u00fchnenbedingungen.<\/p>\n<hr data-start=\"657\" data-end=\"660\" \/>\n<h3 data-start=\"662\" data-end=\"695\">Technische Daten (Tech Specs)<\/h3>\n<div class=\"_tableContainer_1rjym_1\">\n<div class=\"group _tableWrapper_1rjym_13 flex w-fit flex-col-reverse\" tabindex=\"-1\">\n<table class=\"w-fit min-w-(--thread-content-width)\" data-start=\"697\" data-end=\"1293\" data-is-last-node=\"\" data-is-only-node=\"\">\n<thead data-start=\"697\" data-end=\"715\">\n<tr data-start=\"697\" data-end=\"715\">\n<th data-start=\"697\" data-end=\"707\" data-col-size=\"sm\">Merkmal<\/th>\n<th data-start=\"707\" data-end=\"715\" data-col-size=\"sm\">Wert<\/th>\n<\/tr>\n<\/thead>\n<tbody data-start=\"736\" data-end=\"1293\" data-is-last-node=\"\">\n<tr data-start=\"736\" data-end=\"784\">\n<td data-start=\"736\" data-end=\"746\" data-col-size=\"sm\"><strong data-start=\"738\" data-end=\"745\">Typ<\/strong><\/td>\n<td data-start=\"746\" data-end=\"784\" data-col-size=\"sm\">Kondensatormikrofon (Kleinmembran)<\/td>\n<\/tr>\n<tr data-start=\"785\" data-end=\"820\">\n<td data-start=\"785\" data-end=\"811\" data-col-size=\"sm\"><strong data-start=\"787\" data-end=\"810\">Richtcharakteristik<\/strong><\/td>\n<td data-start=\"811\" data-end=\"820\" data-col-size=\"sm\">Niere<\/td>\n<\/tr>\n<tr data-start=\"821\" data-end=\"861\">\n<td data-start=\"821\" data-end=\"843\" data-col-size=\"sm\"><strong data-start=\"823\" data-end=\"842\">Frequenzbereich<\/strong><\/td>\n<td data-start=\"843\" data-end=\"861\" data-col-size=\"sm\">30 Hz \u2013 15 kHz<\/td>\n<\/tr>\n<tr data-start=\"862\" data-end=\"906\">\n<td data-start=\"862\" data-end=\"884\" data-col-size=\"sm\"><strong data-start=\"864\" data-end=\"883\">Empfindlichkeit<\/strong><\/td>\n<td data-start=\"884\" data-end=\"906\" data-col-size=\"sm\">\u201340 dBV\/Pa (10 mV)<\/td>\n<\/tr>\n<tr data-start=\"907\" data-end=\"966\">\n<td data-start=\"907\" data-end=\"941\" data-col-size=\"sm\"><strong data-start=\"909\" data-end=\"940\">Max. Schalldruckpegel (SPL)<\/strong><\/td>\n<td data-start=\"941\" data-end=\"966\" data-col-size=\"sm\">141 dB SPL (@ 1% THD)<\/td>\n<\/tr>\n<tr data-start=\"967\" data-end=\"1020\">\n<td data-start=\"967\" data-end=\"998\" data-col-size=\"sm\"><strong data-start=\"969\" data-end=\"997\">Signal-Rausch-Verh\u00e4ltnis<\/strong><\/td>\n<td data-start=\"998\" data-end=\"1020\" data-col-size=\"sm\">70 dB (A-bewertet)<\/td>\n<\/tr>\n<tr data-start=\"1021\" data-end=\"1047\">\n<td data-start=\"1021\" data-end=\"1036\" data-col-size=\"sm\"><strong data-start=\"1023\" data-end=\"1035\">Impedanz<\/strong><\/td>\n<td data-start=\"1036\" data-end=\"1047\" data-col-size=\"sm\">200 Ohm<\/td>\n<\/tr>\n<tr data-start=\"1048\" data-end=\"1100\">\n<td data-start=\"1048\" data-end=\"1071\" data-col-size=\"sm\"><strong data-start=\"1050\" data-end=\"1070\">Betriebsspannung<\/strong><\/td>\n<td data-start=\"1071\" data-end=\"1100\" data-col-size=\"sm\">11 \u2013 52 V Phantomspeisung<\/td>\n<\/tr>\n<tr data-start=\"1101\" data-end=\"1157\">\n<td data-start=\"1101\" data-end=\"1125\" data-col-size=\"sm\"><strong data-start=\"1103\" data-end=\"1124\">Ausgangsanschluss<\/strong><\/td>\n<td data-start=\"1125\" data-end=\"1157\" data-col-size=\"sm\">3-poliger XLR-Stecker (male)<\/td>\n<\/tr>\n<tr data-start=\"1158\" data-end=\"1190\">\n<td data-start=\"1158\" data-end=\"1180\" data-col-size=\"sm\"><strong data-start=\"1160\" data-end=\"1179\">Geh\u00e4usematerial<\/strong><\/td>\n<td data-start=\"1180\" data-end=\"1190\" data-col-size=\"sm\">Metall<\/td>\n<\/tr>\n<tr data-start=\"1191\" data-end=\"1235\">\n<td data-start=\"1191\" data-end=\"1217\" data-col-size=\"sm\"><strong data-start=\"1193\" data-end=\"1216\">Abmessungen (L \u00d7 \u00d8)<\/strong><\/td>\n<td data-start=\"1217\" data-end=\"1235\" data-col-size=\"sm\">120 mm \u00d7 21 mm<\/td>\n<\/tr>\n<tr data-start=\"1236\" data-end=\"1262\">\n<td data-start=\"1236\" data-end=\"1250\" data-col-size=\"sm\"><strong data-start=\"1238\" data-end=\"1249\">Gewicht<\/strong><\/td>\n<td data-start=\"1250\" data-end=\"1262\" data-col-size=\"sm\">ca. 90 g<\/td>\n<\/tr>\n<tr data-start=\"1263\" data-end=\"1293\" data-is-last-node=\"\">\n<td data-start=\"1263\" data-end=\"1275\" data-col-size=\"sm\"><strong data-start=\"1265\" data-end=\"1274\">Farbe<\/strong><\/td>\n<td data-start=\"1275\" data-end=\"1293\" data-is-last-node=\"\" data-col-size=\"sm\">Schwarz (matt)<\/td>\n<\/tr>\n<\/tbody>\n<\/table>\n<\/div>\n<\/div>\n","protected":false},"excerpt":{"rendered":"<p>2 vorr\u00e4tig<\/p>\n","protected":false},"featured_media":193,"template":"","meta":[],"product_brand":[],"product_cat":[18],"product_tag":[],"class_list":{"0":"post-192","1":"product","2":"type-product","3":"status-publish","4":"has-post-thumbnail","6":"product_cat-mikrofone","8":"first","9":"instock","10":"taxable","11":"shipping-taxable","12":"purchasable","13":"product-type-simple"},"_links":{"self":[{"href":"https:\/\/as-lightsound.de\/wordpress\/wp-json\/wp\/v2\/product\/192","targetHints":{"allow":["GET"]}}],"collection":[{"href":"https:\/\/as-lightsound.de\/wordpress\/wp-json\/wp\/v2\/product"}],"about":[{"href":"https:\/\/as-lightsound.de\/wordpress\/wp-json\/wp\/v2\/types\/product"}],"wp:featuredmedia":[{"embeddable":true,"href":"https:\/\/as-lightsound.de\/wordpress\/wp-json\/wp\/v2\/media\/193"}],"wp:attachment":[{"href":"https:\/\/as-lightsound.de\/wordpress\/wp-json\/wp\/v2\/media?parent=192"}],"wp:term":[{"taxonomy":"product_brand","embeddable":true,"href":"https:\/\/as-lightsound.de\/wordpress\/wp-json\/wp\/v2\/product_brand?post=192"},{"taxonomy":"product_cat","embeddable":true,"href":"https:\/\/as-lightsound.de\/wordpress\/wp-json\/wp\/v2\/product_cat?post=192"},{"taxonomy":"product_tag","embeddable":true,"href":"https:\/\/as-lightsound.de\/wordpress\/wp-json\/wp\/v2\/product_tag?post=192"}],"curies":[{"name":"wp","href":"https:\/\/api.w.org\/{rel}","templated":true}]}}