{"id":1911,"date":"2025-10-01T07:59:21","date_gmt":"2025-10-01T05:59:21","guid":{"rendered":"https:\/\/as-lightsound.de\/wordpress\/?post_type=product&#038;p=1911"},"modified":"2025-10-01T11:48:15","modified_gmt":"2025-10-01T09:48:15","slug":"audix-dp7-drum-koffer","status":"publish","type":"product","link":"https:\/\/as-lightsound.de\/wordpress\/product\/audix-dp7-drum-koffer\/","title":{"rendered":"Audix DP7 Drum Koffer"},"content":{"rendered":"<p data-start=\"154\" data-end=\"451\">Das <strong data-start=\"158\" data-end=\"171\">Audix DP7<\/strong> ist ein komplettes Schlagzeug-Mikrofonset f\u00fcr Studio- und Live-Anwendungen. Es enth\u00e4lt sieben pr\u00e4zise abgestimmte Mikrofone f\u00fcr Bassdrum, Snare, Toms, Hi-Hat und Overheads. Geliefert im stabilen Transportkoffer ist das Set sofort einsatzbereit f\u00fcr professionelle Drum-Abnahmen.<\/p>\n<hr data-start=\"453\" data-end=\"456\" \/>\n<h3 data-start=\"458\" data-end=\"495\"><strong data-start=\"462\" data-end=\"495\">Technische Daten (Tech Specs)<\/strong><\/h3>\n<div class=\"_tableContainer_1rjym_1\">\n<div class=\"group _tableWrapper_1rjym_13 flex w-fit flex-col-reverse\" tabindex=\"-1\">\n<table class=\"w-fit min-w-(--thread-content-width)\" data-start=\"497\" data-end=\"1240\">\n<thead data-start=\"497\" data-end=\"524\">\n<tr data-start=\"497\" data-end=\"524\">\n<th data-start=\"497\" data-end=\"507\" data-col-size=\"sm\">Merkmal<\/th>\n<th data-start=\"507\" data-end=\"524\" data-col-size=\"lg\">Spezifikation<\/th>\n<\/tr>\n<\/thead>\n<tbody data-start=\"548\" data-end=\"1240\">\n<tr data-start=\"548\" data-end=\"699\">\n<td data-start=\"548\" data-end=\"575\" data-col-size=\"sm\"><strong data-start=\"550\" data-end=\"574\">Enthaltene Mikrofone<\/strong><\/td>\n<td data-start=\"575\" data-end=\"699\" data-col-size=\"lg\">1 \u00d7 D6 (Bassdrum)<br \/>\n1 \u00d7 i5 (Snare)<br \/>\n2 \u00d7 D2 (Toms)<br \/>\n1 \u00d7 D4 (Floor Tom)<br \/>\n2 \u00d7 ADX51 (Overheads, Kondensator)<\/td>\n<\/tr>\n<tr data-start=\"700\" data-end=\"799\">\n<td data-start=\"700\" data-end=\"728\" data-col-size=\"sm\"><strong data-start=\"702\" data-end=\"727\">Richtcharakteristiken<\/strong><\/td>\n<td data-start=\"728\" data-end=\"799\" data-col-size=\"lg\">Dynamisch (D6, i5, D2, D4) \u2013 Niere<br \/>\nKondensator (ADX51) \u2013 Niere<\/td>\n<\/tr>\n<tr data-start=\"800\" data-end=\"944\">\n<td data-start=\"800\" data-end=\"823\" data-col-size=\"sm\"><strong data-start=\"802\" data-end=\"822\">Frequenzbereiche<\/strong><\/td>\n<td data-start=\"823\" data-end=\"944\" data-col-size=\"lg\">D6: 30 Hz \u2013 15 kHz<br \/>\ni5: 50 Hz \u2013 16 kHz<br \/>\nD2: 68 Hz \u2013 18 kHz<br \/>\nD4: 40 Hz \u2013 18 kHz<br \/>\nADX51: 40 Hz \u2013 18 kHz<\/td>\n<\/tr>\n<tr data-start=\"945\" data-end=\"1011\">\n<td data-start=\"945\" data-end=\"960\" data-col-size=\"sm\"><strong data-start=\"947\" data-end=\"959\">Max. SPL<\/strong><\/td>\n<td data-start=\"960\" data-end=\"1011\" data-col-size=\"lg\">&gt; 140 dB (dynamische Modelle), &gt; 130 dB (ADX51)<\/td>\n<\/tr>\n<tr data-start=\"1012\" data-end=\"1045\">\n<td data-start=\"1012\" data-end=\"1029\" data-col-size=\"sm\"><strong data-start=\"1014\" data-end=\"1028\">Anschl\u00fcsse<\/strong><\/td>\n<td data-start=\"1029\" data-end=\"1045\" data-col-size=\"lg\">XLR, 3-polig<\/td>\n<\/tr>\n<tr data-start=\"1046\" data-end=\"1116\">\n<td data-start=\"1046\" data-end=\"1060\" data-col-size=\"sm\"><strong data-start=\"1048\" data-end=\"1059\">Zubeh\u00f6r<\/strong><\/td>\n<td data-start=\"1060\" data-end=\"1116\" data-col-size=\"lg\">Inkl. Klemmen, Clips und Windschutz (modellabh\u00e4ngig)<\/td>\n<\/tr>\n<tr data-start=\"1117\" data-end=\"1191\">\n<td data-start=\"1117\" data-end=\"1130\" data-col-size=\"sm\"><strong data-start=\"1119\" data-end=\"1129\">Koffer<\/strong><\/td>\n<td data-start=\"1130\" data-end=\"1191\" data-col-size=\"lg\">Robuster Aluminium-Transportkoffer mit Schaumstoffeinlage<\/td>\n<\/tr>\n<tr data-start=\"1192\" data-end=\"1240\">\n<td data-start=\"1192\" data-end=\"1213\" data-col-size=\"sm\"><strong data-start=\"1194\" data-end=\"1212\">Einsatzbereich<\/strong><\/td>\n<td data-start=\"1213\" data-end=\"1240\" data-col-size=\"lg\">Live, Studio, Proberaum<\/td>\n<\/tr>\n<\/tbody>\n<\/table>\n<\/div>\n<\/div>\n","protected":false},"excerpt":{"rendered":"<p>1 vorr\u00e4tig<\/p>\n","protected":false},"featured_media":1943,"template":"","meta":[],"product_brand":[],"product_cat":[18],"product_tag":[],"class_list":{"0":"post-1911","1":"product","2":"type-product","3":"status-publish","4":"has-post-thumbnail","6":"product_cat-mikrofone","8":"first","9":"instock","10":"taxable","11":"shipping-taxable","12":"purchasable","13":"product-type-simple"},"_links":{"self":[{"href":"https:\/\/as-lightsound.de\/wordpress\/wp-json\/wp\/v2\/product\/1911","targetHints":{"allow":["GET"]}}],"collection":[{"href":"https:\/\/as-lightsound.de\/wordpress\/wp-json\/wp\/v2\/product"}],"about":[{"href":"https:\/\/as-lightsound.de\/wordpress\/wp-json\/wp\/v2\/types\/product"}],"wp:featuredmedia":[{"embeddable":true,"href":"https:\/\/as-lightsound.de\/wordpress\/wp-json\/wp\/v2\/media\/1943"}],"wp:attachment":[{"href":"https:\/\/as-lightsound.de\/wordpress\/wp-json\/wp\/v2\/media?parent=1911"}],"wp:term":[{"taxonomy":"product_brand","embeddable":true,"href":"https:\/\/as-lightsound.de\/wordpress\/wp-json\/wp\/v2\/product_brand?post=1911"},{"taxonomy":"product_cat","embeddable":true,"href":"https:\/\/as-lightsound.de\/wordpress\/wp-json\/wp\/v2\/product_cat?post=1911"},{"taxonomy":"product_tag","embeddable":true,"href":"https:\/\/as-lightsound.de\/wordpress\/wp-json\/wp\/v2\/product_tag?post=1911"}],"curies":[{"name":"wp","href":"https:\/\/api.w.org\/{rel}","templated":true}]}}