{"id":1903,"date":"2025-09-30T15:16:56","date_gmt":"2025-09-30T13:16:56","guid":{"rendered":"https:\/\/as-lightsound.de\/wordpress\/?post_type=product&#038;p=1903"},"modified":"2025-10-01T11:27:21","modified_gmt":"2025-10-01T09:27:21","slug":"ecoflow-delta-pro-powerstation-3600-w-usb","status":"publish","type":"product","link":"https:\/\/as-lightsound.de\/wordpress\/product\/ecoflow-delta-pro-powerstation-3600-w-usb\/","title":{"rendered":"EcoFlow DELTA Pro, Powerstation, 3600 W, USB"},"content":{"rendered":"<p data-start=\"172\" data-end=\"465\">Die <strong data-start=\"176\" data-end=\"197\">EcoFlow DELTA Pro<\/strong> ist eine leistungsstarke tragbare Powerstation mit 3,6 kWh Kapazit\u00e4t und 3600 W Ausgangsleistung. Sie bietet flexible Anschlussm\u00f6glichkeiten, schnelles Laden und modulare Erweiterbarkeit \u2013 ideal f\u00fcr Notstromversorgung, Outdoor-Eins\u00e4tze, Events und mobile Workflows.<\/p>\n<hr data-start=\"467\" data-end=\"470\" \/>\n<h3 data-start=\"472\" data-end=\"509\"><strong data-start=\"476\" data-end=\"509\">Technische Daten (Tech Specs)<\/strong><\/h3>\n<div class=\"_tableContainer_1rjym_1\">\n<div class=\"group _tableWrapper_1rjym_13 flex w-fit flex-col-reverse\" tabindex=\"-1\">\n<table class=\"w-fit min-w-(--thread-content-width)\" data-start=\"511\" data-end=\"1502\">\n<thead data-start=\"511\" data-end=\"538\">\n<tr data-start=\"511\" data-end=\"538\">\n<th data-start=\"511\" data-end=\"521\" data-col-size=\"sm\">Merkmal<\/th>\n<th data-start=\"521\" data-end=\"538\" data-col-size=\"lg\">Spezifikation<\/th>\n<\/tr>\n<\/thead>\n<tbody data-start=\"562\" data-end=\"1502\">\n<tr data-start=\"562\" data-end=\"634\">\n<td data-start=\"562\" data-end=\"578\" data-col-size=\"sm\"><strong data-start=\"564\" data-end=\"577\">Kapazit\u00e4t<\/strong><\/td>\n<td data-col-size=\"lg\" data-start=\"578\" data-end=\"634\">3600 Wh (erweiterbar bis 25 kWh mit Zusatzbatterien)<\/td>\n<\/tr>\n<tr data-start=\"635\" data-end=\"708\">\n<td data-start=\"635\" data-end=\"663\" data-col-size=\"sm\"><strong data-start=\"637\" data-end=\"662\">Ausgangsleistung (AC)<\/strong><\/td>\n<td data-col-size=\"lg\" data-start=\"663\" data-end=\"708\">3600 W Dauerleistung (7200 W Spitzenlast)<\/td>\n<\/tr>\n<tr data-start=\"709\" data-end=\"747\">\n<td data-start=\"709\" data-end=\"727\" data-col-size=\"sm\"><strong data-start=\"711\" data-end=\"726\">AC-Ausg\u00e4nge<\/strong><\/td>\n<td data-col-size=\"lg\" data-start=\"727\" data-end=\"747\">4 \u00d7 Schuko 230 V<\/td>\n<\/tr>\n<tr data-start=\"748\" data-end=\"801\">\n<td data-start=\"748\" data-end=\"766\" data-col-size=\"sm\"><strong data-start=\"750\" data-end=\"765\">DC-Ausg\u00e4nge<\/strong><\/td>\n<td data-col-size=\"lg\" data-start=\"766\" data-end=\"801\">1 \u00d7 12 V Kfz-Buchse, 2 \u00d7 DC5521<\/td>\n<\/tr>\n<tr data-start=\"802\" data-end=\"876\">\n<td data-start=\"802\" data-end=\"821\" data-col-size=\"sm\"><strong data-start=\"804\" data-end=\"820\">USB-Ausg\u00e4nge<\/strong><\/td>\n<td data-col-size=\"lg\" data-start=\"821\" data-end=\"876\">2 \u00d7 USB-A, 2 \u00d7 USB-A Fast Charge, 2 \u00d7 USB-C (100 W)<\/td>\n<\/tr>\n<tr data-start=\"877\" data-end=\"977\">\n<td data-start=\"877\" data-end=\"901\" data-col-size=\"sm\"><strong data-start=\"879\" data-end=\"900\">Ladem\u00f6glichkeiten<\/strong><\/td>\n<td data-col-size=\"lg\" data-start=\"901\" data-end=\"977\">AC-Netz, Solarpanels (bis 1600 W), Auto, Smart Generator, EV-Ladestation<\/td>\n<\/tr>\n<tr data-start=\"978\" data-end=\"1058\">\n<td data-start=\"978\" data-end=\"998\" data-col-size=\"sm\"><strong data-start=\"980\" data-end=\"997\">Ladezeit (AC)<\/strong><\/td>\n<td data-col-size=\"lg\" data-start=\"998\" data-end=\"1058\">ca. 2,7 h bei Standard-Ladung, &lt; 2 h im Schnelllademodus<\/td>\n<\/tr>\n<tr data-start=\"1059\" data-end=\"1141\">\n<td data-start=\"1059\" data-end=\"1082\" data-col-size=\"sm\"><strong data-start=\"1061\" data-end=\"1081\">Akku-Technologie<\/strong><\/td>\n<td data-col-size=\"lg\" data-start=\"1082\" data-end=\"1141\">LFP (Lithium-Eisenphosphat), &gt; 3500 Ladezyklen bis 80 %<\/td>\n<\/tr>\n<tr data-start=\"1142\" data-end=\"1232\">\n<td data-start=\"1142\" data-end=\"1156\" data-col-size=\"sm\"><strong data-start=\"1144\" data-end=\"1155\">Display<\/strong><\/td>\n<td data-col-size=\"lg\" data-start=\"1156\" data-end=\"1232\">LCD-Display mit Echtzeit-Informationen zu Leistung, Kapazit\u00e4t und Status<\/td>\n<\/tr>\n<tr data-start=\"1233\" data-end=\"1288\">\n<td data-start=\"1233\" data-end=\"1253\" data-col-size=\"sm\"><strong data-start=\"1235\" data-end=\"1252\">App-Steuerung<\/strong><\/td>\n<td data-col-size=\"lg\" data-start=\"1253\" data-end=\"1288\">WiFi\/Bluetooth \u00fcber EcoFlow-App<\/td>\n<\/tr>\n<tr data-start=\"1289\" data-end=\"1342\">\n<td data-start=\"1289\" data-end=\"1319\" data-col-size=\"sm\"><strong data-start=\"1291\" data-end=\"1318\">Abmessungen (B \u00d7 H \u00d7 T)<\/strong><\/td>\n<td data-col-size=\"lg\" data-start=\"1319\" data-end=\"1342\">ca. 64 \u00d7 42 \u00d7 28 cm<\/td>\n<\/tr>\n<tr data-start=\"1343\" data-end=\"1370\">\n<td data-start=\"1343\" data-end=\"1357\" data-col-size=\"sm\"><strong data-start=\"1345\" data-end=\"1356\">Gewicht<\/strong><\/td>\n<td data-col-size=\"lg\" data-start=\"1357\" data-end=\"1370\">ca. 45 kg<\/td>\n<\/tr>\n<tr data-start=\"1371\" data-end=\"1502\">\n<td data-start=\"1371\" data-end=\"1392\" data-col-size=\"sm\"><strong data-start=\"1373\" data-end=\"1391\">Besonderheiten<\/strong><\/td>\n<td data-col-size=\"lg\" data-start=\"1392\" data-end=\"1502\">Erweiterbar mit Smart Extra Battery, Smart Home Panel, modulare L\u00f6sungen f\u00fcr Notstrom und Off-Grid-Einsatz<\/td>\n<\/tr>\n<\/tbody>\n<\/table>\n<\/div>\n<\/div>\n","protected":false},"excerpt":{"rendered":"<p>1 vorr\u00e4tig<\/p>\n","protected":false},"featured_media":1933,"template":"","meta":[],"product_brand":[],"product_cat":[76],"product_tag":[],"class_list":{"0":"post-1903","1":"product","2":"type-product","3":"status-publish","4":"has-post-thumbnail","6":"product_cat-sonstiges-allgemein","8":"first","9":"instock","10":"taxable","11":"shipping-taxable","12":"purchasable","13":"product-type-simple"},"_links":{"self":[{"href":"https:\/\/as-lightsound.de\/wordpress\/wp-json\/wp\/v2\/product\/1903","targetHints":{"allow":["GET"]}}],"collection":[{"href":"https:\/\/as-lightsound.de\/wordpress\/wp-json\/wp\/v2\/product"}],"about":[{"href":"https:\/\/as-lightsound.de\/wordpress\/wp-json\/wp\/v2\/types\/product"}],"wp:featuredmedia":[{"embeddable":true,"href":"https:\/\/as-lightsound.de\/wordpress\/wp-json\/wp\/v2\/media\/1933"}],"wp:attachment":[{"href":"https:\/\/as-lightsound.de\/wordpress\/wp-json\/wp\/v2\/media?parent=1903"}],"wp:term":[{"taxonomy":"product_brand","embeddable":true,"href":"https:\/\/as-lightsound.de\/wordpress\/wp-json\/wp\/v2\/product_brand?post=1903"},{"taxonomy":"product_cat","embeddable":true,"href":"https:\/\/as-lightsound.de\/wordpress\/wp-json\/wp\/v2\/product_cat?post=1903"},{"taxonomy":"product_tag","embeddable":true,"href":"https:\/\/as-lightsound.de\/wordpress\/wp-json\/wp\/v2\/product_tag?post=1903"}],"curies":[{"name":"wp","href":"https:\/\/api.w.org\/{rel}","templated":true}]}}