{"id":1869,"date":"2025-09-30T12:06:03","date_gmt":"2025-09-30T10:06:03","guid":{"rendered":"https:\/\/as-lightsound.de\/wordpress\/?post_type=product&#038;p=1869"},"modified":"2025-10-03T09:21:06","modified_gmt":"2025-10-03T07:21:06","slug":"bron-kobold-de800hmi-6000k","status":"publish","type":"product","link":"https:\/\/as-lightsound.de\/wordpress\/product\/bron-kobold-de800hmi-6000k\/","title":{"rendered":"Bron Kobold DE800HMI 6000K mit EVG"},"content":{"rendered":"<p data-start=\"151\" data-end=\"433\">Der <strong data-start=\"155\" data-end=\"164\">DE800<\/strong> von Bron Kobold ist ein kompakter und robuster HMI-Scheinwerfer mit 800 W Leistung und einer Farbtemperatur von 6000 K. Er liefert tageslicht\u00e4hnliches Licht mit hoher Intensit\u00e4t und ist dank seiner wetterfesten Bauweise ideal f\u00fcr Film, TV und Au\u00dfeneins\u00e4tze geeignet.<\/p>\n<hr data-start=\"435\" data-end=\"438\" \/>\n<h3 data-start=\"440\" data-end=\"477\"><strong data-start=\"444\" data-end=\"477\">Technische Daten (Tech Specs)<\/strong><\/h3>\n<div class=\"_tableContainer_1rjym_1\">\n<div class=\"group _tableWrapper_1rjym_13 flex w-fit flex-col-reverse\" tabindex=\"-1\">\n<table class=\"w-fit min-w-(--thread-content-width)\" data-start=\"479\" data-end=\"1321\">\n<thead data-start=\"479\" data-end=\"506\">\n<tr data-start=\"479\" data-end=\"506\">\n<th data-start=\"479\" data-end=\"489\" data-col-size=\"sm\">Merkmal<\/th>\n<th data-start=\"489\" data-end=\"506\" data-col-size=\"lg\">Spezifikation<\/th>\n<\/tr>\n<\/thead>\n<tbody data-start=\"530\" data-end=\"1321\">\n<tr data-start=\"530\" data-end=\"559\">\n<td data-start=\"530\" data-end=\"546\" data-col-size=\"sm\"><strong data-start=\"532\" data-end=\"545\">Lampentyp<\/strong><\/td>\n<td data-start=\"546\" data-end=\"559\" data-col-size=\"lg\">HMI 800 W<\/td>\n<\/tr>\n<tr data-start=\"560\" data-end=\"608\">\n<td data-start=\"560\" data-end=\"581\" data-col-size=\"sm\"><strong data-start=\"562\" data-end=\"580\">Farbtemperatur<\/strong><\/td>\n<td data-start=\"581\" data-end=\"608\" data-col-size=\"lg\">ca. 6000 K (Tageslicht)<\/td>\n<\/tr>\n<tr data-start=\"609\" data-end=\"685\">\n<td data-start=\"609\" data-end=\"629\" data-col-size=\"sm\"><strong data-start=\"611\" data-end=\"628\">Lichtleistung<\/strong><\/td>\n<td data-start=\"629\" data-end=\"685\" data-col-size=\"lg\">Hoher Output, auch f\u00fcr Outdoor-Produktionen geeignet<\/td>\n<\/tr>\n<tr data-start=\"686\" data-end=\"764\">\n<td data-start=\"686\" data-end=\"702\" data-col-size=\"sm\"><strong data-start=\"688\" data-end=\"701\">Reflektor<\/strong><\/td>\n<td data-start=\"702\" data-end=\"764\" data-col-size=\"lg\">Parabolreflektor, wechselbare Optiken (Spot, Medium, Wide)<\/td>\n<\/tr>\n<tr data-start=\"765\" data-end=\"817\">\n<td data-start=\"765\" data-end=\"786\" data-col-size=\"sm\"><strong data-start=\"767\" data-end=\"785\">Abstrahlwinkel<\/strong><\/td>\n<td data-start=\"786\" data-end=\"817\" data-col-size=\"lg\">variabel \u00fcber Vorsatzlinsen<\/td>\n<\/tr>\n<tr data-start=\"818\" data-end=\"874\">\n<td data-start=\"818\" data-end=\"832\" data-col-size=\"sm\"><strong data-start=\"820\" data-end=\"831\">Geh\u00e4use<\/strong><\/td>\n<td data-start=\"832\" data-end=\"874\" data-col-size=\"lg\">Wetterfest (IP54), Aluminium-Druckguss<\/td>\n<\/tr>\n<tr data-start=\"875\" data-end=\"939\">\n<td data-start=\"875\" data-end=\"889\" data-col-size=\"sm\"><strong data-start=\"877\" data-end=\"888\">Montage<\/strong><\/td>\n<td data-start=\"889\" data-end=\"939\" data-col-size=\"lg\">Stabiles U-B\u00fcgel-System, TV-Zapfen f\u00fcr Stative<\/td>\n<\/tr>\n<tr data-start=\"940\" data-end=\"991\">\n<td data-start=\"940\" data-end=\"954\" data-col-size=\"sm\"><strong data-start=\"942\" data-end=\"953\">K\u00fchlung<\/strong><\/td>\n<td data-start=\"954\" data-end=\"991\" data-col-size=\"lg\">Passive Bel\u00fcftung, leiser Betrieb<\/td>\n<\/tr>\n<tr data-start=\"992\" data-end=\"1078\">\n<td data-start=\"992\" data-end=\"1008\" data-col-size=\"sm\"><strong data-start=\"994\" data-end=\"1007\">Anschluss<\/strong><\/td>\n<td data-start=\"1008\" data-end=\"1078\" data-col-size=\"lg\">Spezielles Vorschaltger\u00e4t (elektronisch, flickerfrei) erforderlich<\/td>\n<\/tr>\n<tr data-start=\"1079\" data-end=\"1135\">\n<td data-start=\"1079\" data-end=\"1109\" data-col-size=\"sm\"><strong data-start=\"1081\" data-end=\"1108\">Abmessungen (L \u00d7 B \u00d7 H)<\/strong><\/td>\n<td data-start=\"1109\" data-end=\"1135\" data-col-size=\"lg\">ca. 440 \u00d7 270 \u00d7 400 mm<\/td>\n<\/tr>\n<tr data-start=\"1136\" data-end=\"1181\">\n<td data-start=\"1136\" data-end=\"1150\" data-col-size=\"sm\"><strong data-start=\"1138\" data-end=\"1149\">Gewicht<\/strong><\/td>\n<td data-start=\"1150\" data-end=\"1181\" data-col-size=\"lg\">ca. 12\u201313 kg (ohne Ballast)<\/td>\n<\/tr>\n<tr data-start=\"1182\" data-end=\"1321\">\n<td data-start=\"1182\" data-end=\"1203\" data-col-size=\"sm\"><strong data-start=\"1184\" data-end=\"1202\">Besonderheiten<\/strong><\/td>\n<td data-start=\"1203\" data-end=\"1321\" data-col-size=\"lg\">Outdoor-tauglich (regen- und spritzwassergesch\u00fctzt), robustes Design, hohe Lichtausbeute bei kompakten Abmessungen<\/td>\n<\/tr>\n<\/tbody>\n<\/table>\n<\/div>\n<\/div>\n","protected":false},"excerpt":{"rendered":"<p>30 vorr\u00e4tig<\/p>\n","protected":false},"featured_media":2157,"template":"","meta":[],"product_brand":[],"product_cat":[32,30],"product_tag":[],"class_list":{"0":"post-1869","1":"product","2":"type-product","3":"status-publish","4":"has-post-thumbnail","6":"product_cat-scheinwerfer","7":"product_cat-lichttechnik","9":"first","10":"instock","11":"taxable","12":"shipping-taxable","13":"purchasable","14":"product-type-simple"},"_links":{"self":[{"href":"https:\/\/as-lightsound.de\/wordpress\/wp-json\/wp\/v2\/product\/1869","targetHints":{"allow":["GET"]}}],"collection":[{"href":"https:\/\/as-lightsound.de\/wordpress\/wp-json\/wp\/v2\/product"}],"about":[{"href":"https:\/\/as-lightsound.de\/wordpress\/wp-json\/wp\/v2\/types\/product"}],"wp:featuredmedia":[{"embeddable":true,"href":"https:\/\/as-lightsound.de\/wordpress\/wp-json\/wp\/v2\/media\/2157"}],"wp:attachment":[{"href":"https:\/\/as-lightsound.de\/wordpress\/wp-json\/wp\/v2\/media?parent=1869"}],"wp:term":[{"taxonomy":"product_brand","embeddable":true,"href":"https:\/\/as-lightsound.de\/wordpress\/wp-json\/wp\/v2\/product_brand?post=1869"},{"taxonomy":"product_cat","embeddable":true,"href":"https:\/\/as-lightsound.de\/wordpress\/wp-json\/wp\/v2\/product_cat?post=1869"},{"taxonomy":"product_tag","embeddable":true,"href":"https:\/\/as-lightsound.de\/wordpress\/wp-json\/wp\/v2\/product_tag?post=1869"}],"curies":[{"name":"wp","href":"https:\/\/api.w.org\/{rel}","templated":true}]}}