{"id":1867,"date":"2025-09-30T11:54:22","date_gmt":"2025-09-30T09:54:22","guid":{"rendered":"https:\/\/as-lightsound.de\/wordpress\/?post_type=product&#038;p=1867"},"modified":"2025-10-01T11:41:45","modified_gmt":"2025-10-01T09:41:45","slug":"etc-source-four-daylight-par-cdm-t-250w","status":"publish","type":"product","link":"https:\/\/as-lightsound.de\/wordpress\/product\/etc-source-four-daylight-par-cdm-t-250w\/","title":{"rendered":"ETC Source Four 4200K PAR CDM-T 250W"},"content":{"rendered":"<p data-start=\"175\" data-end=\"487\">Der <strong data-start=\"179\" data-end=\"218\">Source Four PAR Daylight CDM-T 250W<\/strong> kombiniert die bew\u00e4hrte Source Four PAR-Technologie mit einer langlebigen 250W CDM-T Entladungslampe in tageslicht\u00e4hnlicher Farbtemperatur. Ideal f\u00fcr Ausstellungen, Messen, Architekturbeleuchtung und Events, bei denen neutral- bis tageslichtwei\u00dfes Licht gefragt ist.<\/p>\n<hr data-start=\"489\" data-end=\"492\" \/>\n<h3 data-start=\"494\" data-end=\"531\"><strong data-start=\"498\" data-end=\"531\">Technische Daten (Tech Specs)<\/strong><\/h3>\n<div class=\"_tableContainer_1rjym_1\">\n<div class=\"group _tableWrapper_1rjym_13 flex w-fit flex-col-reverse\" tabindex=\"-1\">\n<table class=\"w-fit min-w-(--thread-content-width)\" data-start=\"533\" data-end=\"1430\">\n<thead data-start=\"533\" data-end=\"560\">\n<tr data-start=\"533\" data-end=\"560\">\n<th data-start=\"533\" data-end=\"543\" data-col-size=\"sm\">Merkmal<\/th>\n<th data-start=\"543\" data-end=\"560\" data-col-size=\"lg\">Spezifikation<\/th>\n<\/tr>\n<\/thead>\n<tbody data-start=\"584\" data-end=\"1430\">\n<tr data-start=\"584\" data-end=\"630\">\n<td data-start=\"584\" data-end=\"600\" data-col-size=\"sm\"><strong data-start=\"586\" data-end=\"599\">Lampentyp<\/strong><\/td>\n<td data-start=\"600\" data-end=\"630\" data-col-size=\"lg\">CDM-T 250W Entladungslampe<\/td>\n<\/tr>\n<tr data-start=\"631\" data-end=\"685\">\n<td data-start=\"631\" data-end=\"652\" data-col-size=\"sm\"><strong data-start=\"633\" data-end=\"651\">Farbtemperatur<\/strong><\/td>\n<td data-start=\"652\" data-end=\"685\" data-col-size=\"lg\">ca. 4200K<\/td>\n<\/tr>\n<tr data-start=\"686\" data-end=\"732\">\n<td data-start=\"686\" data-end=\"710\" data-col-size=\"sm\"><strong data-start=\"688\" data-end=\"709\">Lebensdauer Lampe<\/strong><\/td>\n<td data-start=\"710\" data-end=\"732\" data-col-size=\"lg\">bis zu ca. 9.000 h<\/td>\n<\/tr>\n<tr data-start=\"733\" data-end=\"800\">\n<td data-start=\"733\" data-end=\"753\" data-col-size=\"sm\"><strong data-start=\"735\" data-end=\"752\">Lichtausbeute<\/strong><\/td>\n<td data-start=\"753\" data-end=\"800\" data-col-size=\"lg\">Hoher Output bei geringer Leistungsaufnahme<\/td>\n<\/tr>\n<tr data-start=\"801\" data-end=\"910\">\n<td data-start=\"801\" data-end=\"826\" data-col-size=\"sm\"><strong data-start=\"803\" data-end=\"825\">Reflektor \/ Linsen<\/strong><\/td>\n<td data-start=\"826\" data-end=\"910\" data-col-size=\"lg\">Dichroitischer Reflektor; wechselbare Linsen (Very Narrow, Narrow, Medium, Wide)<\/td>\n<\/tr>\n<tr data-start=\"911\" data-end=\"963\">\n<td data-start=\"911\" data-end=\"932\" data-col-size=\"sm\"><strong data-start=\"913\" data-end=\"931\">Abstrahlwinkel<\/strong><\/td>\n<td data-start=\"932\" data-end=\"963\" data-col-size=\"lg\">variabel durch Linsentausch<\/td>\n<\/tr>\n<tr data-start=\"964\" data-end=\"1039\">\n<td data-start=\"964\" data-end=\"978\" data-col-size=\"sm\"><strong data-start=\"966\" data-end=\"977\">Geh\u00e4use<\/strong><\/td>\n<td data-start=\"978\" data-end=\"1039\" data-col-size=\"lg\">Aluminium-Druckguss, schwarz oder silber (modellabh\u00e4ngig)<\/td>\n<\/tr>\n<tr data-start=\"1040\" data-end=\"1100\">\n<td data-start=\"1040\" data-end=\"1054\" data-col-size=\"sm\"><strong data-start=\"1042\" data-end=\"1053\">Montage<\/strong><\/td>\n<td data-start=\"1054\" data-end=\"1100\" data-col-size=\"lg\">Stabiler Montageb\u00fcgel f\u00fcr Haken oder Clamp<\/td>\n<\/tr>\n<tr data-start=\"1101\" data-end=\"1158\">\n<td data-start=\"1101\" data-end=\"1117\" data-col-size=\"sm\"><strong data-start=\"1103\" data-end=\"1116\">Anschluss<\/strong><\/td>\n<td data-start=\"1117\" data-end=\"1158\" data-col-size=\"lg\">PowerCON oder Schuko (modellabh\u00e4ngig)<\/td>\n<\/tr>\n<tr data-start=\"1159\" data-end=\"1194\">\n<td data-start=\"1159\" data-end=\"1173\" data-col-size=\"sm\"><strong data-start=\"1161\" data-end=\"1172\">K\u00fchlung<\/strong><\/td>\n<td data-start=\"1173\" data-end=\"1194\" data-col-size=\"lg\">Passiv, l\u00fcfterlos<\/td>\n<\/tr>\n<tr data-start=\"1195\" data-end=\"1251\">\n<td data-start=\"1195\" data-end=\"1225\" data-col-size=\"sm\"><strong data-start=\"1197\" data-end=\"1224\">Abmessungen (L \u00d7 B \u00d7 H)<\/strong><\/td>\n<td data-start=\"1225\" data-end=\"1251\" data-col-size=\"lg\">ca. 410 \u00d7 280 \u00d7 330 mm<\/td>\n<\/tr>\n<tr data-start=\"1252\" data-end=\"1280\">\n<td data-start=\"1252\" data-end=\"1266\" data-col-size=\"sm\"><strong data-start=\"1254\" data-end=\"1265\">Gewicht<\/strong><\/td>\n<td data-start=\"1266\" data-end=\"1280\" data-col-size=\"lg\">ca. 6,5 kg<\/td>\n<\/tr>\n<tr data-start=\"1281\" data-end=\"1430\">\n<td data-start=\"1281\" data-end=\"1302\" data-col-size=\"sm\"><strong data-start=\"1283\" data-end=\"1301\">Besonderheiten<\/strong><\/td>\n<td data-start=\"1302\" data-end=\"1430\" data-col-size=\"lg\">Tageslichtwei\u00df (ca. 5600 K), lange Lebensdauer, energieeffiziente CDM-T-Technik, austauschbare Linsen, ger\u00e4uschloser Betrieb<\/td>\n<\/tr>\n<\/tbody>\n<\/table>\n<\/div>\n<\/div>\n","protected":false},"excerpt":{"rendered":"<p>54 vorr\u00e4tig<\/p>\n","protected":false},"featured_media":1938,"template":"","meta":[],"product_brand":[],"product_cat":[32,30],"product_tag":[],"class_list":{"0":"post-1867","1":"product","2":"type-product","3":"status-publish","4":"has-post-thumbnail","6":"product_cat-scheinwerfer","7":"product_cat-lichttechnik","9":"first","10":"instock","11":"taxable","12":"shipping-taxable","13":"purchasable","14":"product-type-simple"},"_links":{"self":[{"href":"https:\/\/as-lightsound.de\/wordpress\/wp-json\/wp\/v2\/product\/1867","targetHints":{"allow":["GET"]}}],"collection":[{"href":"https:\/\/as-lightsound.de\/wordpress\/wp-json\/wp\/v2\/product"}],"about":[{"href":"https:\/\/as-lightsound.de\/wordpress\/wp-json\/wp\/v2\/types\/product"}],"wp:featuredmedia":[{"embeddable":true,"href":"https:\/\/as-lightsound.de\/wordpress\/wp-json\/wp\/v2\/media\/1938"}],"wp:attachment":[{"href":"https:\/\/as-lightsound.de\/wordpress\/wp-json\/wp\/v2\/media?parent=1867"}],"wp:term":[{"taxonomy":"product_brand","embeddable":true,"href":"https:\/\/as-lightsound.de\/wordpress\/wp-json\/wp\/v2\/product_brand?post=1867"},{"taxonomy":"product_cat","embeddable":true,"href":"https:\/\/as-lightsound.de\/wordpress\/wp-json\/wp\/v2\/product_cat?post=1867"},{"taxonomy":"product_tag","embeddable":true,"href":"https:\/\/as-lightsound.de\/wordpress\/wp-json\/wp\/v2\/product_tag?post=1867"}],"curies":[{"name":"wp","href":"https:\/\/api.w.org\/{rel}","templated":true}]}}