{"id":1865,"date":"2025-09-30T11:19:57","date_gmt":"2025-09-30T09:19:57","guid":{"rendered":"https:\/\/as-lightsound.de\/wordpress\/?post_type=product&#038;p=1865"},"modified":"2025-10-06T13:40:41","modified_gmt":"2025-10-06T11:40:41","slug":"botex-bo-6-pw-16a-plugbox-in-16a-out-6x-schuko","status":"publish","type":"product","link":"https:\/\/as-lightsound.de\/wordpress\/product\/botex-bo-6-pw-16a-plugbox-in-16a-out-6x-schuko\/","title":{"rendered":"Botex BO-6-PW 16A Plugbox, In: 16A, Out: 6x Schuko"},"content":{"rendered":"<p data-start=\"173\" data-end=\"408\">Die <strong data-start=\"177\" data-end=\"196\">BO-6-PW Plugbox<\/strong> ist eine kompakte und robuste Stromverteilung f\u00fcr den mobilen Einsatz. Mit einem 16A-Eingang und sechs Schuko-Ausg\u00e4ngen sorgt sie f\u00fcr eine zuverl\u00e4ssige Energieversorgung auf B\u00fchnen, in Studios oder bei Events.<\/p>\n<hr data-start=\"410\" data-end=\"413\" \/>\n<h3 data-start=\"415\" data-end=\"452\"><strong data-start=\"419\" data-end=\"452\">Technische Daten (Tech Specs)<\/strong><\/h3>\n<div class=\"_tableContainer_1rjym_1\">\n<div class=\"group _tableWrapper_1rjym_13 flex w-fit flex-col-reverse\" tabindex=\"-1\">\n<table class=\"w-fit min-w-(--thread-content-width)\" data-start=\"454\" data-end=\"1055\">\n<thead data-start=\"454\" data-end=\"481\">\n<tr data-start=\"454\" data-end=\"481\">\n<th data-start=\"454\" data-end=\"464\" data-col-size=\"sm\">Merkmal<\/th>\n<th data-start=\"464\" data-end=\"481\" data-col-size=\"md\">Spezifikation<\/th>\n<\/tr>\n<\/thead>\n<tbody data-start=\"505\" data-end=\"1055\">\n<tr data-start=\"505\" data-end=\"550\">\n<td data-start=\"505\" data-end=\"519\" data-col-size=\"sm\"><strong data-start=\"507\" data-end=\"518\">Eingang<\/strong><\/td>\n<td data-start=\"519\" data-end=\"550\" data-col-size=\"md\">1 \u00d7 CEE 16A, 3-polig, 230 V<\/td>\n<\/tr>\n<tr data-start=\"551\" data-end=\"586\">\n<td data-start=\"551\" data-end=\"566\" data-col-size=\"sm\"><strong data-start=\"553\" data-end=\"565\">Ausg\u00e4nge<\/strong><\/td>\n<td data-start=\"566\" data-end=\"586\" data-col-size=\"md\">6 \u00d7 Schuko 230 V<\/td>\n<\/tr>\n<tr data-start=\"587\" data-end=\"619\">\n<td data-start=\"587\" data-end=\"602\" data-col-size=\"sm\"><strong data-start=\"589\" data-end=\"601\">Spannung<\/strong><\/td>\n<td data-start=\"602\" data-end=\"619\" data-col-size=\"md\">230 V \/ 50 Hz<\/td>\n<\/tr>\n<tr data-start=\"620\" data-end=\"659\">\n<td data-start=\"620\" data-end=\"636\" data-col-size=\"sm\"><strong data-start=\"622\" data-end=\"635\">Nennstrom<\/strong><\/td>\n<td data-start=\"636\" data-end=\"659\" data-col-size=\"md\">Eingang 16 A gesamt<\/td>\n<\/tr>\n<tr data-start=\"660\" data-end=\"736\">\n<td data-start=\"660\" data-end=\"679\" data-col-size=\"sm\"><strong data-start=\"662\" data-end=\"678\">Schutzklasse<\/strong><\/td>\n<td data-start=\"679\" data-end=\"736\" data-col-size=\"md\">IP44 (spritzwassergesch\u00fctzt, indoor\/outdoor geeignet)<\/td>\n<\/tr>\n<tr data-start=\"737\" data-end=\"813\">\n<td data-start=\"737\" data-end=\"755\" data-col-size=\"sm\"><strong data-start=\"739\" data-end=\"754\">Absicherung<\/strong><\/td>\n<td data-start=\"755\" data-end=\"813\" data-col-size=\"md\">Alle Ausg\u00e4nge zusammen \u00fcber Leitungsschutz abgesichert<\/td>\n<\/tr>\n<tr data-start=\"814\" data-end=\"898\">\n<td data-start=\"814\" data-end=\"828\" data-col-size=\"sm\"><strong data-start=\"816\" data-end=\"827\">Geh\u00e4use<\/strong><\/td>\n<td data-start=\"828\" data-end=\"898\" data-col-size=\"md\">Robustes Kunststoff-\/Metallgeh\u00e4use, stapelbar, transportfreundlich<\/td>\n<\/tr>\n<tr data-start=\"899\" data-end=\"961\">\n<td data-start=\"899\" data-end=\"913\" data-col-size=\"sm\"><strong data-start=\"901\" data-end=\"912\">Montage<\/strong><\/td>\n<td data-start=\"913\" data-end=\"961\" data-col-size=\"md\">Tragbar, ideal f\u00fcr Boden- oder B\u00fchnennutzung<\/td>\n<\/tr>\n<tr data-start=\"962\" data-end=\"1026\">\n<td data-start=\"962\" data-end=\"980\" data-col-size=\"sm\"><strong data-start=\"964\" data-end=\"979\">Abmessungen<\/strong><\/td>\n<td data-start=\"980\" data-end=\"1026\" data-col-size=\"md\">Kompakte Bauweise (ca. 300 \u00d7 120 \u00d7 100 mm)<\/td>\n<\/tr>\n<tr data-start=\"1027\" data-end=\"1055\">\n<td data-start=\"1027\" data-end=\"1041\" data-col-size=\"sm\"><strong data-start=\"1029\" data-end=\"1040\">Gewicht<\/strong><\/td>\n<td data-start=\"1041\" data-end=\"1055\" data-col-size=\"md\">ca. 2\u20133 kg<\/td>\n<\/tr>\n<\/tbody>\n<\/table>\n<\/div>\n<\/div>\n","protected":false},"excerpt":{"rendered":"<p>16 vorr\u00e4tig<\/p>\n","protected":false},"featured_media":2222,"template":"","meta":[],"product_brand":[],"product_cat":[77],"product_tag":[],"class_list":{"0":"post-1865","1":"product","2":"type-product","3":"status-publish","4":"has-post-thumbnail","6":"product_cat-stromverteiler","8":"first","9":"instock","10":"taxable","11":"shipping-taxable","12":"purchasable","13":"product-type-simple"},"_links":{"self":[{"href":"https:\/\/as-lightsound.de\/wordpress\/wp-json\/wp\/v2\/product\/1865","targetHints":{"allow":["GET"]}}],"collection":[{"href":"https:\/\/as-lightsound.de\/wordpress\/wp-json\/wp\/v2\/product"}],"about":[{"href":"https:\/\/as-lightsound.de\/wordpress\/wp-json\/wp\/v2\/types\/product"}],"wp:featuredmedia":[{"embeddable":true,"href":"https:\/\/as-lightsound.de\/wordpress\/wp-json\/wp\/v2\/media\/2222"}],"wp:attachment":[{"href":"https:\/\/as-lightsound.de\/wordpress\/wp-json\/wp\/v2\/media?parent=1865"}],"wp:term":[{"taxonomy":"product_brand","embeddable":true,"href":"https:\/\/as-lightsound.de\/wordpress\/wp-json\/wp\/v2\/product_brand?post=1865"},{"taxonomy":"product_cat","embeddable":true,"href":"https:\/\/as-lightsound.de\/wordpress\/wp-json\/wp\/v2\/product_cat?post=1865"},{"taxonomy":"product_tag","embeddable":true,"href":"https:\/\/as-lightsound.de\/wordpress\/wp-json\/wp\/v2\/product_tag?post=1865"}],"curies":[{"name":"wp","href":"https:\/\/api.w.org\/{rel}","templated":true}]}}