{"id":186,"date":"2021-03-18T11:18:41","date_gmt":"2021-03-18T10:18:41","guid":{"rendered":"https:\/\/as-lightsound.de\/wordpress\/?post_type=product&#038;p=186"},"modified":"2025-10-08T11:37:03","modified_gmt":"2025-10-08T09:37:03","slug":"sennheiser-skm-2000-bw-band-handsender","status":"publish","type":"product","link":"https:\/\/as-lightsound.de\/wordpress\/product\/sennheiser-skm-2000-bw-band-handsender\/","title":{"rendered":"Sennheiser SKM 2000 BW Band Handsender"},"content":{"rendered":"<p data-start=\"67\" data-end=\"543\">Der <strong data-start=\"71\" data-end=\"102\">Sennheiser SKM 2000 BW Band<\/strong> ist ein robuster, professioneller Handsender f\u00fcr den Einsatz mit drahtlosen Sennheiser 2000-Serie Empf\u00e4ngern. Er bietet gro\u00dfe Schaltbandbreite, hohe HF-Stabilit\u00e4t und flexible Sendeleistung f\u00fcr den zuverl\u00e4ssigen Live-Betrieb. Dank austauschbarer Mikrofonkapseln, Metallgeh\u00e4use und digitaler Pilottonsteuerung eignet sich der SKM 2000 f\u00fcr Touring, Broadcast und B\u00fchnenanwendungen mit h\u00f6chsten Anforderungen an Klang und Betriebssicherheit.<\/p>\n<hr data-start=\"545\" data-end=\"548\" \/>\n<h3 data-start=\"550\" data-end=\"583\">Technische Daten (Tech Specs)<\/h3>\n<div class=\"_tableContainer_1rjym_1\">\n<div class=\"group _tableWrapper_1rjym_13 flex w-fit flex-col-reverse\" tabindex=\"-1\">\n<table class=\"w-fit min-w-(--thread-content-width)\" data-start=\"585\" data-end=\"1594\">\n<thead data-start=\"585\" data-end=\"603\">\n<tr data-start=\"585\" data-end=\"603\">\n<th data-start=\"585\" data-end=\"595\" data-col-size=\"sm\">Merkmal<\/th>\n<th data-start=\"595\" data-end=\"603\" data-col-size=\"md\">Wert<\/th>\n<\/tr>\n<\/thead>\n<tbody data-start=\"624\" data-end=\"1594\">\n<tr data-start=\"624\" data-end=\"668\">\n<td data-start=\"624\" data-end=\"637\" data-col-size=\"sm\"><strong data-start=\"626\" data-end=\"636\">Modell<\/strong><\/td>\n<td data-start=\"637\" data-end=\"668\" data-col-size=\"md\">Sennheiser SKM 2000 BW Band<\/td>\n<\/tr>\n<tr data-start=\"669\" data-end=\"713\">\n<td data-start=\"669\" data-end=\"696\" data-col-size=\"sm\"><strong data-start=\"671\" data-end=\"695\">Frequenzbereich (BW)<\/strong><\/td>\n<td data-start=\"696\" data-end=\"713\" data-col-size=\"md\">626 \u2013 698 MHz<\/td>\n<\/tr>\n<tr data-start=\"714\" data-end=\"747\">\n<td data-start=\"714\" data-end=\"737\" data-col-size=\"sm\"><strong data-start=\"716\" data-end=\"736\">Schaltbandbreite<\/strong><\/td>\n<td data-start=\"737\" data-end=\"747\" data-col-size=\"md\">75 MHz<\/td>\n<\/tr>\n<tr data-start=\"748\" data-end=\"801\">\n<td data-start=\"748\" data-end=\"768\" data-col-size=\"sm\"><strong data-start=\"750\" data-end=\"767\">Sendeleistung<\/strong><\/td>\n<td data-start=\"768\" data-end=\"801\" data-col-size=\"md\">10 \/ 30 \/ 50 mW (umschaltbar)<\/td>\n<\/tr>\n<tr data-start=\"802\" data-end=\"832\">\n<td data-start=\"802\" data-end=\"822\" data-col-size=\"sm\"><strong data-start=\"804\" data-end=\"821\">HF-Stabilit\u00e4t<\/strong><\/td>\n<td data-start=\"822\" data-end=\"832\" data-col-size=\"md\">\u00b15 ppm<\/td>\n<\/tr>\n<tr data-start=\"833\" data-end=\"866\">\n<td data-start=\"833\" data-end=\"850\" data-col-size=\"sm\"><strong data-start=\"835\" data-end=\"849\">Modulation<\/strong><\/td>\n<td data-start=\"850\" data-end=\"866\" data-col-size=\"md\">Breitband-FM<\/td>\n<\/tr>\n<tr data-start=\"867\" data-end=\"904\">\n<td data-start=\"867\" data-end=\"886\" data-col-size=\"sm\"><strong data-start=\"869\" data-end=\"885\">Frequenzgang<\/strong><\/td>\n<td data-start=\"886\" data-end=\"904\" data-col-size=\"md\">80 Hz \u2013 18 kHz<\/td>\n<\/tr>\n<tr data-start=\"905\" data-end=\"1011\">\n<td data-start=\"905\" data-end=\"930\" data-col-size=\"sm\"><strong data-start=\"907\" data-end=\"929\">Kompatible Kapseln<\/strong><\/td>\n<td data-start=\"930\" data-end=\"1011\" data-col-size=\"md\">Alle Sennheiser evolution Wireless &amp; Neumann KK-Kapseln (Wechselkapselsystem)<\/td>\n<\/tr>\n<tr data-start=\"1012\" data-end=\"1063\">\n<td data-start=\"1012\" data-end=\"1038\" data-col-size=\"sm\"><strong data-start=\"1014\" data-end=\"1037\">Audio-Dynamikumfang<\/strong><\/td>\n<td data-start=\"1038\" data-end=\"1063\" data-col-size=\"md\">&gt; 120 dB (A-bewertet)<\/td>\n<\/tr>\n<tr data-start=\"1064\" data-end=\"1119\">\n<td data-start=\"1064\" data-end=\"1079\" data-col-size=\"sm\"><strong data-start=\"1066\" data-end=\"1078\">Pilotton<\/strong><\/td>\n<td data-start=\"1079\" data-end=\"1119\" data-col-size=\"md\">Digital, zur Empf\u00e4ngeridentifikation<\/td>\n<\/tr>\n<tr data-start=\"1120\" data-end=\"1193\">\n<td data-start=\"1120\" data-end=\"1146\" data-col-size=\"sm\"><strong data-start=\"1122\" data-end=\"1145\">Display \/ Bedienung<\/strong><\/td>\n<td data-start=\"1146\" data-end=\"1193\" data-col-size=\"md\">LCD mit Men\u00fcf\u00fchrung, Hintergrundbeleuchtung<\/td>\n<\/tr>\n<tr data-start=\"1194\" data-end=\"1245\">\n<td data-start=\"1194\" data-end=\"1216\" data-col-size=\"sm\"><strong data-start=\"1196\" data-end=\"1215\">Geh\u00e4usematerial<\/strong><\/td>\n<td data-start=\"1216\" data-end=\"1245\" data-col-size=\"md\">Metall (aluminiumlegiert)<\/td>\n<\/tr>\n<tr data-start=\"1246\" data-end=\"1310\">\n<td data-start=\"1246\" data-end=\"1272\" data-col-size=\"sm\"><strong data-start=\"1248\" data-end=\"1271\">Akkutyp \/ Batterien<\/strong><\/td>\n<td data-start=\"1272\" data-end=\"1310\" data-col-size=\"md\">2 \u00d7 AA-Batterien oder BA 2015 Akku<\/td>\n<\/tr>\n<tr data-start=\"1311\" data-end=\"1374\">\n<td data-start=\"1311\" data-end=\"1331\" data-col-size=\"sm\"><strong data-start=\"1313\" data-end=\"1330\">Betriebsdauer<\/strong><\/td>\n<td data-start=\"1331\" data-end=\"1374\" data-col-size=\"md\">ca. 8 h (Batterien), bis zu 10 h (Akku)<\/td>\n<\/tr>\n<tr data-start=\"1375\" data-end=\"1416\">\n<td data-start=\"1375\" data-end=\"1401\" data-col-size=\"sm\"><strong data-start=\"1377\" data-end=\"1400\">Abmessungen (\u00d8 \u00d7 L)<\/strong><\/td>\n<td data-start=\"1401\" data-end=\"1416\" data-col-size=\"md\">50 \u00d7 265 mm<\/td>\n<\/tr>\n<tr data-start=\"1417\" data-end=\"1460\">\n<td data-start=\"1417\" data-end=\"1431\" data-col-size=\"sm\"><strong data-start=\"1419\" data-end=\"1430\">Gewicht<\/strong><\/td>\n<td data-start=\"1431\" data-end=\"1460\" data-col-size=\"md\">ca. 450 g (mit Batterien)<\/td>\n<\/tr>\n<tr data-start=\"1461\" data-end=\"1538\">\n<td data-start=\"1461\" data-end=\"1495\" data-col-size=\"sm\"><strong data-start=\"1463\" data-end=\"1494\">Anschl\u00fcsse \/ Schnittstellen<\/strong><\/td>\n<td data-start=\"1495\" data-end=\"1538\" data-col-size=\"md\">Ladeschnittstelle f\u00fcr L 2015 Ladeschale<\/td>\n<\/tr>\n<tr data-start=\"1539\" data-end=\"1594\">\n<td data-start=\"1539\" data-end=\"1573\" data-col-size=\"sm\"><strong data-start=\"1541\" data-end=\"1572\">Temperaturbereich (Betrieb)<\/strong><\/td>\n<td data-start=\"1573\" data-end=\"1594\" data-col-size=\"md\">\u201310 \u00b0C bis +55 \u00b0C<\/td>\n<\/tr>\n<\/tbody>\n<\/table>\n<\/div>\n<\/div>\n","protected":false},"excerpt":{"rendered":"<p>17 vorr\u00e4tig<\/p>\n","protected":false},"featured_media":187,"template":"","meta":[],"product_brand":[],"product_cat":[23],"product_tag":[],"class_list":{"0":"post-186","1":"product","2":"type-product","3":"status-publish","4":"has-post-thumbnail","6":"product_cat-wireless","8":"first","9":"instock","10":"taxable","11":"shipping-taxable","12":"purchasable","13":"product-type-simple"},"_links":{"self":[{"href":"https:\/\/as-lightsound.de\/wordpress\/wp-json\/wp\/v2\/product\/186","targetHints":{"allow":["GET"]}}],"collection":[{"href":"https:\/\/as-lightsound.de\/wordpress\/wp-json\/wp\/v2\/product"}],"about":[{"href":"https:\/\/as-lightsound.de\/wordpress\/wp-json\/wp\/v2\/types\/product"}],"wp:featuredmedia":[{"embeddable":true,"href":"https:\/\/as-lightsound.de\/wordpress\/wp-json\/wp\/v2\/media\/187"}],"wp:attachment":[{"href":"https:\/\/as-lightsound.de\/wordpress\/wp-json\/wp\/v2\/media?parent=186"}],"wp:term":[{"taxonomy":"product_brand","embeddable":true,"href":"https:\/\/as-lightsound.de\/wordpress\/wp-json\/wp\/v2\/product_brand?post=186"},{"taxonomy":"product_cat","embeddable":true,"href":"https:\/\/as-lightsound.de\/wordpress\/wp-json\/wp\/v2\/product_cat?post=186"},{"taxonomy":"product_tag","embeddable":true,"href":"https:\/\/as-lightsound.de\/wordpress\/wp-json\/wp\/v2\/product_tag?post=186"}],"curies":[{"name":"wp","href":"https:\/\/api.w.org\/{rel}","templated":true}]}}