{"id":1853,"date":"2025-09-30T10:45:44","date_gmt":"2025-09-30T08:45:44","guid":{"rendered":"https:\/\/as-lightsound.de\/wordpress\/?post_type=product&#038;p=1853"},"modified":"2025-10-06T13:44:42","modified_gmt":"2025-10-06T11:44:42","slug":"riedconn-stv-32a-verteiler-in-32a-out-2x-laka","status":"publish","type":"product","link":"https:\/\/as-lightsound.de\/wordpress\/product\/riedconn-stv-32a-verteiler-in-32a-out-2x-laka\/","title":{"rendered":"RiedConn STV-32A Verteiler, In: 32A, Out: 2x LAKA"},"content":{"rendered":"<p data-start=\"187\" data-end=\"465\">Der <strong data-start=\"191\" data-end=\"202\">STV-32A<\/strong> ist ein kompakter Stromverteiler f\u00fcr professionelle Event- und B\u00fchnentechnik. Mit einem 32A-Eingang und zwei LAKA-Multipin-Ausg\u00e4ngen eignet er sich ideal, um Lastkreise \u00fcber Multicore-Verbindungen schnell und zuverl\u00e4ssig an Licht- oder Tontechnik zu verteilen.<\/p>\n<hr data-start=\"467\" data-end=\"470\" \/>\n<h3 data-start=\"472\" data-end=\"509\"><strong data-start=\"476\" data-end=\"509\">Technische Daten (Tech Specs)<\/strong><\/h3>\n<div class=\"_tableContainer_1rjym_1\">\n<div class=\"group _tableWrapper_1rjym_13 flex w-fit flex-col-reverse\" tabindex=\"-1\">\n<table class=\"w-fit min-w-(--thread-content-width)\" data-start=\"511\" data-end=\"1283\">\n<thead data-start=\"511\" data-end=\"538\">\n<tr data-start=\"511\" data-end=\"538\">\n<th data-start=\"511\" data-end=\"521\" data-col-size=\"sm\">Merkmal<\/th>\n<th data-start=\"521\" data-end=\"538\" data-col-size=\"md\">Spezifikation<\/th>\n<\/tr>\n<\/thead>\n<tbody data-start=\"562\" data-end=\"1283\">\n<tr data-start=\"562\" data-end=\"607\">\n<td data-start=\"562\" data-end=\"576\" data-col-size=\"sm\"><strong data-start=\"564\" data-end=\"575\">Eingang<\/strong><\/td>\n<td data-start=\"576\" data-end=\"607\" data-col-size=\"md\">1 \u00d7 CEE 32A, 5-polig, 400 V<\/td>\n<\/tr>\n<tr data-start=\"608\" data-end=\"695\">\n<td data-start=\"608\" data-end=\"623\" data-col-size=\"sm\"><strong data-start=\"610\" data-end=\"622\">Ausg\u00e4nge<\/strong><\/td>\n<td data-start=\"623\" data-end=\"695\" data-col-size=\"md\">2 \u00d7 LAKA Multipin (je nach Konfiguration f\u00fcr 6\u00d7 oder 12\u00d7 16A-Kreise)<\/td>\n<\/tr>\n<tr data-start=\"696\" data-end=\"740\">\n<td data-start=\"696\" data-end=\"711\" data-col-size=\"sm\"><strong data-start=\"698\" data-end=\"710\">Spannung<\/strong><\/td>\n<td data-start=\"711\" data-end=\"740\" data-col-size=\"md\">400 V \/ 50 Hz (Drehstrom)<\/td>\n<\/tr>\n<tr data-start=\"741\" data-end=\"773\">\n<td data-start=\"741\" data-end=\"757\" data-col-size=\"sm\"><strong data-start=\"743\" data-end=\"756\">Nennstrom<\/strong><\/td>\n<td data-start=\"757\" data-end=\"773\" data-col-size=\"md\">Eingang 32 A<\/td>\n<\/tr>\n<tr data-start=\"774\" data-end=\"845\">\n<td data-start=\"774\" data-end=\"793\" data-col-size=\"sm\"><strong data-start=\"776\" data-end=\"792\">Schutzklasse<\/strong><\/td>\n<td data-start=\"793\" data-end=\"845\" data-col-size=\"md\">IP44 (spritzwassergesch\u00fctzt, f\u00fcr Indoor\/Outdoor)<\/td>\n<\/tr>\n<tr data-start=\"846\" data-end=\"938\">\n<td data-start=\"846\" data-end=\"864\" data-col-size=\"sm\"><strong data-start=\"848\" data-end=\"863\">Absicherung<\/strong><\/td>\n<td data-start=\"864\" data-end=\"938\" data-col-size=\"md\">Stromkreise \u00fcber Leitungsschutzschalter und FI-Schutz (modellabh\u00e4ngig)<\/td>\n<\/tr>\n<tr data-start=\"939\" data-end=\"990\">\n<td data-start=\"939\" data-end=\"954\" data-col-size=\"sm\"><strong data-start=\"941\" data-end=\"953\">Anzeigen<\/strong><\/td>\n<td data-start=\"954\" data-end=\"990\" data-col-size=\"md\">LED-Betriebs- und Phasenanzeigen<\/td>\n<\/tr>\n<tr data-start=\"991\" data-end=\"1078\">\n<td data-start=\"991\" data-end=\"1005\" data-col-size=\"sm\"><strong data-start=\"993\" data-end=\"1004\">Geh\u00e4use<\/strong><\/td>\n<td data-start=\"1005\" data-end=\"1078\" data-col-size=\"md\">Robustes Metall-\/Kunststoffgeh\u00e4use, stapelbar und transportfreundlich<\/td>\n<\/tr>\n<tr data-start=\"1079\" data-end=\"1146\">\n<td data-start=\"1079\" data-end=\"1093\" data-col-size=\"sm\"><strong data-start=\"1081\" data-end=\"1092\">Montage<\/strong><\/td>\n<td data-start=\"1093\" data-end=\"1146\" data-col-size=\"md\">Tragbar, f\u00fcr mobilen Einsatz und Touring geeignet<\/td>\n<\/tr>\n<tr data-start=\"1147\" data-end=\"1226\">\n<td data-start=\"1147\" data-end=\"1165\" data-col-size=\"sm\"><strong data-start=\"1149\" data-end=\"1164\">Abmessungen<\/strong><\/td>\n<td data-start=\"1165\" data-end=\"1226\" data-col-size=\"md\">Kompakte Bauweise (modellabh\u00e4ngig ca. 400 \u00d7 300 \u00d7 250 mm)<\/td>\n<\/tr>\n<tr data-start=\"1227\" data-end=\"1283\">\n<td data-start=\"1227\" data-end=\"1241\" data-col-size=\"sm\"><strong data-start=\"1229\" data-end=\"1240\">Gewicht<\/strong><\/td>\n<td data-start=\"1241\" data-end=\"1283\" data-col-size=\"md\">ca. 10\u201312 kg (abh\u00e4ngig von Ausf\u00fchrung)<\/td>\n<\/tr>\n<\/tbody>\n<\/table>\n<\/div>\n<\/div>\n","protected":false},"excerpt":{"rendered":"<p>1 vorr\u00e4tig<\/p>\n","protected":false},"featured_media":2225,"template":"","meta":[],"product_brand":[],"product_cat":[77],"product_tag":[],"class_list":{"0":"post-1853","1":"product","2":"type-product","3":"status-publish","4":"has-post-thumbnail","6":"product_cat-stromverteiler","8":"first","9":"instock","10":"taxable","11":"shipping-taxable","12":"purchasable","13":"product-type-simple"},"_links":{"self":[{"href":"https:\/\/as-lightsound.de\/wordpress\/wp-json\/wp\/v2\/product\/1853","targetHints":{"allow":["GET"]}}],"collection":[{"href":"https:\/\/as-lightsound.de\/wordpress\/wp-json\/wp\/v2\/product"}],"about":[{"href":"https:\/\/as-lightsound.de\/wordpress\/wp-json\/wp\/v2\/types\/product"}],"wp:featuredmedia":[{"embeddable":true,"href":"https:\/\/as-lightsound.de\/wordpress\/wp-json\/wp\/v2\/media\/2225"}],"wp:attachment":[{"href":"https:\/\/as-lightsound.de\/wordpress\/wp-json\/wp\/v2\/media?parent=1853"}],"wp:term":[{"taxonomy":"product_brand","embeddable":true,"href":"https:\/\/as-lightsound.de\/wordpress\/wp-json\/wp\/v2\/product_brand?post=1853"},{"taxonomy":"product_cat","embeddable":true,"href":"https:\/\/as-lightsound.de\/wordpress\/wp-json\/wp\/v2\/product_cat?post=1853"},{"taxonomy":"product_tag","embeddable":true,"href":"https:\/\/as-lightsound.de\/wordpress\/wp-json\/wp\/v2\/product_tag?post=1853"}],"curies":[{"name":"wp","href":"https:\/\/api.w.org\/{rel}","templated":true}]}}