{"id":1849,"date":"2025-09-30T10:36:40","date_gmt":"2025-09-30T08:36:40","guid":{"rendered":"https:\/\/as-lightsound.de\/wordpress\/?post_type=product&#038;p=1849"},"modified":"2025-09-30T10:39:00","modified_gmt":"2025-09-30T08:39:00","slug":"riedconn-stv-63a-verteiler-in-63aa-out-4x16a","status":"publish","type":"product","link":"https:\/\/as-lightsound.de\/wordpress\/product\/riedconn-stv-63a-verteiler-in-63aa-out-4x16a\/","title":{"rendered":"RiedConn STV-63A Verteiler, IN: 63AA, OUT: 4x16A"},"content":{"rendered":"<p data-start=\"176\" data-end=\"457\">Der <strong data-start=\"180\" data-end=\"191\">STV-63A<\/strong> ist ein kompakter und robuster Stromverteiler f\u00fcr den professionellen Einsatz bei Veranstaltungen, Industrie und Baustellen. Mit einem 63A-Eingang und vier 16A-Ausg\u00e4ngen eignet er sich ideal, um mehrere Verbraucher zuverl\u00e4ssig und sicher mit Energie zu versorgen.<\/p>\n<hr data-start=\"459\" data-end=\"462\" \/>\n<h3 data-start=\"464\" data-end=\"501\"><strong data-start=\"468\" data-end=\"501\">Technische Daten (Tech Specs)<\/strong><\/h3>\n<div class=\"_tableContainer_1rjym_1\">\n<div class=\"group _tableWrapper_1rjym_13 flex w-fit flex-col-reverse\" tabindex=\"-1\">\n<table class=\"w-fit min-w-(--thread-content-width)\" data-start=\"503\" data-end=\"1251\">\n<thead data-start=\"503\" data-end=\"530\">\n<tr data-start=\"503\" data-end=\"530\">\n<th data-start=\"503\" data-end=\"513\" data-col-size=\"sm\">Merkmal<\/th>\n<th data-start=\"513\" data-end=\"530\" data-col-size=\"md\">Spezifikation<\/th>\n<\/tr>\n<\/thead>\n<tbody data-start=\"554\" data-end=\"1251\">\n<tr data-start=\"554\" data-end=\"599\">\n<td data-start=\"554\" data-end=\"568\" data-col-size=\"sm\"><strong data-start=\"556\" data-end=\"567\">Eingang<\/strong><\/td>\n<td data-start=\"568\" data-end=\"599\" data-col-size=\"md\">1 \u00d7 CEE 63A, 5-polig, 400 V<\/td>\n<\/tr>\n<tr data-start=\"600\" data-end=\"646\">\n<td data-start=\"600\" data-end=\"615\" data-col-size=\"sm\"><strong data-start=\"602\" data-end=\"614\">Ausg\u00e4nge<\/strong><\/td>\n<td data-start=\"615\" data-end=\"646\" data-col-size=\"md\">4 \u00d7 CEE 16A, 5-polig, 400 V<\/td>\n<\/tr>\n<tr data-start=\"647\" data-end=\"691\">\n<td data-start=\"647\" data-end=\"662\" data-col-size=\"sm\"><strong data-start=\"649\" data-end=\"661\">Spannung<\/strong><\/td>\n<td data-start=\"662\" data-end=\"691\" data-col-size=\"md\">400 V \/ 50 Hz (Drehstrom)<\/td>\n<\/tr>\n<tr data-start=\"692\" data-end=\"742\">\n<td data-start=\"692\" data-end=\"708\" data-col-size=\"sm\"><strong data-start=\"694\" data-end=\"707\">Nennstrom<\/strong><\/td>\n<td data-start=\"708\" data-end=\"742\" data-col-size=\"md\">Eingang 63 A, Ausg\u00e4nge je 16 A<\/td>\n<\/tr>\n<tr data-start=\"743\" data-end=\"814\">\n<td data-start=\"743\" data-end=\"762\" data-col-size=\"sm\"><strong data-start=\"745\" data-end=\"761\">Schutzklasse<\/strong><\/td>\n<td data-start=\"762\" data-end=\"814\" data-col-size=\"md\">IP44 (spritzwassergesch\u00fctzt, f\u00fcr Indoor\/Outdoor)<\/td>\n<\/tr>\n<tr data-start=\"815\" data-end=\"897\">\n<td data-start=\"815\" data-end=\"833\" data-col-size=\"sm\"><strong data-start=\"817\" data-end=\"832\">Absicherung<\/strong><\/td>\n<td data-start=\"833\" data-end=\"897\" data-col-size=\"md\">Jeder Ausgang separat abgesichert (LS\/FI je nach Ausf\u00fchrung)<\/td>\n<\/tr>\n<tr data-start=\"898\" data-end=\"965\">\n<td data-start=\"898\" data-end=\"913\" data-col-size=\"sm\"><strong data-start=\"900\" data-end=\"912\">Anzeigen<\/strong><\/td>\n<td data-start=\"913\" data-end=\"965\" data-col-size=\"md\">LED-Betriebs- und Phasenanzeige (modellabh\u00e4ngig)<\/td>\n<\/tr>\n<tr data-start=\"966\" data-end=\"1050\">\n<td data-start=\"966\" data-end=\"980\" data-col-size=\"sm\"><strong data-start=\"968\" data-end=\"979\">Geh\u00e4use<\/strong><\/td>\n<td data-start=\"980\" data-end=\"1050\" data-col-size=\"md\">Robustes Metall-\/Kunststoffgeh\u00e4use, stapelbar, transportfreundlich<\/td>\n<\/tr>\n<tr data-start=\"1051\" data-end=\"1124\">\n<td data-start=\"1051\" data-end=\"1065\" data-col-size=\"sm\"><strong data-start=\"1053\" data-end=\"1064\">Montage<\/strong><\/td>\n<td data-start=\"1065\" data-end=\"1124\" data-col-size=\"md\">Tragbar, f\u00fcr mobilen Einsatz und B\u00fchnenbetrieb geeignet<\/td>\n<\/tr>\n<tr data-start=\"1125\" data-end=\"1194\">\n<td data-start=\"1125\" data-end=\"1143\" data-col-size=\"sm\"><strong data-start=\"1127\" data-end=\"1142\">Abmessungen<\/strong><\/td>\n<td data-start=\"1143\" data-end=\"1194\" data-col-size=\"md\">Kompakt (modellabh\u00e4ngig ca. 400 \u00d7 300 \u00d7 250 mm)<\/td>\n<\/tr>\n<tr data-start=\"1195\" data-end=\"1251\">\n<td data-start=\"1195\" data-end=\"1209\" data-col-size=\"sm\"><strong data-start=\"1197\" data-end=\"1208\">Gewicht<\/strong><\/td>\n<td data-start=\"1209\" data-end=\"1251\" data-col-size=\"md\">ca. 10\u201315 kg (abh\u00e4ngig von Ausf\u00fchrung)<\/td>\n<\/tr>\n<\/tbody>\n<\/table>\n<\/div>\n<\/div>\n","protected":false},"excerpt":{"rendered":"<p>1 vorr\u00e4tig<\/p>\n","protected":false},"featured_media":1850,"template":"","meta":[],"product_brand":[],"product_cat":[77],"product_tag":[],"class_list":{"0":"post-1849","1":"product","2":"type-product","3":"status-publish","4":"has-post-thumbnail","6":"product_cat-stromverteiler","8":"first","9":"instock","10":"taxable","11":"shipping-taxable","12":"purchasable","13":"product-type-simple"},"_links":{"self":[{"href":"https:\/\/as-lightsound.de\/wordpress\/wp-json\/wp\/v2\/product\/1849","targetHints":{"allow":["GET"]}}],"collection":[{"href":"https:\/\/as-lightsound.de\/wordpress\/wp-json\/wp\/v2\/product"}],"about":[{"href":"https:\/\/as-lightsound.de\/wordpress\/wp-json\/wp\/v2\/types\/product"}],"wp:featuredmedia":[{"embeddable":true,"href":"https:\/\/as-lightsound.de\/wordpress\/wp-json\/wp\/v2\/media\/1850"}],"wp:attachment":[{"href":"https:\/\/as-lightsound.de\/wordpress\/wp-json\/wp\/v2\/media?parent=1849"}],"wp:term":[{"taxonomy":"product_brand","embeddable":true,"href":"https:\/\/as-lightsound.de\/wordpress\/wp-json\/wp\/v2\/product_brand?post=1849"},{"taxonomy":"product_cat","embeddable":true,"href":"https:\/\/as-lightsound.de\/wordpress\/wp-json\/wp\/v2\/product_cat?post=1849"},{"taxonomy":"product_tag","embeddable":true,"href":"https:\/\/as-lightsound.de\/wordpress\/wp-json\/wp\/v2\/product_tag?post=1849"}],"curies":[{"name":"wp","href":"https:\/\/api.w.org\/{rel}","templated":true}]}}