{"id":183,"date":"2021-03-18T11:16:29","date_gmt":"2021-03-18T10:16:29","guid":{"rendered":"https:\/\/as-lightsound.de\/wordpress\/?post_type=product&#038;p=183"},"modified":"2025-10-08T11:37:29","modified_gmt":"2025-10-08T09:37:29","slug":"sennheiser-sk-2000-bw-band-taschensender","status":"publish","type":"product","link":"https:\/\/as-lightsound.de\/wordpress\/product\/sennheiser-sk-2000-bw-band-taschensender\/","title":{"rendered":"Sennheiser SK 2000 BW Band Taschensender"},"content":{"rendered":"<p data-start=\"63\" data-end=\"545\">Der <strong data-start=\"67\" data-end=\"97\">Sennheiser SK 2000 BW Band<\/strong> ist ein professioneller Taschensender f\u00fcr die drahtlosen Systeme der Sennheiser 2000-Serie. Er bietet eine breite Schaltbandbreite, robuste HF-Leistung und flexible Konfigurationsm\u00f6glichkeiten f\u00fcr Live-, Theater- und Broadcast-Umgebungen. Durch das stabile Metallgeh\u00e4use, die einstellbare Sendeleistung und die Kompatibilit\u00e4t mit verschiedenen Mikrofontypen eignet sich der SK 2000 f\u00fcr anspruchsvolle Anwendungen im professionellen Audiobereich.<\/p>\n<hr data-start=\"547\" data-end=\"550\" \/>\n<h3 data-start=\"552\" data-end=\"585\">Technische Daten (Tech Specs)<\/h3>\n<div class=\"_tableContainer_1rjym_1\">\n<div class=\"group _tableWrapper_1rjym_13 flex w-fit flex-col-reverse\" tabindex=\"-1\">\n<table class=\"w-fit min-w-(--thread-content-width)\" data-start=\"587\" data-end=\"1626\">\n<thead data-start=\"587\" data-end=\"605\">\n<tr data-start=\"587\" data-end=\"605\">\n<th data-start=\"587\" data-end=\"597\" data-col-size=\"sm\">Merkmal<\/th>\n<th data-start=\"597\" data-end=\"605\" data-col-size=\"md\">Wert<\/th>\n<\/tr>\n<\/thead>\n<tbody data-start=\"626\" data-end=\"1626\">\n<tr data-start=\"626\" data-end=\"669\">\n<td data-start=\"626\" data-end=\"639\" data-col-size=\"sm\"><strong data-start=\"628\" data-end=\"638\">Modell<\/strong><\/td>\n<td data-start=\"639\" data-end=\"669\" data-col-size=\"md\">Sennheiser SK 2000 BW Band<\/td>\n<\/tr>\n<tr data-start=\"670\" data-end=\"714\">\n<td data-start=\"670\" data-end=\"697\" data-col-size=\"sm\"><strong data-start=\"672\" data-end=\"696\">Frequenzbereich (BW)<\/strong><\/td>\n<td data-start=\"697\" data-end=\"714\" data-col-size=\"md\">626 \u2013 698 MHz<\/td>\n<\/tr>\n<tr data-start=\"715\" data-end=\"748\">\n<td data-start=\"715\" data-end=\"738\" data-col-size=\"sm\"><strong data-start=\"717\" data-end=\"737\">Schaltbandbreite<\/strong><\/td>\n<td data-start=\"738\" data-end=\"748\" data-col-size=\"md\">75 MHz<\/td>\n<\/tr>\n<tr data-start=\"749\" data-end=\"802\">\n<td data-start=\"749\" data-end=\"769\" data-col-size=\"sm\"><strong data-start=\"751\" data-end=\"768\">Sendeleistung<\/strong><\/td>\n<td data-start=\"769\" data-end=\"802\" data-col-size=\"md\">10 \/ 30 \/ 50 mW (umschaltbar)<\/td>\n<\/tr>\n<tr data-start=\"803\" data-end=\"847\">\n<td data-start=\"803\" data-end=\"820\" data-col-size=\"sm\"><strong data-start=\"805\" data-end=\"819\">Modulation<\/strong><\/td>\n<td data-start=\"820\" data-end=\"847\" data-col-size=\"md\">FM (Frequenzmodulation)<\/td>\n<\/tr>\n<tr data-start=\"848\" data-end=\"878\">\n<td data-start=\"848\" data-end=\"868\" data-col-size=\"sm\"><strong data-start=\"850\" data-end=\"867\">HF-Stabilit\u00e4t<\/strong><\/td>\n<td data-start=\"868\" data-end=\"878\" data-col-size=\"md\">\u00b15 ppm<\/td>\n<\/tr>\n<tr data-start=\"879\" data-end=\"916\">\n<td data-start=\"879\" data-end=\"898\" data-col-size=\"sm\"><strong data-start=\"881\" data-end=\"897\">Frequenzgang<\/strong><\/td>\n<td data-start=\"898\" data-end=\"916\" data-col-size=\"md\">25 Hz \u2013 20 kHz<\/td>\n<\/tr>\n<tr data-start=\"917\" data-end=\"968\">\n<td data-start=\"917\" data-end=\"943\" data-col-size=\"sm\"><strong data-start=\"919\" data-end=\"942\">Audio-Dynamikumfang<\/strong><\/td>\n<td data-start=\"943\" data-end=\"968\" data-col-size=\"md\">&gt; 120 dB (A-bewertet)<\/td>\n<\/tr>\n<tr data-start=\"969\" data-end=\"1040\">\n<td data-start=\"969\" data-end=\"990\" data-col-size=\"sm\"><strong data-start=\"971\" data-end=\"989\">Eingangsbuchse<\/strong><\/td>\n<td data-start=\"990\" data-end=\"1040\" data-col-size=\"md\">3-poliger Lemo-Stecker (Mikrofon \/ Instrument)<\/td>\n<\/tr>\n<tr data-start=\"1041\" data-end=\"1099\">\n<td data-start=\"1041\" data-end=\"1064\" data-col-size=\"sm\"><strong data-start=\"1043\" data-end=\"1063\">Eingangsimpedanz<\/strong><\/td>\n<td data-start=\"1064\" data-end=\"1099\" data-col-size=\"md\">40 k\u03a9 (Line), 1 M\u03a9 (Instrument)<\/td>\n<\/tr>\n<tr data-start=\"1100\" data-end=\"1155\">\n<td data-start=\"1100\" data-end=\"1130\" data-col-size=\"sm\"><strong data-start=\"1102\" data-end=\"1129\">Maximaler Eingangspegel<\/strong><\/td>\n<td data-start=\"1130\" data-end=\"1155\" data-col-size=\"md\">+18 dBu (umschaltbar)<\/td>\n<\/tr>\n<tr data-start=\"1156\" data-end=\"1218\">\n<td data-start=\"1156\" data-end=\"1171\" data-col-size=\"sm\"><strong data-start=\"1158\" data-end=\"1170\">Pilotton<\/strong><\/td>\n<td data-start=\"1171\" data-end=\"1218\" data-col-size=\"md\">Digital, zur Synchronisation mit Empf\u00e4ngern<\/td>\n<\/tr>\n<tr data-start=\"1219\" data-end=\"1302\">\n<td data-start=\"1219\" data-end=\"1245\" data-col-size=\"sm\"><strong data-start=\"1221\" data-end=\"1244\">Display \/ Bedienung<\/strong><\/td>\n<td data-start=\"1245\" data-end=\"1302\" data-col-size=\"md\">LC-Display mit Men\u00fcf\u00fchrung und Hintergrundbeleuchtung<\/td>\n<\/tr>\n<tr data-start=\"1303\" data-end=\"1354\">\n<td data-start=\"1303\" data-end=\"1325\" data-col-size=\"sm\"><strong data-start=\"1305\" data-end=\"1324\">Geh\u00e4usematerial<\/strong><\/td>\n<td data-start=\"1325\" data-end=\"1354\" data-col-size=\"md\">Metall (aluminiumlegiert)<\/td>\n<\/tr>\n<tr data-start=\"1355\" data-end=\"1411\">\n<td data-start=\"1355\" data-end=\"1373\" data-col-size=\"sm\"><strong data-start=\"1357\" data-end=\"1372\">Batterietyp<\/strong><\/td>\n<td data-start=\"1373\" data-end=\"1411\" data-col-size=\"md\">2 \u00d7 AA-Batterien oder Akku BA 2015<\/td>\n<\/tr>\n<tr data-start=\"1412\" data-end=\"1476\">\n<td data-start=\"1412\" data-end=\"1432\" data-col-size=\"sm\"><strong data-start=\"1414\" data-end=\"1431\">Betriebsdauer<\/strong><\/td>\n<td data-start=\"1432\" data-end=\"1476\" data-col-size=\"md\">ca. 8 h (Batterien) \/ bis zu 10 h (Akku)<\/td>\n<\/tr>\n<tr data-start=\"1477\" data-end=\"1526\">\n<td data-start=\"1477\" data-end=\"1507\" data-col-size=\"sm\"><strong data-start=\"1479\" data-end=\"1506\">Abmessungen (B \u00d7 H \u00d7 T)<\/strong><\/td>\n<td data-start=\"1507\" data-end=\"1526\" data-col-size=\"md\">64 \u00d7 82 \u00d7 24 mm<\/td>\n<\/tr>\n<tr data-start=\"1527\" data-end=\"1570\">\n<td data-start=\"1527\" data-end=\"1541\" data-col-size=\"sm\"><strong data-start=\"1529\" data-end=\"1540\">Gewicht<\/strong><\/td>\n<td data-start=\"1541\" data-end=\"1570\" data-col-size=\"md\">ca. 160 g (mit Batterien)<\/td>\n<\/tr>\n<tr data-start=\"1571\" data-end=\"1626\">\n<td data-start=\"1571\" data-end=\"1605\" data-col-size=\"sm\"><strong data-start=\"1573\" data-end=\"1604\">Temperaturbereich (Betrieb)<\/strong><\/td>\n<td data-start=\"1605\" data-end=\"1626\" data-col-size=\"md\">\u201310 \u00b0C bis +55 \u00b0C<\/td>\n<\/tr>\n<\/tbody>\n<\/table>\n<\/div>\n<\/div>\n","protected":false},"excerpt":{"rendered":"<p>17 vorr\u00e4tig<\/p>\n","protected":false},"featured_media":185,"template":"","meta":[],"product_brand":[],"product_cat":[23],"product_tag":[],"class_list":{"0":"post-183","1":"product","2":"type-product","3":"status-publish","4":"has-post-thumbnail","6":"product_cat-wireless","8":"first","9":"instock","10":"taxable","11":"shipping-taxable","12":"purchasable","13":"product-type-simple"},"_links":{"self":[{"href":"https:\/\/as-lightsound.de\/wordpress\/wp-json\/wp\/v2\/product\/183","targetHints":{"allow":["GET"]}}],"collection":[{"href":"https:\/\/as-lightsound.de\/wordpress\/wp-json\/wp\/v2\/product"}],"about":[{"href":"https:\/\/as-lightsound.de\/wordpress\/wp-json\/wp\/v2\/types\/product"}],"wp:featuredmedia":[{"embeddable":true,"href":"https:\/\/as-lightsound.de\/wordpress\/wp-json\/wp\/v2\/media\/185"}],"wp:attachment":[{"href":"https:\/\/as-lightsound.de\/wordpress\/wp-json\/wp\/v2\/media?parent=183"}],"wp:term":[{"taxonomy":"product_brand","embeddable":true,"href":"https:\/\/as-lightsound.de\/wordpress\/wp-json\/wp\/v2\/product_brand?post=183"},{"taxonomy":"product_cat","embeddable":true,"href":"https:\/\/as-lightsound.de\/wordpress\/wp-json\/wp\/v2\/product_cat?post=183"},{"taxonomy":"product_tag","embeddable":true,"href":"https:\/\/as-lightsound.de\/wordpress\/wp-json\/wp\/v2\/product_tag?post=183"}],"curies":[{"name":"wp","href":"https:\/\/api.w.org\/{rel}","templated":true}]}}