{"id":1817,"date":"2025-09-30T09:17:55","date_gmt":"2025-09-30T07:17:55","guid":{"rendered":"https:\/\/as-lightsound.de\/wordpress\/?post_type=product&#038;p=1817"},"modified":"2025-09-30T09:20:00","modified_gmt":"2025-09-30T07:20:00","slug":"yamaha-mg06-mischpult","status":"publish","type":"product","link":"https:\/\/as-lightsound.de\/wordpress\/product\/yamaha-mg06-mischpult\/","title":{"rendered":"Yamaha MG06 Mischpult"},"content":{"rendered":"<p data-start=\"139\" data-end=\"418\">Das <strong data-start=\"143\" data-end=\"151\">MG06<\/strong> ist ein ultrakompaktes 6-Kanal-Mischpult aus der Yamaha MG-Serie. Mit zwei hochwertigen Mikrofonvorverst\u00e4rkern, flexiblen Line-Eing\u00e4ngen und robustem Metallgeh\u00e4use eignet es sich perfekt f\u00fcr kleine Beschallungsaufgaben, Homerecording, Podcasts oder Installationen.<\/p>\n<hr data-start=\"420\" data-end=\"423\" \/>\n<h3 data-start=\"425\" data-end=\"462\"><strong data-start=\"429\" data-end=\"462\">Technische Daten (Tech Specs)<\/strong><\/h3>\n<div class=\"_tableContainer_1rjym_1\">\n<div class=\"group _tableWrapper_1rjym_13 flex w-fit flex-col-reverse\" tabindex=\"-1\">\n<table class=\"w-fit min-w-(--thread-content-width)\" data-start=\"464\" data-end=\"1225\">\n<thead data-start=\"464\" data-end=\"491\">\n<tr data-start=\"464\" data-end=\"491\">\n<th data-start=\"464\" data-end=\"474\" data-col-size=\"sm\">Merkmal<\/th>\n<th data-start=\"474\" data-end=\"491\" data-col-size=\"md\">Spezifikation<\/th>\n<\/tr>\n<\/thead>\n<tbody data-start=\"515\" data-end=\"1225\">\n<tr data-start=\"515\" data-end=\"540\">\n<td data-start=\"515\" data-end=\"535\" data-col-size=\"sm\"><strong data-start=\"517\" data-end=\"534\">Kan\u00e4le gesamt<\/strong><\/td>\n<td data-start=\"535\" data-end=\"540\" data-col-size=\"md\">6<\/td>\n<\/tr>\n<tr data-start=\"541\" data-end=\"637\">\n<td data-start=\"541\" data-end=\"572\" data-col-size=\"sm\"><strong data-start=\"543\" data-end=\"571\">Mono-Eing\u00e4nge (Mic\/Line)<\/strong><\/td>\n<td data-start=\"572\" data-end=\"637\" data-col-size=\"md\">2 \u00d7 XLR\/Klinke Combo mit D-PRE Preamps (Phantomspeisung 48 V)<\/td>\n<\/tr>\n<tr data-start=\"638\" data-end=\"703\">\n<td data-start=\"638\" data-end=\"667\" data-col-size=\"sm\"><strong data-start=\"640\" data-end=\"666\">Stereo-Eing\u00e4nge (Line)<\/strong><\/td>\n<td data-start=\"667\" data-end=\"703\" data-col-size=\"md\">2 \u00d7 Stereo-Paare (6,3 mm Klinke)<\/td>\n<\/tr>\n<tr data-start=\"704\" data-end=\"752\">\n<td data-start=\"704\" data-end=\"713\" data-col-size=\"sm\"><strong data-start=\"706\" data-end=\"712\">EQ<\/strong><\/td>\n<td data-start=\"713\" data-end=\"752\" data-col-size=\"md\">2-Band EQ pro Monokanal (High, Low)<\/td>\n<\/tr>\n<tr data-start=\"753\" data-end=\"850\">\n<td data-start=\"753\" data-end=\"768\" data-col-size=\"sm\"><strong data-start=\"755\" data-end=\"767\">Ausg\u00e4nge<\/strong><\/td>\n<td data-start=\"768\" data-end=\"850\" data-col-size=\"md\">2 \u00d7 sym. XLR (Main Out), 2 \u00d7 6,3 mm Klinke (Monitor Out), 1 \u00d7 Kopfh\u00f6rerausgang<\/td>\n<\/tr>\n<tr data-start=\"851\" data-end=\"915\">\n<td data-start=\"851\" data-end=\"873\" data-col-size=\"sm\"><strong data-start=\"853\" data-end=\"872\">Phantomspeisung<\/strong><\/td>\n<td data-start=\"873\" data-end=\"915\" data-col-size=\"md\">+48 V schaltbar f\u00fcr beide Mic-Eing\u00e4nge<\/td>\n<\/tr>\n<tr data-start=\"916\" data-end=\"969\">\n<td data-start=\"916\" data-end=\"935\" data-col-size=\"sm\"><strong data-start=\"918\" data-end=\"934\">Fader\/Regler<\/strong><\/td>\n<td data-start=\"935\" data-end=\"969\" data-col-size=\"md\">Lautst\u00e4rkeregler als Drehpotis<\/td>\n<\/tr>\n<tr data-start=\"970\" data-end=\"1021\">\n<td data-start=\"970\" data-end=\"989\" data-col-size=\"sm\"><strong data-start=\"972\" data-end=\"988\">Frequenzgang<\/strong><\/td>\n<td data-start=\"989\" data-end=\"1021\" data-col-size=\"md\">20 Hz \u2013 20 kHz, +0,5\/\u20131,5 dB<\/td>\n<\/tr>\n<tr data-start=\"1022\" data-end=\"1087\">\n<td data-start=\"1022\" data-end=\"1054\" data-col-size=\"sm\"><strong data-start=\"1024\" data-end=\"1053\">Gesamtklirrfaktor (THD+N)<\/strong><\/td>\n<td data-start=\"1054\" data-end=\"1087\" data-col-size=\"md\">\u2264 0,01 % (1 kHz, bei +14 dBu)<\/td>\n<\/tr>\n<tr data-start=\"1088\" data-end=\"1140\">\n<td data-start=\"1088\" data-end=\"1110\" data-col-size=\"sm\"><strong data-start=\"1090\" data-end=\"1109\">Stromversorgung<\/strong><\/td>\n<td data-start=\"1110\" data-end=\"1140\" data-col-size=\"md\">Externes Netzteil (PA-130)<\/td>\n<\/tr>\n<tr data-start=\"1141\" data-end=\"1196\">\n<td data-start=\"1141\" data-end=\"1171\" data-col-size=\"sm\"><strong data-start=\"1143\" data-end=\"1170\">Abmessungen (B \u00d7 H \u00d7 T)<\/strong><\/td>\n<td data-start=\"1171\" data-end=\"1196\" data-col-size=\"md\">ca. 149 \u00d7 62 \u00d7 202 mm<\/td>\n<\/tr>\n<tr data-start=\"1197\" data-end=\"1225\">\n<td data-start=\"1197\" data-end=\"1211\" data-col-size=\"sm\"><strong data-start=\"1199\" data-end=\"1210\">Gewicht<\/strong><\/td>\n<td data-start=\"1211\" data-end=\"1225\" data-col-size=\"md\">ca. 0,9 kg<\/td>\n<\/tr>\n<\/tbody>\n<\/table>\n<\/div>\n<\/div>\n","protected":false},"excerpt":{"rendered":"<p>3 vorr\u00e4tig<\/p>\n","protected":false},"featured_media":1818,"template":"","meta":[],"product_brand":[],"product_cat":[16],"product_tag":[],"class_list":{"0":"post-1817","1":"product","2":"type-product","3":"status-publish","4":"has-post-thumbnail","6":"product_cat-mischpulte","8":"first","9":"instock","10":"taxable","11":"shipping-taxable","12":"purchasable","13":"product-type-simple"},"_links":{"self":[{"href":"https:\/\/as-lightsound.de\/wordpress\/wp-json\/wp\/v2\/product\/1817","targetHints":{"allow":["GET"]}}],"collection":[{"href":"https:\/\/as-lightsound.de\/wordpress\/wp-json\/wp\/v2\/product"}],"about":[{"href":"https:\/\/as-lightsound.de\/wordpress\/wp-json\/wp\/v2\/types\/product"}],"wp:featuredmedia":[{"embeddable":true,"href":"https:\/\/as-lightsound.de\/wordpress\/wp-json\/wp\/v2\/media\/1818"}],"wp:attachment":[{"href":"https:\/\/as-lightsound.de\/wordpress\/wp-json\/wp\/v2\/media?parent=1817"}],"wp:term":[{"taxonomy":"product_brand","embeddable":true,"href":"https:\/\/as-lightsound.de\/wordpress\/wp-json\/wp\/v2\/product_brand?post=1817"},{"taxonomy":"product_cat","embeddable":true,"href":"https:\/\/as-lightsound.de\/wordpress\/wp-json\/wp\/v2\/product_cat?post=1817"},{"taxonomy":"product_tag","embeddable":true,"href":"https:\/\/as-lightsound.de\/wordpress\/wp-json\/wp\/v2\/product_tag?post=1817"}],"curies":[{"name":"wp","href":"https:\/\/api.w.org\/{rel}","templated":true}]}}