{"id":1811,"date":"2025-09-30T08:33:38","date_gmt":"2025-09-30T06:33:38","guid":{"rendered":"https:\/\/as-lightsound.de\/wordpress\/?post_type=product&#038;p=1811"},"modified":"2025-10-01T13:49:51","modified_gmt":"2025-10-01T11:49:51","slug":"kramer-vs-411x-hdmi-switcher","status":"publish","type":"product","link":"https:\/\/as-lightsound.de\/wordpress\/product\/kramer-vs-411x-hdmi-switcher\/","title":{"rendered":"Kramer VS-411X HDMI Switcher"},"content":{"rendered":"<p data-start=\"153\" data-end=\"401\">Der <strong data-start=\"157\" data-end=\"168\">VS-411X<\/strong> ist ein kompakter 4\u00d71 HDMI-Umschalter mit erweiterten Funktionen f\u00fcr professionelle AV-Anwendungen. Er unterst\u00fctzt 4K60 4:4:4, HDR und automatisches Umschalten \u2013 ideal f\u00fcr Konferenzr\u00e4ume, Klassenzimmer und Pr\u00e4sentationsumgebungen.<\/p>\n<hr data-start=\"403\" data-end=\"406\" \/>\n<h3 data-start=\"408\" data-end=\"445\"><strong data-start=\"412\" data-end=\"445\">Technische Daten (Tech Specs)<\/strong><\/h3>\n<div class=\"_tableContainer_1rjym_1\">\n<div class=\"group _tableWrapper_1rjym_13 flex w-fit flex-col-reverse\" tabindex=\"-1\">\n<table class=\"w-fit min-w-(--thread-content-width)\" data-start=\"447\" data-end=\"1218\">\n<thead data-start=\"447\" data-end=\"474\">\n<tr data-start=\"447\" data-end=\"474\">\n<th data-start=\"447\" data-end=\"457\" data-col-size=\"sm\">Merkmal<\/th>\n<th data-start=\"457\" data-end=\"474\" data-col-size=\"md\">Spezifikation<\/th>\n<\/tr>\n<\/thead>\n<tbody data-start=\"498\" data-end=\"1218\">\n<tr data-start=\"498\" data-end=\"535\">\n<td data-start=\"498\" data-end=\"518\" data-col-size=\"sm\"><strong data-start=\"500\" data-end=\"517\">Videoeing\u00e4nge<\/strong><\/td>\n<td data-start=\"518\" data-end=\"535\" data-col-size=\"md\">4 \u00d7 HDMI 2.0b<\/td>\n<\/tr>\n<tr data-start=\"536\" data-end=\"573\">\n<td data-start=\"536\" data-end=\"556\" data-col-size=\"sm\"><strong data-start=\"538\" data-end=\"555\">Videoausg\u00e4nge<\/strong><\/td>\n<td data-start=\"556\" data-end=\"573\" data-col-size=\"md\">1 \u00d7 HDMI 2.0b<\/td>\n<\/tr>\n<tr data-start=\"574\" data-end=\"624\">\n<td data-start=\"574\" data-end=\"599\" data-col-size=\"sm\"><strong data-start=\"576\" data-end=\"598\">Maximale Aufl\u00f6sung<\/strong><\/td>\n<td data-start=\"599\" data-end=\"624\" data-col-size=\"md\">4K UHD @ 60 Hz, 4:4:4<\/td>\n<\/tr>\n<tr data-start=\"625\" data-end=\"681\">\n<td data-start=\"625\" data-end=\"645\" data-col-size=\"sm\"><strong data-start=\"627\" data-end=\"644\">Farbstandards<\/strong><\/td>\n<td data-start=\"645\" data-end=\"681\" data-col-size=\"md\">HDR10, HDR10+, HLG, Dolby Vision<\/td>\n<\/tr>\n<tr data-start=\"682\" data-end=\"725\">\n<td data-start=\"682\" data-end=\"707\" data-col-size=\"sm\"><strong data-start=\"684\" data-end=\"706\">HDCP-Unterst\u00fctzung<\/strong><\/td>\n<td data-start=\"707\" data-end=\"725\" data-col-size=\"md\">HDCP 2.2 \/ 1.4<\/td>\n<\/tr>\n<tr data-start=\"726\" data-end=\"798\">\n<td data-start=\"726\" data-end=\"751\" data-col-size=\"sm\"><strong data-start=\"728\" data-end=\"750\">Audiounterst\u00fctzung<\/strong><\/td>\n<td data-start=\"751\" data-end=\"798\" data-col-size=\"md\">Mehrkanal-Audio, ARC (Audio Return Channel)<\/td>\n<\/tr>\n<tr data-start=\"799\" data-end=\"884\">\n<td data-start=\"799\" data-end=\"818\" data-col-size=\"sm\"><strong data-start=\"801\" data-end=\"817\">Umschaltmodi<\/strong><\/td>\n<td data-start=\"818\" data-end=\"884\" data-col-size=\"md\">Automatisch, manuell, per Steuerung (RS-232, Ethernet, Tasten)<\/td>\n<\/tr>\n<tr data-start=\"885\" data-end=\"961\">\n<td data-start=\"885\" data-end=\"901\" data-col-size=\"sm\"><strong data-start=\"887\" data-end=\"900\">Steuerung<\/strong><\/td>\n<td data-start=\"901\" data-end=\"961\" data-col-size=\"md\">Frontpanel, RS-232, IR, Ethernet, automatische Erkennung<\/td>\n<\/tr>\n<tr data-start=\"962\" data-end=\"1027\">\n<td data-start=\"962\" data-end=\"984\" data-col-size=\"sm\"><strong data-start=\"964\" data-end=\"983\">EDID-Management<\/strong><\/td>\n<td data-start=\"984\" data-end=\"1027\" data-col-size=\"md\">Integriert, per Software oder Auto-EDID<\/td>\n<\/tr>\n<tr data-start=\"1028\" data-end=\"1063\">\n<td data-start=\"1028\" data-end=\"1045\" data-col-size=\"sm\"><strong data-start=\"1030\" data-end=\"1044\">Bandbreite<\/strong><\/td>\n<td data-start=\"1045\" data-end=\"1063\" data-col-size=\"md\">bis zu 18 Gbps<\/td>\n<\/tr>\n<tr data-start=\"1064\" data-end=\"1122\">\n<td data-start=\"1064\" data-end=\"1094\" data-col-size=\"sm\"><strong data-start=\"1066\" data-end=\"1093\">Abmessungen (B \u00d7 H \u00d7 T)<\/strong><\/td>\n<td data-start=\"1094\" data-end=\"1122\" data-col-size=\"md\">ca. 18,8 \u00d7 12,2 \u00d7 2,5 cm<\/td>\n<\/tr>\n<tr data-start=\"1123\" data-end=\"1152\">\n<td data-start=\"1123\" data-end=\"1137\" data-col-size=\"sm\"><strong data-start=\"1125\" data-end=\"1136\">Gewicht<\/strong><\/td>\n<td data-start=\"1137\" data-end=\"1152\" data-col-size=\"md\">ca. 0,65 kg<\/td>\n<\/tr>\n<tr data-start=\"1153\" data-end=\"1218\">\n<td data-start=\"1153\" data-end=\"1175\" data-col-size=\"sm\"><strong data-start=\"1155\" data-end=\"1174\">Stromversorgung<\/strong><\/td>\n<td data-start=\"1175\" data-end=\"1218\" data-col-size=\"md\">12 V DC, ca. 1,5 A (Netzteil inklusive)<\/td>\n<\/tr>\n<\/tbody>\n<\/table>\n<\/div>\n<\/div>\n","protected":false},"excerpt":{"rendered":"<p>40 vorr\u00e4tig<\/p>\n","protected":false},"featured_media":1959,"template":"","meta":[],"product_brand":[],"product_cat":[27],"product_tag":[],"class_list":{"0":"post-1811","1":"product","2":"type-product","3":"status-publish","4":"has-post-thumbnail","6":"product_cat-switcher","8":"first","9":"instock","10":"taxable","11":"shipping-taxable","12":"purchasable","13":"product-type-simple"},"_links":{"self":[{"href":"https:\/\/as-lightsound.de\/wordpress\/wp-json\/wp\/v2\/product\/1811","targetHints":{"allow":["GET"]}}],"collection":[{"href":"https:\/\/as-lightsound.de\/wordpress\/wp-json\/wp\/v2\/product"}],"about":[{"href":"https:\/\/as-lightsound.de\/wordpress\/wp-json\/wp\/v2\/types\/product"}],"wp:featuredmedia":[{"embeddable":true,"href":"https:\/\/as-lightsound.de\/wordpress\/wp-json\/wp\/v2\/media\/1959"}],"wp:attachment":[{"href":"https:\/\/as-lightsound.de\/wordpress\/wp-json\/wp\/v2\/media?parent=1811"}],"wp:term":[{"taxonomy":"product_brand","embeddable":true,"href":"https:\/\/as-lightsound.de\/wordpress\/wp-json\/wp\/v2\/product_brand?post=1811"},{"taxonomy":"product_cat","embeddable":true,"href":"https:\/\/as-lightsound.de\/wordpress\/wp-json\/wp\/v2\/product_cat?post=1811"},{"taxonomy":"product_tag","embeddable":true,"href":"https:\/\/as-lightsound.de\/wordpress\/wp-json\/wp\/v2\/product_tag?post=1811"}],"curies":[{"name":"wp","href":"https:\/\/api.w.org\/{rel}","templated":true}]}}