{"id":1809,"date":"2025-09-30T08:29:56","date_gmt":"2025-09-30T06:29:56","guid":{"rendered":"https:\/\/as-lightsound.de\/wordpress\/?post_type=product&#038;p=1809"},"modified":"2025-10-01T11:53:06","modified_gmt":"2025-10-01T09:53:06","slug":"rf-venue-4-zone-antenna-combinder","status":"publish","type":"product","link":"https:\/\/as-lightsound.de\/wordpress\/product\/rf-venue-4-zone-antenna-combinder\/","title":{"rendered":"RF Venue 4 Zone Antenna Combinder"},"content":{"rendered":"<p data-start=\"161\" data-end=\"469\">Der <strong data-start=\"165\" data-end=\"192\">4 Zone Antenna Combiner<\/strong> von RF Venue ist ein professioneller UHF-Antennenkombiner f\u00fcr drahtlose In-Ear-Monitoring-Systeme. Er fasst bis zu vier Antennen- oder Zonen-Signale zusammen und sorgt f\u00fcr eine stabile, st\u00f6rungsfreie Signal\u00fcbertragung \u2013 ideal f\u00fcr Live-B\u00fchnen, Touring und Festinstallationen.<\/p>\n<hr data-start=\"471\" data-end=\"474\" \/>\n<h3 data-start=\"476\" data-end=\"513\"><strong data-start=\"480\" data-end=\"513\">Technische Daten (Tech Specs)<\/strong><\/h3>\n<div class=\"_tableContainer_1rjym_1\">\n<div class=\"group _tableWrapper_1rjym_13 flex w-fit flex-col-reverse\" tabindex=\"-1\">\n<table class=\"w-fit min-w-(--thread-content-width)\" data-start=\"515\" data-end=\"1236\">\n<thead data-start=\"515\" data-end=\"542\">\n<tr data-start=\"515\" data-end=\"542\">\n<th data-start=\"515\" data-end=\"525\" data-col-size=\"sm\">Merkmal<\/th>\n<th data-start=\"525\" data-end=\"542\" data-col-size=\"lg\">Spezifikation<\/th>\n<\/tr>\n<\/thead>\n<tbody data-start=\"566\" data-end=\"1236\">\n<tr data-start=\"566\" data-end=\"637\">\n<td data-start=\"566\" data-end=\"581\" data-col-size=\"sm\"><strong data-start=\"568\" data-end=\"580\">Funktion<\/strong><\/td>\n<td data-start=\"581\" data-end=\"637\" data-col-size=\"lg\">Kombinierer f\u00fcr bis zu 4 Antennenzonen auf 1 Ausgang<\/td>\n<\/tr>\n<tr data-start=\"638\" data-end=\"683\">\n<td data-start=\"638\" data-end=\"660\" data-col-size=\"sm\"><strong data-start=\"640\" data-end=\"659\">Frequenzbereich<\/strong><\/td>\n<td data-start=\"660\" data-end=\"683\" data-col-size=\"lg\">470 \u2013 960 MHz (UHF)<\/td>\n<\/tr>\n<tr data-start=\"684\" data-end=\"707\">\n<td data-start=\"684\" data-end=\"699\" data-col-size=\"sm\"><strong data-start=\"686\" data-end=\"698\">Impedanz<\/strong><\/td>\n<td data-start=\"699\" data-end=\"707\" data-col-size=\"lg\">50 \u03a9<\/td>\n<\/tr>\n<tr data-start=\"708\" data-end=\"798\">\n<td data-start=\"708\" data-end=\"737\" data-col-size=\"sm\"><strong data-start=\"710\" data-end=\"736\">Verst\u00e4rkung \/ D\u00e4mpfung<\/strong><\/td>\n<td data-start=\"737\" data-end=\"798\" data-col-size=\"lg\">Aktiver Betrieb, interne Verst\u00e4rkung f\u00fcr Signalstabilit\u00e4t<\/td>\n<\/tr>\n<tr data-start=\"799\" data-end=\"850\">\n<td data-start=\"799\" data-end=\"814\" data-col-size=\"sm\"><strong data-start=\"801\" data-end=\"813\">Eing\u00e4nge<\/strong><\/td>\n<td data-start=\"814\" data-end=\"850\" data-col-size=\"lg\">4 \u00d7 BNC (Antenne\/Zonen-Eing\u00e4nge)<\/td>\n<\/tr>\n<tr data-start=\"851\" data-end=\"915\">\n<td data-start=\"851\" data-end=\"866\" data-col-size=\"sm\"><strong data-start=\"853\" data-end=\"865\">Ausg\u00e4nge<\/strong><\/td>\n<td data-start=\"866\" data-end=\"915\" data-col-size=\"lg\">1 \u00d7 kombinierter BNC-Ausgang, 1 \u00d7 Cascade-BNC<\/td>\n<\/tr>\n<tr data-start=\"916\" data-end=\"977\">\n<td data-start=\"916\" data-end=\"938\" data-col-size=\"sm\"><strong data-start=\"918\" data-end=\"937\">Stromversorgung<\/strong><\/td>\n<td data-start=\"938\" data-end=\"977\" data-col-size=\"lg\">100\u2013240 V AC, integriertes Netzteil<\/td>\n<\/tr>\n<tr data-start=\"978\" data-end=\"1011\">\n<td data-start=\"978\" data-end=\"999\" data-col-size=\"sm\"><strong data-start=\"980\" data-end=\"998\">Stromverbrauch<\/strong><\/td>\n<td data-start=\"999\" data-end=\"1011\" data-col-size=\"lg\">ca. 15 W<\/td>\n<\/tr>\n<tr data-start=\"1012\" data-end=\"1078\">\n<td data-start=\"1012\" data-end=\"1042\" data-col-size=\"sm\"><strong data-start=\"1014\" data-end=\"1041\">Abmessungen (B \u00d7 H \u00d7 T)<\/strong><\/td>\n<td data-start=\"1042\" data-end=\"1078\" data-col-size=\"lg\">482 \u00d7 44 \u00d7 200 mm (1U Rackmount)<\/td>\n<\/tr>\n<tr data-start=\"1079\" data-end=\"1107\">\n<td data-start=\"1079\" data-end=\"1093\" data-col-size=\"sm\"><strong data-start=\"1081\" data-end=\"1092\">Gewicht<\/strong><\/td>\n<td data-start=\"1093\" data-end=\"1107\" data-col-size=\"lg\">ca. 3,2 kg<\/td>\n<\/tr>\n<tr data-start=\"1108\" data-end=\"1236\">\n<td data-start=\"1108\" data-end=\"1129\" data-col-size=\"sm\"><strong data-start=\"1110\" data-end=\"1128\">Besonderheiten<\/strong><\/td>\n<td data-start=\"1129\" data-end=\"1236\" data-col-size=\"lg\">Gleichstromspeisung (Bias) f\u00fcr aktive Antennen, zonenweise LED-Anzeige, kaskadierbar f\u00fcr gr\u00f6\u00dfere Setups<\/td>\n<\/tr>\n<\/tbody>\n<\/table>\n<\/div>\n<\/div>\n","protected":false},"excerpt":{"rendered":"<p>1 vorr\u00e4tig<\/p>\n","protected":false},"featured_media":1944,"template":"","meta":[],"product_brand":[],"product_cat":[23],"product_tag":[],"class_list":{"0":"post-1809","1":"product","2":"type-product","3":"status-publish","4":"has-post-thumbnail","6":"product_cat-wireless","8":"first","9":"instock","10":"taxable","11":"shipping-taxable","12":"purchasable","13":"product-type-simple"},"_links":{"self":[{"href":"https:\/\/as-lightsound.de\/wordpress\/wp-json\/wp\/v2\/product\/1809","targetHints":{"allow":["GET"]}}],"collection":[{"href":"https:\/\/as-lightsound.de\/wordpress\/wp-json\/wp\/v2\/product"}],"about":[{"href":"https:\/\/as-lightsound.de\/wordpress\/wp-json\/wp\/v2\/types\/product"}],"wp:featuredmedia":[{"embeddable":true,"href":"https:\/\/as-lightsound.de\/wordpress\/wp-json\/wp\/v2\/media\/1944"}],"wp:attachment":[{"href":"https:\/\/as-lightsound.de\/wordpress\/wp-json\/wp\/v2\/media?parent=1809"}],"wp:term":[{"taxonomy":"product_brand","embeddable":true,"href":"https:\/\/as-lightsound.de\/wordpress\/wp-json\/wp\/v2\/product_brand?post=1809"},{"taxonomy":"product_cat","embeddable":true,"href":"https:\/\/as-lightsound.de\/wordpress\/wp-json\/wp\/v2\/product_cat?post=1809"},{"taxonomy":"product_tag","embeddable":true,"href":"https:\/\/as-lightsound.de\/wordpress\/wp-json\/wp\/v2\/product_tag?post=1809"}],"curies":[{"name":"wp","href":"https:\/\/api.w.org\/{rel}","templated":true}]}}