{"id":1807,"date":"2025-09-30T08:24:39","date_gmt":"2025-09-30T06:24:39","guid":{"rendered":"https:\/\/as-lightsound.de\/wordpress\/?post_type=product&#038;p=1807"},"modified":"2025-09-30T08:29:48","modified_gmt":"2025-09-30T06:29:48","slug":"rf-venue-rf-explorer-pro","status":"publish","type":"product","link":"https:\/\/as-lightsound.de\/wordpress\/product\/rf-venue-rf-explorer-pro\/","title":{"rendered":"RF Venue RF Explorer PRO"},"content":{"rendered":"<p data-start=\"145\" data-end=\"425\">Der <strong data-start=\"149\" data-end=\"168\">RF Explorer PRO<\/strong> ist ein tragbarer Spektrumanalysator f\u00fcr den professionellen Einsatz in Funk- und Audioanwendungen. Er erm\u00f6glicht eine pr\u00e4zise Analyse von HF-Spektren und ist ideal f\u00fcr die Planung, \u00dcberwachung und Fehlersuche in drahtlosen Mikrofon- und In-Ear-Systemen.<\/p>\n<hr data-start=\"427\" data-end=\"430\" \/>\n<h3 data-start=\"432\" data-end=\"469\"><strong data-start=\"436\" data-end=\"469\">Technische Daten (Tech Specs)<\/strong><\/h3>\n<div class=\"_tableContainer_1rjym_1\">\n<div class=\"group _tableWrapper_1rjym_13 flex w-fit flex-col-reverse\" tabindex=\"-1\">\n<table class=\"w-fit min-w-(--thread-content-width)\" data-start=\"471\" data-end=\"1315\">\n<thead data-start=\"471\" data-end=\"498\">\n<tr data-start=\"471\" data-end=\"498\">\n<th data-start=\"471\" data-end=\"481\" data-col-size=\"sm\">Merkmal<\/th>\n<th data-start=\"481\" data-end=\"498\" data-col-size=\"md\">Spezifikation<\/th>\n<\/tr>\n<\/thead>\n<tbody data-start=\"522\" data-end=\"1315\">\n<tr data-start=\"522\" data-end=\"603\">\n<td data-start=\"522\" data-end=\"544\" data-col-size=\"sm\"><strong data-start=\"524\" data-end=\"543\">Frequenzbereich<\/strong><\/td>\n<td data-start=\"544\" data-end=\"603\" data-col-size=\"md\">15 MHz \u2013 2,7 GHz (modellabh\u00e4ngig bis 6,1 GHz verf\u00fcgbar)<\/td>\n<\/tr>\n<tr data-start=\"604\" data-end=\"638\">\n<td data-start=\"604\" data-end=\"626\" data-col-size=\"sm\"><strong data-start=\"606\" data-end=\"625\">Aufl\u00f6sung (RBW)<\/strong><\/td>\n<td data-start=\"626\" data-end=\"638\" data-col-size=\"md\">ab 2 kHz<\/td>\n<\/tr>\n<tr data-start=\"639\" data-end=\"688\">\n<td data-start=\"639\" data-end=\"660\" data-col-size=\"sm\"><strong data-start=\"641\" data-end=\"659\">Dynamikbereich<\/strong><\/td>\n<td data-start=\"660\" data-end=\"688\" data-col-size=\"md\">ca. \u2013130 dBm bis \u201310 dBm<\/td>\n<\/tr>\n<tr data-start=\"689\" data-end=\"731\">\n<td data-start=\"689\" data-end=\"715\" data-col-size=\"sm\"><strong data-start=\"691\" data-end=\"714\">Echtzeit-Bandbreite<\/strong><\/td>\n<td data-start=\"715\" data-end=\"731\" data-col-size=\"md\">bis zu 6 MHz<\/td>\n<\/tr>\n<tr data-start=\"732\" data-end=\"808\">\n<td data-start=\"732\" data-end=\"757\" data-col-size=\"sm\"><strong data-start=\"734\" data-end=\"756\">Speicher \/ Logging<\/strong><\/td>\n<td data-start=\"757\" data-end=\"808\" data-col-size=\"md\">Interner Speicher f\u00fcr Messungen, Export via USB<\/td>\n<\/tr>\n<tr data-start=\"809\" data-end=\"855\">\n<td data-start=\"809\" data-end=\"823\" data-col-size=\"sm\"><strong data-start=\"811\" data-end=\"822\">Display<\/strong><\/td>\n<td data-start=\"823\" data-end=\"855\" data-col-size=\"md\">Farb-LCD mit hoher Aufl\u00f6sung<\/td>\n<\/tr>\n<tr data-start=\"856\" data-end=\"965\">\n<td data-start=\"856\" data-end=\"883\" data-col-size=\"sm\"><strong data-start=\"858\" data-end=\"882\">Steuerung &amp; Software<\/strong><\/td>\n<td data-start=\"883\" data-end=\"965\" data-col-size=\"md\">PC\/Mac kompatibel (USB), Integration in RF Venue Coordination Software m\u00f6glich<\/td>\n<\/tr>\n<tr data-start=\"966\" data-end=\"1035\">\n<td data-start=\"966\" data-end=\"988\" data-col-size=\"sm\"><strong data-start=\"968\" data-end=\"987\">Stromversorgung<\/strong><\/td>\n<td data-start=\"988\" data-end=\"1035\" data-col-size=\"md\">Integrierter Lithium-Akku, USB-Ladefunktion<\/td>\n<\/tr>\n<tr data-start=\"1036\" data-end=\"1089\">\n<td data-start=\"1036\" data-end=\"1055\" data-col-size=\"sm\"><strong data-start=\"1038\" data-end=\"1054\">Akkulaufzeit<\/strong><\/td>\n<td data-start=\"1055\" data-end=\"1089\" data-col-size=\"md\">ca. 16 Stunden im Dauerbetrieb<\/td>\n<\/tr>\n<tr data-start=\"1090\" data-end=\"1139\">\n<td data-start=\"1090\" data-end=\"1107\" data-col-size=\"sm\"><strong data-start=\"1092\" data-end=\"1106\">Anschl\u00fcsse<\/strong><\/td>\n<td data-start=\"1107\" data-end=\"1139\" data-col-size=\"md\">SMA-Antennenanschluss, USB-C<\/td>\n<\/tr>\n<tr data-start=\"1140\" data-end=\"1182\">\n<td data-start=\"1140\" data-end=\"1158\" data-col-size=\"sm\"><strong data-start=\"1142\" data-end=\"1157\">Abmessungen<\/strong><\/td>\n<td data-start=\"1158\" data-end=\"1182\" data-col-size=\"md\">ca. 180 \u00d7 85 \u00d7 30 mm<\/td>\n<\/tr>\n<tr data-start=\"1183\" data-end=\"1210\">\n<td data-start=\"1183\" data-end=\"1197\" data-col-size=\"sm\"><strong data-start=\"1185\" data-end=\"1196\">Gewicht<\/strong><\/td>\n<td data-start=\"1197\" data-end=\"1210\" data-col-size=\"md\">ca. 550 g<\/td>\n<\/tr>\n<tr data-start=\"1211\" data-end=\"1315\">\n<td data-start=\"1211\" data-end=\"1232\" data-col-size=\"sm\"><strong data-start=\"1213\" data-end=\"1231\">Besonderheiten<\/strong><\/td>\n<td data-start=\"1232\" data-end=\"1315\" data-col-size=\"md\">Tragbar, hoher Dynamikbereich, schnelle Scans, ideal f\u00fcr Live-Sound &amp; Broadcast<\/td>\n<\/tr>\n<\/tbody>\n<\/table>\n<\/div>\n<\/div>\n","protected":false},"excerpt":{"rendered":"<p>1 vorr\u00e4tig<\/p>\n","protected":false},"featured_media":1808,"template":"","meta":[],"product_brand":[],"product_cat":[23],"product_tag":[],"class_list":{"0":"post-1807","1":"product","2":"type-product","3":"status-publish","4":"has-post-thumbnail","6":"product_cat-wireless","8":"first","9":"instock","10":"taxable","11":"shipping-taxable","12":"purchasable","13":"product-type-simple"},"_links":{"self":[{"href":"https:\/\/as-lightsound.de\/wordpress\/wp-json\/wp\/v2\/product\/1807","targetHints":{"allow":["GET"]}}],"collection":[{"href":"https:\/\/as-lightsound.de\/wordpress\/wp-json\/wp\/v2\/product"}],"about":[{"href":"https:\/\/as-lightsound.de\/wordpress\/wp-json\/wp\/v2\/types\/product"}],"wp:featuredmedia":[{"embeddable":true,"href":"https:\/\/as-lightsound.de\/wordpress\/wp-json\/wp\/v2\/media\/1808"}],"wp:attachment":[{"href":"https:\/\/as-lightsound.de\/wordpress\/wp-json\/wp\/v2\/media?parent=1807"}],"wp:term":[{"taxonomy":"product_brand","embeddable":true,"href":"https:\/\/as-lightsound.de\/wordpress\/wp-json\/wp\/v2\/product_brand?post=1807"},{"taxonomy":"product_cat","embeddable":true,"href":"https:\/\/as-lightsound.de\/wordpress\/wp-json\/wp\/v2\/product_cat?post=1807"},{"taxonomy":"product_tag","embeddable":true,"href":"https:\/\/as-lightsound.de\/wordpress\/wp-json\/wp\/v2\/product_tag?post=1807"}],"curies":[{"name":"wp","href":"https:\/\/api.w.org\/{rel}","templated":true}]}}