{"id":1801,"date":"2025-09-29T17:42:23","date_gmt":"2025-09-29T15:42:23","guid":{"rendered":"https:\/\/as-lightsound.de\/wordpress\/?post_type=product&#038;p=1801"},"modified":"2025-10-03T09:30:26","modified_gmt":"2025-10-03T07:30:26","slug":"catchbox-plus-hub2d-cube","status":"publish","type":"product","link":"https:\/\/as-lightsound.de\/wordpress\/product\/catchbox-plus-hub2d-cube\/","title":{"rendered":"Catchbox Plus Hub2D Cube"},"content":{"rendered":"<p data-start=\"161\" data-end=\"450\">Das <strong data-start=\"165\" data-end=\"195\">Catchbox Plus Hub2D Bundle<\/strong> ist ein drahtloses Wurfmikrofon-Set mit Dockingstation. Es kombiniert den robusten, roten Catchbox Cube (Wurfmikrofon) mit dem Plus Hub2D Empf\u00e4nger und erm\u00f6glicht so interaktive Fragerunden, Workshops und Events mit maximaler Beteiligung des Publikums.<\/p>\n<hr data-start=\"452\" data-end=\"455\" \/>\n<h3 data-start=\"457\" data-end=\"494\"><strong data-start=\"461\" data-end=\"494\">Technische Daten (Tech Specs)<\/strong><\/h3>\n<div class=\"_tableContainer_1rjym_1\">\n<div class=\"group _tableWrapper_1rjym_13 flex w-fit flex-col-reverse\" tabindex=\"-1\">\n<table class=\"w-fit min-w-(--thread-content-width)\" data-start=\"496\" data-end=\"1403\">\n<thead data-start=\"496\" data-end=\"523\">\n<tr data-start=\"496\" data-end=\"523\">\n<th data-start=\"496\" data-end=\"506\" data-col-size=\"sm\">Merkmal<\/th>\n<th data-start=\"506\" data-end=\"523\" data-col-size=\"lg\">Spezifikation<\/th>\n<\/tr>\n<\/thead>\n<tbody data-start=\"547\" data-end=\"1403\">\n<tr data-start=\"547\" data-end=\"614\">\n<td data-start=\"547\" data-end=\"563\" data-col-size=\"sm\"><strong data-start=\"549\" data-end=\"562\">Systemtyp<\/strong><\/td>\n<td data-start=\"563\" data-end=\"614\" data-col-size=\"lg\">Drahtloses Wurfmikrofon-System mit Basisstation<\/td>\n<\/tr>\n<tr data-start=\"615\" data-end=\"672\">\n<td data-start=\"615\" data-end=\"637\" data-col-size=\"sm\"><strong data-start=\"617\" data-end=\"636\">Frequenzbereich<\/strong><\/td>\n<td data-start=\"637\" data-end=\"672\" data-col-size=\"lg\">1,9 GHz DECT (lizenzfrei in EU)<\/td>\n<\/tr>\n<tr data-start=\"673\" data-end=\"719\">\n<td data-start=\"673\" data-end=\"690\" data-col-size=\"sm\"><strong data-start=\"675\" data-end=\"689\">Reichweite<\/strong><\/td>\n<td data-start=\"690\" data-end=\"719\" data-col-size=\"lg\">bis zu 100 m (Sichtlinie)<\/td>\n<\/tr>\n<tr data-start=\"720\" data-end=\"777\">\n<td data-start=\"720\" data-end=\"741\" data-col-size=\"sm\"><strong data-start=\"722\" data-end=\"740\">Mikrofonkapsel<\/strong><\/td>\n<td data-start=\"741\" data-end=\"777\" data-col-size=\"lg\">Omnidirektionale Elektret-Kapsel<\/td>\n<\/tr>\n<tr data-start=\"778\" data-end=\"816\">\n<td data-start=\"778\" data-end=\"798\" data-col-size=\"sm\"><strong data-start=\"780\" data-end=\"797\">Audioqualit\u00e4t<\/strong><\/td>\n<td data-start=\"798\" data-end=\"816\" data-col-size=\"lg\">48 kHz, 24 Bit<\/td>\n<\/tr>\n<tr data-start=\"817\" data-end=\"841\">\n<td data-start=\"817\" data-end=\"830\" data-col-size=\"sm\"><strong data-start=\"819\" data-end=\"829\">Latenz<\/strong><\/td>\n<td data-start=\"830\" data-end=\"841\" data-col-size=\"lg\">&lt; 20 ms<\/td>\n<\/tr>\n<tr data-start=\"842\" data-end=\"960\">\n<td data-start=\"842\" data-end=\"865\" data-col-size=\"sm\"><strong data-start=\"844\" data-end=\"864\">Hub2D Anschl\u00fcsse<\/strong><\/td>\n<td data-start=\"865\" data-end=\"960\" data-col-size=\"lg\">2 \u00d7 symmetrische XLR-Ausg\u00e4nge, 2 \u00d7 unsymmetrische 6,3 mm Klinke, USB-Audio, 3,5 mm Line-Out<\/td>\n<\/tr>\n<tr data-start=\"961\" data-end=\"1026\">\n<td data-start=\"961\" data-end=\"982\" data-col-size=\"sm\"><strong data-start=\"963\" data-end=\"981\">Dockingstation<\/strong><\/td>\n<td data-start=\"982\" data-end=\"1026\" data-col-size=\"lg\">L\u00e4dt den Cube automatisch beim Einsetzen<\/td>\n<\/tr>\n<tr data-start=\"1027\" data-end=\"1094\">\n<td data-start=\"1027\" data-end=\"1060\" data-col-size=\"sm\"><strong data-start=\"1029\" data-end=\"1059\">Akkulaufzeit Catchbox Cube<\/strong><\/td>\n<td data-start=\"1060\" data-end=\"1094\" data-col-size=\"lg\">bis zu 12 Stunden Dauerbetrieb<\/td>\n<\/tr>\n<tr data-start=\"1095\" data-end=\"1142\">\n<td data-start=\"1095\" data-end=\"1110\" data-col-size=\"sm\"><strong data-start=\"1097\" data-end=\"1109\">Ladezeit<\/strong><\/td>\n<td data-start=\"1110\" data-end=\"1142\" data-col-size=\"lg\">ca. 6 Stunden f\u00fcr Vollladung<\/td>\n<\/tr>\n<tr data-start=\"1143\" data-end=\"1222\">\n<td data-start=\"1143\" data-end=\"1165\" data-col-size=\"sm\"><strong data-start=\"1145\" data-end=\"1164\">Geh\u00e4use \/ Farbe<\/strong><\/td>\n<td data-start=\"1165\" data-end=\"1222\" data-col-size=\"lg\">Weiche Schaumstoffh\u00fclle, rote Au\u00dfenh\u00fclle (wechselbar)<\/td>\n<\/tr>\n<tr data-start=\"1223\" data-end=\"1255\">\n<td data-start=\"1223\" data-end=\"1242\" data-col-size=\"sm\"><strong data-start=\"1225\" data-end=\"1241\">Gewicht Cube<\/strong><\/td>\n<td data-start=\"1242\" data-end=\"1255\" data-col-size=\"lg\">ca. 300 g<\/td>\n<\/tr>\n<tr data-start=\"1256\" data-end=\"1403\">\n<td data-start=\"1256\" data-end=\"1277\" data-col-size=\"sm\"><strong data-start=\"1258\" data-end=\"1276\">Besonderheiten<\/strong><\/td>\n<td data-start=\"1277\" data-end=\"1403\" data-col-size=\"lg\">Automatische Stummschaltung beim Werfen, robuste Bauweise, Integration in hybride Events m\u00f6glich, mehrere Mikros koppelbar<\/td>\n<\/tr>\n<\/tbody>\n<\/table>\n<\/div>\n<\/div>\n","protected":false},"excerpt":{"rendered":"<p>23 vorr\u00e4tig<\/p>\n","protected":false},"featured_media":2159,"template":"","meta":[],"product_brand":[],"product_cat":[18],"product_tag":[],"class_list":{"0":"post-1801","1":"product","2":"type-product","3":"status-publish","4":"has-post-thumbnail","6":"product_cat-mikrofone","8":"first","9":"instock","10":"taxable","11":"shipping-taxable","12":"purchasable","13":"product-type-simple"},"_links":{"self":[{"href":"https:\/\/as-lightsound.de\/wordpress\/wp-json\/wp\/v2\/product\/1801","targetHints":{"allow":["GET"]}}],"collection":[{"href":"https:\/\/as-lightsound.de\/wordpress\/wp-json\/wp\/v2\/product"}],"about":[{"href":"https:\/\/as-lightsound.de\/wordpress\/wp-json\/wp\/v2\/types\/product"}],"wp:featuredmedia":[{"embeddable":true,"href":"https:\/\/as-lightsound.de\/wordpress\/wp-json\/wp\/v2\/media\/2159"}],"wp:attachment":[{"href":"https:\/\/as-lightsound.de\/wordpress\/wp-json\/wp\/v2\/media?parent=1801"}],"wp:term":[{"taxonomy":"product_brand","embeddable":true,"href":"https:\/\/as-lightsound.de\/wordpress\/wp-json\/wp\/v2\/product_brand?post=1801"},{"taxonomy":"product_cat","embeddable":true,"href":"https:\/\/as-lightsound.de\/wordpress\/wp-json\/wp\/v2\/product_cat?post=1801"},{"taxonomy":"product_tag","embeddable":true,"href":"https:\/\/as-lightsound.de\/wordpress\/wp-json\/wp\/v2\/product_tag?post=1801"}],"curies":[{"name":"wp","href":"https:\/\/api.w.org\/{rel}","templated":true}]}}