{"id":18,"date":"2021-02-16T10:50:16","date_gmt":"2021-02-16T09:50:16","guid":{"rendered":"https:\/\/as-lightsound.de\/wordpress\/?post_type=product&#038;p=18"},"modified":"2025-10-08T10:23:09","modified_gmt":"2025-10-08T08:23:09","slug":"pat-sw18-sub","status":"publish","type":"product","link":"https:\/\/as-lightsound.de\/wordpress\/product\/pat-sw18-sub\/","title":{"rendered":"ProAudio Technology SW18 Subwoofer"},"content":{"rendered":"<p data-start=\"84\" data-end=\"698\">Der <strong data-start=\"88\" data-end=\"116\">ProAudio Technology SW18<\/strong> ist ein kompakter, passiver Hochleistungs-Subwoofer, entwickelt f\u00fcr pr\u00e4zise und druckvolle Tieftonwiedergabe in professionellen Beschallungssystemen. Ausgestattet mit einem 18\u2033-Neodym-Tieft\u00f6ner und einem optimierten Bassreflex-Geh\u00e4use liefert er hohe Pegelreserven, tiefreichenden Bass und kontrollierte Dynamik. Der SW18 kann sowohl einzeln als auch im Cardioid- oder Stack-Betrieb eingesetzt werden. Mit seinem wetterbest\u00e4ndigen Geh\u00e4use, vier Griffen, M20-Stativaufnahme und Frontgitter mit Akustikschaum ist er ideal f\u00fcr Touring-, Event- und Installationsanwendungen geeignet.<\/p>\n<hr data-start=\"700\" data-end=\"703\" \/>\n<h3 data-start=\"705\" data-end=\"738\">Technische Daten (Tech Specs)<\/h3>\n<div class=\"_tableContainer_1rjym_1\">\n<div class=\"group _tableWrapper_1rjym_13 flex w-fit flex-col-reverse\" tabindex=\"-1\">\n<table class=\"w-fit min-w-(--thread-content-width)\" data-start=\"740\" data-end=\"1614\">\n<thead data-start=\"740\" data-end=\"758\">\n<tr data-start=\"740\" data-end=\"758\">\n<th data-start=\"740\" data-end=\"750\" data-col-size=\"md\">Merkmal<\/th>\n<th data-start=\"750\" data-end=\"758\" data-col-size=\"md\">Wert<\/th>\n<\/tr>\n<\/thead>\n<tbody data-start=\"779\" data-end=\"1614\">\n<tr data-start=\"779\" data-end=\"824\">\n<td data-start=\"779\" data-end=\"789\" data-col-size=\"md\"><strong data-start=\"781\" data-end=\"788\">Typ<\/strong><\/td>\n<td data-start=\"789\" data-end=\"824\" data-col-size=\"md\">Passiver Subwoofer (Bassreflex)<\/td>\n<\/tr>\n<tr data-start=\"825\" data-end=\"892\">\n<td data-start=\"825\" data-end=\"842\" data-col-size=\"md\"><strong data-start=\"827\" data-end=\"841\">Best\u00fcckung<\/strong><\/td>\n<td data-start=\"842\" data-end=\"892\" data-col-size=\"md\">1 \u00d7 18\u2033 Neodym-Tieft\u00f6ner mit 4,5\u2033 Schwingspule<\/td>\n<\/tr>\n<tr data-start=\"893\" data-end=\"947\">\n<td data-start=\"893\" data-end=\"926\" data-col-size=\"md\"><strong data-start=\"895\" data-end=\"925\">Belastbarkeit (AES \/ Peak)<\/strong><\/td>\n<td data-start=\"926\" data-end=\"947\" data-col-size=\"md\">1.200 W \/ 4.800 W<\/td>\n<\/tr>\n<tr data-start=\"948\" data-end=\"991\">\n<td data-start=\"948\" data-end=\"970\" data-col-size=\"md\"><strong data-start=\"950\" data-end=\"969\">Empfindlichkeit<\/strong><\/td>\n<td data-start=\"970\" data-end=\"991\" data-col-size=\"md\">97 dB (1 W \/ 1 m)<\/td>\n<\/tr>\n<tr data-start=\"992\" data-end=\"1064\">\n<td data-start=\"992\" data-end=\"1050\" data-col-size=\"md\"><strong data-start=\"994\" data-end=\"1049\">Maximaler Schalldruckpegel (Peak, 1 m, halber Raum)<\/strong><\/td>\n<td data-start=\"1050\" data-end=\"1064\" data-col-size=\"md\">140 dB SPL<\/td>\n<\/tr>\n<tr data-start=\"1065\" data-end=\"1113\">\n<td data-start=\"1065\" data-end=\"1095\" data-col-size=\"md\"><strong data-start=\"1067\" data-end=\"1094\">Frequenzbereich (\u20136 dB)<\/strong><\/td>\n<td data-start=\"1095\" data-end=\"1113\" data-col-size=\"md\">35 Hz \u2013 120 Hz<\/td>\n<\/tr>\n<tr data-start=\"1114\" data-end=\"1163\">\n<td data-start=\"1114\" data-end=\"1133\" data-col-size=\"md\"><strong data-start=\"1116\" data-end=\"1132\">Betriebsmodi<\/strong><\/td>\n<td data-start=\"1133\" data-end=\"1163\" data-col-size=\"md\">Omnidirektional \/ Cardioid<\/td>\n<\/tr>\n<tr data-start=\"1164\" data-end=\"1196\">\n<td data-start=\"1164\" data-end=\"1189\" data-col-size=\"md\"><strong data-start=\"1166\" data-end=\"1188\">Impedanz (nominal)<\/strong><\/td>\n<td data-start=\"1189\" data-end=\"1196\" data-col-size=\"md\">8 \u03a9<\/td>\n<\/tr>\n<tr data-start=\"1197\" data-end=\"1260\">\n<td data-start=\"1197\" data-end=\"1214\" data-col-size=\"md\"><strong data-start=\"1199\" data-end=\"1213\">Anschl\u00fcsse<\/strong><\/td>\n<td data-start=\"1214\" data-end=\"1260\" data-col-size=\"md\">4 \u00d7 Neutrik SpeakON NL4 (2 vorn, 2 hinten)<\/td>\n<\/tr>\n<tr data-start=\"1261\" data-end=\"1334\">\n<td data-start=\"1261\" data-end=\"1288\" data-col-size=\"md\"><strong data-start=\"1263\" data-end=\"1287\">Montagem\u00f6glichkeiten<\/strong><\/td>\n<td data-start=\"1288\" data-end=\"1334\" data-col-size=\"md\">M20-Stativaufnahme, integrierte Stapelf\u00fc\u00dfe<\/td>\n<\/tr>\n<tr data-start=\"1335\" data-end=\"1399\">\n<td data-start=\"1335\" data-end=\"1357\" data-col-size=\"md\"><strong data-start=\"1337\" data-end=\"1356\">Geh\u00e4usematerial<\/strong><\/td>\n<td data-start=\"1357\" data-end=\"1399\" data-col-size=\"md\">Multiplex-Holz, wetterfest beschichtet<\/td>\n<\/tr>\n<tr data-start=\"1400\" data-end=\"1470\">\n<td data-start=\"1400\" data-end=\"1418\" data-col-size=\"md\"><strong data-start=\"1402\" data-end=\"1417\">Frontschutz<\/strong><\/td>\n<td data-start=\"1418\" data-end=\"1470\" data-col-size=\"md\">Metallgitter mit wasserabweisendem Akustikschaum<\/td>\n<\/tr>\n<tr data-start=\"1471\" data-end=\"1509\">\n<td data-start=\"1471\" data-end=\"1484\" data-col-size=\"md\"><strong data-start=\"1473\" data-end=\"1483\">Griffe<\/strong><\/td>\n<td data-start=\"1484\" data-end=\"1509\" data-col-size=\"md\">4 ergonomische Griffe<\/td>\n<\/tr>\n<tr data-start=\"1510\" data-end=\"1562\">\n<td data-start=\"1510\" data-end=\"1540\" data-col-size=\"md\"><strong data-start=\"1512\" data-end=\"1539\">Abmessungen (H \u00d7 B \u00d7 T)<\/strong><\/td>\n<td data-start=\"1540\" data-end=\"1562\" data-col-size=\"md\">540 \u00d7 485 \u00d7 780 mm<\/td>\n<\/tr>\n<tr data-start=\"1563\" data-end=\"1590\">\n<td data-start=\"1563\" data-end=\"1577\" data-col-size=\"md\"><strong data-start=\"1565\" data-end=\"1576\">Gewicht<\/strong><\/td>\n<td data-start=\"1577\" data-end=\"1590\" data-col-size=\"md\">ca. 36 kg<\/td>\n<\/tr>\n<tr data-start=\"1591\" data-end=\"1614\">\n<td data-start=\"1591\" data-end=\"1603\" data-col-size=\"md\"><strong data-start=\"1593\" data-end=\"1602\">Farbe<\/strong><\/td>\n<td data-start=\"1603\" data-end=\"1614\" data-col-size=\"md\">Schwarz<\/td>\n<\/tr>\n<\/tbody>\n<\/table>\n<\/div>\n<\/div>\n","protected":false},"excerpt":{"rendered":"<p>24 vorr\u00e4tig<\/p>\n","protected":false},"featured_media":19,"template":"","meta":[],"product_brand":[],"product_cat":[19],"product_tag":[],"class_list":{"0":"post-18","1":"product","2":"type-product","3":"status-publish","4":"has-post-thumbnail","6":"product_cat-lautsprecher","8":"first","9":"instock","10":"taxable","11":"shipping-taxable","12":"purchasable","13":"product-type-simple"},"_links":{"self":[{"href":"https:\/\/as-lightsound.de\/wordpress\/wp-json\/wp\/v2\/product\/18","targetHints":{"allow":["GET"]}}],"collection":[{"href":"https:\/\/as-lightsound.de\/wordpress\/wp-json\/wp\/v2\/product"}],"about":[{"href":"https:\/\/as-lightsound.de\/wordpress\/wp-json\/wp\/v2\/types\/product"}],"wp:featuredmedia":[{"embeddable":true,"href":"https:\/\/as-lightsound.de\/wordpress\/wp-json\/wp\/v2\/media\/19"}],"wp:attachment":[{"href":"https:\/\/as-lightsound.de\/wordpress\/wp-json\/wp\/v2\/media?parent=18"}],"wp:term":[{"taxonomy":"product_brand","embeddable":true,"href":"https:\/\/as-lightsound.de\/wordpress\/wp-json\/wp\/v2\/product_brand?post=18"},{"taxonomy":"product_cat","embeddable":true,"href":"https:\/\/as-lightsound.de\/wordpress\/wp-json\/wp\/v2\/product_cat?post=18"},{"taxonomy":"product_tag","embeddable":true,"href":"https:\/\/as-lightsound.de\/wordpress\/wp-json\/wp\/v2\/product_tag?post=18"}],"curies":[{"name":"wp","href":"https:\/\/api.w.org\/{rel}","templated":true}]}}