{"id":1797,"date":"2025-09-29T17:35:46","date_gmt":"2025-09-29T15:35:46","guid":{"rendered":"https:\/\/as-lightsound.de\/wordpress\/?post_type=product&#038;p=1797"},"modified":"2025-09-29T17:38:06","modified_gmt":"2025-09-29T15:38:06","slug":"dpa-core-4088-headset-mikrofon","status":"publish","type":"product","link":"https:\/\/as-lightsound.de\/wordpress\/product\/dpa-core-4088-headset-mikrofon\/","title":{"rendered":"DPA CORE+ 4088 Headset-Mikrofon"},"content":{"rendered":"<p data-start=\"144\" data-end=\"505\">Das CORE+ 4088 ist ein professionelles, leichtes Nackenb\u00fcgel-Headset mit Nierencharakteristik. Es bietet hervorragende Sprachverst\u00e4ndlichkeit, hohe R\u00fcckkopplungssicherheit und ist ideal f\u00fcr Theater, Konferenzen, Broadcast und Live-Performances geeignet. Durch die CORE+-Technologie liefert es einen erweiterten Dynamikumfang und einen klaren, nat\u00fcrlichen Klang.<\/p>\n<hr data-start=\"507\" data-end=\"510\" \/>\n<h3 data-start=\"512\" data-end=\"549\"><strong data-start=\"516\" data-end=\"549\">Technische Daten (Tech Specs)<\/strong><\/h3>\n<div class=\"_tableContainer_1rjym_1\">\n<div class=\"group _tableWrapper_1rjym_13 flex w-fit flex-col-reverse\" tabindex=\"-1\">\n<table class=\"w-fit min-w-(--thread-content-width)\" data-start=\"551\" data-end=\"1507\">\n<thead data-start=\"551\" data-end=\"578\">\n<tr data-start=\"551\" data-end=\"578\">\n<th data-start=\"551\" data-end=\"561\" data-col-size=\"sm\">Merkmal<\/th>\n<th data-start=\"561\" data-end=\"578\" data-col-size=\"lg\">Spezifikation<\/th>\n<\/tr>\n<\/thead>\n<tbody data-start=\"602\" data-end=\"1507\">\n<tr data-start=\"602\" data-end=\"657\">\n<td data-start=\"602\" data-end=\"618\" data-col-size=\"sm\"><strong data-start=\"604\" data-end=\"617\">Kapseltyp<\/strong><\/td>\n<td data-start=\"618\" data-end=\"657\" data-col-size=\"lg\">Miniatur Elektret-Kondensatorkapsel<\/td>\n<\/tr>\n<tr data-start=\"658\" data-end=\"718\">\n<td data-start=\"658\" data-end=\"684\" data-col-size=\"sm\"><strong data-start=\"660\" data-end=\"683\">Richtcharakteristik<\/strong><\/td>\n<td data-start=\"684\" data-end=\"718\" data-col-size=\"lg\">Superniere \/ Niere (gerichtet)<\/td>\n<\/tr>\n<tr data-start=\"719\" data-end=\"784\">\n<td data-start=\"719\" data-end=\"741\" data-col-size=\"sm\"><strong data-start=\"721\" data-end=\"740\">Frequenzbereich<\/strong><\/td>\n<td data-start=\"741\" data-end=\"784\" data-col-size=\"lg\">20 Hz \u2013 20 kHz (\u00b12 dB: 100 Hz \u2013 20 kHz)<\/td>\n<\/tr>\n<tr data-start=\"785\" data-end=\"830\">\n<td data-start=\"785\" data-end=\"807\" data-col-size=\"sm\"><strong data-start=\"787\" data-end=\"806\">Empfindlichkeit<\/strong><\/td>\n<td data-start=\"807\" data-end=\"830\" data-col-size=\"lg\">ca. 6 mV\/Pa (\u00b13 dB)<\/td>\n<\/tr>\n<tr data-start=\"831\" data-end=\"878\">\n<td data-start=\"831\" data-end=\"846\" data-col-size=\"sm\"><strong data-start=\"833\" data-end=\"845\">Max. SPL<\/strong><\/td>\n<td data-start=\"846\" data-end=\"878\" data-col-size=\"lg\">ca. 144 dB SPL (bei 1 % THD)<\/td>\n<\/tr>\n<tr data-start=\"879\" data-end=\"915\">\n<td data-start=\"879\" data-end=\"899\" data-col-size=\"sm\"><strong data-start=\"881\" data-end=\"898\">Eigenrauschen<\/strong><\/td>\n<td data-start=\"899\" data-end=\"915\" data-col-size=\"lg\">ca. 26 dB(A)<\/td>\n<\/tr>\n<tr data-start=\"916\" data-end=\"951\">\n<td data-start=\"916\" data-end=\"937\" data-col-size=\"sm\"><strong data-start=\"918\" data-end=\"936\">Dynamikbereich<\/strong><\/td>\n<td data-start=\"937\" data-end=\"951\" data-col-size=\"lg\">ca. 100 dB<\/td>\n<\/tr>\n<tr data-start=\"952\" data-end=\"990\">\n<td data-start=\"952\" data-end=\"975\" data-col-size=\"sm\"><strong data-start=\"954\" data-end=\"974\">Ausgangsimpedanz<\/strong><\/td>\n<td data-start=\"975\" data-end=\"990\" data-col-size=\"lg\">ca. 30\u201340 \u03a9<\/td>\n<\/tr>\n<tr data-start=\"991\" data-end=\"1055\">\n<td data-start=\"991\" data-end=\"1014\" data-col-size=\"sm\"><strong data-start=\"993\" data-end=\"1013\">Betriebsspannung<\/strong><\/td>\n<td data-start=\"1014\" data-end=\"1055\" data-col-size=\"lg\">5 \u2013 50 V (\u00fcber Adapter oder Bodypack)<\/td>\n<\/tr>\n<tr data-start=\"1056\" data-end=\"1128\">\n<td data-start=\"1056\" data-end=\"1072\" data-col-size=\"sm\"><strong data-start=\"1058\" data-end=\"1071\">Anschluss<\/strong><\/td>\n<td data-start=\"1072\" data-end=\"1128\" data-col-size=\"lg\">MicroDot (Adapter auf XLR, TA4F, Lemo etc. optional)<\/td>\n<\/tr>\n<tr data-start=\"1129\" data-end=\"1196\">\n<td data-start=\"1129\" data-end=\"1145\" data-col-size=\"sm\"><strong data-start=\"1131\" data-end=\"1144\">Kopfb\u00fcgel<\/strong><\/td>\n<td data-start=\"1145\" data-end=\"1196\" data-col-size=\"lg\">Verstellbar, beidseitig tragbar, hautfreundlich<\/td>\n<\/tr>\n<tr data-start=\"1197\" data-end=\"1255\">\n<td data-start=\"1197\" data-end=\"1214\" data-col-size=\"sm\"><strong data-start=\"1199\" data-end=\"1213\">Kabell\u00e4nge<\/strong><\/td>\n<td data-start=\"1214\" data-end=\"1255\" data-col-size=\"lg\">ca. 1,3 m (robustes, flexibles Kabel)<\/td>\n<\/tr>\n<tr data-start=\"1256\" data-end=\"1297\">\n<td data-start=\"1256\" data-end=\"1270\" data-col-size=\"sm\"><strong data-start=\"1258\" data-end=\"1269\">Gewicht<\/strong><\/td>\n<td data-start=\"1270\" data-end=\"1297\" data-col-size=\"lg\">ca. 14 g (ohne Adapter)<\/td>\n<\/tr>\n<tr data-start=\"1298\" data-end=\"1350\">\n<td data-start=\"1298\" data-end=\"1311\" data-col-size=\"sm\"><strong data-start=\"1300\" data-end=\"1310\">Farben<\/strong><\/td>\n<td data-start=\"1311\" data-end=\"1350\" data-col-size=\"lg\">Erh\u00e4ltlich in Schwarz, Beige, Braun<\/td>\n<\/tr>\n<tr data-start=\"1351\" data-end=\"1507\">\n<td data-start=\"1351\" data-end=\"1372\" data-col-size=\"sm\"><strong data-start=\"1353\" data-end=\"1371\">Besonderheiten<\/strong><\/td>\n<td data-start=\"1372\" data-end=\"1507\" data-col-size=\"lg\">CORE+ Technologie f\u00fcr h\u00f6heren Dynamikumfang, ausgezeichnete R\u00fcckkopplungsfestigkeit, wasser- und schwei\u00dfresistent, diskretes Design<\/td>\n<\/tr>\n<\/tbody>\n<\/table>\n<\/div>\n<\/div>\n","protected":false},"excerpt":{"rendered":"<p>4 vorr\u00e4tig<\/p>\n","protected":false},"featured_media":1798,"template":"","meta":[],"product_brand":[],"product_cat":[18],"product_tag":[],"class_list":{"0":"post-1797","1":"product","2":"type-product","3":"status-publish","4":"has-post-thumbnail","6":"product_cat-mikrofone","8":"first","9":"instock","10":"taxable","11":"shipping-taxable","12":"purchasable","13":"product-type-simple"},"_links":{"self":[{"href":"https:\/\/as-lightsound.de\/wordpress\/wp-json\/wp\/v2\/product\/1797","targetHints":{"allow":["GET"]}}],"collection":[{"href":"https:\/\/as-lightsound.de\/wordpress\/wp-json\/wp\/v2\/product"}],"about":[{"href":"https:\/\/as-lightsound.de\/wordpress\/wp-json\/wp\/v2\/types\/product"}],"wp:featuredmedia":[{"embeddable":true,"href":"https:\/\/as-lightsound.de\/wordpress\/wp-json\/wp\/v2\/media\/1798"}],"wp:attachment":[{"href":"https:\/\/as-lightsound.de\/wordpress\/wp-json\/wp\/v2\/media?parent=1797"}],"wp:term":[{"taxonomy":"product_brand","embeddable":true,"href":"https:\/\/as-lightsound.de\/wordpress\/wp-json\/wp\/v2\/product_brand?post=1797"},{"taxonomy":"product_cat","embeddable":true,"href":"https:\/\/as-lightsound.de\/wordpress\/wp-json\/wp\/v2\/product_cat?post=1797"},{"taxonomy":"product_tag","embeddable":true,"href":"https:\/\/as-lightsound.de\/wordpress\/wp-json\/wp\/v2\/product_tag?post=1797"}],"curies":[{"name":"wp","href":"https:\/\/api.w.org\/{rel}","templated":true}]}}