{"id":1795,"date":"2025-09-29T17:31:59","date_gmt":"2025-09-29T15:31:59","guid":{"rendered":"https:\/\/as-lightsound.de\/wordpress\/?post_type=product&#038;p=1795"},"modified":"2025-09-29T17:35:37","modified_gmt":"2025-09-29T15:35:37","slug":"dpa-core-4061-lavalier-mikrofon","status":"publish","type":"product","link":"https:\/\/as-lightsound.de\/wordpress\/product\/dpa-core-4061-lavalier-mikrofon\/","title":{"rendered":"DPA Core+ 4061 Lavalier-Mikrofon"},"content":{"rendered":"<p data-start=\"144\" data-end=\"441\">Das CORE+ 4061 ist ein hochwertiges Miniatur-Lavaliermikrofon mit omnidirektionaler Charakteristik, entwickelt f\u00fcr professionelle Anwendungen in Theater, Broadcast, Film und Live-Events. Es liefert einen nat\u00fcrlichen, transparenten Klang mit hohem Grenzschalldruckpegel und minimalem Eigenrauschen.<\/p>\n<hr data-start=\"443\" data-end=\"446\" \/>\n<h3 data-start=\"448\" data-end=\"485\"><strong data-start=\"452\" data-end=\"485\">Technische Daten (Tech Specs)<\/strong><\/h3>\n<div class=\"_tableContainer_1rjym_1\">\n<div class=\"group _tableWrapper_1rjym_13 flex w-fit flex-col-reverse\" tabindex=\"-1\">\n<table class=\"w-fit min-w-(--thread-content-width)\" data-start=\"487\" data-end=\"1375\">\n<thead data-start=\"487\" data-end=\"514\">\n<tr data-start=\"487\" data-end=\"514\">\n<th data-start=\"487\" data-end=\"497\" data-col-size=\"sm\">Merkmal<\/th>\n<th data-start=\"497\" data-end=\"514\" data-col-size=\"md\">Spezifikation<\/th>\n<\/tr>\n<\/thead>\n<tbody data-start=\"538\" data-end=\"1375\">\n<tr data-start=\"538\" data-end=\"593\">\n<td data-start=\"538\" data-end=\"554\" data-col-size=\"sm\"><strong data-start=\"540\" data-end=\"553\">Kapseltyp<\/strong><\/td>\n<td data-start=\"554\" data-end=\"593\" data-col-size=\"md\">Miniatur Elektret-Kondensatorkapsel<\/td>\n<\/tr>\n<tr data-start=\"594\" data-end=\"639\">\n<td data-start=\"594\" data-end=\"620\" data-col-size=\"sm\"><strong data-start=\"596\" data-end=\"619\">Richtcharakteristik<\/strong><\/td>\n<td data-start=\"620\" data-end=\"639\" data-col-size=\"md\">Omnidirektional<\/td>\n<\/tr>\n<tr data-start=\"640\" data-end=\"705\">\n<td data-start=\"640\" data-end=\"662\" data-col-size=\"sm\"><strong data-start=\"642\" data-end=\"661\">Frequenzbereich<\/strong><\/td>\n<td data-start=\"662\" data-end=\"705\" data-col-size=\"md\">20 Hz \u2013 20 kHz (\u00b1 2 dB: 40 Hz \u2013 20 kHz)<\/td>\n<\/tr>\n<tr data-start=\"706\" data-end=\"781\">\n<td data-start=\"706\" data-end=\"728\" data-col-size=\"sm\"><strong data-start=\"708\" data-end=\"727\">Empfindlichkeit<\/strong><\/td>\n<td data-start=\"728\" data-end=\"781\" data-col-size=\"md\">ca. 6 mV\/Pa (\u00b13 dB, typ. Low-Sensitivity Version)<\/td>\n<\/tr>\n<tr data-start=\"782\" data-end=\"829\">\n<td data-start=\"782\" data-end=\"797\" data-col-size=\"sm\"><strong data-start=\"784\" data-end=\"796\">Max. SPL<\/strong><\/td>\n<td data-start=\"797\" data-end=\"829\" data-col-size=\"md\">ca. 144 dB SPL (bei 1 % THD)<\/td>\n<\/tr>\n<tr data-start=\"830\" data-end=\"866\">\n<td data-start=\"830\" data-end=\"850\" data-col-size=\"sm\"><strong data-start=\"832\" data-end=\"849\">Eigenrauschen<\/strong><\/td>\n<td data-start=\"850\" data-end=\"866\" data-col-size=\"md\">ca. 23 dB(A)<\/td>\n<\/tr>\n<tr data-start=\"867\" data-end=\"902\">\n<td data-start=\"867\" data-end=\"888\" data-col-size=\"sm\"><strong data-start=\"869\" data-end=\"887\">Dynamikbereich<\/strong><\/td>\n<td data-start=\"888\" data-end=\"902\" data-col-size=\"md\">ca. 100 dB<\/td>\n<\/tr>\n<tr data-start=\"903\" data-end=\"941\">\n<td data-start=\"903\" data-end=\"926\" data-col-size=\"sm\"><strong data-start=\"905\" data-end=\"925\">Ausgangsimpedanz<\/strong><\/td>\n<td data-start=\"926\" data-end=\"941\" data-col-size=\"md\">ca. 30\u201340 \u03a9<\/td>\n<\/tr>\n<tr data-start=\"942\" data-end=\"1017\">\n<td data-start=\"942\" data-end=\"965\" data-col-size=\"sm\"><strong data-start=\"944\" data-end=\"964\">Betriebsspannung<\/strong><\/td>\n<td data-start=\"965\" data-end=\"1017\" data-col-size=\"md\">5 \u2013 50 V (Phantomadapter oder Wireless-Bodypack)<\/td>\n<\/tr>\n<tr data-start=\"1018\" data-end=\"1090\">\n<td data-start=\"1018\" data-end=\"1034\" data-col-size=\"sm\"><strong data-start=\"1020\" data-end=\"1033\">Anschluss<\/strong><\/td>\n<td data-start=\"1034\" data-end=\"1090\" data-col-size=\"md\">MicroDot (Adapter auf XLR, TA4F, Lemo etc. optional)<\/td>\n<\/tr>\n<tr data-start=\"1091\" data-end=\"1149\">\n<td data-start=\"1091\" data-end=\"1108\" data-col-size=\"sm\"><strong data-start=\"1093\" data-end=\"1107\">Kabell\u00e4nge<\/strong><\/td>\n<td data-start=\"1108\" data-end=\"1149\" data-col-size=\"md\">ca. 1,8 m (robustes, flexibles Kabel)<\/td>\n<\/tr>\n<tr data-start=\"1150\" data-end=\"1196\">\n<td data-start=\"1150\" data-end=\"1168\" data-col-size=\"sm\"><strong data-start=\"1152\" data-end=\"1167\">Abmessungen<\/strong><\/td>\n<td data-start=\"1168\" data-end=\"1196\" data-col-size=\"md\">\u00d8 5,4 mm \u00d7 L\u00e4nge 12,7 mm<\/td>\n<\/tr>\n<tr data-start=\"1197\" data-end=\"1254\">\n<td data-start=\"1197\" data-end=\"1209\" data-col-size=\"sm\"><strong data-start=\"1199\" data-end=\"1208\">Farbe<\/strong><\/td>\n<td data-start=\"1209\" data-end=\"1254\" data-col-size=\"md\">Erh\u00e4ltlich in Schwarz, Beige, Braun, Wei\u00df<\/td>\n<\/tr>\n<tr data-start=\"1255\" data-end=\"1375\">\n<td data-start=\"1255\" data-end=\"1276\" data-col-size=\"sm\"><strong data-start=\"1257\" data-end=\"1275\">Besonderheiten<\/strong><\/td>\n<td data-start=\"1276\" data-end=\"1375\" data-col-size=\"md\">CORE+ Technologie f\u00fcr h\u00f6heren Dynamikumfang, wasser- und schwei\u00dfresistent, unauff\u00e4llige Bauform<\/td>\n<\/tr>\n<\/tbody>\n<\/table>\n<\/div>\n<\/div>\n","protected":false},"excerpt":{"rendered":"<p>10 vorr\u00e4tig<\/p>\n","protected":false},"featured_media":1796,"template":"","meta":[],"product_brand":[],"product_cat":[18],"product_tag":[],"class_list":{"0":"post-1795","1":"product","2":"type-product","3":"status-publish","4":"has-post-thumbnail","6":"product_cat-mikrofone","8":"first","9":"instock","10":"taxable","11":"shipping-taxable","12":"purchasable","13":"product-type-simple"},"_links":{"self":[{"href":"https:\/\/as-lightsound.de\/wordpress\/wp-json\/wp\/v2\/product\/1795","targetHints":{"allow":["GET"]}}],"collection":[{"href":"https:\/\/as-lightsound.de\/wordpress\/wp-json\/wp\/v2\/product"}],"about":[{"href":"https:\/\/as-lightsound.de\/wordpress\/wp-json\/wp\/v2\/types\/product"}],"wp:featuredmedia":[{"embeddable":true,"href":"https:\/\/as-lightsound.de\/wordpress\/wp-json\/wp\/v2\/media\/1796"}],"wp:attachment":[{"href":"https:\/\/as-lightsound.de\/wordpress\/wp-json\/wp\/v2\/media?parent=1795"}],"wp:term":[{"taxonomy":"product_brand","embeddable":true,"href":"https:\/\/as-lightsound.de\/wordpress\/wp-json\/wp\/v2\/product_brand?post=1795"},{"taxonomy":"product_cat","embeddable":true,"href":"https:\/\/as-lightsound.de\/wordpress\/wp-json\/wp\/v2\/product_cat?post=1795"},{"taxonomy":"product_tag","embeddable":true,"href":"https:\/\/as-lightsound.de\/wordpress\/wp-json\/wp\/v2\/product_tag?post=1795"}],"curies":[{"name":"wp","href":"https:\/\/api.w.org\/{rel}","templated":true}]}}