{"id":1768,"date":"2025-09-27T12:11:36","date_gmt":"2025-09-27T10:11:36","guid":{"rendered":"https:\/\/as-lightsound.de\/wordpress\/?post_type=product&#038;p=1768"},"modified":"2025-10-08T12:02:30","modified_gmt":"2025-10-08T10:02:30","slug":"panasonic-et-d75le20-objektiv-18-26-fuer-dz21k","status":"publish","type":"product","link":"https:\/\/as-lightsound.de\/wordpress\/product\/panasonic-et-d75le20-objektiv-18-26-fuer-dz21k\/","title":{"rendered":"Panasonic ET-D75LE20 Objektiv 1,8 &#8211; 2,6 f\u00fcr DZ\/RZ21k"},"content":{"rendered":"<p data-start=\"78\" data-end=\"567\">Das <strong data-start=\"82\" data-end=\"106\">Panasonic ET-D75LE20<\/strong> ist ein hochwertiges Wechselobjektiv f\u00fcr Panasonic 3-Chip-DLP-Projektoren der DZ-, RZ- und RS-Serie (z. B. PT-DZ21K, PT-RZ21K). Es bietet einen Projektionsverh\u00e4ltnisbereich von 1,8\u20132,6:1 und erm\u00f6glicht flexible Installationen bei mittleren Projektionsdistanzen. Dank pr\u00e4ziser Optik, motorisiertem Zoom und Fokus sowie hoher Lichtdurchl\u00e4ssigkeit gew\u00e4hrleistet das ET-D75LE20 eine hervorragende Bildsch\u00e4rfe und Farbstabilit\u00e4t, auch bei gro\u00dfen Leinwandformaten.<\/p>\n<hr data-start=\"569\" data-end=\"572\" \/>\n<h3 data-start=\"574\" data-end=\"607\">Technische Daten (Tech Specs)<\/h3>\n<div class=\"_tableContainer_1rjym_1\">\n<div class=\"group _tableWrapper_1rjym_13 flex w-fit flex-col-reverse\" tabindex=\"-1\">\n<table class=\"w-fit min-w-(--thread-content-width)\" data-start=\"609\" data-end=\"1451\">\n<thead data-start=\"609\" data-end=\"627\">\n<tr data-start=\"609\" data-end=\"627\">\n<th data-start=\"609\" data-end=\"619\" data-col-size=\"sm\">Merkmal<\/th>\n<th data-start=\"619\" data-end=\"627\" data-col-size=\"md\">Wert<\/th>\n<\/tr>\n<\/thead>\n<tbody data-start=\"648\" data-end=\"1451\">\n<tr data-start=\"648\" data-end=\"685\">\n<td data-start=\"648\" data-end=\"661\" data-col-size=\"sm\"><strong data-start=\"650\" data-end=\"660\">Modell<\/strong><\/td>\n<td data-start=\"661\" data-end=\"685\" data-col-size=\"md\">Panasonic ET-D75LE20<\/td>\n<\/tr>\n<tr data-start=\"686\" data-end=\"730\">\n<td data-start=\"686\" data-end=\"704\" data-col-size=\"sm\"><strong data-start=\"688\" data-end=\"703\">Objektivtyp<\/strong><\/td>\n<td data-start=\"704\" data-end=\"730\" data-col-size=\"md\">Wechselobjektiv (Zoom)<\/td>\n<\/tr>\n<tr data-start=\"731\" data-end=\"836\">\n<td data-start=\"731\" data-end=\"752\" data-col-size=\"sm\"><strong data-start=\"733\" data-end=\"751\">Kompatibilit\u00e4t<\/strong><\/td>\n<td data-start=\"752\" data-end=\"836\" data-col-size=\"md\">PT-DZ21K \/ PT-RZ21K \/ PT-DZ13K \/ PT-RZ12K \/ PT-DZ10K \/ PT-RZ970 \/ PT-RZ770 u. a.<\/td>\n<\/tr>\n<tr data-start=\"837\" data-end=\"880\">\n<td data-start=\"837\" data-end=\"865\" data-col-size=\"sm\"><strong data-start=\"839\" data-end=\"864\">Projektionsverh\u00e4ltnis<\/strong><\/td>\n<td data-start=\"865\" data-end=\"880\" data-col-size=\"md\">1,8 \u2013 2,6:1<\/td>\n<\/tr>\n<tr data-start=\"881\" data-end=\"920\">\n<td data-start=\"881\" data-end=\"902\" data-col-size=\"sm\"><strong data-start=\"883\" data-end=\"901\">Zoomverh\u00e4ltnis<\/strong><\/td>\n<td data-start=\"902\" data-end=\"920\" data-col-size=\"md\">1,4\u00d7 motorisch<\/td>\n<\/tr>\n<tr data-start=\"921\" data-end=\"956\">\n<td data-start=\"921\" data-end=\"938\" data-col-size=\"sm\"><strong data-start=\"923\" data-end=\"937\">Brennweite<\/strong><\/td>\n<td data-start=\"938\" data-end=\"956\" data-col-size=\"md\">37,9 \u2013 54,4 mm<\/td>\n<\/tr>\n<tr data-start=\"957\" data-end=\"995\">\n<td data-start=\"957\" data-end=\"982\" data-col-size=\"sm\"><strong data-start=\"959\" data-end=\"981\">Blenden\u00f6ffnung (F)<\/strong><\/td>\n<td data-start=\"982\" data-end=\"995\" data-col-size=\"md\">2,5 \u2013 3,4<\/td>\n<\/tr>\n<tr data-start=\"996\" data-end=\"1048\">\n<td data-start=\"996\" data-end=\"1008\" data-col-size=\"sm\"><strong data-start=\"998\" data-end=\"1007\">Fokus<\/strong><\/td>\n<td data-start=\"1008\" data-end=\"1048\" data-col-size=\"md\">Motorisch (\u00fcber Projektor steuerbar)<\/td>\n<\/tr>\n<tr data-start=\"1049\" data-end=\"1127\">\n<td data-start=\"1049\" data-end=\"1077\" data-col-size=\"sm\"><strong data-start=\"1051\" data-end=\"1076\">Bildgr\u00f6\u00dfe (Diagonale)<\/strong><\/td>\n<td data-start=\"1077\" data-end=\"1127\" data-col-size=\"md\">200 \u2013 600 Zoll (je nach Projektor und Abstand)<\/td>\n<\/tr>\n<tr data-start=\"1128\" data-end=\"1188\">\n<td data-start=\"1128\" data-end=\"1153\" data-col-size=\"sm\"><strong data-start=\"1130\" data-end=\"1152\">Projektionsabstand<\/strong><\/td>\n<td data-start=\"1153\" data-end=\"1188\" data-col-size=\"md\">ca. 3,0 \u2013 35 m (modellabh\u00e4ngig)<\/td>\n<\/tr>\n<tr data-start=\"1189\" data-end=\"1268\">\n<td data-start=\"1189\" data-end=\"1216\" data-col-size=\"sm\"><strong data-start=\"1191\" data-end=\"1215\">Objektivkonstruktion<\/strong><\/td>\n<td data-start=\"1216\" data-end=\"1268\" data-col-size=\"md\">Mehrlinsiges Glasobjektiv mit hoher Transmission<\/td>\n<\/tr>\n<tr data-start=\"1269\" data-end=\"1297\">\n<td data-start=\"1269\" data-end=\"1283\" data-col-size=\"sm\"><strong data-start=\"1271\" data-end=\"1282\">Gewicht<\/strong><\/td>\n<td data-start=\"1283\" data-end=\"1297\" data-col-size=\"md\">ca. 2,4 kg<\/td>\n<\/tr>\n<tr data-start=\"1298\" data-end=\"1347\">\n<td data-start=\"1298\" data-end=\"1324\" data-col-size=\"sm\"><strong data-start=\"1300\" data-end=\"1323\">Abmessungen (\u00d8 \u00d7 L)<\/strong><\/td>\n<td data-start=\"1324\" data-end=\"1347\" data-col-size=\"md\">ca. 132 mm \u00d7 209 mm<\/td>\n<\/tr>\n<tr data-start=\"1348\" data-end=\"1386\">\n<td data-start=\"1348\" data-end=\"1369\" data-col-size=\"sm\"><strong data-start=\"1350\" data-end=\"1368\">Farbe \/ Finish<\/strong><\/td>\n<td data-start=\"1369\" data-end=\"1386\" data-col-size=\"md\">Schwarz, matt<\/td>\n<\/tr>\n<tr data-start=\"1387\" data-end=\"1451\">\n<td data-start=\"1387\" data-end=\"1404\" data-col-size=\"sm\"><strong data-start=\"1389\" data-end=\"1403\">Montageart<\/strong><\/td>\n<td data-start=\"1404\" data-end=\"1451\" data-col-size=\"md\">Bajonettverschluss (werkzeuglos wechselbar)<\/td>\n<\/tr>\n<\/tbody>\n<\/table>\n<\/div>\n<\/div>\n","protected":false},"excerpt":{"rendered":"<p>1 vorr\u00e4tig<\/p>\n","protected":false},"featured_media":2182,"template":"","meta":[],"product_brand":[],"product_cat":[26],"product_tag":[],"class_list":{"0":"post-1768","1":"product","2":"type-product","3":"status-publish","4":"has-post-thumbnail","6":"product_cat-projektoren","8":"first","9":"instock","10":"taxable","11":"shipping-taxable","12":"purchasable","13":"product-type-simple"},"_links":{"self":[{"href":"https:\/\/as-lightsound.de\/wordpress\/wp-json\/wp\/v2\/product\/1768","targetHints":{"allow":["GET"]}}],"collection":[{"href":"https:\/\/as-lightsound.de\/wordpress\/wp-json\/wp\/v2\/product"}],"about":[{"href":"https:\/\/as-lightsound.de\/wordpress\/wp-json\/wp\/v2\/types\/product"}],"wp:featuredmedia":[{"embeddable":true,"href":"https:\/\/as-lightsound.de\/wordpress\/wp-json\/wp\/v2\/media\/2182"}],"wp:attachment":[{"href":"https:\/\/as-lightsound.de\/wordpress\/wp-json\/wp\/v2\/media?parent=1768"}],"wp:term":[{"taxonomy":"product_brand","embeddable":true,"href":"https:\/\/as-lightsound.de\/wordpress\/wp-json\/wp\/v2\/product_brand?post=1768"},{"taxonomy":"product_cat","embeddable":true,"href":"https:\/\/as-lightsound.de\/wordpress\/wp-json\/wp\/v2\/product_cat?post=1768"},{"taxonomy":"product_tag","embeddable":true,"href":"https:\/\/as-lightsound.de\/wordpress\/wp-json\/wp\/v2\/product_tag?post=1768"}],"curies":[{"name":"wp","href":"https:\/\/api.w.org\/{rel}","templated":true}]}}