{"id":1754,"date":"2025-09-27T10:47:01","date_gmt":"2025-09-27T08:47:01","guid":{"rendered":"https:\/\/as-lightsound.de\/wordpress\/?post_type=product&#038;p=1754"},"modified":"2025-10-01T14:09:52","modified_gmt":"2025-10-01T12:09:52","slug":"novastar-mctrl4k-led-display-controller","status":"publish","type":"product","link":"https:\/\/as-lightsound.de\/wordpress\/product\/novastar-mctrl4k-led-display-controller\/","title":{"rendered":"NovaStar MCTRL4K LED Display Controller"},"content":{"rendered":"<p data-start=\"181\" data-end=\"451\">Der <strong data-start=\"185\" data-end=\"205\">NovaStar MCTRL4K<\/strong> ist ein hochwertiger, eigenst\u00e4ndiger LED-Controller (Master), der 4K-Aufl\u00f6sung unterst\u00fctzt. Er ist ideal geeignet f\u00fcr gro\u00dfe LED-Installationen im Fest- oder Mietbereich und erm\u00f6glicht flexible Konfiguration, hohe Bildqualit\u00e4t und geringe Latenz.<\/p>\n<hr data-start=\"453\" data-end=\"456\" \/>\n<h3 data-start=\"458\" data-end=\"495\"><strong data-start=\"462\" data-end=\"495\">Technische Daten (Tech Specs)<\/strong><\/h3>\n<div class=\"_tableContainer_1rjym_1\">\n<div class=\"group _tableWrapper_1rjym_13 flex w-fit flex-col-reverse\" tabindex=\"-1\">\n<table class=\"w-fit min-w-(--thread-content-width)\" data-start=\"497\" data-end=\"1898\">\n<thead data-start=\"497\" data-end=\"524\">\n<tr data-start=\"497\" data-end=\"524\">\n<th data-start=\"497\" data-end=\"507\" data-col-size=\"sm\">Merkmal<\/th>\n<th data-start=\"507\" data-end=\"524\" data-col-size=\"lg\">Spezifikation<\/th>\n<\/tr>\n<\/thead>\n<tbody data-start=\"547\" data-end=\"1898\">\n<tr data-start=\"547\" data-end=\"630\">\n<td data-start=\"547\" data-end=\"583\" data-col-size=\"sm\"><strong data-start=\"549\" data-end=\"582\">Eingangsaufl\u00f6sung \/ Kapazit\u00e4t<\/strong><\/td>\n<td data-start=\"583\" data-end=\"630\" data-col-size=\"lg\">Bis zu 4096 \u00d7 2160 @ 60 Hz (Einheitenmodus)<\/td>\n<\/tr>\n<tr data-start=\"631\" data-end=\"693\">\n<td data-start=\"631\" data-end=\"674\" data-col-size=\"sm\"><strong data-start=\"633\" data-end=\"673\">Maximale Pixelzahl (DP \/ HDMI Input)<\/strong><\/td>\n<td data-start=\"674\" data-end=\"693\" data-col-size=\"lg\">8.800.000 Pixel<\/td>\n<\/tr>\n<tr data-start=\"694\" data-end=\"750\">\n<td data-start=\"694\" data-end=\"731\" data-col-size=\"sm\"><strong data-start=\"696\" data-end=\"730\">Maximale Pixelzahl (DVI Input)<\/strong><\/td>\n<td data-start=\"731\" data-end=\"750\" data-col-size=\"lg\">8.300.000 Pixel<\/td>\n<\/tr>\n<tr data-start=\"751\" data-end=\"838\">\n<td data-start=\"751\" data-end=\"780\" data-col-size=\"sm\"><strong data-start=\"753\" data-end=\"779\">Eingangsschnittstellen<\/strong><\/td>\n<td data-col-size=\"lg\" data-start=\"780\" data-end=\"802\">1 \u00d7 DisplayPort 1.2<\/td>\n<\/tr>\n<tr data-start=\"839\" data-end=\"952\">\n<td data-start=\"839\" data-end=\"868\" data-col-size=\"sm\"><strong data-start=\"841\" data-end=\"867\">Ausgangsschnittstellen<\/strong><\/td>\n<td data-start=\"868\" data-end=\"907\" data-col-size=\"lg\">16 \u00d7 RJ45 (Neutrik Gigabit Ethernet)<\/td>\n<\/tr>\n<tr data-start=\"953\" data-end=\"1033\">\n<td data-start=\"953\" data-end=\"978\" data-col-size=\"sm\"><strong data-start=\"955\" data-end=\"977\">Redundanz \/ Backup<\/strong><\/td>\n<td data-col-size=\"lg\" data-start=\"978\" data-end=\"1033\">Redundanz \u00fcber Ethernet- und optische Ports m\u00f6glich<\/td>\n<\/tr>\n<tr data-start=\"1034\" data-end=\"1185\">\n<td data-start=\"1034\" data-end=\"1072\" data-col-size=\"sm\"><strong data-start=\"1036\" data-end=\"1071\">Grafikfunktionen \/ Bildqualit\u00e4t<\/strong><\/td>\n<td data-start=\"1072\" data-end=\"1185\" data-col-size=\"lg\">HDR10 und HLG-Support, individuelle Gamma-Anpassung f\u00fcr RGB, Pixel-Level Kalibrierung f\u00fcr Helligkeit &amp; Chroma<\/td>\n<\/tr>\n<tr data-start=\"1186\" data-end=\"1266\">\n<td data-start=\"1186\" data-end=\"1209\" data-col-size=\"sm\"><strong data-start=\"1188\" data-end=\"1208\">3D Unterst\u00fctzung<\/strong><\/td>\n<td data-start=\"1209\" data-end=\"1266\" data-col-size=\"lg\">Unterst\u00fctzung in Kombination mit 3D Emitter &amp; Brillen<\/td>\n<\/tr>\n<tr data-start=\"1267\" data-end=\"1324\">\n<td data-start=\"1267\" data-end=\"1280\" data-col-size=\"sm\"><strong data-start=\"1269\" data-end=\"1279\">Latenz<\/strong><\/td>\n<td data-start=\"1280\" data-end=\"1324\" data-col-size=\"lg\">&lt; 1 ms (bei Aktivierung von Low Latency)<\/td>\n<\/tr>\n<tr data-start=\"1325\" data-end=\"1427\">\n<td data-start=\"1325\" data-end=\"1347\" data-col-size=\"sm\"><strong data-start=\"1327\" data-end=\"1346\">Betrieb \/ Modus<\/strong><\/td>\n<td data-col-size=\"lg\" data-start=\"1347\" data-end=\"1427\">Dualkartenmodus (zwei unabh\u00e4ngige Controller innerhalb eines Ger\u00e4ts m\u00f6glich)<\/td>\n<\/tr>\n<tr data-start=\"1428\" data-end=\"1545\">\n<td data-start=\"1428\" data-end=\"1460\" data-col-size=\"sm\"><strong data-start=\"1430\" data-end=\"1459\">Steuerung \/ Konfiguration<\/strong><\/td>\n<td data-start=\"1460\" data-end=\"1545\" data-col-size=\"lg\">Webinterface, NovaLCT \/ SmartLCT Software, Konfiguration am Ger\u00e4t ohne PC m\u00f6glich<\/td>\n<\/tr>\n<tr data-start=\"1546\" data-end=\"1628\">\n<td data-start=\"1546\" data-end=\"1578\" data-col-size=\"sm\"><strong data-start=\"1548\" data-end=\"1577\">Genlock \/ Synchronisation<\/strong><\/td>\n<td data-start=\"1578\" data-end=\"1628\" data-col-size=\"lg\">Genlock In &amp; Loop f\u00fcr externe Synchronisierung<\/td>\n<\/tr>\n<tr data-start=\"1629\" data-end=\"1677\">\n<td data-start=\"1629\" data-end=\"1651\" data-col-size=\"sm\"><strong data-start=\"1631\" data-end=\"1650\">Stromversorgung<\/strong><\/td>\n<td data-col-size=\"lg\" data-start=\"1651\" data-end=\"1677\">AC 100-240 V, 50\/60 Hz<\/td>\n<\/tr>\n<tr data-start=\"1678\" data-end=\"1714\">\n<td data-start=\"1678\" data-end=\"1702\" data-col-size=\"sm\"><strong data-start=\"1680\" data-end=\"1701\">Leistungsaufnahme<\/strong><\/td>\n<td data-start=\"1702\" data-end=\"1714\" data-col-size=\"lg\">ca. 30 W<\/td>\n<\/tr>\n<tr data-start=\"1715\" data-end=\"1819\">\n<td data-start=\"1715\" data-end=\"1751\" data-col-size=\"sm\"><strong data-start=\"1717\" data-end=\"1750\">Umgebung \/ Betriebstemperatur<\/strong><\/td>\n<td data-col-size=\"lg\" data-start=\"1751\" data-end=\"1819\">\u201320 \u00b0C bis +60 \u00b0C, Luftfeuchte 10 % \u2013 90 % (nicht kondensierend)<\/td>\n<\/tr>\n<tr data-start=\"1820\" data-end=\"1869\">\n<td data-start=\"1820\" data-end=\"1838\" data-col-size=\"sm\"><strong data-start=\"1822\" data-end=\"1837\">Abmessungen<\/strong><\/td>\n<td data-col-size=\"lg\" data-start=\"1838\" data-end=\"1869\">ca. 482,6 \u00d7 372,0 \u00d7 88,1 mm<\/td>\n<\/tr>\n<tr data-start=\"1870\" data-end=\"1898\">\n<td data-start=\"1870\" data-end=\"1884\" data-col-size=\"sm\"><strong data-start=\"1872\" data-end=\"1883\">Gewicht<\/strong><\/td>\n<td data-start=\"1884\" data-end=\"1898\" data-col-size=\"lg\">ca. 4,6 kg<\/td>\n<\/tr>\n<\/tbody>\n<\/table>\n<\/div>\n<\/div>\n","protected":false},"excerpt":{"rendered":"<p>2 vorr\u00e4tig<\/p>\n","protected":false},"featured_media":1969,"template":"","meta":[],"product_brand":[],"product_cat":[29],"product_tag":[],"class_list":{"0":"post-1754","1":"product","2":"type-product","3":"status-publish","4":"has-post-thumbnail","6":"product_cat-led-videotechnik","8":"first","9":"instock","10":"taxable","11":"shipping-taxable","12":"purchasable","13":"product-type-simple"},"_links":{"self":[{"href":"https:\/\/as-lightsound.de\/wordpress\/wp-json\/wp\/v2\/product\/1754","targetHints":{"allow":["GET"]}}],"collection":[{"href":"https:\/\/as-lightsound.de\/wordpress\/wp-json\/wp\/v2\/product"}],"about":[{"href":"https:\/\/as-lightsound.de\/wordpress\/wp-json\/wp\/v2\/types\/product"}],"wp:featuredmedia":[{"embeddable":true,"href":"https:\/\/as-lightsound.de\/wordpress\/wp-json\/wp\/v2\/media\/1969"}],"wp:attachment":[{"href":"https:\/\/as-lightsound.de\/wordpress\/wp-json\/wp\/v2\/media?parent=1754"}],"wp:term":[{"taxonomy":"product_brand","embeddable":true,"href":"https:\/\/as-lightsound.de\/wordpress\/wp-json\/wp\/v2\/product_brand?post=1754"},{"taxonomy":"product_cat","embeddable":true,"href":"https:\/\/as-lightsound.de\/wordpress\/wp-json\/wp\/v2\/product_cat?post=1754"},{"taxonomy":"product_tag","embeddable":true,"href":"https:\/\/as-lightsound.de\/wordpress\/wp-json\/wp\/v2\/product_tag?post=1754"}],"curies":[{"name":"wp","href":"https:\/\/api.w.org\/{rel}","templated":true}]}}