{"id":174,"date":"2021-03-18T10:43:24","date_gmt":"2021-03-18T09:43:24","guid":{"rendered":"https:\/\/as-lightsound.de\/wordpress\/?post_type=product&#038;p=174"},"modified":"2025-10-08T11:40:22","modified_gmt":"2025-10-08T09:40:22","slug":"sennheiser-skm-100-c-band-handsender","status":"publish","type":"product","link":"https:\/\/as-lightsound.de\/wordpress\/product\/sennheiser-skm-100-c-band-handsender\/","title":{"rendered":"Sennheiser SKM 100 C Band Handsender"},"content":{"rendered":"<p data-start=\"49\" data-end=\"470\">Der <strong data-start=\"53\" data-end=\"82\">Sennheiser SKM 100 C Band<\/strong> ist ein drahtloser Handsender der evolution wireless G3 Serie, entwickelt f\u00fcr professionelle B\u00fchnen-, Pr\u00e4sentations- und Sprachanwendungen. Er bietet zuverl\u00e4ssige Funk\u00fcbertragung, hohe Klangqualit\u00e4t und einfache Bedienung. Mit seiner robusten Metallkonstruktion, austauschbaren Mikrofonkapseln und klar ablesbarem Display ist der SKM 100 ideal f\u00fcr Live-Betrieb und mobile Produktionen.<\/p>\n<hr data-start=\"472\" data-end=\"475\" \/>\n<h3 data-start=\"477\" data-end=\"510\">Technische Daten (Tech Specs)<\/h3>\n<div class=\"_tableContainer_1rjym_1\">\n<div class=\"group _tableWrapper_1rjym_13 flex w-fit flex-col-reverse\" tabindex=\"-1\">\n<table class=\"w-fit min-w-(--thread-content-width)\" data-start=\"512\" data-end=\"1455\">\n<thead data-start=\"512\" data-end=\"530\">\n<tr data-start=\"512\" data-end=\"530\">\n<th data-start=\"512\" data-end=\"522\" data-col-size=\"sm\">Merkmal<\/th>\n<th data-start=\"522\" data-end=\"530\" data-col-size=\"md\">Wert<\/th>\n<\/tr>\n<\/thead>\n<tbody data-start=\"551\" data-end=\"1455\">\n<tr data-start=\"551\" data-end=\"593\">\n<td data-start=\"551\" data-end=\"564\" data-col-size=\"sm\"><strong data-start=\"553\" data-end=\"563\">Modell<\/strong><\/td>\n<td data-start=\"564\" data-end=\"593\" data-col-size=\"md\">Sennheiser SKM 100 C Band<\/td>\n<\/tr>\n<tr data-start=\"594\" data-end=\"631\">\n<td data-start=\"594\" data-end=\"606\" data-col-size=\"sm\"><strong data-start=\"596\" data-end=\"605\">Serie<\/strong><\/td>\n<td data-start=\"606\" data-end=\"631\" data-col-size=\"md\">evolution wireless G3<\/td>\n<\/tr>\n<tr data-start=\"632\" data-end=\"680\">\n<td data-start=\"632\" data-end=\"663\" data-col-size=\"sm\"><strong data-start=\"634\" data-end=\"662\">Frequenzbereich (C Band)<\/strong><\/td>\n<td data-start=\"663\" data-end=\"680\" data-col-size=\"md\">734 \u2013 776 MHz<\/td>\n<\/tr>\n<tr data-start=\"681\" data-end=\"714\">\n<td data-start=\"681\" data-end=\"704\" data-col-size=\"sm\"><strong data-start=\"683\" data-end=\"703\">Schaltbandbreite<\/strong><\/td>\n<td data-start=\"704\" data-end=\"714\" data-col-size=\"md\">42 MHz<\/td>\n<\/tr>\n<tr data-start=\"715\" data-end=\"744\">\n<td data-start=\"715\" data-end=\"735\" data-col-size=\"sm\"><strong data-start=\"717\" data-end=\"734\">Sendeleistung<\/strong><\/td>\n<td data-start=\"735\" data-end=\"744\" data-col-size=\"md\">30 mW<\/td>\n<\/tr>\n<tr data-start=\"745\" data-end=\"789\">\n<td data-start=\"745\" data-end=\"762\" data-col-size=\"sm\"><strong data-start=\"747\" data-end=\"761\">Modulation<\/strong><\/td>\n<td data-start=\"762\" data-end=\"789\" data-col-size=\"md\">FM (Frequenzmodulation)<\/td>\n<\/tr>\n<tr data-start=\"790\" data-end=\"827\">\n<td data-start=\"790\" data-end=\"809\" data-col-size=\"sm\"><strong data-start=\"792\" data-end=\"808\">Frequenzgang<\/strong><\/td>\n<td data-start=\"809\" data-end=\"827\" data-col-size=\"md\">80 Hz \u2013 18 kHz<\/td>\n<\/tr>\n<tr data-start=\"828\" data-end=\"864\">\n<td data-start=\"828\" data-end=\"853\" data-col-size=\"sm\"><strong data-start=\"830\" data-end=\"852\">Frequenzstabilit\u00e4t<\/strong><\/td>\n<td data-start=\"853\" data-end=\"864\" data-col-size=\"md\">\u00b115 ppm<\/td>\n<\/tr>\n<tr data-start=\"865\" data-end=\"939\">\n<td data-start=\"865\" data-end=\"881\" data-col-size=\"sm\"><strong data-start=\"867\" data-end=\"880\">Kapseltyp<\/strong><\/td>\n<td data-start=\"881\" data-end=\"939\" data-col-size=\"md\">Wechselkapselsystem (kompatibel mit evolution-Kapseln)<\/td>\n<\/tr>\n<tr data-start=\"940\" data-end=\"991\">\n<td data-start=\"940\" data-end=\"966\" data-col-size=\"sm\"><strong data-start=\"942\" data-end=\"965\">Audio-Dynamikumfang<\/strong><\/td>\n<td data-start=\"966\" data-end=\"991\" data-col-size=\"md\">&gt; 110 dB (A-bewertet)<\/td>\n<\/tr>\n<tr data-start=\"992\" data-end=\"1043\">\n<td data-start=\"992\" data-end=\"1007\" data-col-size=\"sm\"><strong data-start=\"994\" data-end=\"1006\">Pilotton<\/strong><\/td>\n<td data-start=\"1007\" data-end=\"1043\" data-col-size=\"md\">Ja (zur Empf\u00e4ngeridentifikation)<\/td>\n<\/tr>\n<tr data-start=\"1044\" data-end=\"1127\">\n<td data-start=\"1044\" data-end=\"1070\" data-col-size=\"sm\"><strong data-start=\"1046\" data-end=\"1069\">Display \/ Steuerung<\/strong><\/td>\n<td data-start=\"1070\" data-end=\"1127\" data-col-size=\"md\">LC-Display mit Men\u00fcf\u00fchrung und Hintergrundbeleuchtung<\/td>\n<\/tr>\n<tr data-start=\"1128\" data-end=\"1184\">\n<td data-start=\"1128\" data-end=\"1146\" data-col-size=\"sm\"><strong data-start=\"1130\" data-end=\"1145\">Batterietyp<\/strong><\/td>\n<td data-start=\"1146\" data-end=\"1184\" data-col-size=\"md\">2 \u00d7 AA-Batterien oder Akku BA 2015<\/td>\n<\/tr>\n<tr data-start=\"1185\" data-end=\"1261\">\n<td data-start=\"1185\" data-end=\"1205\" data-col-size=\"sm\"><strong data-start=\"1187\" data-end=\"1204\">Betriebsdauer<\/strong><\/td>\n<td data-start=\"1205\" data-end=\"1261\" data-col-size=\"md\">ca. 8 Stunden (Batterien) \/ bis zu 10 Stunden (Akku)<\/td>\n<\/tr>\n<tr data-start=\"1262\" data-end=\"1313\">\n<td data-start=\"1262\" data-end=\"1284\" data-col-size=\"sm\"><strong data-start=\"1264\" data-end=\"1283\">Geh\u00e4usematerial<\/strong><\/td>\n<td data-start=\"1284\" data-end=\"1313\" data-col-size=\"md\">Metall (aluminiumlegiert)<\/td>\n<\/tr>\n<tr data-start=\"1314\" data-end=\"1355\">\n<td data-start=\"1314\" data-end=\"1340\" data-col-size=\"sm\"><strong data-start=\"1316\" data-end=\"1339\">Abmessungen (\u00d8 \u00d7 L)<\/strong><\/td>\n<td data-start=\"1340\" data-end=\"1355\" data-col-size=\"md\">50 \u00d7 265 mm<\/td>\n<\/tr>\n<tr data-start=\"1356\" data-end=\"1399\">\n<td data-start=\"1356\" data-end=\"1370\" data-col-size=\"sm\"><strong data-start=\"1358\" data-end=\"1369\">Gewicht<\/strong><\/td>\n<td data-start=\"1370\" data-end=\"1399\" data-col-size=\"md\">ca. 450 g (mit Batterien)<\/td>\n<\/tr>\n<tr data-start=\"1400\" data-end=\"1455\">\n<td data-start=\"1400\" data-end=\"1434\" data-col-size=\"sm\"><strong data-start=\"1402\" data-end=\"1433\">Temperaturbereich (Betrieb)<\/strong><\/td>\n<td data-start=\"1434\" data-end=\"1455\" data-col-size=\"md\">\u201310 \u00b0C bis +55 \u00b0C<\/td>\n<\/tr>\n<\/tbody>\n<\/table>\n<\/div>\n<\/div>\n","protected":false},"excerpt":{"rendered":"<p>6 vorr\u00e4tig<\/p>\n","protected":false},"featured_media":175,"template":"","meta":[],"product_brand":[],"product_cat":[23],"product_tag":[],"class_list":{"0":"post-174","1":"product","2":"type-product","3":"status-publish","4":"has-post-thumbnail","6":"product_cat-wireless","8":"first","9":"instock","10":"taxable","11":"shipping-taxable","12":"purchasable","13":"product-type-simple"},"_links":{"self":[{"href":"https:\/\/as-lightsound.de\/wordpress\/wp-json\/wp\/v2\/product\/174","targetHints":{"allow":["GET"]}}],"collection":[{"href":"https:\/\/as-lightsound.de\/wordpress\/wp-json\/wp\/v2\/product"}],"about":[{"href":"https:\/\/as-lightsound.de\/wordpress\/wp-json\/wp\/v2\/types\/product"}],"wp:featuredmedia":[{"embeddable":true,"href":"https:\/\/as-lightsound.de\/wordpress\/wp-json\/wp\/v2\/media\/175"}],"wp:attachment":[{"href":"https:\/\/as-lightsound.de\/wordpress\/wp-json\/wp\/v2\/media?parent=174"}],"wp:term":[{"taxonomy":"product_brand","embeddable":true,"href":"https:\/\/as-lightsound.de\/wordpress\/wp-json\/wp\/v2\/product_brand?post=174"},{"taxonomy":"product_cat","embeddable":true,"href":"https:\/\/as-lightsound.de\/wordpress\/wp-json\/wp\/v2\/product_cat?post=174"},{"taxonomy":"product_tag","embeddable":true,"href":"https:\/\/as-lightsound.de\/wordpress\/wp-json\/wp\/v2\/product_tag?post=174"}],"curies":[{"name":"wp","href":"https:\/\/api.w.org\/{rel}","templated":true}]}}