{"id":170,"date":"2021-03-18T10:40:12","date_gmt":"2021-03-18T09:40:12","guid":{"rendered":"https:\/\/as-lightsound.de\/wordpress\/?post_type=product&#038;p=170"},"modified":"2025-10-08T11:41:29","modified_gmt":"2025-10-08T09:41:29","slug":"sennheiser-iem-300-g3-a-band-sender","status":"publish","type":"product","link":"https:\/\/as-lightsound.de\/wordpress\/product\/sennheiser-iem-300-g3-a-band-sender\/","title":{"rendered":"Sennheiser IEM 300 G3 A Band Sender"},"content":{"rendered":"<p data-start=\"66\" data-end=\"541\">Der <strong data-start=\"70\" data-end=\"109\">Sennheiser IEM 300 G3 A Band Sender<\/strong> ist ein professioneller Stereo-Sender f\u00fcr In-Ear-Monitoring-Systeme, entwickelt f\u00fcr den Einsatz auf B\u00fchne, in Theatern und bei Live-Produktionen. Er \u00fcberzeugt durch stabile HF-\u00dcbertragung, kristallklaren Klang und einfache Bedienung. Mit seiner 42 MHz Schaltbandbreite, robustem Ganzmetallgeh\u00e4use und der M\u00f6glichkeit, mehrere Systeme gleichzeitig zu betreiben, ist der IEM 300 G3 eine zuverl\u00e4ssige L\u00f6sung f\u00fcr pr\u00e4zises Monitoring.<\/p>\n<hr data-start=\"543\" data-end=\"546\" \/>\n<h3 data-start=\"548\" data-end=\"581\">Technische Daten (Tech Specs)<\/h3>\n<div class=\"_tableContainer_1rjym_1\">\n<div class=\"group _tableWrapper_1rjym_13 flex w-fit flex-col-reverse\" tabindex=\"-1\">\n<table class=\"w-fit min-w-(--thread-content-width)\" data-start=\"583\" data-end=\"1575\">\n<thead data-start=\"583\" data-end=\"601\">\n<tr data-start=\"583\" data-end=\"601\">\n<th data-start=\"583\" data-end=\"593\" data-col-size=\"sm\">Merkmal<\/th>\n<th data-start=\"593\" data-end=\"601\" data-col-size=\"md\">Wert<\/th>\n<\/tr>\n<\/thead>\n<tbody data-start=\"622\" data-end=\"1575\">\n<tr data-start=\"622\" data-end=\"674\">\n<td data-start=\"622\" data-end=\"635\" data-col-size=\"sm\"><strong data-start=\"624\" data-end=\"634\">Modell<\/strong><\/td>\n<td data-start=\"635\" data-end=\"674\" data-col-size=\"md\">Sennheiser IEM 300 G3 A Band Sender<\/td>\n<\/tr>\n<tr data-start=\"675\" data-end=\"723\">\n<td data-start=\"675\" data-end=\"706\" data-col-size=\"sm\"><strong data-start=\"677\" data-end=\"705\">Frequenzbereich (A Band)<\/strong><\/td>\n<td data-start=\"706\" data-end=\"723\" data-col-size=\"md\">516 \u2013 558 MHz<\/td>\n<\/tr>\n<tr data-start=\"724\" data-end=\"757\">\n<td data-start=\"724\" data-end=\"747\" data-col-size=\"sm\"><strong data-start=\"726\" data-end=\"746\">Schaltbandbreite<\/strong><\/td>\n<td data-start=\"747\" data-end=\"757\" data-col-size=\"md\">42 MHz<\/td>\n<\/tr>\n<tr data-start=\"758\" data-end=\"841\">\n<td data-start=\"758\" data-end=\"784\" data-col-size=\"sm\"><strong data-start=\"760\" data-end=\"783\">Frequenzen \/ Kan\u00e4le<\/strong><\/td>\n<td data-start=\"784\" data-end=\"841\" data-col-size=\"md\">1.680 w\u00e4hlbare Frequenzen, bis zu 16 parallel nutzbar<\/td>\n<\/tr>\n<tr data-start=\"842\" data-end=\"873\">\n<td data-start=\"842\" data-end=\"859\" data-col-size=\"sm\"><strong data-start=\"844\" data-end=\"858\">Modulation<\/strong><\/td>\n<td data-start=\"859\" data-end=\"873\" data-col-size=\"md\">FM, Stereo<\/td>\n<\/tr>\n<tr data-start=\"874\" data-end=\"933\">\n<td data-start=\"874\" data-end=\"900\" data-col-size=\"sm\"><strong data-start=\"876\" data-end=\"899\">HF-Ausgangsleistung<\/strong><\/td>\n<td data-start=\"900\" data-end=\"933\" data-col-size=\"md\">10 \/ 30 \/ 50 mW (umschaltbar)<\/td>\n<\/tr>\n<tr data-start=\"934\" data-end=\"970\">\n<td data-start=\"934\" data-end=\"959\" data-col-size=\"sm\"><strong data-start=\"936\" data-end=\"958\">Frequenzstabilit\u00e4t<\/strong><\/td>\n<td data-start=\"959\" data-end=\"970\" data-col-size=\"md\">\u00b115 ppm<\/td>\n<\/tr>\n<tr data-start=\"971\" data-end=\"1013\">\n<td data-start=\"971\" data-end=\"995\" data-col-size=\"sm\"><strong data-start=\"973\" data-end=\"994\">Audiofrequenzgang<\/strong><\/td>\n<td data-start=\"995\" data-end=\"1013\" data-col-size=\"md\">25 Hz \u2013 18 kHz<\/td>\n<\/tr>\n<tr data-start=\"1014\" data-end=\"1049\">\n<td data-start=\"1014\" data-end=\"1038\" data-col-size=\"sm\"><strong data-start=\"1016\" data-end=\"1037\">Klirrfaktor (THD)<\/strong><\/td>\n<td data-start=\"1038\" data-end=\"1049\" data-col-size=\"md\">&lt; 0,9 %<\/td>\n<\/tr>\n<tr data-start=\"1050\" data-end=\"1102\">\n<td data-start=\"1050\" data-end=\"1078\" data-col-size=\"sm\"><strong data-start=\"1052\" data-end=\"1077\">Signal-Rausch-Abstand<\/strong><\/td>\n<td data-start=\"1078\" data-end=\"1102\" data-col-size=\"md\">&gt; 90 dB (A-bewertet)<\/td>\n<\/tr>\n<tr data-start=\"1103\" data-end=\"1164\">\n<td data-start=\"1103\" data-end=\"1123\" data-col-size=\"sm\"><strong data-start=\"1105\" data-end=\"1122\">Audioeing\u00e4nge<\/strong><\/td>\n<td data-start=\"1123\" data-end=\"1164\" data-col-size=\"md\">2 \u00d7 XLR \/ 6,3 mm Klinke (symmetrisch)<\/td>\n<\/tr>\n<tr data-start=\"1165\" data-end=\"1212\">\n<td data-start=\"1165\" data-end=\"1185\" data-col-size=\"sm\"><strong data-start=\"1167\" data-end=\"1184\">Audioausg\u00e4nge<\/strong><\/td>\n<td data-start=\"1185\" data-end=\"1212\" data-col-size=\"md\">2 \u00d7 XLR (Link\/Loop Out)<\/td>\n<\/tr>\n<tr data-start=\"1213\" data-end=\"1296\">\n<td data-start=\"1213\" data-end=\"1239\" data-col-size=\"sm\"><strong data-start=\"1215\" data-end=\"1238\">Display \/ Bedienung<\/strong><\/td>\n<td data-start=\"1239\" data-end=\"1296\" data-col-size=\"md\">LC-Display mit Hintergrundbeleuchtung und Men\u00fcf\u00fchrung<\/td>\n<\/tr>\n<tr data-start=\"1297\" data-end=\"1335\">\n<td data-start=\"1297\" data-end=\"1321\" data-col-size=\"sm\"><strong data-start=\"1299\" data-end=\"1320\">Antennenanschluss<\/strong><\/td>\n<td data-start=\"1321\" data-end=\"1335\" data-col-size=\"md\">BNC (50 \u03a9)<\/td>\n<\/tr>\n<tr data-start=\"1336\" data-end=\"1378\">\n<td data-start=\"1336\" data-end=\"1358\" data-col-size=\"sm\"><strong data-start=\"1338\" data-end=\"1357\">Stromversorgung<\/strong><\/td>\n<td data-start=\"1358\" data-end=\"1378\" data-col-size=\"md\">12 V DC Netzteil<\/td>\n<\/tr>\n<tr data-start=\"1379\" data-end=\"1415\">\n<td data-start=\"1379\" data-end=\"1403\" data-col-size=\"sm\"><strong data-start=\"1381\" data-end=\"1402\">Leistungsaufnahme<\/strong><\/td>\n<td data-start=\"1403\" data-end=\"1415\" data-col-size=\"md\">ca. 10 W<\/td>\n<\/tr>\n<tr data-start=\"1416\" data-end=\"1467\">\n<td data-start=\"1416\" data-end=\"1446\" data-col-size=\"sm\"><strong data-start=\"1418\" data-end=\"1445\">Abmessungen (B \u00d7 H \u00d7 T)<\/strong><\/td>\n<td data-start=\"1446\" data-end=\"1467\" data-col-size=\"md\">212 \u00d7 44 \u00d7 189 mm<\/td>\n<\/tr>\n<tr data-start=\"1468\" data-end=\"1495\">\n<td data-start=\"1468\" data-end=\"1482\" data-col-size=\"sm\"><strong data-start=\"1470\" data-end=\"1481\">Gewicht<\/strong><\/td>\n<td data-start=\"1482\" data-end=\"1495\" data-col-size=\"md\">ca. 980 g<\/td>\n<\/tr>\n<tr data-start=\"1496\" data-end=\"1528\">\n<td data-start=\"1496\" data-end=\"1518\" data-col-size=\"sm\"><strong data-start=\"1498\" data-end=\"1517\">Geh\u00e4usematerial<\/strong><\/td>\n<td data-start=\"1518\" data-end=\"1528\" data-col-size=\"md\">Metall<\/td>\n<\/tr>\n<tr data-start=\"1529\" data-end=\"1575\">\n<td data-start=\"1529\" data-end=\"1554\" data-col-size=\"sm\"><strong data-start=\"1531\" data-end=\"1553\">Betriebstemperatur<\/strong><\/td>\n<td data-start=\"1554\" data-end=\"1575\" data-col-size=\"md\">\u201310 \u00b0C bis +55 \u00b0C<\/td>\n<\/tr>\n<\/tbody>\n<\/table>\n<\/div>\n<\/div>\n","protected":false},"excerpt":{"rendered":"<p>6 vorr\u00e4tig<\/p>\n","protected":false},"featured_media":171,"template":"","meta":[],"product_brand":[],"product_cat":[23],"product_tag":[],"class_list":{"0":"post-170","1":"product","2":"type-product","3":"status-publish","4":"has-post-thumbnail","6":"product_cat-wireless","8":"first","9":"instock","10":"taxable","11":"shipping-taxable","12":"purchasable","13":"product-type-simple"},"_links":{"self":[{"href":"https:\/\/as-lightsound.de\/wordpress\/wp-json\/wp\/v2\/product\/170","targetHints":{"allow":["GET"]}}],"collection":[{"href":"https:\/\/as-lightsound.de\/wordpress\/wp-json\/wp\/v2\/product"}],"about":[{"href":"https:\/\/as-lightsound.de\/wordpress\/wp-json\/wp\/v2\/types\/product"}],"wp:featuredmedia":[{"embeddable":true,"href":"https:\/\/as-lightsound.de\/wordpress\/wp-json\/wp\/v2\/media\/171"}],"wp:attachment":[{"href":"https:\/\/as-lightsound.de\/wordpress\/wp-json\/wp\/v2\/media?parent=170"}],"wp:term":[{"taxonomy":"product_brand","embeddable":true,"href":"https:\/\/as-lightsound.de\/wordpress\/wp-json\/wp\/v2\/product_brand?post=170"},{"taxonomy":"product_cat","embeddable":true,"href":"https:\/\/as-lightsound.de\/wordpress\/wp-json\/wp\/v2\/product_cat?post=170"},{"taxonomy":"product_tag","embeddable":true,"href":"https:\/\/as-lightsound.de\/wordpress\/wp-json\/wp\/v2\/product_tag?post=170"}],"curies":[{"name":"wp","href":"https:\/\/api.w.org\/{rel}","templated":true}]}}