{"id":168,"date":"2021-03-18T10:38:40","date_gmt":"2021-03-18T09:38:40","guid":{"rendered":"https:\/\/as-lightsound.de\/wordpress\/?post_type=product&#038;p=168"},"modified":"2025-10-08T11:41:54","modified_gmt":"2025-10-08T09:41:54","slug":"sennheiser-ew-100-g2-c-band-empfaenger","status":"publish","type":"product","link":"https:\/\/as-lightsound.de\/wordpress\/product\/sennheiser-ew-100-g2-c-band-empfaenger\/","title":{"rendered":"Sennheiser EW 100 G2 C Band Empf\u00e4nger"},"content":{"rendered":"<p data-start=\"64\" data-end=\"447\">Der <strong data-start=\"68\" data-end=\"109\">Sennheiser EW 100 G2 C Band Empf\u00e4nger<\/strong> ist ein professioneller UHF-True-Diversity-Empf\u00e4nger aus der evolution wireless G2 Serie. Er bietet zuverl\u00e4ssige Funk\u00fcbertragung, hohe Klangqualit\u00e4t und einfache Bedienung. Mit seinem robusten Metallgeh\u00e4use, der gro\u00dfen Schaltbandbreite und pr\u00e4zisen Frequenzwahl ist der Empf\u00e4nger ideal f\u00fcr Live-, Pr\u00e4sentations- und Theateranwendungen.<\/p>\n<hr data-start=\"449\" data-end=\"452\" \/>\n<h3 data-start=\"454\" data-end=\"487\">Technische Daten (Tech Specs)<\/h3>\n<div class=\"_tableContainer_1rjym_1\">\n<div class=\"group _tableWrapper_1rjym_13 flex w-fit flex-col-reverse\" tabindex=\"-1\">\n<table class=\"w-fit min-w-(--thread-content-width)\" data-start=\"489\" data-end=\"1523\">\n<thead data-start=\"489\" data-end=\"507\">\n<tr data-start=\"489\" data-end=\"507\">\n<th data-start=\"489\" data-end=\"499\" data-col-size=\"sm\">Merkmal<\/th>\n<th data-start=\"499\" data-end=\"507\" data-col-size=\"md\">Wert<\/th>\n<\/tr>\n<\/thead>\n<tbody data-start=\"528\" data-end=\"1523\">\n<tr data-start=\"528\" data-end=\"582\">\n<td data-start=\"528\" data-end=\"541\" data-col-size=\"sm\"><strong data-start=\"530\" data-end=\"540\">Modell<\/strong><\/td>\n<td data-start=\"541\" data-end=\"582\" data-col-size=\"md\">Sennheiser EW 100 G2 C Band Empf\u00e4nger<\/td>\n<\/tr>\n<tr data-start=\"583\" data-end=\"620\">\n<td data-start=\"583\" data-end=\"595\" data-col-size=\"sm\"><strong data-start=\"585\" data-end=\"594\">Serie<\/strong><\/td>\n<td data-start=\"595\" data-end=\"620\" data-col-size=\"md\">evolution wireless G2<\/td>\n<\/tr>\n<tr data-start=\"621\" data-end=\"669\">\n<td data-start=\"621\" data-end=\"652\" data-col-size=\"sm\"><strong data-start=\"623\" data-end=\"651\">Frequenzbereich (C Band)<\/strong><\/td>\n<td data-start=\"652\" data-end=\"669\" data-col-size=\"md\">734 \u2013 776 MHz<\/td>\n<\/tr>\n<tr data-start=\"670\" data-end=\"703\">\n<td data-start=\"670\" data-end=\"693\" data-col-size=\"sm\"><strong data-start=\"672\" data-end=\"692\">Schaltbandbreite<\/strong><\/td>\n<td data-start=\"693\" data-end=\"703\" data-col-size=\"md\">42 MHz<\/td>\n<\/tr>\n<tr data-start=\"704\" data-end=\"744\">\n<td data-start=\"704\" data-end=\"726\" data-col-size=\"sm\"><strong data-start=\"706\" data-end=\"725\">Empfangsprinzip<\/strong><\/td>\n<td data-start=\"726\" data-end=\"744\" data-col-size=\"md\">True Diversity<\/td>\n<\/tr>\n<tr data-start=\"745\" data-end=\"776\">\n<td data-start=\"745\" data-end=\"765\" data-col-size=\"sm\"><strong data-start=\"747\" data-end=\"764\">HF-Stabilit\u00e4t<\/strong><\/td>\n<td data-start=\"765\" data-end=\"776\" data-col-size=\"md\">\u00b115 ppm<\/td>\n<\/tr>\n<tr data-start=\"777\" data-end=\"819\">\n<td data-start=\"777\" data-end=\"801\" data-col-size=\"sm\"><strong data-start=\"779\" data-end=\"800\">Audiofrequenzgang<\/strong><\/td>\n<td data-start=\"801\" data-end=\"819\" data-col-size=\"md\">25 Hz \u2013 18 kHz<\/td>\n<\/tr>\n<tr data-start=\"820\" data-end=\"873\">\n<td data-start=\"820\" data-end=\"848\" data-col-size=\"sm\"><strong data-start=\"822\" data-end=\"847\">Signal-Rausch-Abstand<\/strong><\/td>\n<td data-start=\"848\" data-end=\"873\" data-col-size=\"md\">&gt; 110 dB (A-bewertet)<\/td>\n<\/tr>\n<tr data-start=\"874\" data-end=\"909\">\n<td data-start=\"874\" data-end=\"898\" data-col-size=\"sm\"><strong data-start=\"876\" data-end=\"897\">Klirrfaktor (THD)<\/strong><\/td>\n<td data-start=\"898\" data-end=\"909\" data-col-size=\"md\">&lt; 0,9 %<\/td>\n<\/tr>\n<tr data-start=\"910\" data-end=\"954\">\n<td data-start=\"910\" data-end=\"927\" data-col-size=\"sm\"><strong data-start=\"912\" data-end=\"926\">Modulation<\/strong><\/td>\n<td data-start=\"927\" data-end=\"954\" data-col-size=\"md\">FM (Frequenzmodulation)<\/td>\n<\/tr>\n<tr data-start=\"955\" data-end=\"996\">\n<td data-start=\"955\" data-end=\"978\" data-col-size=\"sm\"><strong data-start=\"957\" data-end=\"977\">Antenneneing\u00e4nge<\/strong><\/td>\n<td data-start=\"978\" data-end=\"996\" data-col-size=\"md\">2 \u00d7 BNC (50 \u03a9)<\/td>\n<\/tr>\n<tr data-start=\"997\" data-end=\"1069\">\n<td data-start=\"997\" data-end=\"1017\" data-col-size=\"sm\"><strong data-start=\"999\" data-end=\"1016\">Audioausg\u00e4nge<\/strong><\/td>\n<td data-start=\"1017\" data-end=\"1069\" data-col-size=\"md\">XLR (symmetrisch), 6,3 mm Klinke (unsymmetrisch)<\/td>\n<\/tr>\n<tr data-start=\"1070\" data-end=\"1117\">\n<td data-start=\"1070\" data-end=\"1093\" data-col-size=\"sm\"><strong data-start=\"1072\" data-end=\"1092\">Kopfh\u00f6rerausgang<\/strong><\/td>\n<td data-start=\"1093\" data-end=\"1117\" data-col-size=\"md\">6,3 mm Stereo-Klinke<\/td>\n<\/tr>\n<tr data-start=\"1118\" data-end=\"1182\">\n<td data-start=\"1118\" data-end=\"1145\" data-col-size=\"sm\"><strong data-start=\"1120\" data-end=\"1144\">Kanalb\u00e4nke \/ Presets<\/strong><\/td>\n<td data-start=\"1145\" data-end=\"1182\" data-col-size=\"md\">4 \u00d7 20 programmierbare Frequenzen<\/td>\n<\/tr>\n<tr data-start=\"1183\" data-end=\"1266\">\n<td data-start=\"1183\" data-end=\"1209\" data-col-size=\"sm\"><strong data-start=\"1185\" data-end=\"1208\">Display \/ Bedienung<\/strong><\/td>\n<td data-start=\"1209\" data-end=\"1266\" data-col-size=\"md\">LC-Display mit Hintergrundbeleuchtung und Men\u00fcf\u00fchrung<\/td>\n<\/tr>\n<tr data-start=\"1267\" data-end=\"1318\">\n<td data-start=\"1267\" data-end=\"1289\" data-col-size=\"sm\"><strong data-start=\"1269\" data-end=\"1288\">Stromversorgung<\/strong><\/td>\n<td data-start=\"1289\" data-end=\"1318\" data-col-size=\"md\">12 V DC Netzteil (NT 2-1)<\/td>\n<\/tr>\n<tr data-start=\"1319\" data-end=\"1354\">\n<td data-start=\"1319\" data-end=\"1343\" data-col-size=\"sm\"><strong data-start=\"1321\" data-end=\"1342\">Leistungsaufnahme<\/strong><\/td>\n<td data-start=\"1343\" data-end=\"1354\" data-col-size=\"md\">ca. 4 W<\/td>\n<\/tr>\n<tr data-start=\"1355\" data-end=\"1406\">\n<td data-start=\"1355\" data-end=\"1385\" data-col-size=\"sm\"><strong data-start=\"1357\" data-end=\"1384\">Abmessungen (B \u00d7 H \u00d7 T)<\/strong><\/td>\n<td data-start=\"1385\" data-end=\"1406\" data-col-size=\"md\">212 \u00d7 145 \u00d7 43 mm<\/td>\n<\/tr>\n<tr data-start=\"1407\" data-end=\"1434\">\n<td data-start=\"1407\" data-end=\"1421\" data-col-size=\"sm\"><strong data-start=\"1409\" data-end=\"1420\">Gewicht<\/strong><\/td>\n<td data-start=\"1421\" data-end=\"1434\" data-col-size=\"md\">ca. 900 g<\/td>\n<\/tr>\n<tr data-start=\"1435\" data-end=\"1467\">\n<td data-start=\"1435\" data-end=\"1457\" data-col-size=\"sm\"><strong data-start=\"1437\" data-end=\"1456\">Geh\u00e4usematerial<\/strong><\/td>\n<td data-start=\"1457\" data-end=\"1467\" data-col-size=\"md\">Metall<\/td>\n<\/tr>\n<tr data-start=\"1468\" data-end=\"1523\">\n<td data-start=\"1468\" data-end=\"1502\" data-col-size=\"sm\"><strong data-start=\"1470\" data-end=\"1501\">Temperaturbereich (Betrieb)<\/strong><\/td>\n<td data-start=\"1502\" data-end=\"1523\" data-col-size=\"md\">\u201310 \u00b0C bis +55 \u00b0C<\/td>\n<\/tr>\n<\/tbody>\n<\/table>\n<\/div>\n<\/div>\n","protected":false},"excerpt":{"rendered":"<p>6 vorr\u00e4tig<\/p>\n","protected":false},"featured_media":169,"template":"","meta":[],"product_brand":[],"product_cat":[23],"product_tag":[],"class_list":{"0":"post-168","1":"product","2":"type-product","3":"status-publish","4":"has-post-thumbnail","6":"product_cat-wireless","8":"first","9":"instock","10":"taxable","11":"shipping-taxable","12":"purchasable","13":"product-type-simple"},"_links":{"self":[{"href":"https:\/\/as-lightsound.de\/wordpress\/wp-json\/wp\/v2\/product\/168","targetHints":{"allow":["GET"]}}],"collection":[{"href":"https:\/\/as-lightsound.de\/wordpress\/wp-json\/wp\/v2\/product"}],"about":[{"href":"https:\/\/as-lightsound.de\/wordpress\/wp-json\/wp\/v2\/types\/product"}],"wp:featuredmedia":[{"embeddable":true,"href":"https:\/\/as-lightsound.de\/wordpress\/wp-json\/wp\/v2\/media\/169"}],"wp:attachment":[{"href":"https:\/\/as-lightsound.de\/wordpress\/wp-json\/wp\/v2\/media?parent=168"}],"wp:term":[{"taxonomy":"product_brand","embeddable":true,"href":"https:\/\/as-lightsound.de\/wordpress\/wp-json\/wp\/v2\/product_brand?post=168"},{"taxonomy":"product_cat","embeddable":true,"href":"https:\/\/as-lightsound.de\/wordpress\/wp-json\/wp\/v2\/product_cat?post=168"},{"taxonomy":"product_tag","embeddable":true,"href":"https:\/\/as-lightsound.de\/wordpress\/wp-json\/wp\/v2\/product_tag?post=168"}],"curies":[{"name":"wp","href":"https:\/\/api.w.org\/{rel}","templated":true}]}}