{"id":164,"date":"2021-03-18T10:24:00","date_gmt":"2021-03-18T09:24:00","guid":{"rendered":"https:\/\/as-lightsound.de\/wordpress\/?post_type=product&#038;p=164"},"modified":"2025-10-08T11:43:34","modified_gmt":"2025-10-08T09:43:34","slug":"sennheiser-a1031-u-uhf-rundstrahlantenne","status":"publish","type":"product","link":"https:\/\/as-lightsound.de\/wordpress\/product\/sennheiser-a1031-u-uhf-rundstrahlantenne\/","title":{"rendered":"Sennheiser A1031 U UHF-Rundstrahlantenne"},"content":{"rendered":"<p data-start=\"61\" data-end=\"494\">Die <strong data-start=\"65\" data-end=\"87\">Sennheiser A1031-U<\/strong> ist eine passive Rundstrahlantenne f\u00fcr UHF-Funksysteme, entwickelt zur gleichm\u00e4\u00dfigen Signalabdeckung in alle Richtungen. Sie eignet sich f\u00fcr drahtlose Mikrofon- und In-Ear-Monitoring-Systeme und kann sowohl als Sende- als auch als Empfangsantenne eingesetzt werden. Durch ihren weiten Frequenzbereich und die robuste Bauweise ist sie ideal f\u00fcr professionelle B\u00fchnen-, Studio- und Installationsumgebungen.<\/p>\n<hr data-start=\"496\" data-end=\"499\" \/>\n<h3 data-start=\"501\" data-end=\"534\">Technische Daten (Tech Specs)<\/h3>\n<div class=\"_tableContainer_1rjym_1\">\n<div class=\"group _tableWrapper_1rjym_13 flex w-fit flex-col-reverse\" tabindex=\"-1\">\n<table class=\"w-fit min-w-(--thread-content-width)\" data-start=\"536\" data-end=\"1186\">\n<thead data-start=\"536\" data-end=\"554\">\n<tr data-start=\"536\" data-end=\"554\">\n<th data-start=\"536\" data-end=\"546\" data-col-size=\"sm\">Merkmal<\/th>\n<th data-start=\"546\" data-end=\"554\" data-col-size=\"md\">Wert<\/th>\n<\/tr>\n<\/thead>\n<tbody data-start=\"575\" data-end=\"1186\">\n<tr data-start=\"575\" data-end=\"610\">\n<td data-start=\"575\" data-end=\"588\" data-col-size=\"sm\"><strong data-start=\"577\" data-end=\"587\">Modell<\/strong><\/td>\n<td data-start=\"588\" data-end=\"610\" data-col-size=\"md\">Sennheiser A1031-U<\/td>\n<\/tr>\n<tr data-start=\"611\" data-end=\"658\">\n<td data-start=\"611\" data-end=\"629\" data-col-size=\"sm\"><strong data-start=\"613\" data-end=\"628\">Antennentyp<\/strong><\/td>\n<td data-start=\"629\" data-end=\"658\" data-col-size=\"md\">Passive Rundstrahlantenne<\/td>\n<\/tr>\n<tr data-start=\"659\" data-end=\"698\">\n<td data-start=\"659\" data-end=\"681\" data-col-size=\"sm\"><strong data-start=\"661\" data-end=\"680\">Frequenzbereich<\/strong><\/td>\n<td data-start=\"681\" data-end=\"698\" data-col-size=\"md\">450 \u2013 960 MHz<\/td>\n<\/tr>\n<tr data-start=\"699\" data-end=\"757\">\n<td data-start=\"699\" data-end=\"725\" data-col-size=\"sm\"><strong data-start=\"701\" data-end=\"724\">Richtcharakteristik<\/strong><\/td>\n<td data-start=\"725\" data-end=\"757\" data-col-size=\"md\">Rundstrahl (omnidirektional)<\/td>\n<\/tr>\n<tr data-start=\"758\" data-end=\"784\">\n<td data-start=\"758\" data-end=\"776\" data-col-size=\"sm\"><strong data-start=\"760\" data-end=\"775\">Verst\u00e4rkung<\/strong><\/td>\n<td data-start=\"776\" data-end=\"784\" data-col-size=\"md\">0 dB<\/td>\n<\/tr>\n<tr data-start=\"785\" data-end=\"814\">\n<td data-start=\"785\" data-end=\"804\" data-col-size=\"sm\"><strong data-start=\"787\" data-end=\"803\">Polarisation<\/strong><\/td>\n<td data-start=\"804\" data-end=\"814\" data-col-size=\"md\">Linear<\/td>\n<\/tr>\n<tr data-start=\"815\" data-end=\"838\">\n<td data-start=\"815\" data-end=\"830\" data-col-size=\"sm\"><strong data-start=\"817\" data-end=\"829\">Impedanz<\/strong><\/td>\n<td data-start=\"830\" data-end=\"838\" data-col-size=\"md\">50 \u03a9<\/td>\n<\/tr>\n<tr data-start=\"839\" data-end=\"869\">\n<td data-start=\"839\" data-end=\"855\" data-col-size=\"sm\"><strong data-start=\"841\" data-end=\"854\">Anschluss<\/strong><\/td>\n<td data-start=\"855\" data-end=\"869\" data-col-size=\"md\">BNC-Buchse<\/td>\n<\/tr>\n<tr data-start=\"870\" data-end=\"912\">\n<td data-start=\"870\" data-end=\"904\" data-col-size=\"sm\"><strong data-start=\"872\" data-end=\"903\">Belastbarkeit (HF-Leistung)<\/strong><\/td>\n<td data-start=\"904\" data-end=\"912\" data-col-size=\"md\">10 W<\/td>\n<\/tr>\n<tr data-start=\"913\" data-end=\"954\">\n<td data-start=\"913\" data-end=\"939\" data-col-size=\"sm\"><strong data-start=\"915\" data-end=\"938\">Abmessungen (\u00d8 \u00d7 T)<\/strong><\/td>\n<td data-start=\"939\" data-end=\"954\" data-col-size=\"md\">180 \u00d7 20 mm<\/td>\n<\/tr>\n<tr data-start=\"955\" data-end=\"982\">\n<td data-start=\"955\" data-end=\"969\" data-col-size=\"sm\"><strong data-start=\"957\" data-end=\"968\">Gewicht<\/strong><\/td>\n<td data-start=\"969\" data-end=\"982\" data-col-size=\"md\">ca. 120 g<\/td>\n<\/tr>\n<tr data-start=\"983\" data-end=\"1039\">\n<td data-start=\"983\" data-end=\"997\" data-col-size=\"sm\"><strong data-start=\"985\" data-end=\"996\">Montage<\/strong><\/td>\n<td data-start=\"997\" data-end=\"1039\" data-col-size=\"md\">3\/8&#8243; oder 5\/8&#8243; Gewinde (Stativmontage)<\/td>\n<\/tr>\n<tr data-start=\"1040\" data-end=\"1096\">\n<td data-start=\"1040\" data-end=\"1062\" data-col-size=\"sm\"><strong data-start=\"1042\" data-end=\"1061\">Geh\u00e4usematerial<\/strong><\/td>\n<td data-start=\"1062\" data-end=\"1096\" data-col-size=\"md\">Kunststoff mit Metallhalterung<\/td>\n<\/tr>\n<tr data-start=\"1097\" data-end=\"1120\">\n<td data-start=\"1097\" data-end=\"1109\" data-col-size=\"sm\"><strong data-start=\"1099\" data-end=\"1108\">Farbe<\/strong><\/td>\n<td data-start=\"1109\" data-end=\"1120\" data-col-size=\"md\">Schwarz<\/td>\n<\/tr>\n<tr data-start=\"1121\" data-end=\"1186\">\n<td data-start=\"1121\" data-end=\"1139\" data-col-size=\"sm\"><strong data-start=\"1123\" data-end=\"1138\">Betriebsart<\/strong><\/td>\n<td data-start=\"1139\" data-end=\"1186\" data-col-size=\"md\">Passiv (keine Stromversorgung erforderlich)<\/td>\n<\/tr>\n<\/tbody>\n<\/table>\n<\/div>\n<\/div>\n","protected":false},"excerpt":{"rendered":"<p>2 vorr\u00e4tig<\/p>\n","protected":false},"featured_media":165,"template":"","meta":[],"product_brand":[],"product_cat":[23],"product_tag":[],"class_list":{"0":"post-164","1":"product","2":"type-product","3":"status-publish","4":"has-post-thumbnail","6":"product_cat-wireless","8":"first","9":"instock","10":"taxable","11":"shipping-taxable","12":"purchasable","13":"product-type-simple"},"_links":{"self":[{"href":"https:\/\/as-lightsound.de\/wordpress\/wp-json\/wp\/v2\/product\/164","targetHints":{"allow":["GET"]}}],"collection":[{"href":"https:\/\/as-lightsound.de\/wordpress\/wp-json\/wp\/v2\/product"}],"about":[{"href":"https:\/\/as-lightsound.de\/wordpress\/wp-json\/wp\/v2\/types\/product"}],"wp:featuredmedia":[{"embeddable":true,"href":"https:\/\/as-lightsound.de\/wordpress\/wp-json\/wp\/v2\/media\/165"}],"wp:attachment":[{"href":"https:\/\/as-lightsound.de\/wordpress\/wp-json\/wp\/v2\/media?parent=164"}],"wp:term":[{"taxonomy":"product_brand","embeddable":true,"href":"https:\/\/as-lightsound.de\/wordpress\/wp-json\/wp\/v2\/product_brand?post=164"},{"taxonomy":"product_cat","embeddable":true,"href":"https:\/\/as-lightsound.de\/wordpress\/wp-json\/wp\/v2\/product_cat?post=164"},{"taxonomy":"product_tag","embeddable":true,"href":"https:\/\/as-lightsound.de\/wordpress\/wp-json\/wp\/v2\/product_tag?post=164"}],"curies":[{"name":"wp","href":"https:\/\/api.w.org\/{rel}","templated":true}]}}