{"id":1612,"date":"2025-09-23T14:30:37","date_gmt":"2025-09-23T12:30:37","guid":{"rendered":"https:\/\/as-lightsound.de\/wordpress\/?post_type=product&#038;p=1612"},"modified":"2025-10-01T13:52:52","modified_gmt":"2025-10-01T11:52:52","slug":"iiyama-opc51204bc-1-slot-pc","status":"publish","type":"product","link":"https:\/\/as-lightsound.de\/wordpress\/product\/iiyama-opc51204bc-1-slot-pc\/","title":{"rendered":"iiyama OPC51204BC-1 Slot-PC"},"content":{"rendered":"<p data-start=\"187\" data-end=\"494\">Der <strong data-start=\"191\" data-end=\"214\">iiyama OPC51204BC-1<\/strong> ist ein OPS-Slot Mini-PC, der ein interaktives gro\u00dfes Format-Display in eine eigenst\u00e4ndige L\u00f6sung verwandelt. Perfekt wenn man keine separate PC-Einheit montieren m\u00f6chte: Einfach ins OPS-Slot schieben und loslegen. Mit Windows 11 IoT Enterprise, guter Leistung und leisem L\u00fcfter.<\/p>\n<hr data-start=\"496\" data-end=\"499\" \/>\n<h3 data-start=\"501\" data-end=\"538\"><strong data-start=\"505\" data-end=\"538\">Technische Daten (Tech Specs)<\/strong><\/h3>\n<div class=\"_tableContainer_1rjym_1\">\n<div class=\"group _tableWrapper_1rjym_13 flex w-fit flex-col-reverse\" tabindex=\"-1\">\n<table class=\"w-fit min-w-(--thread-content-width)\" data-start=\"540\" data-end=\"1638\">\n<thead data-start=\"540\" data-end=\"567\">\n<tr data-start=\"540\" data-end=\"567\">\n<th data-start=\"540\" data-end=\"550\" data-col-size=\"sm\">Merkmal<\/th>\n<th data-start=\"550\" data-end=\"567\" data-col-size=\"lg\">Spezifikation<\/th>\n<\/tr>\n<\/thead>\n<tbody data-start=\"590\" data-end=\"1638\">\n<tr data-start=\"590\" data-end=\"653\">\n<td data-start=\"590\" data-end=\"612\" data-col-size=\"sm\"><strong data-start=\"592\" data-end=\"611\">Prozessor (CPU)<\/strong><\/td>\n<td data-start=\"612\" data-end=\"653\" data-col-size=\"lg\">Intel Core i5-12450H (12. Generation)<\/td>\n<\/tr>\n<tr data-start=\"654\" data-end=\"727\">\n<td data-start=\"654\" data-end=\"682\" data-col-size=\"sm\"><strong data-start=\"656\" data-end=\"681\">Arbeitsspeicher (RAM)<\/strong><\/td>\n<td data-start=\"682\" data-end=\"727\" data-col-size=\"lg\">8 GB DDR4 (erweiterbar auf maximal 32 GB)<\/td>\n<\/tr>\n<tr data-start=\"728\" data-end=\"763\">\n<td data-start=\"728\" data-end=\"743\" data-col-size=\"sm\"><strong data-start=\"730\" data-end=\"742\">Speicher<\/strong><\/td>\n<td data-start=\"743\" data-end=\"763\" data-col-size=\"lg\">256 GB SSD (M.2)<\/td>\n<\/tr>\n<tr data-start=\"764\" data-end=\"811\">\n<td data-start=\"764\" data-end=\"777\" data-col-size=\"sm\"><strong data-start=\"766\" data-end=\"776\">Grafik<\/strong><\/td>\n<td data-start=\"777\" data-end=\"811\" data-col-size=\"lg\">Integrierte Intel UHD Graphics<\/td>\n<\/tr>\n<tr data-start=\"812\" data-end=\"862\">\n<td data-start=\"812\" data-end=\"833\" data-col-size=\"sm\"><strong data-start=\"814\" data-end=\"832\">Betriebssystem<\/strong><\/td>\n<td data-start=\"833\" data-end=\"862\" data-col-size=\"lg\">Windows 11 IoT Enterprise<\/td>\n<\/tr>\n<tr data-start=\"863\" data-end=\"972\">\n<td data-start=\"863\" data-end=\"884\" data-col-size=\"sm\"><strong data-start=\"865\" data-end=\"883\">Video-Ausg\u00e4nge<\/strong><\/td>\n<td data-start=\"884\" data-end=\"972\" data-col-size=\"lg\">1 \u00d7 DisplayPort 1.4 (max. 3840\u00d72160 @ 60Hz) und 1 \u00d7 HDMI 2.0 (max. 3840\u00d72160 @ 60Hz)<\/td>\n<\/tr>\n<tr data-start=\"973\" data-end=\"1068\">\n<td data-start=\"973\" data-end=\"1005\" data-col-size=\"sm\"><strong data-start=\"975\" data-end=\"1004\">Maximale Anzeigeaufl\u00f6sung<\/strong><\/td>\n<td data-start=\"1005\" data-end=\"1068\" data-col-size=\"lg\">Unterst\u00fctzt bis zu 5K (5120\u00d72160) in bestimmten Anwendungen<\/td>\n<\/tr>\n<tr data-start=\"1069\" data-end=\"1212\">\n<td data-start=\"1069\" data-end=\"1103\" data-col-size=\"sm\"><strong data-start=\"1071\" data-end=\"1102\">Anschl\u00fcsse \/ Schnittstellen<\/strong><\/td>\n<td data-start=\"1103\" data-end=\"1212\" data-col-size=\"lg\">1 \u00d7 RJ45 LAN, 4 \u00d7 USB-3.0 Typ A, 1 \u00d7 USB-C 3.2 (kein DisplayPort Alt Mode), Audioausgang, Mikrofoneingang<\/td>\n<\/tr>\n<tr data-start=\"1213\" data-end=\"1293\">\n<td data-start=\"1213\" data-end=\"1239\" data-col-size=\"sm\"><strong data-start=\"1215\" data-end=\"1238\">Netzwerk &amp; Wireless<\/strong><\/td>\n<td data-col-size=\"lg\" data-start=\"1239\" data-end=\"1293\">Gigabit Ethernet, WiFi 6 (802.11ax), Bluetooth 5.2<\/td>\n<\/tr>\n<tr data-start=\"1294\" data-end=\"1367\">\n<td data-start=\"1294\" data-end=\"1320\" data-col-size=\"sm\"><strong data-start=\"1296\" data-end=\"1319\">Sicherheitsfeatures<\/strong><\/td>\n<td data-start=\"1320\" data-end=\"1367\" data-col-size=\"lg\">TPM 2.0, Trusted Platform Module integriert<\/td>\n<\/tr>\n<tr data-start=\"1368\" data-end=\"1411\">\n<td data-start=\"1368\" data-end=\"1386\" data-col-size=\"sm\"><strong data-start=\"1370\" data-end=\"1385\">Abmessungen<\/strong><\/td>\n<td data-start=\"1386\" data-end=\"1411\" data-col-size=\"lg\">ca. 180 \u00d7 119 \u00d7 30 mm<\/td>\n<\/tr>\n<tr data-start=\"1412\" data-end=\"1459\">\n<td data-start=\"1412\" data-end=\"1444\" data-col-size=\"sm\"><strong data-start=\"1414\" data-end=\"1443\">Gewicht (ohne Verpackung)<\/strong><\/td>\n<td data-start=\"1444\" data-end=\"1459\" data-col-size=\"lg\">ca. 0,60 kg<\/td>\n<\/tr>\n<tr data-start=\"1460\" data-end=\"1503\">\n<td data-start=\"1460\" data-end=\"1485\" data-col-size=\"sm\"><strong data-start=\"1462\" data-end=\"1484\">Betriebstemperatur<\/strong><\/td>\n<td data-start=\"1485\" data-end=\"1503\" data-col-size=\"lg\">0 \u00b0C bis 45 \u00b0C<\/td>\n<\/tr>\n<tr data-start=\"1504\" data-end=\"1572\">\n<td data-start=\"1504\" data-end=\"1521\" data-col-size=\"sm\"><strong data-start=\"1506\" data-end=\"1520\">Lautst\u00e4rke<\/strong><\/td>\n<td data-start=\"1521\" data-end=\"1572\" data-col-size=\"lg\">unter 34 dB (gemessen aus 1 Meter bei Volllast)<\/td>\n<\/tr>\n<tr data-start=\"1573\" data-end=\"1638\">\n<td data-start=\"1573\" data-end=\"1594\" data-col-size=\"sm\"><strong data-start=\"1575\" data-end=\"1593\">Stromverbrauch<\/strong><\/td>\n<td data-start=\"1594\" data-end=\"1638\" data-col-size=\"lg\">ca. 80,7 W im Betrieb, Standby ca. 2,9 W<\/td>\n<\/tr>\n<\/tbody>\n<\/table>\n<\/div>\n<\/div>\n","protected":false},"excerpt":{"rendered":"<p>2 vorr\u00e4tig<\/p>\n","protected":false},"featured_media":1960,"template":"","meta":[],"product_brand":[],"product_cat":[61],"product_tag":[],"class_list":{"0":"post-1612","1":"product","2":"type-product","3":"status-publish","4":"has-post-thumbnail","6":"product_cat-displays","8":"first","9":"instock","10":"taxable","11":"shipping-taxable","12":"purchasable","13":"product-type-simple"},"_links":{"self":[{"href":"https:\/\/as-lightsound.de\/wordpress\/wp-json\/wp\/v2\/product\/1612","targetHints":{"allow":["GET"]}}],"collection":[{"href":"https:\/\/as-lightsound.de\/wordpress\/wp-json\/wp\/v2\/product"}],"about":[{"href":"https:\/\/as-lightsound.de\/wordpress\/wp-json\/wp\/v2\/types\/product"}],"wp:featuredmedia":[{"embeddable":true,"href":"https:\/\/as-lightsound.de\/wordpress\/wp-json\/wp\/v2\/media\/1960"}],"wp:attachment":[{"href":"https:\/\/as-lightsound.de\/wordpress\/wp-json\/wp\/v2\/media?parent=1612"}],"wp:term":[{"taxonomy":"product_brand","embeddable":true,"href":"https:\/\/as-lightsound.de\/wordpress\/wp-json\/wp\/v2\/product_brand?post=1612"},{"taxonomy":"product_cat","embeddable":true,"href":"https:\/\/as-lightsound.de\/wordpress\/wp-json\/wp\/v2\/product_cat?post=1612"},{"taxonomy":"product_tag","embeddable":true,"href":"https:\/\/as-lightsound.de\/wordpress\/wp-json\/wp\/v2\/product_tag?post=1612"}],"curies":[{"name":"wp","href":"https:\/\/api.w.org\/{rel}","templated":true}]}}