{"id":1608,"date":"2025-09-23T14:25:53","date_gmt":"2025-09-23T12:25:53","guid":{"rendered":"https:\/\/as-lightsound.de\/wordpress\/?post_type=product&#038;p=1608"},"modified":"2026-04-13T17:18:41","modified_gmt":"2026-04-13T15:18:41","slug":"iiyama-t4329as-43-touch-display","status":"publish","type":"product","link":"https:\/\/as-lightsound.de\/wordpress\/product\/iiyama-t4329as-43-touch-display\/","title":{"rendered":"iiyama T4329AS 43&#8243; Touch-Display"},"content":{"rendered":"<p data-start=\"195\" data-end=\"485\">Modernes 43-Zoll Touch-Display f\u00fcr professionelle Einsatzgebiete wie Besprechungsr\u00e4ume, Retail, Digital Signage oder Bildungseinrichtungen. Mit PCAP-Multitouch, integriertem Android-Betriebssystem und umfangreichen Schnittstellen bietet das Display hohe Flexibilit\u00e4t und einfache Bedienung.<\/p>\n<hr data-start=\"487\" data-end=\"490\" \/>\n<h3 data-start=\"492\" data-end=\"529\"><strong data-start=\"496\" data-end=\"529\">Technische Daten (Tech Specs)<\/strong><\/h3>\n<div class=\"_tableContainer_1rjym_1\">\n<div class=\"group _tableWrapper_1rjym_13 flex w-fit flex-col-reverse\" tabindex=\"-1\">\n<table class=\"w-fit min-w-(--thread-content-width)\" data-start=\"531\" data-end=\"1914\">\n<thead data-start=\"531\" data-end=\"558\">\n<tr data-start=\"531\" data-end=\"558\">\n<th data-start=\"531\" data-end=\"541\" data-col-size=\"sm\">Merkmal<\/th>\n<th data-start=\"541\" data-end=\"558\" data-col-size=\"lg\">Spezifikation<\/th>\n<\/tr>\n<\/thead>\n<tbody data-start=\"581\" data-end=\"1914\">\n<tr data-start=\"581\" data-end=\"623\">\n<td data-start=\"581\" data-end=\"601\" data-col-size=\"sm\"><strong data-start=\"583\" data-end=\"600\">Display-Gr\u00f6\u00dfe<\/strong><\/td>\n<td data-col-size=\"lg\" data-start=\"601\" data-end=\"623\">43 Zoll (\u2248 108 cm)<\/td>\n<\/tr>\n<tr data-start=\"624\" data-end=\"664\">\n<td data-start=\"624\" data-end=\"640\" data-col-size=\"sm\"><strong data-start=\"626\" data-end=\"639\">Aufl\u00f6sung<\/strong><\/td>\n<td data-col-size=\"lg\" data-start=\"640\" data-end=\"664\">3840 \u00d7 2160 (4K UHD)<\/td>\n<\/tr>\n<tr data-start=\"665\" data-end=\"718\">\n<td data-start=\"665\" data-end=\"681\" data-col-size=\"sm\"><strong data-start=\"667\" data-end=\"680\">Panel-Typ<\/strong><\/td>\n<td data-start=\"681\" data-end=\"718\" data-col-size=\"lg\">VA mit LED-Hintergrundbeleuchtung<\/td>\n<\/tr>\n<tr data-start=\"719\" data-end=\"804\">\n<td data-start=\"719\" data-end=\"746\" data-col-size=\"sm\"><strong data-start=\"721\" data-end=\"745\">Helligkeit (typisch)<\/strong><\/td>\n<td data-col-size=\"lg\" data-start=\"746\" data-end=\"804\">ca. 500 cd\/m\u00b2 (ohne Glas), ca. 420 cd\/m\u00b2 mit Touchglas<\/td>\n<\/tr>\n<tr data-start=\"805\" data-end=\"846\">\n<td data-start=\"805\" data-end=\"830\" data-col-size=\"sm\"><strong data-start=\"807\" data-end=\"829\">Kontrastverh\u00e4ltnis<\/strong><\/td>\n<td data-col-size=\"lg\" data-start=\"830\" data-end=\"846\">ca. 4000 : 1<\/td>\n<\/tr>\n<tr data-start=\"847\" data-end=\"883\">\n<td data-start=\"847\" data-end=\"873\" data-col-size=\"sm\"><strong data-start=\"849\" data-end=\"872\">Reaktionszeit (GTG)<\/strong><\/td>\n<td data-col-size=\"lg\" data-start=\"873\" data-end=\"883\">6,5 ms<\/td>\n<\/tr>\n<tr data-start=\"884\" data-end=\"944\">\n<td data-start=\"884\" data-end=\"909\" data-col-size=\"sm\"><strong data-start=\"886\" data-end=\"908\">Betrachtungswinkel<\/strong><\/td>\n<td data-start=\"909\" data-end=\"944\" data-col-size=\"lg\">178\u00b0 horizontal \/ 178\u00b0 vertikal<\/td>\n<\/tr>\n<tr data-start=\"945\" data-end=\"1013\">\n<td data-start=\"945\" data-end=\"969\" data-col-size=\"sm\"><strong data-start=\"947\" data-end=\"968\">Touch-Technologie<\/strong><\/td>\n<td data-col-size=\"lg\" data-start=\"969\" data-end=\"1013\">DeepContrast PCAP, 20 Multi-Touch Punkte<\/td>\n<\/tr>\n<tr data-start=\"1014\" data-end=\"1082\">\n<td data-start=\"1014\" data-end=\"1053\" data-col-size=\"sm\"><strong data-start=\"1016\" data-end=\"1052\">Touch durch Glas (Through-Glass)<\/strong><\/td>\n<td data-start=\"1053\" data-end=\"1082\" data-col-size=\"lg\">bis ca. 6 mm Glas m\u00f6glich<\/td>\n<\/tr>\n<tr data-start=\"1083\" data-end=\"1173\">\n<td data-start=\"1083\" data-end=\"1115\" data-col-size=\"sm\"><strong data-start=\"1085\" data-end=\"1114\">Sichtbarkeit &amp; Oberfl\u00e4che<\/strong><\/td>\n<td data-start=\"1115\" data-end=\"1173\" data-col-size=\"lg\">Anti-Glare \/ Anti-Reflective Glas, Edge-to-Edge Design<\/td>\n<\/tr>\n<tr data-start=\"1174\" data-end=\"1296\">\n<td data-start=\"1174\" data-end=\"1194\" data-col-size=\"sm\"><strong data-start=\"1176\" data-end=\"1193\">OS \/ Software<\/strong><\/td>\n<td data-start=\"1194\" data-end=\"1296\" data-col-size=\"lg\">Android 14, integrierter Media-Player, iiSignage\u00b2, iiControl, iiShare, Whiteboard, Signal FailOver<\/td>\n<\/tr>\n<tr data-start=\"1297\" data-end=\"1385\">\n<td data-start=\"1297\" data-end=\"1312\" data-col-size=\"sm\"><strong data-start=\"1299\" data-end=\"1311\">Hardware<\/strong><\/td>\n<td data-start=\"1312\" data-end=\"1385\" data-col-size=\"lg\">Quad-Core CPU (MTK9679), GPU Mali G51, 4 GB RAM, 32 GB Flash-Speicher<\/td>\n<\/tr>\n<tr data-start=\"1386\" data-end=\"1516\">\n<td data-start=\"1386\" data-end=\"1407\" data-col-size=\"sm\"><strong data-start=\"1388\" data-end=\"1406\">Schnittstellen<\/strong><\/td>\n<td data-start=\"1407\" data-end=\"1516\" data-col-size=\"lg\">2 \u00d7 HDMI, 1 \u00d7 USB-C (mit DisplayPort Alt Mode &amp; 15 W PD), 2 \u00d7 USB-A, RJ45 (LAN), RS-232c, IR Ein-\/Ausgang<\/td>\n<\/tr>\n<tr data-start=\"1517\" data-end=\"1554\">\n<td data-start=\"1517\" data-end=\"1529\" data-col-size=\"sm\"><strong data-start=\"1519\" data-end=\"1528\">Audio<\/strong><\/td>\n<td data-start=\"1529\" data-end=\"1554\" data-col-size=\"lg\">2 \u00d7 10 W Lautsprecher<\/td>\n<\/tr>\n<tr data-start=\"1555\" data-end=\"1611\">\n<td data-start=\"1555\" data-end=\"1581\" data-col-size=\"sm\"><strong data-start=\"1557\" data-end=\"1580\">Netzwerk \/ Wireless<\/strong><\/td>\n<td data-start=\"1581\" data-end=\"1611\" data-col-size=\"lg\">LAN + WiFi 5 (2,4 \/ 5 GHz)<\/td>\n<\/tr>\n<tr data-start=\"1612\" data-end=\"1655\">\n<td data-start=\"1612\" data-end=\"1626\" data-col-size=\"sm\"><strong data-start=\"1614\" data-end=\"1625\">Betrieb<\/strong><\/td>\n<td data-col-size=\"lg\" data-start=\"1626\" data-end=\"1655\">24\/7 Dauerbetrieb m\u00f6glich<\/td>\n<\/tr>\n<tr data-start=\"1656\" data-end=\"1723\">\n<td data-start=\"1656\" data-end=\"1670\" data-col-size=\"sm\"><strong data-start=\"1658\" data-end=\"1669\">Montage<\/strong><\/td>\n<td data-start=\"1670\" data-end=\"1723\" data-col-size=\"lg\">VESA 300 \u00d7 300 mm, unterst\u00fctzt Hoch- &amp; Querformat<\/td>\n<\/tr>\n<tr data-start=\"1724\" data-end=\"1822\">\n<td data-start=\"1724\" data-end=\"1747\" data-col-size=\"sm\"><strong data-start=\"1726\" data-end=\"1746\">Geh\u00e4use &amp; Design<\/strong><\/td>\n<td data-start=\"1747\" data-end=\"1822\" data-col-size=\"lg\">Schwarz, matte Oberfl\u00e4che, metallenes Geh\u00e4use, randlos \/ flacher Rahmen<\/td>\n<\/tr>\n<tr data-start=\"1823\" data-end=\"1884\">\n<td data-start=\"1823\" data-end=\"1853\" data-col-size=\"sm\"><strong data-start=\"1825\" data-end=\"1852\">Abmessungen (B \u00d7 H \u00d7 T)<\/strong><\/td>\n<td data-start=\"1853\" data-end=\"1884\" data-col-size=\"lg\">ca. 989,6 \u00d7 577,8 \u00d7 72,8 mm<\/td>\n<\/tr>\n<tr data-start=\"1885\" data-end=\"1914\">\n<td data-start=\"1885\" data-end=\"1899\" data-col-size=\"sm\"><strong data-start=\"1887\" data-end=\"1898\">Gewicht<\/strong><\/td>\n<td data-start=\"1899\" data-end=\"1914\" data-col-size=\"lg\">ca. 13,7 kg<\/td>\n<\/tr>\n<\/tbody>\n<\/table>\n<\/div>\n<\/div>\n","protected":false},"excerpt":{"rendered":"<p>29 vorr\u00e4tig<\/p>\n","protected":false},"featured_media":1962,"template":"","meta":[],"product_brand":[],"product_cat":[61],"product_tag":[],"class_list":{"0":"post-1608","1":"product","2":"type-product","3":"status-publish","4":"has-post-thumbnail","6":"product_cat-displays","8":"first","9":"instock","10":"taxable","11":"shipping-taxable","12":"purchasable","13":"product-type-simple"},"_links":{"self":[{"href":"https:\/\/as-lightsound.de\/wordpress\/wp-json\/wp\/v2\/product\/1608","targetHints":{"allow":["GET"]}}],"collection":[{"href":"https:\/\/as-lightsound.de\/wordpress\/wp-json\/wp\/v2\/product"}],"about":[{"href":"https:\/\/as-lightsound.de\/wordpress\/wp-json\/wp\/v2\/types\/product"}],"wp:featuredmedia":[{"embeddable":true,"href":"https:\/\/as-lightsound.de\/wordpress\/wp-json\/wp\/v2\/media\/1962"}],"wp:attachment":[{"href":"https:\/\/as-lightsound.de\/wordpress\/wp-json\/wp\/v2\/media?parent=1608"}],"wp:term":[{"taxonomy":"product_brand","embeddable":true,"href":"https:\/\/as-lightsound.de\/wordpress\/wp-json\/wp\/v2\/product_brand?post=1608"},{"taxonomy":"product_cat","embeddable":true,"href":"https:\/\/as-lightsound.de\/wordpress\/wp-json\/wp\/v2\/product_cat?post=1608"},{"taxonomy":"product_tag","embeddable":true,"href":"https:\/\/as-lightsound.de\/wordpress\/wp-json\/wp\/v2\/product_tag?post=1608"}],"curies":[{"name":"wp","href":"https:\/\/api.w.org\/{rel}","templated":true}]}}