{"id":1604,"date":"2025-09-23T14:19:11","date_gmt":"2025-09-23T12:19:11","guid":{"rendered":"https:\/\/as-lightsound.de\/wordpress\/?post_type=product&#038;p=1604"},"modified":"2025-10-01T14:00:15","modified_gmt":"2025-10-01T12:00:15","slug":"iiyama-lh8664uhs-86-display","status":"publish","type":"product","link":"https:\/\/as-lightsound.de\/wordpress\/product\/iiyama-lh8664uhs-86-display\/","title":{"rendered":"iiyama LH8664UHS 86&#8243; Display"},"content":{"rendered":"<p data-start=\"201\" data-end=\"432\">Gro\u00dfformatiges Digital-Signage-Display mit 86 Zoll Bildschirmdiagonale, geeignet f\u00fcr den Dauerbetrieb. Perfekt f\u00fcr Anwendungen im Einzelhandel, Education, Corporate oder \u00fcberall dort, wo gro\u00dfe, auff\u00e4llige Darstellung ben\u00f6tigt wird.<\/p>\n<hr data-start=\"434\" data-end=\"437\" \/>\n<h3 data-start=\"439\" data-end=\"476\"><strong data-start=\"443\" data-end=\"476\">Technische Daten (Tech Specs)<\/strong><\/h3>\n<div class=\"_tableContainer_1rjym_1\">\n<div class=\"group _tableWrapper_1rjym_13 flex w-fit flex-col-reverse\" tabindex=\"-1\">\n<table class=\"w-fit min-w-(--thread-content-width)\" data-start=\"478\" data-end=\"1520\">\n<thead data-start=\"478\" data-end=\"505\">\n<tr data-start=\"478\" data-end=\"505\">\n<th data-start=\"478\" data-end=\"488\" data-col-size=\"sm\">Merkmal<\/th>\n<th data-start=\"488\" data-end=\"505\" data-col-size=\"md\">Spezifikation<\/th>\n<\/tr>\n<\/thead>\n<tbody data-start=\"528\" data-end=\"1520\">\n<tr data-start=\"528\" data-end=\"586\">\n<td data-start=\"528\" data-end=\"550\" data-col-size=\"sm\"><strong data-start=\"530\" data-end=\"549\">Bildschirmgr\u00f6\u00dfe<\/strong><\/td>\n<td data-start=\"550\" data-end=\"586\" data-col-size=\"md\">86 Zoll (ca. 217,4 cm Diagonale)<\/td>\n<\/tr>\n<tr data-start=\"587\" data-end=\"634\">\n<td data-start=\"587\" data-end=\"603\" data-col-size=\"sm\"><strong data-start=\"589\" data-end=\"602\">Aufl\u00f6sung<\/strong><\/td>\n<td data-col-size=\"md\" data-start=\"603\" data-end=\"634\">3840 \u00d7 2160 (4K UHD), 60 Hz<\/td>\n<\/tr>\n<tr data-start=\"635\" data-end=\"694\">\n<td data-start=\"635\" data-end=\"659\" data-col-size=\"sm\"><strong data-start=\"637\" data-end=\"658\">Panel-Technologie<\/strong><\/td>\n<td data-start=\"659\" data-end=\"694\" data-col-size=\"md\">IPS, LED-Hintergrundbeleuchtung<\/td>\n<\/tr>\n<tr data-start=\"695\" data-end=\"729\">\n<td data-start=\"695\" data-end=\"712\" data-col-size=\"sm\"><strong data-start=\"697\" data-end=\"711\">Helligkeit<\/strong><\/td>\n<td data-start=\"712\" data-end=\"729\" data-col-size=\"md\">ca. 500 cd\/m\u00b2<\/td>\n<\/tr>\n<tr data-start=\"730\" data-end=\"787\">\n<td data-start=\"730\" data-end=\"766\" data-col-size=\"sm\"><strong data-start=\"732\" data-end=\"765\">Kontrastverh\u00e4ltnis (statisch)<\/strong><\/td>\n<td data-start=\"766\" data-end=\"787\" data-col-size=\"md\">ungef\u00e4hr 1200 : 1<\/td>\n<\/tr>\n<tr data-start=\"788\" data-end=\"835\">\n<td data-start=\"788\" data-end=\"808\" data-col-size=\"sm\"><strong data-start=\"790\" data-end=\"807\">Reaktionszeit<\/strong><\/td>\n<td data-start=\"808\" data-end=\"835\" data-col-size=\"md\">ca. 8 ms (Grau zu Grau)<\/td>\n<\/tr>\n<tr data-start=\"836\" data-end=\"896\">\n<td data-start=\"836\" data-end=\"861\" data-col-size=\"sm\"><strong data-start=\"838\" data-end=\"860\">Betrachtungswinkel<\/strong><\/td>\n<td data-col-size=\"md\" data-start=\"861\" data-end=\"896\">178\u00b0 horizontal \/ 178\u00b0 vertikal<\/td>\n<\/tr>\n<tr data-start=\"897\" data-end=\"951\">\n<td data-start=\"897\" data-end=\"917\" data-col-size=\"sm\"><strong data-start=\"899\" data-end=\"916\">Betriebsdauer<\/strong><\/td>\n<td data-start=\"917\" data-end=\"951\" data-col-size=\"md\">24 Stunden \/ 7 Tage (non-stop)<\/td>\n<\/tr>\n<tr data-start=\"952\" data-end=\"1001\">\n<td data-start=\"952\" data-end=\"982\" data-col-size=\"sm\"><strong data-start=\"954\" data-end=\"981\">Eingebaute Lautsprecher<\/strong><\/td>\n<td data-start=\"982\" data-end=\"1001\" data-col-size=\"md\">2 \u00d7 16 W Stereo<\/td>\n<\/tr>\n<tr data-start=\"1002\" data-end=\"1048\">\n<td data-start=\"1002\" data-end=\"1023\" data-col-size=\"sm\"><strong data-start=\"1004\" data-end=\"1022\">Betriebssystem<\/strong><\/td>\n<td data-start=\"1023\" data-end=\"1048\" data-col-size=\"md\">Android 11 integriert<\/td>\n<\/tr>\n<tr data-start=\"1049\" data-end=\"1166\">\n<td data-start=\"1049\" data-end=\"1083\" data-col-size=\"sm\"><strong data-start=\"1051\" data-end=\"1082\">Content-Management \/ Extras<\/strong><\/td>\n<td data-col-size=\"md\" data-start=\"1083\" data-end=\"1166\">iiSignage\u00b2, EShare, FailOver (automatische Umschaltung bei Signalunterbrechung)<\/td>\n<\/tr>\n<tr data-start=\"1167\" data-end=\"1218\">\n<td data-start=\"1167\" data-end=\"1186\" data-col-size=\"sm\"><strong data-start=\"1169\" data-end=\"1185\">Orientierung<\/strong><\/td>\n<td data-start=\"1186\" data-end=\"1218\" data-col-size=\"md\">Landscape &amp; Portrait m\u00f6glich<\/td>\n<\/tr>\n<tr data-start=\"1219\" data-end=\"1322\">\n<td data-start=\"1219\" data-end=\"1236\" data-col-size=\"sm\"><strong data-start=\"1221\" data-end=\"1235\">Anschl\u00fcsse<\/strong><\/td>\n<td data-start=\"1236\" data-end=\"1322\" data-col-size=\"md\">3 \u00d7 HDMI; Mini-Klinke Ein-\/Ausgang; RS-232; LAN (RJ45); WLAN integriert; USB Ports<\/td>\n<\/tr>\n<tr data-start=\"1323\" data-end=\"1362\">\n<td data-start=\"1323\" data-end=\"1346\" data-col-size=\"sm\"><strong data-start=\"1325\" data-end=\"1345\">VESA Befestigung<\/strong><\/td>\n<td data-start=\"1346\" data-end=\"1362\" data-col-size=\"md\">800 \u00d7 600 mm<\/td>\n<\/tr>\n<tr data-start=\"1363\" data-end=\"1444\">\n<td data-start=\"1363\" data-end=\"1391\" data-col-size=\"sm\"><strong data-start=\"1365\" data-end=\"1390\">Abmessungen &amp; Gewicht<\/strong><\/td>\n<td data-start=\"1391\" data-end=\"1444\" data-col-size=\"md\">ca. 1938 \u00d7 1109 \u00d7 80 mm; Gewicht ungef\u00e4hr 47,6 kg<\/td>\n<\/tr>\n<tr data-start=\"1445\" data-end=\"1520\">\n<td data-start=\"1445\" data-end=\"1466\" data-col-size=\"sm\"><strong data-start=\"1447\" data-end=\"1465\">Stromverbrauch<\/strong><\/td>\n<td data-start=\"1466\" data-end=\"1520\" data-col-size=\"md\">~ 145 W typischer Betrieb; Standby\/aus sehr gering<\/td>\n<\/tr>\n<\/tbody>\n<\/table>\n<\/div>\n<\/div>\n","protected":false},"excerpt":{"rendered":"<p>39 vorr\u00e4tig<\/p>\n","protected":false},"featured_media":1964,"template":"","meta":[],"product_brand":[],"product_cat":[61],"product_tag":[],"class_list":{"0":"post-1604","1":"product","2":"type-product","3":"status-publish","4":"has-post-thumbnail","6":"product_cat-displays","8":"first","9":"instock","10":"taxable","11":"shipping-taxable","12":"purchasable","13":"product-type-simple"},"_links":{"self":[{"href":"https:\/\/as-lightsound.de\/wordpress\/wp-json\/wp\/v2\/product\/1604","targetHints":{"allow":["GET"]}}],"collection":[{"href":"https:\/\/as-lightsound.de\/wordpress\/wp-json\/wp\/v2\/product"}],"about":[{"href":"https:\/\/as-lightsound.de\/wordpress\/wp-json\/wp\/v2\/types\/product"}],"wp:featuredmedia":[{"embeddable":true,"href":"https:\/\/as-lightsound.de\/wordpress\/wp-json\/wp\/v2\/media\/1964"}],"wp:attachment":[{"href":"https:\/\/as-lightsound.de\/wordpress\/wp-json\/wp\/v2\/media?parent=1604"}],"wp:term":[{"taxonomy":"product_brand","embeddable":true,"href":"https:\/\/as-lightsound.de\/wordpress\/wp-json\/wp\/v2\/product_brand?post=1604"},{"taxonomy":"product_cat","embeddable":true,"href":"https:\/\/as-lightsound.de\/wordpress\/wp-json\/wp\/v2\/product_cat?post=1604"},{"taxonomy":"product_tag","embeddable":true,"href":"https:\/\/as-lightsound.de\/wordpress\/wp-json\/wp\/v2\/product_tag?post=1604"}],"curies":[{"name":"wp","href":"https:\/\/api.w.org\/{rel}","templated":true}]}}