{"id":1598,"date":"2025-09-23T14:02:59","date_gmt":"2025-09-23T12:02:59","guid":{"rendered":"https:\/\/as-lightsound.de\/wordpress\/?post_type=product&#038;p=1598"},"modified":"2025-10-09T10:38:59","modified_gmt":"2025-10-09T08:38:59","slug":"explosfx-flamebar-fuer-gx2","status":"publish","type":"product","link":"https:\/\/as-lightsound.de\/wordpress\/product\/explosfx-flamebar-fuer-gx2\/","title":{"rendered":"ExploSFX Flamebar f\u00fcr GX2"},"content":{"rendered":"<p data-start=\"66\" data-end=\"392\">Die <strong data-start=\"70\" data-end=\"95\">ExploSFX Flamebar 2 m<\/strong> ist eine Erweiterung f\u00fcr den Explo GX2 Gasprojektor zur Erzeugung einer gleichm\u00e4\u00dfigen, bis zu 6 m hohen Flammenwand. Sie erm\u00f6glicht eine synchrone Flammenverteilung \u00fcber die gesamte L\u00e4nge und bietet durch ihre robuste Bauweise zuverl\u00e4ssigen Betrieb im professionellen Show- und Outdoor-Einsatz.<\/p>\n<hr data-start=\"394\" data-end=\"397\" \/>\n<h3 data-start=\"399\" data-end=\"432\">Technische Daten (Tech Specs)<\/h3>\n<div class=\"_tableContainer_1rjym_1\">\n<div class=\"group _tableWrapper_1rjym_13 flex w-fit flex-col-reverse\" tabindex=\"-1\">\n<table class=\"w-fit min-w-(--thread-content-width)\" data-start=\"434\" data-end=\"1126\">\n<thead data-start=\"434\" data-end=\"452\">\n<tr data-start=\"434\" data-end=\"452\">\n<th data-start=\"434\" data-end=\"444\" data-col-size=\"sm\">Merkmal<\/th>\n<th data-start=\"444\" data-end=\"452\" data-col-size=\"md\">Wert<\/th>\n<\/tr>\n<\/thead>\n<tbody data-start=\"473\" data-end=\"1126\">\n<tr data-start=\"473\" data-end=\"511\">\n<td data-start=\"473\" data-end=\"486\" data-col-size=\"sm\"><strong data-start=\"475\" data-end=\"485\">Modell<\/strong><\/td>\n<td data-start=\"486\" data-end=\"511\" data-col-size=\"md\">ExploSFX Flamebar 2 m<\/td>\n<\/tr>\n<tr data-start=\"512\" data-end=\"559\">\n<td data-start=\"512\" data-end=\"533\" data-col-size=\"sm\"><strong data-start=\"514\" data-end=\"532\">Kompatibilit\u00e4t<\/strong><\/td>\n<td data-start=\"533\" data-end=\"559\" data-col-size=\"md\">Explo GX2 Gasprojektor<\/td>\n<\/tr>\n<tr data-start=\"560\" data-end=\"579\">\n<td data-start=\"560\" data-end=\"572\" data-col-size=\"sm\"><strong data-start=\"562\" data-end=\"571\">L\u00e4nge<\/strong><\/td>\n<td data-start=\"572\" data-end=\"579\" data-col-size=\"md\">2 m<\/td>\n<\/tr>\n<tr data-start=\"580\" data-end=\"650\">\n<td data-start=\"580\" data-end=\"598\" data-col-size=\"sm\"><strong data-start=\"582\" data-end=\"597\">D\u00fcsensystem<\/strong><\/td>\n<td data-start=\"598\" data-end=\"650\" data-col-size=\"md\">Mehrfach-Flammend\u00fcsen entlang der gesamten L\u00e4nge<\/td>\n<\/tr>\n<tr data-start=\"651\" data-end=\"701\">\n<td data-start=\"651\" data-end=\"686\" data-col-size=\"sm\"><strong data-start=\"653\" data-end=\"685\">Flammenh\u00f6he (systemabh\u00e4ngig)<\/strong><\/td>\n<td data-start=\"686\" data-end=\"701\" data-col-size=\"md\">Bis ca. 6 m<\/td>\n<\/tr>\n<tr data-start=\"702\" data-end=\"758\">\n<td data-start=\"702\" data-end=\"717\" data-col-size=\"sm\"><strong data-start=\"704\" data-end=\"716\">Material<\/strong><\/td>\n<td data-start=\"717\" data-end=\"758\" data-col-size=\"md\">Aluminium, hitzebest\u00e4ndig beschichtet<\/td>\n<\/tr>\n<tr data-start=\"759\" data-end=\"810\">\n<td data-start=\"759\" data-end=\"779\" data-col-size=\"sm\"><strong data-start=\"761\" data-end=\"778\">Betriebsdruck<\/strong><\/td>\n<td data-start=\"779\" data-end=\"810\" data-col-size=\"md\">geregelt \u00fcber GX2-Steuerung<\/td>\n<\/tr>\n<tr data-start=\"811\" data-end=\"846\">\n<td data-start=\"811\" data-end=\"824\" data-col-size=\"sm\"><strong data-start=\"813\" data-end=\"823\">Gasart<\/strong><\/td>\n<td data-start=\"824\" data-end=\"846\" data-col-size=\"md\">Propan\/Butan (LPG)<\/td>\n<\/tr>\n<tr data-start=\"847\" data-end=\"897\">\n<td data-start=\"847\" data-end=\"863\" data-col-size=\"sm\"><strong data-start=\"849\" data-end=\"862\">Anschluss<\/strong><\/td>\n<td data-start=\"863\" data-end=\"897\" data-col-size=\"md\">Schnellkupplung f\u00fcr GX2-System<\/td>\n<\/tr>\n<tr data-start=\"898\" data-end=\"960\">\n<td data-start=\"898\" data-end=\"912\" data-col-size=\"sm\"><strong data-start=\"900\" data-end=\"911\">Montage<\/strong><\/td>\n<td data-start=\"912\" data-end=\"960\" data-col-size=\"md\">Horizontal auf Boden, B\u00fchnenkante oder Truss<\/td>\n<\/tr>\n<tr data-start=\"961\" data-end=\"1004\">\n<td data-start=\"961\" data-end=\"982\" data-col-size=\"sm\"><strong data-start=\"963\" data-end=\"981\">Einsatzbereich<\/strong><\/td>\n<td data-start=\"982\" data-end=\"1004\" data-col-size=\"md\">Indoor und Outdoor<\/td>\n<\/tr>\n<tr data-start=\"1005\" data-end=\"1053\">\n<td data-start=\"1005\" data-end=\"1021\" data-col-size=\"sm\"><strong data-start=\"1007\" data-end=\"1020\">Schutzart<\/strong><\/td>\n<td data-start=\"1021\" data-end=\"1053\" data-col-size=\"md\">IP54 (spritzwassergesch\u00fctzt)<\/td>\n<\/tr>\n<tr data-start=\"1054\" data-end=\"1099\">\n<td data-start=\"1054\" data-end=\"1080\" data-col-size=\"sm\"><strong data-start=\"1056\" data-end=\"1079\">Abmessungen (L \u00d7 \u00d8)<\/strong><\/td>\n<td data-start=\"1080\" data-end=\"1099\" data-col-size=\"md\">2000 mm \u00d7 50 mm<\/td>\n<\/tr>\n<tr data-start=\"1100\" data-end=\"1126\">\n<td data-start=\"1100\" data-end=\"1114\" data-col-size=\"sm\"><strong data-start=\"1102\" data-end=\"1113\">Gewicht<\/strong><\/td>\n<td data-start=\"1114\" data-end=\"1126\" data-col-size=\"md\">ca. 5 kg<\/td>\n<\/tr>\n<\/tbody>\n<\/table>\n<\/div>\n<\/div>\n","protected":false},"excerpt":{"rendered":"<p>8 vorr\u00e4tig<\/p>\n","protected":false},"featured_media":1599,"template":"","meta":[],"product_brand":[],"product_cat":[45,44],"product_tag":[],"class_list":{"0":"post-1598","1":"product","2":"type-product","3":"status-publish","4":"has-post-thumbnail","6":"product_cat-feuer","7":"product_cat-special-fx","9":"first","10":"instock","11":"taxable","12":"shipping-taxable","13":"product-type-simple"},"_links":{"self":[{"href":"https:\/\/as-lightsound.de\/wordpress\/wp-json\/wp\/v2\/product\/1598","targetHints":{"allow":["GET"]}}],"collection":[{"href":"https:\/\/as-lightsound.de\/wordpress\/wp-json\/wp\/v2\/product"}],"about":[{"href":"https:\/\/as-lightsound.de\/wordpress\/wp-json\/wp\/v2\/types\/product"}],"wp:featuredmedia":[{"embeddable":true,"href":"https:\/\/as-lightsound.de\/wordpress\/wp-json\/wp\/v2\/media\/1599"}],"wp:attachment":[{"href":"https:\/\/as-lightsound.de\/wordpress\/wp-json\/wp\/v2\/media?parent=1598"}],"wp:term":[{"taxonomy":"product_brand","embeddable":true,"href":"https:\/\/as-lightsound.de\/wordpress\/wp-json\/wp\/v2\/product_brand?post=1598"},{"taxonomy":"product_cat","embeddable":true,"href":"https:\/\/as-lightsound.de\/wordpress\/wp-json\/wp\/v2\/product_cat?post=1598"},{"taxonomy":"product_tag","embeddable":true,"href":"https:\/\/as-lightsound.de\/wordpress\/wp-json\/wp\/v2\/product_tag?post=1598"}],"curies":[{"name":"wp","href":"https:\/\/api.w.org\/{rel}","templated":true}]}}