{"id":1596,"date":"2025-09-23T13:59:14","date_gmt":"2025-09-23T11:59:14","guid":{"rendered":"https:\/\/as-lightsound.de\/wordpress\/?post_type=product&#038;p=1596"},"modified":"2025-09-23T14:00:59","modified_gmt":"2025-09-23T12:00:59","slug":"showven-sparkular-ii","status":"publish","type":"product","link":"https:\/\/as-lightsound.de\/wordpress\/product\/showven-sparkular-ii\/","title":{"rendered":"Showven Sparkular II"},"content":{"rendered":"<p data-start=\"148\" data-end=\"474\">Die Sparkular II ist eine professionelle \u201eCold Spark\u201c-Fountain-Maschine, die spektakul\u00e4re Funken-Effekte bis zu 6 m H\u00f6he erzeugt \u2013 nahezu ohne Ger\u00e4usch und ohne traditionelle Feuerwerks-Eins\u00e4tze. Perfekt f\u00fcr B\u00fchnen, Events, Clubs oder Installationen, bei denen Sicherheit, visuelles Drama und einfache Handhabung gefragt sind.<\/p>\n<hr data-start=\"476\" data-end=\"479\" \/>\n<h3 data-start=\"481\" data-end=\"518\"><strong data-start=\"485\" data-end=\"518\">Technische Daten (Tech Specs)<\/strong><\/h3>\n<div class=\"_tableContainer_1rjym_1\">\n<div class=\"group _tableWrapper_1rjym_13 flex w-fit flex-col-reverse\" tabindex=\"-1\">\n<table class=\"w-fit min-w-(--thread-content-width)\" data-start=\"520\" data-end=\"1703\">\n<thead data-start=\"520\" data-end=\"547\">\n<tr data-start=\"520\" data-end=\"547\">\n<th data-start=\"520\" data-end=\"530\" data-col-size=\"sm\">Merkmal<\/th>\n<th data-start=\"530\" data-end=\"547\" data-col-size=\"lg\">Spezifikation<\/th>\n<\/tr>\n<\/thead>\n<tbody data-start=\"570\" data-end=\"1703\">\n<tr data-start=\"570\" data-end=\"698\">\n<td data-start=\"570\" data-end=\"587\" data-col-size=\"sm\"><strong data-start=\"572\" data-end=\"586\">Effekth\u00f6he<\/strong><\/td>\n<td data-start=\"587\" data-end=\"698\" data-col-size=\"lg\">bis zu <strong data-start=\"596\" data-end=\"603\">6 m<\/strong> (Large), Medium-Stufe bis ca. 4,5 m, Small bis ca. 3 m<\/td>\n<\/tr>\n<tr data-start=\"699\" data-end=\"774\">\n<td data-start=\"699\" data-end=\"723\" data-col-size=\"sm\"><strong data-start=\"701\" data-end=\"722\">Leistungsaufnahme<\/strong><\/td>\n<td data-start=\"723\" data-end=\"774\" data-col-size=\"lg\"><strong data-start=\"725\" data-end=\"734\">500 W<\/strong><\/td>\n<\/tr>\n<tr data-start=\"775\" data-end=\"883\">\n<td data-start=\"775\" data-end=\"801\" data-col-size=\"sm\"><strong data-start=\"777\" data-end=\"800\">Spannung &amp; Frequenz<\/strong><\/td>\n<td data-col-size=\"lg\" data-start=\"801\" data-end=\"883\">AC 100-120 V oder AC 200-240 V, 50\/60 Hz<\/td>\n<\/tr>\n<tr data-start=\"884\" data-end=\"952\">\n<td data-start=\"884\" data-end=\"898\" data-col-size=\"sm\"><strong data-start=\"886\" data-end=\"897\">Gewicht<\/strong><\/td>\n<td data-start=\"898\" data-end=\"952\" data-col-size=\"lg\">ca. <strong data-start=\"904\" data-end=\"912\">9 kg<\/strong><\/td>\n<\/tr>\n<tr data-start=\"953\" data-end=\"1043\">\n<td data-start=\"953\" data-end=\"983\" data-col-size=\"sm\"><strong data-start=\"955\" data-end=\"982\">Abmessungen (B \u00d7 T \u00d7 H)<\/strong><\/td>\n<td data-start=\"983\" data-end=\"1043\" data-col-size=\"lg\">286 \u00d7 280 \u00d7 258 mm<\/td>\n<\/tr>\n<tr data-start=\"1044\" data-end=\"1135\">\n<td data-start=\"1044\" data-end=\"1067\" data-col-size=\"sm\"><strong data-start=\"1046\" data-end=\"1066\">Kapazit\u00e4t Hopper<\/strong><\/td>\n<td data-start=\"1067\" data-end=\"1135\" data-col-size=\"lg\">ca. <strong data-start=\"1073\" data-end=\"1082\">300 g<\/strong> Funkenpulver<\/td>\n<\/tr>\n<tr data-start=\"1136\" data-end=\"1242\">\n<td data-start=\"1136\" data-end=\"1152\" data-col-size=\"sm\"><strong data-start=\"1138\" data-end=\"1151\">Steuerung<\/strong><\/td>\n<td data-col-size=\"lg\" data-start=\"1152\" data-end=\"1242\">DMX (2 Kan\u00e4le) + kabellose Fernbedienung m\u00f6glich<\/td>\n<\/tr>\n<tr data-start=\"1243\" data-end=\"1376\">\n<td data-start=\"1243\" data-end=\"1264\" data-col-size=\"sm\"><strong data-start=\"1245\" data-end=\"1263\">Schnittstellen<\/strong><\/td>\n<td data-start=\"1264\" data-end=\"1376\" data-col-size=\"lg\">Neutrik PowerCON TRUE1 Ein-\/Ausgang, 3- und 5-polige DMX Ein-\/Ausg\u00e4nge<\/td>\n<\/tr>\n<tr data-start=\"1377\" data-end=\"1498\">\n<td data-start=\"1377\" data-end=\"1400\" data-col-size=\"sm\"><strong data-start=\"1379\" data-end=\"1399\">Material Geh\u00e4use<\/strong><\/td>\n<td data-start=\"1400\" data-end=\"1498\" data-col-size=\"lg\">Anti-flammable ABS + Polycarbonat + Aluminium Oberschale<\/td>\n<\/tr>\n<tr data-start=\"1499\" data-end=\"1703\">\n<td data-start=\"1499\" data-end=\"1524\" data-col-size=\"sm\"><strong data-start=\"1501\" data-end=\"1523\">Besondere Merkmale<\/strong><\/td>\n<td data-start=\"1524\" data-end=\"1703\" data-col-size=\"lg\">Low-Noise mode, Echtzeit Monitoring des Motorstatus, regenfestes Design, flachbauende Struktur, 3,2&#8243; Farb-LCD Bildschirm mit Touch-Keypad<\/td>\n<\/tr>\n<\/tbody>\n<\/table>\n<\/div>\n<\/div>\n","protected":false},"excerpt":{"rendered":"<p>12 vorr\u00e4tig<\/p>\n","protected":false},"featured_media":1597,"template":"","meta":[],"product_brand":[],"product_cat":[45,44],"product_tag":[],"class_list":{"0":"post-1596","1":"product","2":"type-product","3":"status-publish","4":"has-post-thumbnail","6":"product_cat-feuer","7":"product_cat-special-fx","9":"first","10":"instock","11":"taxable","12":"shipping-taxable","13":"purchasable","14":"product-type-simple"},"_links":{"self":[{"href":"https:\/\/as-lightsound.de\/wordpress\/wp-json\/wp\/v2\/product\/1596","targetHints":{"allow":["GET"]}}],"collection":[{"href":"https:\/\/as-lightsound.de\/wordpress\/wp-json\/wp\/v2\/product"}],"about":[{"href":"https:\/\/as-lightsound.de\/wordpress\/wp-json\/wp\/v2\/types\/product"}],"wp:featuredmedia":[{"embeddable":true,"href":"https:\/\/as-lightsound.de\/wordpress\/wp-json\/wp\/v2\/media\/1597"}],"wp:attachment":[{"href":"https:\/\/as-lightsound.de\/wordpress\/wp-json\/wp\/v2\/media?parent=1596"}],"wp:term":[{"taxonomy":"product_brand","embeddable":true,"href":"https:\/\/as-lightsound.de\/wordpress\/wp-json\/wp\/v2\/product_brand?post=1596"},{"taxonomy":"product_cat","embeddable":true,"href":"https:\/\/as-lightsound.de\/wordpress\/wp-json\/wp\/v2\/product_cat?post=1596"},{"taxonomy":"product_tag","embeddable":true,"href":"https:\/\/as-lightsound.de\/wordpress\/wp-json\/wp\/v2\/product_tag?post=1596"}],"curies":[{"name":"wp","href":"https:\/\/api.w.org\/{rel}","templated":true}]}}